{"id":63102,"date":"2025-03-17T12:32:11","date_gmt":"2025-03-17T12:32:11","guid":{"rendered":"https:\/\/ovlac.com\/?page_id=63102"},"modified":"2025-03-17T12:33:51","modified_gmt":"2025-03-17T12:33:51","slug":"pluguri-reversibile-semisuspendate","status":"publish","type":"page","link":"https:\/\/ovlac.com\/ro\/pluguri-reversibile-semisuspendate\/","title":{"rendered":"Pluguri Reversibile Semisuspendate"},"content":{"rendered":"<p>[et_pb_section fb_built=&#8221;1&#8243; fullwidth=&#8221;on&#8221; _builder_version=&#8221;4.24.3&#8243; _module_preset=&#8221;default&#8221; locked=&#8221;off&#8221; global_colors_info=&#8221;{}&#8221;][et_pb_fullwidth_slider admin_label=&#8221;Control deslizante de anchura completa&#8221; _builder_version=&#8221;4.27.0&#8243; _module_preset=&#8221;default&#8221; background_last_edited=&#8221;on|desktop&#8221; global_colors_info=&#8221;{}&#8221;][et_pb_slide url_new_window=&#8221;on&#8221; use_bg_overlay=&#8221;off&#8221; use_text_overlay=&#8221;off&#8221; image_tablet=&#8221;&#8221; image_phone=&#8221;&#8221; image_last_edited=&#8221;on|desktop&#8221; _builder_version=&#8221;4.27.0&#8243; _module_preset=&#8221;default&#8221; header_font=&#8221;||||||||&#8221; background_color=&#8221;#FFFFFF&#8221; background_enable_color=&#8221;on&#8221; background_image=&#8221;https:\/\/ovlac.com\/wp-content\/uploads\/2024\/09\/IMG_20221003_152303-Arados-reversibles-semi-suspendidos-scaled.jpg&#8221; background_enable_image=&#8221;on&#8221; button_on_hover=&#8221;on&#8221; background_last_edited=&#8221;on|desktop&#8221; background_image_tablet=&#8221;https:\/\/ovlac.com\/wp-content\/uploads\/2024\/04\/slider-XP.png&#8221; background_image_phone=&#8221;https:\/\/ovlac.com\/wp-content\/uploads\/2024\/04\/slider-XP.png&#8221; background_enable_image_tablet=&#8221;on&#8221; background_enable_image_phone=&#8221;on&#8221; global_colors_info=&#8221;{}&#8221; sticky_transition=&#8221;on&#8221;][\/et_pb_slide][\/et_pb_fullwidth_slider][et_pb_fullwidth_post_title meta=&#8221;off&#8221; featured_image=&#8221;off&#8221; _builder_version=&#8221;4.24.3&#8243; _module_preset=&#8221;default&#8221; title_font=&#8221;|700|||||||&#8221; title_text_color=&#8221;#e73137&#8243; title_font_size=&#8221;33px&#8221; background_color=&#8221;RGBA(255,255,255,0)&#8221; custom_padding=&#8221;60px||||false|false&#8221; global_colors_info=&#8221;{}&#8221;][\/et_pb_fullwidth_post_title][\/et_pb_section][et_pb_section fb_built=&#8221;1&#8243; admin_label=&#8221;section&#8221; _builder_version=&#8221;4.16&#8243; locked=&#8221;off&#8221; global_colors_info=&#8221;{}&#8221;][et_pb_row admin_label=&#8221;row&#8221; _builder_version=&#8221;4.24.3&#8243; background_size=&#8221;initial&#8221; background_position=&#8221;top_left&#8221; background_repeat=&#8221;repeat&#8221; custom_margin=&#8221;-28px||||false|false&#8221; global_colors_info=&#8221;{}&#8221;][et_pb_column type=&#8221;4_4&#8243; _builder_version=&#8221;4.16&#8243; custom_padding=&#8221;|||&#8221; global_colors_info=&#8221;{}&#8221; custom_padding__hover=&#8221;|||&#8221;][et_pb_text admin_label=&#8221;Text&#8221; _builder_version=&#8221;4.27.4&#8243; text_font_size=&#8221;15px&#8221; text_line_height=&#8221;1.9em&#8221; background_size=&#8221;initial&#8221; background_position=&#8221;top_left&#8221; background_repeat=&#8221;repeat&#8221; custom_margin=&#8221;||32px||false|false&#8221; custom_padding=&#8221;||32px||false|false&#8221; hover_enabled=&#8221;0&#8243; global_colors_info=&#8221;{}&#8221; sticky_enabled=&#8221;0&#8243;]<\/p>\n<p data-start=\"46\" data-end=\"191\">Ovlac are o vast\u0103 experien\u021b\u0103 \u00een fabricarea <strong data-start=\"89\" data-end=\"118\">plugurilor semisuspendate<\/strong>, adaptate pentru <strong data-start=\"136\" data-end=\"188\">o gam\u0103 variat\u0103 de pie\u021be \u0219i condi\u021bii de utilizare<\/strong>.<\/p>\n<p data-start=\"193\" data-end=\"414\">Gama <strong data-start=\"198\" data-end=\"227\">plugurilor semisuspendate<\/strong> Ovlac include <strong data-start=\"242\" data-end=\"282\">diferite modele cu p\u00e2n\u0103 la 8 trupi\u021be<\/strong>, toate <strong data-start=\"290\" data-end=\"333\">cu o singur\u0103 roat\u0103 central\u0103 (monorued\u0103)<\/strong>. \u00cen func\u021bie de necesit\u0103\u021bi, se poate alege \u00eentre <strong data-start=\"382\" data-end=\"412\">dou\u0103 sisteme de siguran\u021b\u0103:<\/strong><\/p>\n<p data-start=\"416\" data-end=\"547\">\ud83d\udd39 <strong data-start=\"419\" data-end=\"434\">Fusibil (F)<\/strong> \u2013 Sistem de protec\u021bie cu <strong data-start=\"460\" data-end=\"477\">\u0219urub fusibil<\/strong><br data-start=\"477\" data-end=\"480\" \/>\ud83d\udd39 <strong data-start=\"483\" data-end=\"505\">Non Stop Hidro (H)<\/strong> \u2013 Sistem <strong data-start=\"515\" data-end=\"545\">hidraulic f\u0103r\u0103 \u00eentre\u021binere<\/strong><\/p>\n<p data-start=\"549\" data-end=\"757\">Fiecare dintre aceste sisteme este disponibil cu <strong data-start=\"598\" data-end=\"644\">dou\u0103 tipuri de reglaj al l\u0103\u021bimii de lucru:<\/strong><br data-start=\"644\" data-end=\"647\" \/>\u2714\ufe0f <strong data-start=\"650\" data-end=\"681\">Reglare hidraulic\u0103 continu\u0103<\/strong> (modelele <strong data-start=\"692\" data-end=\"698\">SS<\/strong>)<br data-start=\"699\" data-end=\"702\" \/>\u2714\ufe0f <strong data-start=\"705\" data-end=\"737\">Reglare manual\u0103 \u00een 4 pozi\u021bii<\/strong> (modelele <strong data-start=\"748\" data-end=\"754\">SL<\/strong>)<\/p>\n<p data-start=\"549\" data-end=\"757\">\n<h3 data-start=\"764\" data-end=\"810\"><strong data-start=\"768\" data-end=\"808\">Reglaje \u0219i control hidraulic avansat<\/strong><\/h3>\n<p data-start=\"811\" data-end=\"1105\">\u2714\ufe0f Reglarea <strong data-start=\"823\" data-end=\"837\">hidraulic\u0103<\/strong> a <strong data-start=\"840\" data-end=\"862\">ad\u00e2ncimii de lucru<\/strong> \u0219i a <strong data-start=\"868\" data-end=\"894\">l\u0103\u021bimii primei trupi\u021be<\/strong> este <strong data-start=\"900\" data-end=\"912\">standard<\/strong> pe toate modelele.<br data-start=\"931\" data-end=\"934\" \/>\u2714\ufe0f Dac\u0103 tractorul nu dispune de <strong data-start=\"966\" data-end=\"1006\">suficiente distribuitoare hidraulice<\/strong> (3 sau 4, \u00een func\u021bie de model), plugurile pot fi echipate <strong data-start=\"1065\" data-end=\"1102\">cu una sau mai multe electrovalve<\/strong>.<\/p>\n<p data-start=\"811\" data-end=\"1105\">\n<h3 data-start=\"1112\" data-end=\"1142\"><strong data-start=\"1116\" data-end=\"1140\">Op\u021biuni \u0219i accesorii<\/strong><\/h3>\n<p data-start=\"1143\" data-end=\"1400\">Gama de pluguri semisuspendate Ovlac poate fi echipat\u0103 cu <strong data-start=\"1201\" data-end=\"1230\">o gam\u0103 variat\u0103 de op\u021biuni<\/strong>, inclusiv:<br data-start=\"1241\" data-end=\"1244\" \/>\ud83d\udd39 Diferite <strong data-start=\"1256\" data-end=\"1287\">tipuri de trupi\u021be \u0219i rasete<\/strong><br data-start=\"1287\" data-end=\"1290\" \/>\ud83d\udd39 <strong data-start=\"1293\" data-end=\"1360\">Deflectoare, discuri, cu\u021bite \u0219i acoperitori de resturi vegetale<\/strong><br data-start=\"1360\" data-end=\"1363\" \/>\ud83d\udd39 <strong data-start=\"1366\" data-end=\"1398\">Ro\u021bi \u0219i reazeme suplimentare<\/strong><\/p>\n<p>[\/et_pb_text][et_pb_video src=&#8221;https:\/\/vimeo.com\/118109390&#8243; _builder_version=&#8221;4.26.0&#8243; _module_preset=&#8221;default&#8221; global_colors_info=&#8221;{}&#8221;][\/et_pb_video][\/et_pb_column][\/et_pb_row][\/et_pb_section][et_pb_section fb_built=&#8221;1&#8243; _builder_version=&#8221;4.24.3&#8243; _module_preset=&#8221;default&#8221; background_color=&#8221;#e5e5e5&#8243; locked=&#8221;off&#8221; global_colors_info=&#8221;{}&#8221;][et_pb_row column_structure=&#8221;1_2,1_2&#8243; _builder_version=&#8221;4.24.3&#8243; _module_preset=&#8221;default&#8221; custom_margin=&#8221;12px||48px||false|false&#8221; custom_margin_tablet=&#8221;12px||48px||false|false&#8221; custom_margin_phone=&#8221;12px||48px||false|false&#8221; custom_margin_last_edited=&#8221;on|desktop&#8221; global_colors_info=&#8221;{}&#8221;][et_pb_column type=&#8221;1_2&#8243; _builder_version=&#8221;4.24.3&#8243; _module_preset=&#8221;default&#8221; global_colors_info=&#8221;{}&#8221;][et_pb_text _builder_version=&#8221;4.27.4&#8243; _module_preset=&#8221;default&#8221; hover_enabled=&#8221;0&#8243; global_colors_info=&#8221;{}&#8221; sticky_enabled=&#8221;0&#8243;]<\/p>\n<div class=\"acf-label\">\n<h2 class=\"description\" style=\"text-align: center;\"><strong>Avantaje principale<\/strong><\/h2>\n<\/div>\n<p>[\/et_pb_text][et_pb_text _builder_version=&#8221;4.27.4&#8243; _module_preset=&#8221;default&#8221; hover_enabled=&#8221;0&#8243; global_colors_info=&#8221;{}&#8221; sticky_enabled=&#8221;0&#8243;]<\/p>\n<p>\u2714\ufe0f <strong data-start=\"1505\" data-end=\"1525\">Modele monorued\u0103<\/strong> cu <strong data-start=\"1529\" data-end=\"1550\">p\u00e2n\u0103 la 9 trupi\u021be<\/strong><br data-start=\"1550\" data-end=\"1553\" \/>\u2714\ufe0f <strong data-start=\"1556\" data-end=\"1586\">Dou\u0103 sisteme de siguran\u021b\u0103:<\/strong><br data-start=\"1586\" data-end=\"1589\" \/>\ud83d\udd39 <strong data-start=\"1595\" data-end=\"1618\">Fusibil (SLF \/ SSF)<\/strong> \u2013 Protec\u021bie cu \u0219urub fusibil<br data-start=\"1647\" data-end=\"1650\" \/>\ud83d\udd39 <strong data-start=\"1656\" data-end=\"1690\">Non Stop Hidraulic (SLH \/ SSH)<\/strong> \u2013 Sistem automat f\u0103r\u0103 \u00eentre\u021binere<br data-start=\"1724\" data-end=\"1727\" \/>\u2714\ufe0f <strong data-start=\"1730\" data-end=\"1804\">Reglare hidraulic\u0103 a l\u0103\u021bimii de lucru, a ad\u00e2ncimii \u0219i a primei trupi\u021be<\/strong><\/p>\n<p>[\/et_pb_text][\/et_pb_column][et_pb_column type=&#8221;1_2&#8243; _builder_version=&#8221;4.24.3&#8243; _module_preset=&#8221;default&#8221; global_colors_info=&#8221;{}&#8221;][et_pb_image src=&#8221;https:\/\/ovlac.com\/wp-content\/uploads\/2014\/04\/IMG_1539-640&#215;300.jpg&#8221; title_text=&#8221;reptill-trabajo&#8221; _builder_version=&#8221;4.26.0&#8243; _module_preset=&#8221;default&#8221; global_colors_info=&#8221;{}&#8221;][\/et_pb_image][\/et_pb_column][\/et_pb_row][et_pb_row _builder_version=&#8221;4.24.3&#8243; _module_preset=&#8221;default&#8221; global_colors_info=&#8221;{}&#8221;][et_pb_column type=&#8221;4_4&#8243; _builder_version=&#8221;4.24.3&#8243; _module_preset=&#8221;default&#8221; global_colors_info=&#8221;{}&#8221;][et_pb_text admin_label=&#8221;Texto&#8221; _builder_version=&#8221;4.27.4&#8243; _module_preset=&#8221;default&#8221; hover_enabled=&#8221;0&#8243; global_colors_info=&#8221;{}&#8221; sticky_enabled=&#8221;0&#8243;]<\/p>\n<div class=\"acf-label\">\n<h2 data-start=\"1813\" data-end=\"1857\" style=\"text-align: center;\"><strong data-start=\"1817\" data-end=\"1855\">Fi\u0219\u0103 tehnic\u0103 \u0219i Modele disponibile<\/strong><\/h2>\n<h4 data-start=\"1859\" data-end=\"1951\"><\/h4>\n<\/div>\n<p>[\/et_pb_text][et_pb_text _builder_version=&#8221;4.27.4&#8243; _module_preset=&#8221;default&#8221; hover_enabled=&#8221;0&#8243; global_colors_info=&#8221;{}&#8221; sticky_enabled=&#8221;0&#8243;]<\/p>\n<h4 data-start=\"1859\" data-end=\"1951\"><strong data-start=\"1864\" data-end=\"1949\">SLF \u2013 Siguran\u021b\u0103 cu \u0219urub fusibil \u0219i l\u0103\u021bime de lucru reglabil\u0103 manual \u00een 4 pozi\u021bii<\/strong><\/h4>\n<div class=\"overflow-x-auto contain-inline-size\">\n<table data-start=\"1952\" data-end=\"2589\" node=\"[object Object]\">\n<thead data-start=\"1952\" data-end=\"2057\">\n<tr data-start=\"1952\" data-end=\"2057\">\n<th data-start=\"1952\" data-end=\"1961\">Model<\/th>\n<th data-start=\"1961\" data-end=\"1984\">L\u0103\u021bime de lucru (cm)<\/th>\n<th data-start=\"1984\" data-end=\"2014\">Distan\u021b\u0103 \u00eentre trupi\u021be (cm)<\/th>\n<th data-start=\"2014\" data-end=\"2040\">Degajare sub cadru (cm)<\/th>\n<th data-start=\"2040\" data-end=\"2057\">Greutate (kg)<\/th>\n<\/tr>\n<\/thead>\n<tbody data-start=\"2164\" data-end=\"2589\">\n<tr data-start=\"2164\" data-end=\"2269\">\n<td>SLF-5<\/td>\n<td>180-210-245-275<\/td>\n<td>105<\/td>\n<td>72-78-90<\/td>\n<td>2620<\/td>\n<\/tr>\n<tr data-start=\"2270\" data-end=\"2376\">\n<td>SLF-5+1 \/ 6<\/td>\n<td>215-255-290-330<\/td>\n<td>105<\/td>\n<td>72-78-90<\/td>\n<td>2875<\/td>\n<\/tr>\n<tr data-start=\"2377\" data-end=\"2483\">\n<td>SLF-6+1 \/ 7<\/td>\n<td>250-295-340-385<\/td>\n<td>105<\/td>\n<td>72-78-90<\/td>\n<td>3125<\/td>\n<\/tr>\n<tr data-start=\"2484\" data-end=\"2589\">\n<td>SLF-6+1+1 \/ 7+1<\/td>\n<td>290-340-390-440<\/td>\n<td>105<\/td>\n<td>72-78-90<\/td>\n<td>3380<\/td>\n<\/tr>\n<\/tbody>\n<\/table>\n<\/div>\n<h4 data-start=\"2596\" data-end=\"2678\"><strong data-start=\"2601\" data-end=\"2676\"><\/strong><\/h4>\n<h4 data-start=\"2596\" data-end=\"2678\"><strong data-start=\"2601\" data-end=\"2676\">SSF \u2013 Siguran\u021b\u0103 cu \u0219urub fusibil \u0219i l\u0103\u021bime de lucru variabil\u0103 hidraulic<\/strong><\/h4>\n<div class=\"overflow-x-auto contain-inline-size\">\n<table data-start=\"2679\" data-end=\"3317\" node=\"[object Object]\">\n<thead data-start=\"2679\" data-end=\"2784\">\n<tr data-start=\"2679\" data-end=\"2784\">\n<th data-start=\"2679\" data-end=\"2688\">Model<\/th>\n<th data-start=\"2688\" data-end=\"2711\">L\u0103\u021bime de lucru (cm)<\/th>\n<th data-start=\"2711\" data-end=\"2741\">Distan\u021b\u0103 \u00eentre trupi\u021be (cm)<\/th>\n<th data-start=\"2741\" data-end=\"2767\">Degajare sub cadru (cm)<\/th>\n<th data-start=\"2767\" data-end=\"2784\">Greutate (kg)<\/th>\n<\/tr>\n<\/thead>\n<tbody data-start=\"2891\" data-end=\"3317\">\n<tr data-start=\"2891\" data-end=\"2996\">\n<td>SSF-5<\/td>\n<td>150 \u2013 165<\/td>\n<td>105<\/td>\n<td>72-78-90<\/td>\n<td>2710<\/td>\n<\/tr>\n<tr data-start=\"2997\" data-end=\"3103\">\n<td>SSF-5+1 \/ 6<\/td>\n<td>180 \u2013 320<\/td>\n<td>105<\/td>\n<td>72-78-90<\/td>\n<td>3005<\/td>\n<\/tr>\n<tr data-start=\"3104\" data-end=\"3210\">\n<td>SSF-6+1 \/ 7<\/td>\n<td>210 \u2013 370<\/td>\n<td>105<\/td>\n<td>72-78-90<\/td>\n<td>3310<\/td>\n<\/tr>\n<tr data-start=\"3211\" data-end=\"3317\">\n<td>SSF-6+1+1 \/ 7+1<\/td>\n<td>240 \u2013 425<\/td>\n<td>105<\/td>\n<td>72-78-90<\/td>\n<td>3625<\/td>\n<\/tr>\n<\/tbody>\n<\/table>\n<\/div>\n<h4 data-start=\"3324\" data-end=\"3414\"><strong data-start=\"3329\" data-end=\"3412\"><\/strong><\/h4>\n<h4 data-start=\"3324\" data-end=\"3414\"><strong data-start=\"3329\" data-end=\"3412\">SLH \u2013 Siguran\u021b\u0103 Non Stop Hidro \u0219i l\u0103\u021bime de lucru reglabil\u0103 manual \u00een 4 pozi\u021bii<\/strong><\/h4>\n<div class=\"overflow-x-auto contain-inline-size\">\n<table data-start=\"3415\" data-end=\"4052\" node=\"[object Object]\">\n<thead data-start=\"3415\" data-end=\"3520\">\n<tr data-start=\"3415\" data-end=\"3520\">\n<th data-start=\"3415\" data-end=\"3424\">Model<\/th>\n<th data-start=\"3424\" data-end=\"3447\">L\u0103\u021bime de lucru (cm)<\/th>\n<th data-start=\"3447\" data-end=\"3477\">Distan\u021b\u0103 \u00eentre trupi\u021be (cm)<\/th>\n<th data-start=\"3477\" data-end=\"3503\">Degajare sub cadru (cm)<\/th>\n<th data-start=\"3503\" data-end=\"3520\">Greutate (kg)<\/th>\n<\/tr>\n<\/thead>\n<tbody data-start=\"3627\" data-end=\"4052\">\n<tr data-start=\"3627\" data-end=\"3732\">\n<td>SLH-5<\/td>\n<td>180-210-245-275<\/td>\n<td>105<\/td>\n<td>72-78<\/td>\n<td>2650<\/td>\n<\/tr>\n<tr data-start=\"3733\" data-end=\"3839\">\n<td>SLH-5+1 \/ 6<\/td>\n<td>215-255-290-330<\/td>\n<td>105<\/td>\n<td>72-78<\/td>\n<td>2915<\/td>\n<\/tr>\n<tr data-start=\"3840\" data-end=\"3946\">\n<td>SLH-6+1 \/ 7<\/td>\n<td>250-295-340-385<\/td>\n<td>105<\/td>\n<td>72-78<\/td>\n<td>3180<\/td>\n<\/tr>\n<tr data-start=\"3947\" data-end=\"4052\">\n<td>SLH-6+1+1 \/ 7+1<\/td>\n<td>290-340-390-440<\/td>\n<td>105<\/td>\n<td>72-78<\/td>\n<td>3445<\/td>\n<\/tr>\n<\/tbody>\n<\/table>\n<\/div>\n<h4 data-start=\"4059\" data-end=\"4139\"><strong data-start=\"4064\" data-end=\"4137\"><\/strong><\/h4>\n<h4 data-start=\"4059\" data-end=\"4139\"><strong data-start=\"4064\" data-end=\"4137\">SSH \u2013 Siguran\u021b\u0103 Non Stop Hidro \u0219i l\u0103\u021bime de lucru variabil\u0103 hidraulic<\/strong><\/h4>\n<div class=\"overflow-x-auto contain-inline-size\">\n<table data-start=\"4140\" data-end=\"4778\" node=\"[object Object]\">\n<thead data-start=\"4140\" data-end=\"4245\">\n<tr data-start=\"4140\" data-end=\"4245\">\n<th data-start=\"4140\" data-end=\"4149\">Model<\/th>\n<th data-start=\"4149\" data-end=\"4172\">L\u0103\u021bime de lucru (cm)<\/th>\n<th data-start=\"4172\" data-end=\"4202\">Distan\u021b\u0103 \u00eentre trupi\u021be (cm)<\/th>\n<th data-start=\"4202\" data-end=\"4228\">Degajare sub cadru (cm)<\/th>\n<th data-start=\"4228\" data-end=\"4245\">Greutate (kg)<\/th>\n<\/tr>\n<\/thead>\n<tbody data-start=\"4352\" data-end=\"4778\">\n<tr data-start=\"4352\" data-end=\"4457\">\n<td>SSH-5<\/td>\n<td>150 \u2013 165<\/td>\n<td>105<\/td>\n<td>72 \u2013 78<\/td>\n<td>2785<\/td>\n<\/tr>\n<tr data-start=\"4458\" data-end=\"4564\">\n<td>SSH-5+1 \/ 6<\/td>\n<td>180 \u2013 320<\/td>\n<td>105<\/td>\n<td>72 \u2013 78<\/td>\n<td>3110<\/td>\n<\/tr>\n<tr data-start=\"4565\" data-end=\"4671\">\n<td>SSH-6+1 \/ 7<\/td>\n<td>210 \u2013 370<\/td>\n<td>105<\/td>\n<td>72 \u2013 78<\/td>\n<td>3445<\/td>\n<\/tr>\n<tr data-start=\"4672\" data-end=\"4778\">\n<td>SSH-6+1+1 \/ 7+1<\/td>\n<td>240 \u2013 425<\/td>\n<td>105<\/td>\n<td>72 \u2013 78<\/td>\n<td>3780<\/td>\n<\/tr>\n<\/tbody>\n<\/table>\n<\/div>\n<h4><\/h4>\n<p>[\/et_pb_text][\/et_pb_column][\/et_pb_row][et_pb_row _builder_version=&#8221;4.24.3&#8243; _module_preset=&#8221;default&#8221; global_colors_info=&#8221;{}&#8221;][et_pb_column type=&#8221;4_4&#8243; _builder_version=&#8221;4.24.3&#8243; _module_preset=&#8221;default&#8221; global_colors_info=&#8221;{}&#8221;][et_pb_text _builder_version=&#8221;4.27.4&#8243; _module_preset=&#8221;default&#8221; hover_enabled=&#8221;0&#8243; global_colors_info=&#8221;{}&#8221; sticky_enabled=&#8221;0&#8243;]<\/p>\n<div class=\"acf-label\">\n<h2 class=\"description\" style=\"text-align: center;\"><strong>Galerie Foto<\/strong><\/h2>\n<\/div>\n<p>[\/et_pb_text][et_pb_gallery gallery_ids=&#8221;63108,54230,54234,54246,54250,54258&#8243; show_title_and_caption=&#8221;off&#8221; _builder_version=&#8221;4.26.0&#8243; _module_preset=&#8221;default&#8221; hover_enabled=&#8221;0&#8243; global_colors_info=&#8221;{}&#8221; sticky_enabled=&#8221;0&#8243;][\/et_pb_gallery][\/et_pb_column][\/et_pb_row][\/et_pb_section]<\/p>\n","protected":false},"excerpt":{"rendered":"<p>Ovlac are o vast\u0103 experien\u021b\u0103 \u00een fabricarea plugurilor semisuspendate, adaptate pentru o gam\u0103 variat\u0103 de pie\u021be \u0219i condi\u021bii de utilizare. Gama plugurilor semisuspendate Ovlac include diferite modele cu p\u00e2n\u0103 la [&hellip;]<\/p>\n","protected":false},"author":200,"featured_media":54238,"parent":0,"menu_order":0,"comment_status":"closed","ping_status":"closed","template":"","meta":{"_et_pb_use_builder":"on","_et_pb_old_content":"","_et_gb_content_width":"","footnotes":""},"class_list":["post-63102","page","type-page","status-publish","has-post-thumbnail","hentry"],"yoast_head":"<!-- This site is optimized with the Yoast SEO plugin v24.8.1 - https:\/\/yoast.com\/wordpress\/plugins\/seo\/ -->\n<title>Pluguri Reversibile Semisuspendate - Ovlac<\/title>\n<meta name=\"robots\" content=\"index, follow, max-snippet:-1, max-image-preview:large, max-video-preview:-1\" \/>\n<link rel=\"canonical\" href=\"https:\/\/ovlac.com\/ro\/pluguri-reversibile-semisuspendate\/\" \/>\n<meta property=\"og:locale\" content=\"ro_RO\" \/>\n<meta property=\"og:type\" content=\"article\" \/>\n<meta property=\"og:title\" content=\"Pluguri Reversibile Semisuspendate - Ovlac\" \/>\n<meta property=\"og:description\" content=\"Ovlac are o vast\u0103 experien\u021b\u0103 \u00een fabricarea plugurilor semisuspendate, adaptate pentru o gam\u0103 variat\u0103 de pie\u021be \u0219i condi\u021bii de utilizare. Gama plugurilor semisuspendate Ovlac include diferite modele cu p\u00e2n\u0103 la [&hellip;]\" \/>\n<meta property=\"og:url\" content=\"https:\/\/ovlac.com\/ro\/pluguri-reversibile-semisuspendate\/\" \/>\n<meta property=\"og:site_name\" content=\"Ovlac\" \/>\n<meta property=\"article:modified_time\" content=\"2025-03-17T12:33:51+00:00\" \/>\n<meta property=\"og:image\" content=\"https:\/\/ovlac.com\/wp-content\/uploads\/2014\/04\/DSC_0112-2.jpg\" \/>\n\t<meta property=\"og:image:width\" content=\"1395\" \/>\n\t<meta property=\"og:image:height\" content=\"915\" \/>\n\t<meta property=\"og:image:type\" content=\"image\/jpeg\" \/>\n<meta name=\"twitter:card\" content=\"summary_large_image\" \/>\n<meta name=\"twitter:label1\" content=\"Timp estimat pentru citire\" \/>\n\t<meta name=\"twitter:data1\" content=\"3 minute\" \/>\n<script type=\"application\/ld+json\" class=\"yoast-schema-graph\">{\"@context\":\"https:\/\/schema.org\",\"@graph\":[{\"@type\":\"WebPage\",\"@id\":\"https:\/\/ovlac.com\/ro\/pluguri-reversibile-semisuspendate\/\",\"url\":\"https:\/\/ovlac.com\/ro\/pluguri-reversibile-semisuspendate\/\",\"name\":\"Pluguri Reversibile Semisuspendate - Ovlac\",\"isPartOf\":{\"@id\":\"https:\/\/ovlac.com\/#website\"},\"primaryImageOfPage\":{\"@id\":\"https:\/\/ovlac.com\/ro\/pluguri-reversibile-semisuspendate\/#primaryimage\"},\"image\":{\"@id\":\"https:\/\/ovlac.com\/ro\/pluguri-reversibile-semisuspendate\/#primaryimage\"},\"thumbnailUrl\":\"https:\/\/ovlac.com\/wp-content\/uploads\/2014\/04\/DSC_0112-2.jpg\",\"datePublished\":\"2025-03-17T12:32:11+00:00\",\"dateModified\":\"2025-03-17T12:33:51+00:00\",\"breadcrumb\":{\"@id\":\"https:\/\/ovlac.com\/ro\/pluguri-reversibile-semisuspendate\/#breadcrumb\"},\"inLanguage\":\"ro-RO\",\"potentialAction\":[{\"@type\":\"ReadAction\",\"target\":[\"https:\/\/ovlac.com\/ro\/pluguri-reversibile-semisuspendate\/\"]}]},{\"@type\":\"ImageObject\",\"inLanguage\":\"ro-RO\",\"@id\":\"https:\/\/ovlac.com\/ro\/pluguri-reversibile-semisuspendate\/#primaryimage\",\"url\":\"https:\/\/ovlac.com\/wp-content\/uploads\/2014\/04\/DSC_0112-2.jpg\",\"contentUrl\":\"https:\/\/ovlac.com\/wp-content\/uploads\/2014\/04\/DSC_0112-2.jpg\",\"width\":1395,\"height\":915},{\"@type\":\"BreadcrumbList\",\"@id\":\"https:\/\/ovlac.com\/ro\/pluguri-reversibile-semisuspendate\/#breadcrumb\",\"itemListElement\":[{\"@type\":\"ListItem\",\"position\":1,\"name\":\"Portada\",\"item\":\"https:\/\/ovlac.com\/ro\/\"},{\"@type\":\"ListItem\",\"position\":2,\"name\":\"Pluguri Reversibile Semisuspendate\"}]},{\"@type\":\"WebSite\",\"@id\":\"https:\/\/ovlac.com\/#website\",\"url\":\"https:\/\/ovlac.com\/\",\"name\":\"Ovlac\",\"description\":\"OVLAC\",\"potentialAction\":[{\"@type\":\"SearchAction\",\"target\":{\"@type\":\"EntryPoint\",\"urlTemplate\":\"https:\/\/ovlac.com\/?s={search_term_string}\"},\"query-input\":{\"@type\":\"PropertyValueSpecification\",\"valueRequired\":true,\"valueName\":\"search_term_string\"}}],\"inLanguage\":\"ro-RO\"}]}<\/script>\n<!-- \/ Yoast SEO plugin. -->","yoast_head_json":{"title":"Pluguri Reversibile Semisuspendate - Ovlac","robots":{"index":"index","follow":"follow","max-snippet":"max-snippet:-1","max-image-preview":"max-image-preview:large","max-video-preview":"max-video-preview:-1"},"canonical":"https:\/\/ovlac.com\/ro\/pluguri-reversibile-semisuspendate\/","og_locale":"ro_RO","og_type":"article","og_title":"Pluguri Reversibile Semisuspendate - Ovlac","og_description":"Ovlac are o vast\u0103 experien\u021b\u0103 \u00een fabricarea plugurilor semisuspendate, adaptate pentru o gam\u0103 variat\u0103 de pie\u021be \u0219i condi\u021bii de utilizare. Gama plugurilor semisuspendate Ovlac include diferite modele cu p\u00e2n\u0103 la [&hellip;]","og_url":"https:\/\/ovlac.com\/ro\/pluguri-reversibile-semisuspendate\/","og_site_name":"Ovlac","article_modified_time":"2025-03-17T12:33:51+00:00","og_image":[{"width":1395,"height":915,"url":"https:\/\/ovlac.com\/wp-content\/uploads\/2014\/04\/DSC_0112-2.jpg","type":"image\/jpeg"}],"twitter_card":"summary_large_image","twitter_misc":{"Timp estimat pentru citire":"3 minute"},"schema":{"@context":"https:\/\/schema.org","@graph":[{"@type":"WebPage","@id":"https:\/\/ovlac.com\/ro\/pluguri-reversibile-semisuspendate\/","url":"https:\/\/ovlac.com\/ro\/pluguri-reversibile-semisuspendate\/","name":"Pluguri Reversibile Semisuspendate - Ovlac","isPartOf":{"@id":"https:\/\/ovlac.com\/#website"},"primaryImageOfPage":{"@id":"https:\/\/ovlac.com\/ro\/pluguri-reversibile-semisuspendate\/#primaryimage"},"image":{"@id":"https:\/\/ovlac.com\/ro\/pluguri-reversibile-semisuspendate\/#primaryimage"},"thumbnailUrl":"https:\/\/ovlac.com\/wp-content\/uploads\/2014\/04\/DSC_0112-2.jpg","datePublished":"2025-03-17T12:32:11+00:00","dateModified":"2025-03-17T12:33:51+00:00","breadcrumb":{"@id":"https:\/\/ovlac.com\/ro\/pluguri-reversibile-semisuspendate\/#breadcrumb"},"inLanguage":"ro-RO","potentialAction":[{"@type":"ReadAction","target":["https:\/\/ovlac.com\/ro\/pluguri-reversibile-semisuspendate\/"]}]},{"@type":"ImageObject","inLanguage":"ro-RO","@id":"https:\/\/ovlac.com\/ro\/pluguri-reversibile-semisuspendate\/#primaryimage","url":"https:\/\/ovlac.com\/wp-content\/uploads\/2014\/04\/DSC_0112-2.jpg","contentUrl":"https:\/\/ovlac.com\/wp-content\/uploads\/2014\/04\/DSC_0112-2.jpg","width":1395,"height":915},{"@type":"BreadcrumbList","@id":"https:\/\/ovlac.com\/ro\/pluguri-reversibile-semisuspendate\/#breadcrumb","itemListElement":[{"@type":"ListItem","position":1,"name":"Portada","item":"https:\/\/ovlac.com\/ro\/"},{"@type":"ListItem","position":2,"name":"Pluguri Reversibile Semisuspendate"}]},{"@type":"WebSite","@id":"https:\/\/ovlac.com\/#website","url":"https:\/\/ovlac.com\/","name":"Ovlac","description":"OVLAC","potentialAction":[{"@type":"SearchAction","target":{"@type":"EntryPoint","urlTemplate":"https:\/\/ovlac.com\/?s={search_term_string}"},"query-input":{"@type":"PropertyValueSpecification","valueRequired":true,"valueName":"search_term_string"}}],"inLanguage":"ro-RO"}]}},"_links":{"self":[{"href":"https:\/\/ovlac.com\/ro\/wp-json\/wp\/v2\/pages\/63102","targetHints":{"allow":["GET"]}}],"collection":[{"href":"https:\/\/ovlac.com\/ro\/wp-json\/wp\/v2\/pages"}],"about":[{"href":"https:\/\/ovlac.com\/ro\/wp-json\/wp\/v2\/types\/page"}],"author":[{"embeddable":true,"href":"https:\/\/ovlac.com\/ro\/wp-json\/wp\/v2\/users\/200"}],"replies":[{"embeddable":true,"href":"https:\/\/ovlac.com\/ro\/wp-json\/wp\/v2\/comments?post=63102"}],"version-history":[{"count":7,"href":"https:\/\/ovlac.com\/ro\/wp-json\/wp\/v2\/pages\/63102\/revisions"}],"predecessor-version":[{"id":63126,"href":"https:\/\/ovlac.com\/ro\/wp-json\/wp\/v2\/pages\/63102\/revisions\/63126"}],"wp:featuredmedia":[{"embeddable":true,"href":"https:\/\/ovlac.com\/ro\/wp-json\/wp\/v2\/media\/54238"}],"wp:attachment":[{"href":"https:\/\/ovlac.com\/ro\/wp-json\/wp\/v2\/media?parent=63102"}],"curies":[{"name":"wp","href":"https:\/\/api.w.org\/{rel}","templated":true}]}}