{"id":63076,"date":"2025-03-17T11:23:30","date_gmt":"2025-03-17T11:23:30","guid":{"rendered":"https:\/\/ovlac.com\/?page_id=63076"},"modified":"2025-03-17T11:53:53","modified_gmt":"2025-03-17T11:53:53","slug":"pluguri-fixe-suspendate","status":"publish","type":"page","link":"https:\/\/ovlac.com\/ro\/pluguri-fixe-suspendate\/","title":{"rendered":"Pluguri fixe suspendate"},"content":{"rendered":"<p>[et_pb_section fb_built=&#8221;1&#8243; fullwidth=&#8221;on&#8221; _builder_version=&#8221;4.24.3&#8243; _module_preset=&#8221;default&#8221; locked=&#8221;off&#8221; global_colors_info=&#8221;{}&#8221;][et_pb_fullwidth_slider admin_label=&#8221;Control deslizante de anchura completa&#8221; _builder_version=&#8221;4.26.0&#8243; _module_preset=&#8221;default&#8221; background_last_edited=&#8221;on|desktop&#8221; global_colors_info=&#8221;{}&#8221;][et_pb_slide url_new_window=&#8221;on&#8221; use_bg_overlay=&#8221;off&#8221; use_text_overlay=&#8221;off&#8221; image_tablet=&#8221;&#8221; image_phone=&#8221;&#8221; image_last_edited=&#8221;on|desktop&#8221; _builder_version=&#8221;4.26.0&#8243; _module_preset=&#8221;default&#8221; header_font=&#8221;||||||||&#8221; background_color=&#8221;#FFFFFF&#8221; background_enable_color=&#8221;on&#8221; background_image=&#8221;https:\/\/ovlac.com\/wp-content\/uploads\/2023\/08\/Fijo-Suspendido.jpg&#8221; background_enable_image=&#8221;on&#8221; button_on_hover=&#8221;on&#8221; background_last_edited=&#8221;on|desktop&#8221; background_image_tablet=&#8221;https:\/\/ovlac.com\/wp-content\/uploads\/2024\/04\/slider-XP.png&#8221; background_image_phone=&#8221;https:\/\/ovlac.com\/wp-content\/uploads\/2024\/04\/slider-XP.png&#8221; background_enable_image_tablet=&#8221;on&#8221; background_enable_image_phone=&#8221;on&#8221; global_colors_info=&#8221;{}&#8221; sticky_transition=&#8221;on&#8221;][\/et_pb_slide][\/et_pb_fullwidth_slider][et_pb_fullwidth_post_title meta=&#8221;off&#8221; featured_image=&#8221;off&#8221; _builder_version=&#8221;4.24.3&#8243; _module_preset=&#8221;default&#8221; title_font=&#8221;|700|||||||&#8221; title_text_color=&#8221;#e73137&#8243; title_font_size=&#8221;33px&#8221; background_color=&#8221;RGBA(255,255,255,0)&#8221; custom_padding=&#8221;60px||||false|false&#8221; global_colors_info=&#8221;{}&#8221;][\/et_pb_fullwidth_post_title][\/et_pb_section][et_pb_section fb_built=&#8221;1&#8243; admin_label=&#8221;section&#8221; _builder_version=&#8221;4.16&#8243; locked=&#8221;off&#8221; global_colors_info=&#8221;{}&#8221;][et_pb_row admin_label=&#8221;row&#8221; _builder_version=&#8221;4.24.3&#8243; background_size=&#8221;initial&#8221; background_position=&#8221;top_left&#8221; background_repeat=&#8221;repeat&#8221; custom_margin=&#8221;-28px||||false|false&#8221; global_colors_info=&#8221;{}&#8221;][et_pb_column type=&#8221;4_4&#8243; _builder_version=&#8221;4.16&#8243; custom_padding=&#8221;|||&#8221; global_colors_info=&#8221;{}&#8221; custom_padding__hover=&#8221;|||&#8221;][et_pb_text admin_label=&#8221;Text&#8221; _builder_version=&#8221;4.27.4&#8243; text_font_size=&#8221;15px&#8221; text_line_height=&#8221;1.9em&#8221; background_size=&#8221;initial&#8221; background_position=&#8221;top_left&#8221; background_repeat=&#8221;repeat&#8221; custom_margin=&#8221;||32px||false|false&#8221; custom_padding=&#8221;||32px||false|false&#8221; global_colors_info=&#8221;{}&#8221;]<\/p>\n<p data-start=\"35\" data-end=\"122\">Ovlac \u00ee\u0219i completeaz\u0103 <strong data-start=\"57\" data-end=\"84\">gama variat\u0103 de pluguri<\/strong> cu <strong data-start=\"88\" data-end=\"119\">dou\u0103 modele fixe suspendate<\/strong>:<\/p>\n<p data-start=\"124\" data-end=\"380\">\ud83d\udd39 <strong data-start=\"127\" data-end=\"141\">Modelul FF<\/strong> \u2013 varianta <strong data-start=\"153\" data-end=\"184\">cea mai simpl\u0103 \u0219i economic\u0103<\/strong>. Acest model este echipat cu <strong data-start=\"214\" data-end=\"256\">sistem de siguran\u021b\u0103 prin \u0219urub fusibil<\/strong>, calibrat s\u0103 cedeze la <strong data-start=\"280\" data-end=\"306\">o presiune de 3.000 kg<\/strong> la v\u00e2rf, \u0219i cu <strong data-start=\"322\" data-end=\"360\">reglare manual\u0103 a l\u0103\u021bimii de lucru<\/strong> \u00een <strong data-start=\"364\" data-end=\"377\">4 pozi\u021bii<\/strong>.<\/p>\n<p data-start=\"382\" data-end=\"579\">\ud83d\udd39 <strong data-start=\"385\" data-end=\"399\">Modelul FB<\/strong> \u2013 echipat cu <strong data-start=\"413\" data-end=\"464\">sistem de siguran\u021b\u0103 Non Stop cu arcuri lamelare<\/strong>, f\u0103r\u0103 \u00eentre\u021binere, \u0219i cu <strong data-start=\"490\" data-end=\"531\">reglare hidraulic\u0103 a l\u0103\u021bimii de lucru<\/strong>, variabil\u0103 \u00eentre <strong data-start=\"549\" data-end=\"576\">20 \u0219i 50 cm per trupi\u021b\u0103<\/strong>.<\/p>\n<h3 data-start=\"586\" data-end=\"621\"><strong data-start=\"590\" data-end=\"619\"><\/strong><\/h3>\n<h3 data-start=\"586\" data-end=\"621\"><strong data-start=\"590\" data-end=\"619\">Experien\u021b\u0103 \u0219i fiabilitate<\/strong><\/h3>\n<p data-start=\"622\" data-end=\"879\">Ovlac are <strong data-start=\"632\" data-end=\"654\">o experien\u021b\u0103 vast\u0103<\/strong> \u00een fabricarea ambelor modele, ceea ce garanteaz\u0103 <strong data-start=\"704\" data-end=\"761\">un design consolidat \u0219i o fiabilitate de lung\u0103 durat\u0103<\/strong>. At\u00e2t <strong data-start=\"768\" data-end=\"774\">FF<\/strong>, c\u00e2t \u0219i <strong data-start=\"783\" data-end=\"789\">FB<\/strong>, asigur\u0103 <strong data-start=\"799\" data-end=\"826\">o durat\u0103 lung\u0103 de via\u021b\u0103<\/strong> f\u0103r\u0103 probleme, adapt\u00e2ndu-se oric\u0103rui tip de teren.<\/p>\n<p data-start=\"622\" data-end=\"879\">\n<h3 data-start=\"886\" data-end=\"970\"><strong data-start=\"890\" data-end=\"968\">Sistem de prindere oscilant Ovlac \u2013 Reglare automat\u0103 a liniei de trac\u021biune<\/strong><\/h3>\n<p data-start=\"971\" data-end=\"1120\">Unul dintre elementele definitorii ale echipamentelor Ovlac este <strong data-start=\"1036\" data-end=\"1117\">posibilitatea alegerii \u00eentre prinderea fix\u0103 sau sistemul de prindere oscilant<\/strong>.<\/p>\n<p data-start=\"1122\" data-end=\"1388\">\u2714\ufe0f <strong data-start=\"1125\" data-end=\"1154\">Prinderea oscilant\u0103 Ovlac<\/strong> permite <strong data-start=\"1163\" data-end=\"1184\">reglarea automat\u0103<\/strong> a <strong data-start=\"1187\" data-end=\"1244\">liniei de trac\u021biune \u0219i a devierii laterale a plugului<\/strong>, men\u021bin\u00e2nd un <strong data-start=\"1259\" data-end=\"1286\">lucru constant \u0219i drept<\/strong>.<br data-start=\"1287\" data-end=\"1290\" \/>\u2714\ufe0f <strong data-start=\"1293\" data-end=\"1314\">Blocarea automat\u0103<\/strong> \u00een timpul ridic\u0103rii sau transportului asigur\u0103 un <strong data-start=\"1364\" data-end=\"1385\">plus de siguran\u021b\u0103<\/strong>.<\/p>\n<p data-start=\"1390\" data-end=\"1469\">\ud83d\udcfd\ufe0f <strong data-start=\"1394\" data-end=\"1467\">Vezi sistemul de prindere oscilant \u00een ac\u021biune \u00een videoclipul urm\u0103tor:<\/strong><\/p>\n<p>[\/et_pb_text][et_pb_video src=&#8221;https:\/\/youtu.be\/QpEXtKYYUX4&#8243; _builder_version=&#8221;4.26.0&#8243; _module_preset=&#8221;default&#8221; global_colors_info=&#8221;{}&#8221;][\/et_pb_video][\/et_pb_column][\/et_pb_row][\/et_pb_section][et_pb_section fb_built=&#8221;1&#8243; _builder_version=&#8221;4.24.3&#8243; _module_preset=&#8221;default&#8221; background_color=&#8221;#e5e5e5&#8243; locked=&#8221;off&#8221; global_colors_info=&#8221;{}&#8221;][et_pb_row column_structure=&#8221;1_2,1_2&#8243; _builder_version=&#8221;4.24.3&#8243; _module_preset=&#8221;default&#8221; custom_margin=&#8221;12px||48px||false|false&#8221; custom_margin_tablet=&#8221;12px||48px||false|false&#8221; custom_margin_phone=&#8221;12px||48px||false|false&#8221; custom_margin_last_edited=&#8221;on|desktop&#8221; global_colors_info=&#8221;{}&#8221;][et_pb_column type=&#8221;1_2&#8243; _builder_version=&#8221;4.24.3&#8243; _module_preset=&#8221;default&#8221; global_colors_info=&#8221;{}&#8221;][et_pb_text _builder_version=&#8221;4.27.4&#8243; _module_preset=&#8221;default&#8221; global_colors_info=&#8221;{}&#8221;]<\/p>\n<div class=\"acf-label\">\n<h2 class=\"description\" style=\"text-align: center;\"><strong>\u00a0Avantaje principale<\/strong><\/h2>\n<\/div>\n<p>[\/et_pb_text][et_pb_text _builder_version=&#8221;4.27.4&#8243; _module_preset=&#8221;default&#8221; global_colors_info=&#8221;{}&#8221;]<\/p>\n<p>\u2714\ufe0f Modele disponibile <strong data-start=\"1591\" data-end=\"1615\">cu p\u00e2n\u0103 la 6 trupi\u021be<\/strong><br data-start=\"1615\" data-end=\"1618\" \/>\u2714\ufe0f <strong data-start=\"1621\" data-end=\"1651\">Dou\u0103 sisteme de siguran\u021b\u0103:<\/strong><br data-start=\"1651\" data-end=\"1654\" \/>\ud83d\udd39 <strong data-start=\"1660\" data-end=\"1677\">\u0218urub fusibil<\/strong> \u2013 Model <strong data-start=\"1686\" data-end=\"1692\">FF<\/strong><br data-start=\"1692\" data-end=\"1695\" \/>\ud83d\udd39 <strong data-start=\"1701\" data-end=\"1732\">Non Stop cu arcuri lamelare<\/strong> \u2013 Model <strong data-start=\"1741\" data-end=\"1747\">FB<\/strong><br data-start=\"1747\" data-end=\"1750\" \/>\u2714\ufe0f <strong data-start=\"1753\" data-end=\"1783\">Gama variat\u0103 de accesorii: <\/strong>Diferite tipuri de <strong data-start=\"1810\" data-end=\"1876\">rasete, acoperitori de resturi vegetale, ro\u021bi, discuri, cu\u021bite<\/strong>, etc.<\/p>\n<p>[\/et_pb_text][\/et_pb_column][et_pb_column type=&#8221;1_2&#8243; _builder_version=&#8221;4.24.3&#8243; _module_preset=&#8221;default&#8221; global_colors_info=&#8221;{}&#8221;][et_pb_image src=&#8221;https:\/\/ovlac.com\/wp-content\/uploads\/2024\/06\/Manual-FF-FB.png&#8221; title_text=&#8221;Manual FF-FB&#8221; _builder_version=&#8221;4.26.0&#8243; _module_preset=&#8221;default&#8221; global_colors_info=&#8221;{}&#8221;][\/et_pb_image][\/et_pb_column][\/et_pb_row][et_pb_row _builder_version=&#8221;4.24.3&#8243; _module_preset=&#8221;default&#8221; global_colors_info=&#8221;{}&#8221;][et_pb_column type=&#8221;4_4&#8243; _builder_version=&#8221;4.24.3&#8243; _module_preset=&#8221;default&#8221; global_colors_info=&#8221;{}&#8221;][et_pb_text admin_label=&#8221;Texto&#8221; _builder_version=&#8221;4.27.4&#8243; _module_preset=&#8221;default&#8221; global_colors_info=&#8221;{}&#8221;]<\/p>\n<div class=\"acf-label\">\n<h2 class=\"description\" style=\"text-align: center;\"><strong>Fi\u0219a tehnic\u0103 \u0219i Modele disponibile:<\/strong><\/h2>\n<\/div>\n<p>[\/et_pb_text][et_pb_image src=&#8221;https:\/\/ovlac.com\/wp-content\/uploads\/2014\/04\/TABLA-TECNICA-FS-ESP_Mesa-de-trabajo-1-01-1024&#215;342.jpg&#8221; alt=&#8221;XPERIENCIE-CARACTERISTICAS TECNICAS&#8221; title_text=&#8221;2024-XP-CARACTERISTICAS TECNICAS-WEB&#8221; show_bottom_space=&#8221;off&#8221; align=&#8221;center&#8221; _builder_version=&#8221;4.26.0&#8243; _module_preset=&#8221;default&#8221; global_colors_info=&#8221;{}&#8221;][\/et_pb_image][\/et_pb_column][\/et_pb_row][et_pb_row _builder_version=&#8221;4.24.3&#8243; _module_preset=&#8221;default&#8221; global_colors_info=&#8221;{}&#8221;][et_pb_column type=&#8221;4_4&#8243; _builder_version=&#8221;4.24.3&#8243; _module_preset=&#8221;default&#8221; global_colors_info=&#8221;{}&#8221;][et_pb_text _builder_version=&#8221;4.27.4&#8243; _module_preset=&#8221;default&#8221; global_colors_info=&#8221;{}&#8221;]<\/p>\n<div class=\"acf-label\">\n<h2 class=\"description\" style=\"text-align: center;\"><strong>Galerie Foto<\/strong><\/h2>\n<\/div>\n<p>[\/et_pb_text][et_pb_gallery gallery_ids=&#8221;63089,63095,63097&#8243; gallery_orderby=&#8221;rand&#8221; orientation=&#8221;portrait&#8221; show_title_and_caption=&#8221;off&#8221; _builder_version=&#8221;4.27.4&#8243; _module_preset=&#8221;default&#8221; global_colors_info=&#8221;{}&#8221;][\/et_pb_gallery][\/et_pb_column][\/et_pb_row][\/et_pb_section]<\/p>\n","protected":false},"excerpt":{"rendered":"<p>Ovlac \u00ee\u0219i completeaz\u0103 gama variat\u0103 de pluguri cu dou\u0103 modele fixe suspendate: \ud83d\udd39 Modelul FF \u2013 varianta cea mai simpl\u0103 \u0219i economic\u0103. Acest model este echipat cu sistem de siguran\u021b\u0103 [&hellip;]<\/p>\n","protected":false},"author":200,"featured_media":0,"parent":0,"menu_order":0,"comment_status":"closed","ping_status":"closed","template":"","meta":{"_et_pb_use_builder":"on","_et_pb_old_content":"","_et_gb_content_width":"","footnotes":""},"class_list":["post-63076","page","type-page","status-publish","hentry"],"yoast_head":"<!-- This site is optimized with the Yoast SEO plugin v24.8.1 - https:\/\/yoast.com\/wordpress\/plugins\/seo\/ -->\n<title>Pluguri fixe suspendate - Ovlac<\/title>\n<meta name=\"robots\" content=\"index, follow, max-snippet:-1, max-image-preview:large, max-video-preview:-1\" \/>\n<link rel=\"canonical\" href=\"https:\/\/ovlac.com\/ro\/pluguri-fixe-suspendate\/\" \/>\n<meta property=\"og:locale\" content=\"ro_RO\" \/>\n<meta property=\"og:type\" content=\"article\" \/>\n<meta property=\"og:title\" content=\"Pluguri fixe suspendate - Ovlac\" \/>\n<meta property=\"og:description\" content=\"Ovlac \u00ee\u0219i completeaz\u0103 gama variat\u0103 de pluguri cu dou\u0103 modele fixe suspendate: \ud83d\udd39 Modelul FF \u2013 varianta cea mai simpl\u0103 \u0219i economic\u0103. Acest model este echipat cu sistem de siguran\u021b\u0103 [&hellip;]\" \/>\n<meta property=\"og:url\" content=\"https:\/\/ovlac.com\/ro\/pluguri-fixe-suspendate\/\" \/>\n<meta property=\"og:site_name\" content=\"Ovlac\" \/>\n<meta property=\"article:modified_time\" content=\"2025-03-17T11:53:53+00:00\" \/>\n<meta name=\"twitter:card\" content=\"summary_large_image\" \/>\n<meta name=\"twitter:label1\" content=\"Timp estimat pentru citire\" \/>\n\t<meta name=\"twitter:data1\" content=\"2 minute\" \/>\n<script type=\"application\/ld+json\" class=\"yoast-schema-graph\">{\"@context\":\"https:\/\/schema.org\",\"@graph\":[{\"@type\":\"WebPage\",\"@id\":\"https:\/\/ovlac.com\/ro\/pluguri-fixe-suspendate\/\",\"url\":\"https:\/\/ovlac.com\/ro\/pluguri-fixe-suspendate\/\",\"name\":\"Pluguri fixe suspendate - Ovlac\",\"isPartOf\":{\"@id\":\"https:\/\/ovlac.com\/#website\"},\"datePublished\":\"2025-03-17T11:23:30+00:00\",\"dateModified\":\"2025-03-17T11:53:53+00:00\",\"breadcrumb\":{\"@id\":\"https:\/\/ovlac.com\/ro\/pluguri-fixe-suspendate\/#breadcrumb\"},\"inLanguage\":\"ro-RO\",\"potentialAction\":[{\"@type\":\"ReadAction\",\"target\":[\"https:\/\/ovlac.com\/ro\/pluguri-fixe-suspendate\/\"]}]},{\"@type\":\"BreadcrumbList\",\"@id\":\"https:\/\/ovlac.com\/ro\/pluguri-fixe-suspendate\/#breadcrumb\",\"itemListElement\":[{\"@type\":\"ListItem\",\"position\":1,\"name\":\"Portada\",\"item\":\"https:\/\/ovlac.com\/ro\/\"},{\"@type\":\"ListItem\",\"position\":2,\"name\":\"Pluguri fixe suspendate\"}]},{\"@type\":\"WebSite\",\"@id\":\"https:\/\/ovlac.com\/#website\",\"url\":\"https:\/\/ovlac.com\/\",\"name\":\"Ovlac\",\"description\":\"OVLAC\",\"potentialAction\":[{\"@type\":\"SearchAction\",\"target\":{\"@type\":\"EntryPoint\",\"urlTemplate\":\"https:\/\/ovlac.com\/?s={search_term_string}\"},\"query-input\":{\"@type\":\"PropertyValueSpecification\",\"valueRequired\":true,\"valueName\":\"search_term_string\"}}],\"inLanguage\":\"ro-RO\"}]}<\/script>\n<!-- \/ Yoast SEO plugin. -->","yoast_head_json":{"title":"Pluguri fixe suspendate - Ovlac","robots":{"index":"index","follow":"follow","max-snippet":"max-snippet:-1","max-image-preview":"max-image-preview:large","max-video-preview":"max-video-preview:-1"},"canonical":"https:\/\/ovlac.com\/ro\/pluguri-fixe-suspendate\/","og_locale":"ro_RO","og_type":"article","og_title":"Pluguri fixe suspendate - Ovlac","og_description":"Ovlac \u00ee\u0219i completeaz\u0103 gama variat\u0103 de pluguri cu dou\u0103 modele fixe suspendate: \ud83d\udd39 Modelul FF \u2013 varianta cea mai simpl\u0103 \u0219i economic\u0103. Acest model este echipat cu sistem de siguran\u021b\u0103 [&hellip;]","og_url":"https:\/\/ovlac.com\/ro\/pluguri-fixe-suspendate\/","og_site_name":"Ovlac","article_modified_time":"2025-03-17T11:53:53+00:00","twitter_card":"summary_large_image","twitter_misc":{"Timp estimat pentru citire":"2 minute"},"schema":{"@context":"https:\/\/schema.org","@graph":[{"@type":"WebPage","@id":"https:\/\/ovlac.com\/ro\/pluguri-fixe-suspendate\/","url":"https:\/\/ovlac.com\/ro\/pluguri-fixe-suspendate\/","name":"Pluguri fixe suspendate - Ovlac","isPartOf":{"@id":"https:\/\/ovlac.com\/#website"},"datePublished":"2025-03-17T11:23:30+00:00","dateModified":"2025-03-17T11:53:53+00:00","breadcrumb":{"@id":"https:\/\/ovlac.com\/ro\/pluguri-fixe-suspendate\/#breadcrumb"},"inLanguage":"ro-RO","potentialAction":[{"@type":"ReadAction","target":["https:\/\/ovlac.com\/ro\/pluguri-fixe-suspendate\/"]}]},{"@type":"BreadcrumbList","@id":"https:\/\/ovlac.com\/ro\/pluguri-fixe-suspendate\/#breadcrumb","itemListElement":[{"@type":"ListItem","position":1,"name":"Portada","item":"https:\/\/ovlac.com\/ro\/"},{"@type":"ListItem","position":2,"name":"Pluguri fixe suspendate"}]},{"@type":"WebSite","@id":"https:\/\/ovlac.com\/#website","url":"https:\/\/ovlac.com\/","name":"Ovlac","description":"OVLAC","potentialAction":[{"@type":"SearchAction","target":{"@type":"EntryPoint","urlTemplate":"https:\/\/ovlac.com\/?s={search_term_string}"},"query-input":{"@type":"PropertyValueSpecification","valueRequired":true,"valueName":"search_term_string"}}],"inLanguage":"ro-RO"}]}},"_links":{"self":[{"href":"https:\/\/ovlac.com\/ro\/wp-json\/wp\/v2\/pages\/63076","targetHints":{"allow":["GET"]}}],"collection":[{"href":"https:\/\/ovlac.com\/ro\/wp-json\/wp\/v2\/pages"}],"about":[{"href":"https:\/\/ovlac.com\/ro\/wp-json\/wp\/v2\/types\/page"}],"author":[{"embeddable":true,"href":"https:\/\/ovlac.com\/ro\/wp-json\/wp\/v2\/users\/200"}],"replies":[{"embeddable":true,"href":"https:\/\/ovlac.com\/ro\/wp-json\/wp\/v2\/comments?post=63076"}],"version-history":[{"count":7,"href":"https:\/\/ovlac.com\/ro\/wp-json\/wp\/v2\/pages\/63076\/revisions"}],"predecessor-version":[{"id":63101,"href":"https:\/\/ovlac.com\/ro\/wp-json\/wp\/v2\/pages\/63076\/revisions\/63101"}],"wp:attachment":[{"href":"https:\/\/ovlac.com\/ro\/wp-json\/wp\/v2\/media?parent=63076"}],"curies":[{"name":"wp","href":"https:\/\/api.w.org\/{rel}","templated":true}]}}