{"id":63067,"date":"2025-03-17T10:59:13","date_gmt":"2025-03-17T10:59:13","guid":{"rendered":"https:\/\/ovlac.com\/?page_id=63067"},"modified":"2026-04-07T07:22:11","modified_gmt":"2026-04-07T07:22:11","slug":"plug-reversibil-classic-lx-sx","status":"publish","type":"page","link":"https:\/\/ovlac.com\/ro\/plug-reversibil-classic-lx-sx\/","title":{"rendered":"Plug Reversibil Classic LX &#8211; SX"},"content":{"rendered":"<p>[et_pb_section fb_built=&#8221;1&#8243; fullwidth=&#8221;on&#8221; _builder_version=&#8221;4.24.3&#8243; _module_preset=&#8221;default&#8221; locked=&#8221;off&#8221; global_colors_info=&#8221;{}&#8221;][et_pb_fullwidth_slider admin_label=&#8221;Control deslizante de anchura completa&#8221; _builder_version=&#8221;4.24.3&#8243; _module_preset=&#8221;default&#8221; background_last_edited=&#8221;on|desktop&#8221; global_colors_info=&#8221;{}&#8221;][et_pb_slide url_new_window=&#8221;on&#8221; use_bg_overlay=&#8221;off&#8221; use_text_overlay=&#8221;off&#8221; image_tablet=&#8221;&#8221; image_phone=&#8221;&#8221; image_last_edited=&#8221;on|desktop&#8221; _builder_version=&#8221;4.24.3&#8243; _module_preset=&#8221;default&#8221; header_font=&#8221;||||||||&#8221; background_color=&#8221;#7ebec5&#8243; background_image=&#8221;https:\/\/ovlac.com\/wp-content\/uploads\/2014\/07\/LF-5-150-V-C-34.jpg&#8221; background_enable_image=&#8221;on&#8221; button_on_hover=&#8221;on&#8221; background_last_edited=&#8221;on|desktop&#8221; background_image_tablet=&#8221;https:\/\/ovlac.com\/wp-content\/uploads\/2024\/04\/slider-XP.png&#8221; background_image_phone=&#8221;https:\/\/ovlac.com\/wp-content\/uploads\/2024\/04\/slider-XP.png&#8221; background_enable_image_tablet=&#8221;on&#8221; background_enable_image_phone=&#8221;on&#8221; global_colors_info=&#8221;{}&#8221; sticky_transition=&#8221;on&#8221;][\/et_pb_slide][\/et_pb_fullwidth_slider][et_pb_fullwidth_post_title meta=&#8221;off&#8221; featured_image=&#8221;off&#8221; _builder_version=&#8221;4.24.3&#8243; _module_preset=&#8221;default&#8221; title_font=&#8221;|700|||||||&#8221; title_text_color=&#8221;#e73137&#8243; title_font_size=&#8221;33px&#8221; background_color=&#8221;RGBA(255,255,255,0)&#8221; custom_padding=&#8221;60px||||false|false&#8221; global_colors_info=&#8221;{}&#8221;][\/et_pb_fullwidth_post_title][\/et_pb_section][et_pb_section fb_built=&#8221;1&#8243; admin_label=&#8221;section&#8221; _builder_version=&#8221;4.16&#8243; locked=&#8221;off&#8221; global_colors_info=&#8221;{}&#8221;][et_pb_row admin_label=&#8221;row&#8221; _builder_version=&#8221;4.24.3&#8243; background_size=&#8221;initial&#8221; background_position=&#8221;top_left&#8221; background_repeat=&#8221;repeat&#8221; custom_margin=&#8221;-28px||||false|false&#8221; global_colors_info=&#8221;{}&#8221;][et_pb_column type=&#8221;4_4&#8243; _builder_version=&#8221;4.16&#8243; custom_padding=&#8221;|||&#8221; global_colors_info=&#8221;{}&#8221; custom_padding__hover=&#8221;|||&#8221;][et_pb_text admin_label=&#8221;Text&#8221; _builder_version=&#8221;4.24.3&#8243; text_font_size=&#8221;15px&#8221; text_line_height=&#8221;1.9em&#8221; background_size=&#8221;initial&#8221; background_position=&#8221;top_left&#8221; background_repeat=&#8221;repeat&#8221; custom_margin=&#8221;||32px||false|false&#8221; custom_padding=&#8221;||32px||false|false&#8221; global_colors_info=&#8221;{}&#8221;]<\/p>\n<p data-start=\"43\" data-end=\"253\">Plugurile Ovlac din seriile <strong data-start=\"71\" data-end=\"78\">S\/L<\/strong> sunt echipate cu <strong data-start=\"96\" data-end=\"143\">Sistem de Siguran\u021b\u0103 Non Stop hidropneumatic<\/strong> \u0219i <strong data-start=\"147\" data-end=\"187\">Sistem de Siguran\u021b\u0103 cu \u0218urub Fusibil<\/strong>, fiind concepute pentru a lucra eficient pe orice tip de teren.<\/p>\n<h3 data-start=\"260\" data-end=\"319\"><strong data-start=\"264\" data-end=\"317\"><\/strong><\/h3>\n<h3 data-start=\"260\" data-end=\"319\"><strong data-start=\"264\" data-end=\"317\">Sistem de Siguran\u021b\u0103 Non Stop hidropneumatic Ovlac<\/strong><\/h3>\n<p data-start=\"320\" data-end=\"488\">Acest sistem a fost proiectat <strong data-start=\"350\" data-end=\"402\">reduc\u00e2nd la minimum num\u0103rul de componente mobile<\/strong>, maximiz\u00e2nd astfel <strong data-start=\"422\" data-end=\"438\">fiabilitatea<\/strong> \u0219i elimin\u00e2nd complet <strong data-start=\"460\" data-end=\"485\">nevoia de \u00eentre\u021binere<\/strong>.<\/p>\n<p data-start=\"490\" data-end=\"757\">\ud83d\udd39 <strong data-start=\"493\" data-end=\"532\">Reglaj \u00een func\u021bie de tipul solului:<\/strong><br data-start=\"532\" data-end=\"535\" \/>\u2714\ufe0f \u00cen <strong data-start=\"541\" data-end=\"560\">solurile u\u0219oare<\/strong>, se poate <strong data-start=\"571\" data-end=\"591\">reduce presiunea<\/strong> de declan\u0219are pentru a evita aducerea pietrelor la suprafa\u021b\u0103.<br data-start=\"653\" data-end=\"656\" \/>\u2714\ufe0f \u00cen <strong data-start=\"662\" data-end=\"693\">solurile grele sau compacte<\/strong>, presiunea poate fi <strong data-start=\"714\" data-end=\"726\">crescut\u0103<\/strong> pentru o performan\u021b\u0103 optim\u0103.<\/p>\n<p data-start=\"759\" data-end=\"997\">\ud83d\udd39 <strong data-start=\"762\" data-end=\"803\">Sistem de siguran\u021b\u0103 cu \u0219urub fusibil:<\/strong><br data-start=\"803\" data-end=\"806\" \/>\u2714\ufe0f \u00cen modelele cu siguran\u021b\u0103 prin \u0219urub fusibil, \u0219urubul este conceput pentru a <strong data-start=\"885\" data-end=\"931\">ceda la o presiune de aproximativ 3.000 kg<\/strong> la v\u00e2rful plugului, protej\u00e2nd astfel structura de daune majore.<\/p>\n<p data-start=\"759\" data-end=\"997\">\n<h3 data-start=\"1004\" data-end=\"1065\"><strong data-start=\"1008\" data-end=\"1063\">Dou\u0103 serii \u00een func\u021bie de reglajul l\u0103\u021bimii de lucru:<\/strong><\/h3>\n<p data-start=\"1066\" data-end=\"1306\">\ud83d\udd38 <strong data-start=\"1069\" data-end=\"1086\">Modelul SH\/SF<\/strong> \u2013 Reglare <strong data-start=\"1097\" data-end=\"1111\">hidraulic\u0103<\/strong> a l\u0103\u021bimii de lucru \u00eentre <strong data-start=\"1137\" data-end=\"1164\">30 \u0219i 50 cm per trupi\u021b\u0103<\/strong> (\u00een func\u021bie de distan\u021ba dintre ele).<br data-start=\"1201\" data-end=\"1204\" \/>\ud83d\udd38 <strong data-start=\"1207\" data-end=\"1224\">Modelul LH\/LF<\/strong> \u2013 Reglare <strong data-start=\"1235\" data-end=\"1246\">manual\u0103<\/strong>, cu <strong data-start=\"1251\" data-end=\"1269\">4 pozi\u021bii fixe<\/strong> pentru ajustarea l\u0103\u021bimii de lucru.<\/p>\n<p data-start=\"1066\" data-end=\"1306\">\n<h3 data-start=\"1313\" data-end=\"1365\"><strong data-start=\"1317\" data-end=\"1363\">4 Serii \u00een func\u021bie de puterea tractorului:<\/strong><\/h3>\n<p data-start=\"1366\" data-end=\"1535\">Pentru a asigura durabilitatea \u0219i eficien\u021ba, <strong data-start=\"1411\" data-end=\"1450\">cadrul, capul \u0219i componentele cheie<\/strong> sunt dimensionate \u00een func\u021bie de <strong data-start=\"1483\" data-end=\"1532\">efortul necesar pentru fiecare tip de tractor<\/strong>.<\/p>\n<p data-start=\"1366\" data-end=\"1535\">\n<h3 data-start=\"1542\" data-end=\"1604\"><strong data-start=\"1546\" data-end=\"1602\">Design optimizat pentru durabilitate \u0219i performan\u021b\u0103:<\/strong><\/h3>\n<p data-start=\"1605\" data-end=\"1979\">\u2714\ufe0f <strong data-start=\"1608\" data-end=\"1650\">Cadru frontal ranforsat \u0219i f\u0103r\u0103 suduri<\/strong> pentru eliminarea punctelor de stres.<br data-start=\"1688\" data-end=\"1691\" \/>\u2714\ufe0f <strong data-start=\"1694\" data-end=\"1745\">Distan\u021b\u0103 scurt\u0103 \u00eentre prima trupi\u021b\u0103 \u0219i prindere<\/strong>, reduc\u00e2nd efortul de ridicare al tractorului.<br data-start=\"1791\" data-end=\"1794\" \/>\u2714\ufe0f <strong data-start=\"1797\" data-end=\"1833\">U\u0219urin\u021b\u0103 \u00een reglare \u0219i utilizare<\/strong> \u2013 de exemplu, <strong data-start=\"1848\" data-end=\"1883\">ajustarea rasetelor f\u0103r\u0103 unelte<\/strong>.<br data-start=\"1884\" data-end=\"1887\" \/>\u2714\ufe0f <strong data-start=\"1890\" data-end=\"1927\">Gam\u0103 variat\u0103 de ro\u021bi \u0219i accesorii<\/strong>, adaptabile oric\u0103ror condi\u021bii \u0219i tipuri de teren.<\/p>\n<p data-start=\"1605\" data-end=\"1979\">\n<h3 data-start=\"1986\" data-end=\"2043\"><strong data-start=\"1990\" data-end=\"2041\">Serie u\u0219oar\u0103 pentru terenuri mai pu\u021bin dificile<\/strong><\/h3>\n<p data-start=\"2044\" data-end=\"2228\">Pentru solurile mai u\u0219oare, Ovlac ofer\u0103 <strong data-start=\"2084\" data-end=\"2134\">o variant\u0103 mai u\u0219oar\u0103 a plugurilor reversibile<\/strong>, cu <strong data-start=\"2139\" data-end=\"2167\">o structur\u0103 simplificat\u0103<\/strong>, ceea ce permite o <strong data-start=\"2187\" data-end=\"2225\">reducere semnificativ\u0103 a greut\u0103\u021bii<\/strong>.<\/p>\n<p data-start=\"2044\" data-end=\"2228\">\n<h3 data-start=\"2235\" data-end=\"2319\"><strong data-start=\"2239\" data-end=\"2317\">Sistem de prindere oscilant Ovlac \u2013 Reglare automat\u0103 a liniei de trac\u021biune<\/strong><\/h3>\n<p data-start=\"2320\" data-end=\"2623\">\ud83d\udd39 Disponibil pe toate plugurile Ovlac, <strong data-start=\"2360\" data-end=\"2393\">sistemul de prindere oscilant<\/strong> permite reglarea <strong data-start=\"2411\" data-end=\"2445\">automat\u0103 a liniei de trac\u021biune<\/strong> \u0219i eliminarea <strong data-start=\"2460\" data-end=\"2483\">derapajului lateral<\/strong>, men\u021bin\u00e2nd un <strong data-start=\"2498\" data-end=\"2521\">lucru perfect drept<\/strong>.<br data-start=\"2522\" data-end=\"2525\" \/>\ud83d\udd39 <strong data-start=\"2528\" data-end=\"2549\">Blocarea automat\u0103<\/strong> \u00een timpul ridic\u0103rii sau transportului asigur\u0103 un <strong data-start=\"2599\" data-end=\"2620\">plus de siguran\u021b\u0103<\/strong>.<\/p>\n<p data-start=\"2625\" data-end=\"2704\">\ud83d\udcfd\ufe0f <strong data-start=\"2629\" data-end=\"2702\">Vezi sistemul de prindere oscilant \u00een ac\u021biune \u00een videoclipul urm\u0103tor:<\/strong><\/p>\n<p>[\/et_pb_text][et_pb_video src=&#8221;https:\/\/youtu.be\/QpEXtKYYUX4&#8243; _builder_version=&#8221;4.24.3&#8243; _module_preset=&#8221;default&#8221; global_colors_info=&#8221;{}&#8221;][\/et_pb_video][\/et_pb_column][\/et_pb_row][et_pb_row _builder_version=&#8221;4.24.3&#8243; _module_preset=&#8221;default&#8221; global_colors_info=&#8221;{}&#8221;][et_pb_column type=&#8221;4_4&#8243; _builder_version=&#8221;4.24.3&#8243; _module_preset=&#8221;default&#8221; global_colors_info=&#8221;{}&#8221;][et_pb_button button_url=&#8221;https:\/\/ovlac.com\/wp-content\/uploads\/2026\/04\/2026-Catalogo-Arados-LS-RUM_compressed.pdf&#8221; url_new_window=&#8221;on&#8221; button_text=&#8221;Descarc\u0103 Catalogul LX-SX&#8221; button_alignment=&#8221;center&#8221; _builder_version=&#8221;4.27.4&#8243; _module_preset=&#8221;default&#8221; custom_button=&#8221;on&#8221; button_text_size=&#8221;22px&#8221; button_text_color=&#8221;#FFFFFF&#8221; button_bg_color=&#8221;#EF3E42&#8243; button_icon=&#8221;&#xe092;||divi||400&#8243; button_icon_color=&#8221;#FFFFFF&#8221; button_icon_placement=&#8221;left&#8221; button_on_hover=&#8221;off&#8221; hover_enabled=&#8221;0&#8243; global_colors_info=&#8221;{}&#8221; sticky_enabled=&#8221;0&#8243;][\/et_pb_button][\/et_pb_column][\/et_pb_row][\/et_pb_section][et_pb_section fb_built=&#8221;1&#8243; _builder_version=&#8221;4.24.3&#8243; _module_preset=&#8221;default&#8221; background_color=&#8221;#e5e5e5&#8243; locked=&#8221;off&#8221; global_colors_info=&#8221;{}&#8221;][et_pb_row column_structure=&#8221;1_2,1_2&#8243; _builder_version=&#8221;4.24.3&#8243; _module_preset=&#8221;default&#8221; custom_margin=&#8221;12px||48px||false|false&#8221; custom_margin_tablet=&#8221;12px||48px||false|false&#8221; custom_margin_phone=&#8221;12px||48px||false|false&#8221; custom_margin_last_edited=&#8221;on|desktop&#8221; global_colors_info=&#8221;{}&#8221;][et_pb_column type=&#8221;1_2&#8243; _builder_version=&#8221;4.24.3&#8243; _module_preset=&#8221;default&#8221; global_colors_info=&#8221;{}&#8221;][et_pb_text _builder_version=&#8221;4.27.4&#8243; _module_preset=&#8221;default&#8221; global_colors_info=&#8221;{}&#8221;]<\/p>\n<div class=\"acf-label\">\n<h2 class=\"description\" style=\"text-align: center;\"><strong>Avantaje principale:<\/strong><\/h2>\n<\/div>\n<p>[\/et_pb_text][et_pb_text _builder_version=&#8221;4.27.4&#8243; _module_preset=&#8221;default&#8221; global_colors_info=&#8221;{}&#8221;]<\/p>\n<p>\u2714\ufe0f <strong data-start=\"2809\" data-end=\"2865\">Presiune de declan\u0219are reglabil\u0103 \u00eentre 90 \u0219i 140 bar<\/strong> \u00een func\u021bie de condi\u021biile solului.<br data-start=\"2899\" data-end=\"2902\" \/>\u2714\ufe0f <strong data-start=\"2905\" data-end=\"3007\">Disponibil \u00een versiunea Vario (SH\/SF) cu reglare hidraulic\u0103 sau versiunea LH\/LF cu 4 pozi\u021bii fixe.<\/strong><br data-start=\"3007\" data-end=\"3010\" \/>\u2714\ufe0f <strong data-start=\"3013\" data-end=\"3033\">4 serii diferite<\/strong>, adaptate puterii disponibile a tractorului.<\/p>\n<p>[\/et_pb_text][\/et_pb_column][et_pb_column type=&#8221;1_2&#8243; _builder_version=&#8221;4.24.3&#8243; _module_preset=&#8221;default&#8221; global_colors_info=&#8221;{}&#8221;][et_pb_image src=&#8221;https:\/\/ovlac.com\/wp-content\/uploads\/2014\/04\/SL-3-CHILE-WEB.jpg&#8221; title_text=&#8221;SL-3 CHILE WEB&#8221; _builder_version=&#8221;4.24.3&#8243; _module_preset=&#8221;default&#8221; global_colors_info=&#8221;{}&#8221;][\/et_pb_image][\/et_pb_column][\/et_pb_row][et_pb_row _builder_version=&#8221;4.24.3&#8243; _module_preset=&#8221;default&#8221; global_colors_info=&#8221;{}&#8221;][et_pb_column type=&#8221;4_4&#8243; _builder_version=&#8221;4.24.3&#8243; _module_preset=&#8221;default&#8221; global_colors_info=&#8221;{}&#8221;][et_pb_text admin_label=&#8221;Texto&#8221; _builder_version=&#8221;4.27.4&#8243; _module_preset=&#8221;default&#8221; global_colors_info=&#8221;{}&#8221;]<\/p>\n<div class=\"acf-label\">\n<h2 class=\"description\" style=\"text-align: center;\"><strong>Fi\u0219a tehnic\u0103 \u0219i Modele disponibile:<\/strong><\/h2>\n<\/div>\n<p>[\/et_pb_text][et_pb_image src=&#8221;https:\/\/ovlac.com\/wp-content\/uploads\/2025\/02\/Caracteristicas-Tecnicas-Arados-LS-ESP-png.webp&#8221; alt=&#8221;XPERIENCIE-CARACTERISTICAS TECNICAS&#8221; title_text=&#8221;2024-XP-CARACTERISTICAS TECNICAS-WEB&#8221; show_bottom_space=&#8221;off&#8221; align=&#8221;center&#8221; _builder_version=&#8221;4.27.4&#8243; _module_preset=&#8221;default&#8221; global_colors_info=&#8221;{}&#8221;][\/et_pb_image][\/et_pb_column][\/et_pb_row][et_pb_row _builder_version=&#8221;4.24.3&#8243; _module_preset=&#8221;default&#8221; global_colors_info=&#8221;{}&#8221;][et_pb_column type=&#8221;4_4&#8243; _builder_version=&#8221;4.24.3&#8243; _module_preset=&#8221;default&#8221; global_colors_info=&#8221;{}&#8221;][et_pb_text _builder_version=&#8221;4.27.4&#8243; _module_preset=&#8221;default&#8221; global_colors_info=&#8221;{}&#8221;]<\/p>\n<div class=\"acf-label\">\n<h2 class=\"description\" style=\"text-align: center;\"><strong>Video:<\/strong><\/h2>\n<\/div>\n<p>[\/et_pb_text][et_pb_gallery gallery_ids=&#8221;55699,55703,55695,45925,55707,55711&#8243; orientation=&#8221;portrait&#8221; show_title_and_caption=&#8221;off&#8221; _builder_version=&#8221;4.24.3&#8243; _module_preset=&#8221;default&#8221; global_colors_info=&#8221;{}&#8221;][\/et_pb_gallery][et_pb_video src=&#8221;https:\/\/vimeo.com\/118108781&#8243; _builder_version=&#8221;4.24.3&#8243; _module_preset=&#8221;default&#8221; global_colors_info=&#8221;{}&#8221;][\/et_pb_video][\/et_pb_column][\/et_pb_row][et_pb_row column_structure=&#8221;1_2,1_2&#8243; _builder_version=&#8221;4.24.3&#8243; _module_preset=&#8221;default&#8221; locked=&#8221;off&#8221; global_colors_info=&#8221;{}&#8221;][et_pb_column type=&#8221;1_2&#8243; _builder_version=&#8221;4.24.3&#8243; _module_preset=&#8221;default&#8221; global_colors_info=&#8221;{}&#8221;][\/et_pb_column][et_pb_column type=&#8221;1_2&#8243; _builder_version=&#8221;4.24.3&#8243; _module_preset=&#8221;default&#8221; global_colors_info=&#8221;{}&#8221;][et_pb_button button_url=&#8221;https:\/\/ovlac.com\/distribuidores-mapa\/&#8221; url_new_window=&#8221;on&#8221; button_text=&#8221;G\u0103se\u0219te distribuitorul Ovlac din zona ta&#8221; button_alignment=&#8221;center&#8221; _builder_version=&#8221;4.27.4&#8243; _module_preset=&#8221;default&#8221; custom_button=&#8221;on&#8221; button_text_size=&#8221;22px&#8221; button_text_color=&#8221;#FFFFFF&#8221; button_bg_color=&#8221;#EF3E42&#8243; button_border_width=&#8221;0px&#8221; button_border_color=&#8221;RGBA(255,255,255,0)&#8221; button_icon=&#8221;&#xf5a0;||fa||900&#8243; button_icon_color=&#8221;#FFFFFF&#8221; button_icon_placement=&#8221;left&#8221; button_on_hover=&#8221;off&#8221; background_layout=&#8221;dark&#8221; locked=&#8221;off&#8221; global_colors_info=&#8221;{}&#8221;][\/et_pb_button][\/et_pb_column][\/et_pb_row][\/et_pb_section]<\/p>\n","protected":false},"excerpt":{"rendered":"<p>Plugurile Ovlac din seriile S\/L sunt echipate cu Sistem de Siguran\u021b\u0103 Non Stop hidropneumatic \u0219i Sistem de Siguran\u021b\u0103 cu \u0218urub Fusibil, fiind concepute pentru a lucra eficient pe orice tip [&hellip;]<\/p>\n","protected":false},"author":200,"featured_media":54319,"parent":0,"menu_order":0,"comment_status":"closed","ping_status":"closed","template":"","meta":{"_et_pb_use_builder":"on","_et_pb_old_content":"","_et_gb_content_width":"","footnotes":""},"class_list":["post-63067","page","type-page","status-publish","has-post-thumbnail","hentry"],"yoast_head":"<!-- This site is optimized with the Yoast SEO plugin v24.8.1 - https:\/\/yoast.com\/wordpress\/plugins\/seo\/ -->\n<title>Plug Reversibil Classic LX - SX - Ovlac<\/title>\n<meta name=\"description\" content=\"Plugurile Ovlac din seriile S \u0219i L sunt concepute pentru a lucra eficient pe orice tip de teren, oferind solu\u021bii pentru orice nevoie.\" \/>\n<meta name=\"robots\" content=\"index, follow, max-snippet:-1, max-image-preview:large, max-video-preview:-1\" \/>\n<link rel=\"canonical\" href=\"https:\/\/ovlac.com\/ro\/plug-reversibil-classic-lx-sx\/\" \/>\n<meta property=\"og:locale\" content=\"ro_RO\" \/>\n<meta property=\"og:type\" content=\"article\" \/>\n<meta property=\"og:title\" content=\"Plug Reversibil Classic LX - SX - Ovlac\" \/>\n<meta property=\"og:description\" content=\"Plugurile Ovlac din seriile S \u0219i L sunt concepute pentru a lucra eficient pe orice tip de teren, oferind solu\u021bii pentru orice nevoie.\" \/>\n<meta property=\"og:url\" content=\"https:\/\/ovlac.com\/ro\/plug-reversibil-classic-lx-sx\/\" \/>\n<meta property=\"og:site_name\" content=\"Ovlac\" \/>\n<meta property=\"article:modified_time\" content=\"2026-04-07T07:22:11+00:00\" \/>\n<meta property=\"og:image\" content=\"https:\/\/ovlac.com\/wp-content\/uploads\/2023\/08\/SHN-6.jpg\" \/>\n\t<meta property=\"og:image:width\" content=\"1701\" \/>\n\t<meta property=\"og:image:height\" content=\"1134\" \/>\n\t<meta property=\"og:image:type\" content=\"image\/jpeg\" \/>\n<meta name=\"twitter:card\" content=\"summary_large_image\" \/>\n<meta name=\"twitter:label1\" content=\"Timp estimat pentru citire\" \/>\n\t<meta name=\"twitter:data1\" content=\"3 minute\" \/>\n<script type=\"application\/ld+json\" class=\"yoast-schema-graph\">{\"@context\":\"https:\/\/schema.org\",\"@graph\":[{\"@type\":\"WebPage\",\"@id\":\"https:\/\/ovlac.com\/ro\/plug-reversibil-classic-lx-sx\/\",\"url\":\"https:\/\/ovlac.com\/ro\/plug-reversibil-classic-lx-sx\/\",\"name\":\"Plug Reversibil Classic LX - SX - Ovlac\",\"isPartOf\":{\"@id\":\"https:\/\/ovlac.com\/#website\"},\"primaryImageOfPage\":{\"@id\":\"https:\/\/ovlac.com\/ro\/plug-reversibil-classic-lx-sx\/#primaryimage\"},\"image\":{\"@id\":\"https:\/\/ovlac.com\/ro\/plug-reversibil-classic-lx-sx\/#primaryimage\"},\"thumbnailUrl\":\"https:\/\/ovlac.com\/wp-content\/uploads\/2023\/08\/SHN-6.jpg\",\"datePublished\":\"2025-03-17T10:59:13+00:00\",\"dateModified\":\"2026-04-07T07:22:11+00:00\",\"description\":\"Plugurile Ovlac din seriile S \u0219i L sunt concepute pentru a lucra eficient pe orice tip de teren, oferind solu\u021bii pentru orice nevoie.\",\"breadcrumb\":{\"@id\":\"https:\/\/ovlac.com\/ro\/plug-reversibil-classic-lx-sx\/#breadcrumb\"},\"inLanguage\":\"ro-RO\",\"potentialAction\":[{\"@type\":\"ReadAction\",\"target\":[\"https:\/\/ovlac.com\/ro\/plug-reversibil-classic-lx-sx\/\"]}]},{\"@type\":\"ImageObject\",\"inLanguage\":\"ro-RO\",\"@id\":\"https:\/\/ovlac.com\/ro\/plug-reversibil-classic-lx-sx\/#primaryimage\",\"url\":\"https:\/\/ovlac.com\/wp-content\/uploads\/2023\/08\/SHN-6.jpg\",\"contentUrl\":\"https:\/\/ovlac.com\/wp-content\/uploads\/2023\/08\/SHN-6.jpg\",\"width\":1701,\"height\":1134},{\"@type\":\"BreadcrumbList\",\"@id\":\"https:\/\/ovlac.com\/ro\/plug-reversibil-classic-lx-sx\/#breadcrumb\",\"itemListElement\":[{\"@type\":\"ListItem\",\"position\":1,\"name\":\"Portada\",\"item\":\"https:\/\/ovlac.com\/ro\/\"},{\"@type\":\"ListItem\",\"position\":2,\"name\":\"Plug Reversibil Classic LX - SX\"}]},{\"@type\":\"WebSite\",\"@id\":\"https:\/\/ovlac.com\/#website\",\"url\":\"https:\/\/ovlac.com\/\",\"name\":\"Ovlac\",\"description\":\"OVLAC\",\"potentialAction\":[{\"@type\":\"SearchAction\",\"target\":{\"@type\":\"EntryPoint\",\"urlTemplate\":\"https:\/\/ovlac.com\/?s={search_term_string}\"},\"query-input\":{\"@type\":\"PropertyValueSpecification\",\"valueRequired\":true,\"valueName\":\"search_term_string\"}}],\"inLanguage\":\"ro-RO\"}]}<\/script>\n<!-- \/ Yoast SEO plugin. -->","yoast_head_json":{"title":"Plug Reversibil Classic LX - SX - Ovlac","description":"Plugurile Ovlac din seriile S \u0219i L sunt concepute pentru a lucra eficient pe orice tip de teren, oferind solu\u021bii pentru orice nevoie.","robots":{"index":"index","follow":"follow","max-snippet":"max-snippet:-1","max-image-preview":"max-image-preview:large","max-video-preview":"max-video-preview:-1"},"canonical":"https:\/\/ovlac.com\/ro\/plug-reversibil-classic-lx-sx\/","og_locale":"ro_RO","og_type":"article","og_title":"Plug Reversibil Classic LX - SX - Ovlac","og_description":"Plugurile Ovlac din seriile S \u0219i L sunt concepute pentru a lucra eficient pe orice tip de teren, oferind solu\u021bii pentru orice nevoie.","og_url":"https:\/\/ovlac.com\/ro\/plug-reversibil-classic-lx-sx\/","og_site_name":"Ovlac","article_modified_time":"2026-04-07T07:22:11+00:00","og_image":[{"width":1701,"height":1134,"url":"https:\/\/ovlac.com\/wp-content\/uploads\/2023\/08\/SHN-6.jpg","type":"image\/jpeg"}],"twitter_card":"summary_large_image","twitter_misc":{"Timp estimat pentru citire":"3 minute"},"schema":{"@context":"https:\/\/schema.org","@graph":[{"@type":"WebPage","@id":"https:\/\/ovlac.com\/ro\/plug-reversibil-classic-lx-sx\/","url":"https:\/\/ovlac.com\/ro\/plug-reversibil-classic-lx-sx\/","name":"Plug Reversibil Classic LX - SX - Ovlac","isPartOf":{"@id":"https:\/\/ovlac.com\/#website"},"primaryImageOfPage":{"@id":"https:\/\/ovlac.com\/ro\/plug-reversibil-classic-lx-sx\/#primaryimage"},"image":{"@id":"https:\/\/ovlac.com\/ro\/plug-reversibil-classic-lx-sx\/#primaryimage"},"thumbnailUrl":"https:\/\/ovlac.com\/wp-content\/uploads\/2023\/08\/SHN-6.jpg","datePublished":"2025-03-17T10:59:13+00:00","dateModified":"2026-04-07T07:22:11+00:00","description":"Plugurile Ovlac din seriile S \u0219i L sunt concepute pentru a lucra eficient pe orice tip de teren, oferind solu\u021bii pentru orice nevoie.","breadcrumb":{"@id":"https:\/\/ovlac.com\/ro\/plug-reversibil-classic-lx-sx\/#breadcrumb"},"inLanguage":"ro-RO","potentialAction":[{"@type":"ReadAction","target":["https:\/\/ovlac.com\/ro\/plug-reversibil-classic-lx-sx\/"]}]},{"@type":"ImageObject","inLanguage":"ro-RO","@id":"https:\/\/ovlac.com\/ro\/plug-reversibil-classic-lx-sx\/#primaryimage","url":"https:\/\/ovlac.com\/wp-content\/uploads\/2023\/08\/SHN-6.jpg","contentUrl":"https:\/\/ovlac.com\/wp-content\/uploads\/2023\/08\/SHN-6.jpg","width":1701,"height":1134},{"@type":"BreadcrumbList","@id":"https:\/\/ovlac.com\/ro\/plug-reversibil-classic-lx-sx\/#breadcrumb","itemListElement":[{"@type":"ListItem","position":1,"name":"Portada","item":"https:\/\/ovlac.com\/ro\/"},{"@type":"ListItem","position":2,"name":"Plug Reversibil Classic LX - SX"}]},{"@type":"WebSite","@id":"https:\/\/ovlac.com\/#website","url":"https:\/\/ovlac.com\/","name":"Ovlac","description":"OVLAC","potentialAction":[{"@type":"SearchAction","target":{"@type":"EntryPoint","urlTemplate":"https:\/\/ovlac.com\/?s={search_term_string}"},"query-input":{"@type":"PropertyValueSpecification","valueRequired":true,"valueName":"search_term_string"}}],"inLanguage":"ro-RO"}]}},"_links":{"self":[{"href":"https:\/\/ovlac.com\/ro\/wp-json\/wp\/v2\/pages\/63067","targetHints":{"allow":["GET"]}}],"collection":[{"href":"https:\/\/ovlac.com\/ro\/wp-json\/wp\/v2\/pages"}],"about":[{"href":"https:\/\/ovlac.com\/ro\/wp-json\/wp\/v2\/types\/page"}],"author":[{"embeddable":true,"href":"https:\/\/ovlac.com\/ro\/wp-json\/wp\/v2\/users\/200"}],"replies":[{"embeddable":true,"href":"https:\/\/ovlac.com\/ro\/wp-json\/wp\/v2\/comments?post=63067"}],"version-history":[{"count":5,"href":"https:\/\/ovlac.com\/ro\/wp-json\/wp\/v2\/pages\/63067\/revisions"}],"predecessor-version":[{"id":68110,"href":"https:\/\/ovlac.com\/ro\/wp-json\/wp\/v2\/pages\/63067\/revisions\/68110"}],"wp:featuredmedia":[{"embeddable":true,"href":"https:\/\/ovlac.com\/ro\/wp-json\/wp\/v2\/media\/54319"}],"wp:attachment":[{"href":"https:\/\/ovlac.com\/ro\/wp-json\/wp\/v2\/media?parent=63067"}],"curies":[{"name":"wp","href":"https:\/\/api.w.org\/{rel}","templated":true}]}}