{"id":63054,"date":"2025-03-17T09:56:01","date_gmt":"2025-03-17T09:56:01","guid":{"rendered":"https:\/\/ovlac.com\/?page_id=63054"},"modified":"2026-04-07T07:20:57","modified_gmt":"2026-04-07T07:20:57","slug":"plug-reversibil-xperience-tehnologie-rentabila","status":"publish","type":"page","link":"https:\/\/ovlac.com\/ro\/plug-reversibil-xperience-tehnologie-rentabila\/","title":{"rendered":"Plug Reversibil XPerience: Tehnologie Rentabil\u0103"},"content":{"rendered":"<p>[et_pb_section fb_built=&#8221;1&#8243; fullwidth=&#8221;on&#8221; _builder_version=&#8221;4.24.3&#8243; _module_preset=&#8221;default&#8221; locked=&#8221;off&#8221; global_colors_info=&#8221;{}&#8221;][et_pb_fullwidth_slider admin_label=&#8221;Control deslizante de anchura completa&#8221; _builder_version=&#8221;4.24.3&#8243; _module_preset=&#8221;default&#8221; background_last_edited=&#8221;on|desktop&#8221; global_colors_info=&#8221;{}&#8221;][et_pb_slide url_new_window=&#8221;on&#8221; use_bg_overlay=&#8221;off&#8221; use_text_overlay=&#8221;off&#8221; image_tablet=&#8221;&#8221; image_phone=&#8221;&#8221; image_last_edited=&#8221;on|desktop&#8221; _builder_version=&#8221;4.24.3&#8243; _module_preset=&#8221;default&#8221; header_font=&#8221;||||||||&#8221; background_color=&#8221;#7ebec5&#8243; background_image=&#8221;https:\/\/ovlac.com\/wp-content\/uploads\/2014\/07\/LF-5-150-V-C-34.jpg&#8221; background_enable_image=&#8221;on&#8221; button_on_hover=&#8221;on&#8221; background_last_edited=&#8221;on|desktop&#8221; background_image_tablet=&#8221;https:\/\/ovlac.com\/wp-content\/uploads\/2024\/04\/slider-XP.png&#8221; background_image_phone=&#8221;https:\/\/ovlac.com\/wp-content\/uploads\/2024\/04\/slider-XP.png&#8221; background_enable_image_tablet=&#8221;on&#8221; background_enable_image_phone=&#8221;on&#8221; global_colors_info=&#8221;{}&#8221; sticky_transition=&#8221;on&#8221;][\/et_pb_slide][\/et_pb_fullwidth_slider][et_pb_fullwidth_post_title meta=&#8221;off&#8221; featured_image=&#8221;off&#8221; _builder_version=&#8221;4.24.3&#8243; _module_preset=&#8221;default&#8221; title_font=&#8221;|700|||||||&#8221; title_text_color=&#8221;#e73137&#8243; title_font_size=&#8221;33px&#8221; background_color=&#8221;RGBA(255,255,255,0)&#8221; custom_padding=&#8221;60px||||false|false&#8221; global_colors_info=&#8221;{}&#8221;][\/et_pb_fullwidth_post_title][\/et_pb_section][et_pb_section fb_built=&#8221;1&#8243; admin_label=&#8221;section&#8221; _builder_version=&#8221;4.16&#8243; locked=&#8221;off&#8221; global_colors_info=&#8221;{}&#8221;][et_pb_row admin_label=&#8221;row&#8221; _builder_version=&#8221;4.24.3&#8243; background_size=&#8221;initial&#8221; background_position=&#8221;top_left&#8221; background_repeat=&#8221;repeat&#8221; custom_margin=&#8221;-28px||||false|false&#8221; global_colors_info=&#8221;{}&#8221;][et_pb_column type=&#8221;4_4&#8243; _builder_version=&#8221;4.16&#8243; custom_padding=&#8221;|||&#8221; global_colors_info=&#8221;{}&#8221; custom_padding__hover=&#8221;|||&#8221;][et_pb_text admin_label=&#8221;Text&#8221; _builder_version=&#8221;4.27.4&#8243; text_font_size=&#8221;15px&#8221; text_line_height=&#8221;1.9em&#8221; background_size=&#8221;initial&#8221; background_position=&#8221;top_left&#8221; background_repeat=&#8221;repeat&#8221; custom_margin=&#8221;||32px||false|false&#8221; custom_padding=&#8221;||32px||false|false&#8221; global_colors_info=&#8221;{}&#8221;]<\/p>\n<p data-start=\"55\" data-end=\"445\">Cea mai recent\u0103 inova\u021bie \u00een plugurile reversibile. Dup\u0103 peste 15 ani de v\u00e2nzare a plugurilor reversibile \u00een peste 20 de \u021b\u0103ri \u0219i cu experien\u021ba acumulat\u0103 \u00een acest timp, am sim\u021bit c\u0103 era momentul s\u0103 facem urm\u0103torul pas \u00een modelele noastre din seriile S \u0219i L. Astfel s-a n\u0103scut <strong data-start=\"329\" data-end=\"342\">XPerience<\/strong>, un plug reversibil suspendat care reprezint\u0103 viitorul celor mai reprezentative produse ale noastre.<\/p>\n<p data-start=\"447\" data-end=\"1096\">Printre noile sale \u00eembun\u0103t\u0103\u021biri se num\u0103r\u0103 un <strong data-start=\"492\" data-end=\"511\">ax super robust<\/strong>, cu canal intern pentru trecerea furtunurilor hidraulice, realizat dintr-o singur\u0103 pies\u0103, f\u0103r\u0103 suduri \u0219i f\u0103r\u0103 riscuri de rupere. <strong data-start=\"641\" data-end=\"673\">Sistemul s\u0103u de paralelogram<\/strong> permite o reglare lin\u0103 \u0219i simpl\u0103 direct din cabina tractorului, chiar \u0219i \u00een timpul mersului. <strong data-start=\"767\" data-end=\"792\">Noua form\u0103 a cambelor<\/strong> optimizeaz\u0103 fluxul de resturi vegetale, iar <strong data-start=\"837\" data-end=\"857\">designul compact<\/strong> permite lucrul p\u00e2n\u0103 la marginea parcelei. \u00cen plus, pozi\u021bia ro\u021bii poate fi schimbat\u0103 din spate \u00een fa\u021b\u0103, oferind mai mult\u0103 flexibilitate. Construc\u021bia plugului <strong data-start=\"1015\" data-end=\"1035\">din o\u021bel elastic<\/strong> asigur\u0103 durabilitate \u0219i performan\u021b\u0103 \u00een orice tip de teren.<\/p>\n<p data-start=\"1098\" data-end=\"1274\">Modelele <strong data-start=\"1107\" data-end=\"1126\">XP (XPF \u0219i XPH)<\/strong> pot fi reglate manual, prin schimbarea pozi\u021biei suportului \u0219uruburilor de pe cadru, oferind <strong data-start=\"1219\" data-end=\"1240\">4 l\u0103\u021bimi diferite<\/strong>, fiecare cu <strong data-start=\"1253\" data-end=\"1261\">5 cm<\/strong> diferen\u021b\u0103.<\/p>\n<p>[\/et_pb_text][et_pb_video src=&#8221;https:\/\/vimeo.com\/378515351&#8243; _builder_version=&#8221;4.27.4&#8243; _module_preset=&#8221;default&#8221; global_colors_info=&#8221;{}&#8221;][\/et_pb_video][et_pb_text admin_label=&#8221;Text&#8221; _builder_version=&#8221;4.27.4&#8243; text_font_size=&#8221;15px&#8221; text_line_height=&#8221;1.9em&#8221; background_size=&#8221;initial&#8221; background_position=&#8221;top_left&#8221; background_repeat=&#8221;repeat&#8221; custom_margin=&#8221;||32px||false|false&#8221; custom_padding=&#8221;||32px||false|false&#8221; global_colors_info=&#8221;{}&#8221;]<\/p>\n<p data-start=\"1281\" data-end=\"1397\">\ud83d\udd34 <strong data-start=\"1284\" data-end=\"1395\">Vezi \u00een ac\u021biune sistemul de prindere oscilant, disponibil pe toate plugurile Ovlac, \u00een urm\u0103torul videoclip:<\/strong><\/p>\n<p>[\/et_pb_text][et_pb_video src=&#8221;https:\/\/youtu.be\/QpEXtKYYUX4&#8243; _builder_version=&#8221;4.24.3&#8243; _module_preset=&#8221;default&#8221; global_colors_info=&#8221;{}&#8221;][\/et_pb_video][et_pb_text admin_label=&#8221;Text&#8221; _builder_version=&#8221;4.27.4&#8243; text_font_size=&#8221;15px&#8221; text_line_height=&#8221;1.9em&#8221; background_size=&#8221;initial&#8221; background_position=&#8221;top_left&#8221; background_repeat=&#8221;repeat&#8221; custom_margin=&#8221;||1px||false|false&#8221; custom_padding=&#8221;||32px||false|false&#8221; global_colors_info=&#8221;{}&#8221;]<\/p>\n<p data-start=\"1399\" data-end=\"1768\">Unul dintre elementele distincte ale plugului <strong data-start=\"1445\" data-end=\"1458\">XPerience<\/strong> este <strong data-start=\"1464\" data-end=\"1501\">prinderea oscilant\u0103 proprie Ovlac<\/strong>, care permite <strong data-start=\"1516\" data-end=\"1559\">reglarea automat\u0103 a liniei de trac\u021biune<\/strong> \u0219i eliminarea devierii laterale a plugului, asigur\u00e2nd un <strong data-start=\"1617\" data-end=\"1643\">lucru drept \u0219i uniform<\/strong>. \u00cen plus, blocarea automat\u0103 \u00een timpul ridic\u0103rii sau transportului \u00eel transform\u0103 \u00eentr-un <strong data-start=\"1732\" data-end=\"1765\">element esen\u021bial de siguran\u021b\u0103<\/strong>.<\/p>\n<h3 data-start=\"1770\" data-end=\"1856\"><strong data-start=\"1774\" data-end=\"1854\">XPerience On Land (XP-OL): Lucreaz\u0103 at\u00e2t \u00een brazd\u0103, c\u00e2t \u0219i \u00een afara acesteia<\/strong><\/h3>\n<p data-start=\"1857\" data-end=\"2080\">Dintre variantele XPerience, se remarc\u0103 modelul <strong data-start=\"1905\" data-end=\"1924\">On Land (XP-OL)<\/strong>, care permite <strong data-start=\"1939\" data-end=\"1993\">lucrul at\u00e2t \u00een interiorul, c\u00e2t \u0219i \u00een afara brazdei<\/strong>. Acest sistem este ideal pentru tractoarele <strong data-start=\"2038\" data-end=\"2077\">cu ro\u021bi foarte late sau ro\u021bi gemene<\/strong>.<\/p>\n<p data-start=\"2082\" data-end=\"2313\">Lucrul <strong data-start=\"2089\" data-end=\"2100\">On Land<\/strong>, adic\u0103 \u00een afara brazdei, ofer\u0103 mai multe avantaje:<br data-start=\"2151\" data-end=\"2154\" \/>\u2705 <strong data-start=\"2156\" data-end=\"2177\">Compactare redus\u0103<\/strong> a solului<br data-start=\"2187\" data-end=\"2190\" \/>\u2705 <strong data-start=\"2192\" data-end=\"2218\">Ergonomie \u00eembun\u0103t\u0103\u021bit\u0103<\/strong>, deoarece tractorul nu lucreaz\u0103 \u00eenclinat<br data-start=\"2259\" data-end=\"2262\" \/>\u2705 <strong data-start=\"2264\" data-end=\"2311\">Compatibilitate cu sistemele de ghidare GPS<\/strong><\/p>\n<p>[\/et_pb_text][\/et_pb_column][\/et_pb_row][et_pb_row _builder_version=&#8221;4.24.3&#8243; _module_preset=&#8221;default&#8221; global_colors_info=&#8221;{}&#8221;][et_pb_column type=&#8221;4_4&#8243; _builder_version=&#8221;4.24.3&#8243; _module_preset=&#8221;default&#8221; global_colors_info=&#8221;{}&#8221;][et_pb_video src=&#8221;https:\/\/youtu.be\/YaSQnD5TN90&#8243; _builder_version=&#8221;4.27.4&#8243; _module_preset=&#8221;default&#8221; global_colors_info=&#8221;{}&#8221;][\/et_pb_video][et_pb_text admin_label=&#8221;Text&#8221; _builder_version=&#8221;4.27.4&#8243; text_font_size=&#8221;15px&#8221; text_line_height=&#8221;1.9em&#8221; background_size=&#8221;initial&#8221; background_position=&#8221;top_left&#8221; background_repeat=&#8221;repeat&#8221; custom_margin=&#8221;||32px||false|false&#8221; custom_padding=&#8221;||32px||false|false&#8221; global_colors_info=&#8221;{}&#8221;]<\/p>\n<h3 data-start=\"2320\" data-end=\"2378\"><strong data-start=\"2324\" data-end=\"2376\">Varilabor: Reglare hidraulic\u0103 a l\u0103\u021bimii de lucru<\/strong><\/h3>\n<p data-start=\"2379\" data-end=\"2603\">Toate modelele <strong data-start=\"2394\" data-end=\"2417\">XP-V (XPFV \u0219i XPHV)<\/strong> sunt echipate cu sistemul <strong data-start=\"2444\" data-end=\"2463\">Ovlac Varilabor<\/strong>, care permite <strong data-start=\"2478\" data-end=\"2523\">modificarea hidraulic\u0103 a l\u0103\u021bimii de lucru<\/strong> pentru fiecare trupi\u021b\u0103, \u00eentre <strong data-start=\"2554\" data-end=\"2569\">30 \u0219i 55 cm<\/strong>, direct din cabina tractorului.<\/p>\n<p data-start=\"2605\" data-end=\"2904\">\u00cen plus, <strong data-start=\"2614\" data-end=\"2646\">Sistemul de Memorie Automat\u0103<\/strong>, disponibil pe modelele <strong data-start=\"2671\" data-end=\"2692\">cu 5 \u0219i 6 trupi\u021be<\/strong>, permite <strong data-start=\"2702\" data-end=\"2741\">retrac\u021bia automat\u0103 a primei trupi\u021be<\/strong> la l\u0103\u021bimea minim\u0103 pentru o <strong data-start=\"2769\" data-end=\"2784\">rotire lin\u0103<\/strong>, evit\u00e2nd impactul cozii plugului cu solul. Dup\u0103 rotire, plugul revine automat la l\u0103\u021bimea de lucru selectat\u0103 anterior.<\/p>\n<h3 data-start=\"2911\" data-end=\"2951\"><strong data-start=\"2915\" data-end=\"2949\">Disponibilitate \u0219i Configurare<\/strong><\/h3>\n<p data-start=\"2952\" data-end=\"3113\">\ud83d\udd39 <strong data-start=\"2955\" data-end=\"2979\">3 serii disponibile:<\/strong> 130, 150 \u0219i 180<br data-start=\"2995\" data-end=\"2998\" \/>\ud83d\udd39 <strong data-start=\"3001\" data-end=\"3028\">2 sisteme de siguran\u021b\u0103:<\/strong> cu fusibil \u0219i hidraulic<br data-start=\"3052\" data-end=\"3055\" \/>\ud83d\udd39 Conceput pentru <strong data-start=\"3074\" data-end=\"3111\">tractoare de putere medie \u0219i mare<\/strong><\/p>\n<p data-start=\"3115\" data-end=\"3283\">\ud83d\udccc Seria <strong data-start=\"3124\" data-end=\"3138\">130 \u0219i 150<\/strong> sunt disponibile cu <strong data-start=\"3159\" data-end=\"3178\">4 sau 5 trupi\u021be<\/strong><br data-start=\"3178\" data-end=\"3181\" \/>\ud83d\udccc Seria <strong data-start=\"3190\" data-end=\"3197\">180<\/strong> include <strong data-start=\"3206\" data-end=\"3225\">5 sau 6 trupi\u021be<\/strong>, fiind ideal\u0103 pentru <strong data-start=\"3247\" data-end=\"3281\">tractoarele cele mai puternice<\/strong><\/p>\n<p data-start=\"3285\" data-end=\"3440\">Configureaz\u0103 <strong data-start=\"3298\" data-end=\"3311\">XPerience<\/strong> a\u0219a cum dore\u0219ti, aleg\u00e2nd dintr-o gam\u0103 variat\u0103 de <strong data-start=\"3361\" data-end=\"3391\">trupi\u021be, accesorii \u0219i ro\u021bi<\/strong>, pentru a se adapta perfect <strong data-start=\"3420\" data-end=\"3437\">terenului t\u0103u<\/strong>.<\/p>\n<p>[\/et_pb_text][et_pb_button button_url=&#8221;https:\/\/ovlac.com\/wp-content\/uploads\/2026\/04\/2026-Cat-Xperience-RUM_compressed.pdf&#8221; url_new_window=&#8221;on&#8221; button_text=&#8221;Descarc\u0103 Catalogul XPerience&#8221; button_alignment=&#8221;center&#8221; _builder_version=&#8221;4.27.4&#8243; _module_preset=&#8221;default&#8221; custom_button=&#8221;on&#8221; button_text_size=&#8221;22px&#8221; button_text_color=&#8221;#FFFFFF&#8221; button_bg_color=&#8221;#EF3E42&#8243; button_icon=&#8221;&#xe092;||divi||400&#8243; button_icon_color=&#8221;#FFFFFF&#8221; button_icon_placement=&#8221;left&#8221; button_on_hover=&#8221;off&#8221; hover_enabled=&#8221;0&#8243; global_colors_info=&#8221;{}&#8221; sticky_enabled=&#8221;0&#8243;][\/et_pb_button][\/et_pb_column][\/et_pb_row][\/et_pb_section][et_pb_section fb_built=&#8221;1&#8243; _builder_version=&#8221;4.24.3&#8243; _module_preset=&#8221;default&#8221; background_color=&#8221;#e5e5e5&#8243; locked=&#8221;off&#8221; global_colors_info=&#8221;{}&#8221;][et_pb_row column_structure=&#8221;1_2,1_2&#8243; _builder_version=&#8221;4.24.3&#8243; _module_preset=&#8221;default&#8221; custom_margin=&#8221;12px||48px||false|false&#8221; custom_margin_tablet=&#8221;12px||48px||false|false&#8221; custom_margin_phone=&#8221;12px||48px||false|false&#8221; custom_margin_last_edited=&#8221;on|desktop&#8221; global_colors_info=&#8221;{}&#8221;][et_pb_column type=&#8221;1_2&#8243; _builder_version=&#8221;4.24.3&#8243; _module_preset=&#8221;default&#8221; global_colors_info=&#8221;{}&#8221;][et_pb_text _builder_version=&#8221;4.27.4&#8243; _module_preset=&#8221;default&#8221; global_colors_info=&#8221;{}&#8221;]<\/p>\n<div class=\"acf-label\">\n<h2 class=\"description\" style=\"text-align: center;\"><strong>Avantaje principal<\/strong><\/h2>\n<\/div>\n<p>[\/et_pb_text][et_pb_text _builder_version=&#8221;4.27.4&#8243; _module_preset=&#8221;default&#8221; global_colors_info=&#8221;{}&#8221;]<\/p>\n<p>\u2714\ufe0f Cadru robust, f\u0103r\u0103 suduri<br data-start=\"3538\" data-end=\"3541\" \/>\u2714\ufe0f Design compact pentru lucrul p\u00e2n\u0103 la marginea terenului<br data-start=\"3599\" data-end=\"3602\" \/>\u2714\ufe0f Reglare u\u0219oar\u0103 a primei trupi\u021be chiar \u0219i \u00een timpul mersului<br data-start=\"3664\" data-end=\"3667\" \/>\u2714\ufe0f Multe op\u021biuni disponibile<\/p>\n<p>[\/et_pb_text][\/et_pb_column][et_pb_column type=&#8221;1_2&#8243; _builder_version=&#8221;4.24.3&#8243; _module_preset=&#8221;default&#8221; global_colors_info=&#8221;{}&#8221;][et_pb_image src=&#8221;https:\/\/ovlac.com\/wp-content\/uploads\/2024\/04\/XP-OL-scaled.jpg&#8221; title_text=&#8221;SL-3 CHILE WEB&#8221; _builder_version=&#8221;4.27.4&#8243; _module_preset=&#8221;default&#8221; global_colors_info=&#8221;{}&#8221;][\/et_pb_image][\/et_pb_column][\/et_pb_row][et_pb_row _builder_version=&#8221;4.24.3&#8243; _module_preset=&#8221;default&#8221; global_colors_info=&#8221;{}&#8221;][et_pb_column type=&#8221;4_4&#8243; _builder_version=&#8221;4.24.3&#8243; _module_preset=&#8221;default&#8221; global_colors_info=&#8221;{}&#8221;][et_pb_text admin_label=&#8221;Texto&#8221; _builder_version=&#8221;4.27.4&#8243; _module_preset=&#8221;default&#8221; global_colors_info=&#8221;{}&#8221;]<\/p>\n<div class=\"acf-label\">\n<h2 class=\"description\" style=\"text-align: center;\"><strong>Fi\u0219a tehnic\u0103 \u0219i Modele disponibile:<\/strong><\/h2>\n<\/div>\n<p>[\/et_pb_text][et_pb_image src=&#8221;https:\/\/ovlac.com\/wp-content\/uploads\/2024\/08\/2024-Ovlac_-Arados-XP-ficha-tecnica-ESP-2.png&#8221; alt=&#8221;2024-Ovlac_-Arados-XP-ficha-tecnica-ESP&#8221; title_text=&#8221;2024-Ovlac_-Arados-XP-ficha-tecnica-ESP&#8221; show_bottom_space=&#8221;off&#8221; align=&#8221;center&#8221; _builder_version=&#8221;4.27.4&#8243; _module_preset=&#8221;default&#8221; global_colors_info=&#8221;{}&#8221;][\/et_pb_image][\/et_pb_column][\/et_pb_row][et_pb_row _builder_version=&#8221;4.24.3&#8243; _module_preset=&#8221;default&#8221; locked=&#8221;off&#8221; global_colors_info=&#8221;{}&#8221;][et_pb_column type=&#8221;4_4&#8243; _builder_version=&#8221;4.24.3&#8243; _module_preset=&#8221;default&#8221; global_colors_info=&#8221;{}&#8221;][et_pb_text _builder_version=&#8221;4.27.4&#8243; _module_preset=&#8221;default&#8221; global_colors_info=&#8221;{}&#8221;]<\/p>\n<div class=\"acf-label\">\n<h2 class=\"description\" style=\"text-align: center;\"><strong>Galerie Foto:<\/strong><\/h2>\n<\/div>\n<p>[\/et_pb_text][et_pb_gallery gallery_ids=&#8221;55699,55703,55695,45925,55707,55711&#8243; gallery_orderby=&#8221;rand&#8221; posts_number=&#8221;8&#8243; orientation=&#8221;portrait&#8221; show_title_and_caption=&#8221;off&#8221; _builder_version=&#8221;4.27.4&#8243; _module_preset=&#8221;default&#8221; locked=&#8221;off&#8221; global_colors_info=&#8221;{}&#8221;][\/et_pb_gallery][\/et_pb_column][\/et_pb_row][et_pb_row column_structure=&#8221;1_2,1_2&#8243; _builder_version=&#8221;4.24.3&#8243; _module_preset=&#8221;default&#8221; global_colors_info=&#8221;{}&#8221;][et_pb_column type=&#8221;1_2&#8243; _builder_version=&#8221;4.24.3&#8243; _module_preset=&#8221;default&#8221; global_colors_info=&#8221;{}&#8221;][\/et_pb_column][et_pb_column type=&#8221;1_2&#8243; _builder_version=&#8221;4.24.3&#8243; _module_preset=&#8221;default&#8221; global_colors_info=&#8221;{}&#8221;][et_pb_button button_url=&#8221;https:\/\/ovlac.com\/distribuidores-mapa\/&#8221; url_new_window=&#8221;on&#8221; button_text=&#8221;G\u0103se\u0219te distribuitorul Ovlac din zona ta&#8221; button_alignment=&#8221;center&#8221; _builder_version=&#8221;4.27.4&#8243; _module_preset=&#8221;default&#8221; custom_button=&#8221;on&#8221; button_text_size=&#8221;22px&#8221; button_text_color=&#8221;#FFFFFF&#8221; button_bg_color=&#8221;#EF3E42&#8243; button_border_width=&#8221;0px&#8221; button_border_color=&#8221;RGBA(255,255,255,0)&#8221; button_icon=&#8221;&#xf5a0;||fa||900&#8243; button_icon_color=&#8221;#FFFFFF&#8221; button_icon_placement=&#8221;left&#8221; button_on_hover=&#8221;off&#8221; background_layout=&#8221;dark&#8221; locked=&#8221;off&#8221; global_colors_info=&#8221;{}&#8221;][\/et_pb_button][\/et_pb_column][\/et_pb_row][\/et_pb_section]<\/p>\n","protected":false},"excerpt":{"rendered":"<p>Cea mai recent\u0103 inova\u021bie \u00een plugurile reversibile. Dup\u0103 peste 15 ani de v\u00e2nzare a plugurilor reversibile \u00een peste 20 de \u021b\u0103ri \u0219i cu experien\u021ba acumulat\u0103 \u00een acest timp, am sim\u021bit [&hellip;]<\/p>\n","protected":false},"author":200,"featured_media":0,"parent":0,"menu_order":0,"comment_status":"closed","ping_status":"closed","template":"","meta":{"_et_pb_use_builder":"on","_et_pb_old_content":"","_et_gb_content_width":"","footnotes":""},"class_list":["post-63054","page","type-page","status-publish","hentry"],"yoast_head":"<!-- This site is optimized with the Yoast SEO plugin v24.8.1 - https:\/\/yoast.com\/wordpress\/plugins\/seo\/ -->\n<title>Plug Reversibil XPerience: Tehnologie Rentabil\u0103 - Ovlac<\/title>\n<meta name=\"robots\" content=\"index, follow, max-snippet:-1, max-image-preview:large, max-video-preview:-1\" \/>\n<link rel=\"canonical\" href=\"https:\/\/ovlac.com\/ro\/plug-reversibil-xperience-tehnologie-rentabila\/\" \/>\n<meta property=\"og:locale\" content=\"ro_RO\" \/>\n<meta property=\"og:type\" content=\"article\" \/>\n<meta property=\"og:title\" content=\"Plug Reversibil XPerience: Tehnologie Rentabil\u0103 - Ovlac\" \/>\n<meta property=\"og:description\" content=\"Cea mai recent\u0103 inova\u021bie \u00een plugurile reversibile. Dup\u0103 peste 15 ani de v\u00e2nzare a plugurilor reversibile \u00een peste 20 de \u021b\u0103ri \u0219i cu experien\u021ba acumulat\u0103 \u00een acest timp, am sim\u021bit [&hellip;]\" \/>\n<meta property=\"og:url\" content=\"https:\/\/ovlac.com\/ro\/plug-reversibil-xperience-tehnologie-rentabila\/\" \/>\n<meta property=\"og:site_name\" content=\"Ovlac\" \/>\n<meta property=\"article:modified_time\" content=\"2026-04-07T07:20:57+00:00\" \/>\n<meta name=\"twitter:card\" content=\"summary_large_image\" \/>\n<meta name=\"twitter:label1\" content=\"Timp estimat pentru citire\" \/>\n\t<meta name=\"twitter:data1\" content=\"3 minute\" \/>\n<script type=\"application\/ld+json\" class=\"yoast-schema-graph\">{\"@context\":\"https:\/\/schema.org\",\"@graph\":[{\"@type\":\"WebPage\",\"@id\":\"https:\/\/ovlac.com\/ro\/plug-reversibil-xperience-tehnologie-rentabila\/\",\"url\":\"https:\/\/ovlac.com\/ro\/plug-reversibil-xperience-tehnologie-rentabila\/\",\"name\":\"Plug Reversibil XPerience: Tehnologie Rentabil\u0103 - Ovlac\",\"isPartOf\":{\"@id\":\"https:\/\/ovlac.com\/#website\"},\"datePublished\":\"2025-03-17T09:56:01+00:00\",\"dateModified\":\"2026-04-07T07:20:57+00:00\",\"breadcrumb\":{\"@id\":\"https:\/\/ovlac.com\/ro\/plug-reversibil-xperience-tehnologie-rentabila\/#breadcrumb\"},\"inLanguage\":\"ro-RO\",\"potentialAction\":[{\"@type\":\"ReadAction\",\"target\":[\"https:\/\/ovlac.com\/ro\/plug-reversibil-xperience-tehnologie-rentabila\/\"]}]},{\"@type\":\"BreadcrumbList\",\"@id\":\"https:\/\/ovlac.com\/ro\/plug-reversibil-xperience-tehnologie-rentabila\/#breadcrumb\",\"itemListElement\":[{\"@type\":\"ListItem\",\"position\":1,\"name\":\"Portada\",\"item\":\"https:\/\/ovlac.com\/ro\/\"},{\"@type\":\"ListItem\",\"position\":2,\"name\":\"Plug Reversibil XPerience: Tehnologie Rentabil\u0103\"}]},{\"@type\":\"WebSite\",\"@id\":\"https:\/\/ovlac.com\/#website\",\"url\":\"https:\/\/ovlac.com\/\",\"name\":\"Ovlac\",\"description\":\"OVLAC\",\"potentialAction\":[{\"@type\":\"SearchAction\",\"target\":{\"@type\":\"EntryPoint\",\"urlTemplate\":\"https:\/\/ovlac.com\/?s={search_term_string}\"},\"query-input\":{\"@type\":\"PropertyValueSpecification\",\"valueRequired\":true,\"valueName\":\"search_term_string\"}}],\"inLanguage\":\"ro-RO\"}]}<\/script>\n<!-- \/ Yoast SEO plugin. -->","yoast_head_json":{"title":"Plug Reversibil XPerience: Tehnologie Rentabil\u0103 - Ovlac","robots":{"index":"index","follow":"follow","max-snippet":"max-snippet:-1","max-image-preview":"max-image-preview:large","max-video-preview":"max-video-preview:-1"},"canonical":"https:\/\/ovlac.com\/ro\/plug-reversibil-xperience-tehnologie-rentabila\/","og_locale":"ro_RO","og_type":"article","og_title":"Plug Reversibil XPerience: Tehnologie Rentabil\u0103 - Ovlac","og_description":"Cea mai recent\u0103 inova\u021bie \u00een plugurile reversibile. Dup\u0103 peste 15 ani de v\u00e2nzare a plugurilor reversibile \u00een peste 20 de \u021b\u0103ri \u0219i cu experien\u021ba acumulat\u0103 \u00een acest timp, am sim\u021bit [&hellip;]","og_url":"https:\/\/ovlac.com\/ro\/plug-reversibil-xperience-tehnologie-rentabila\/","og_site_name":"Ovlac","article_modified_time":"2026-04-07T07:20:57+00:00","twitter_card":"summary_large_image","twitter_misc":{"Timp estimat pentru citire":"3 minute"},"schema":{"@context":"https:\/\/schema.org","@graph":[{"@type":"WebPage","@id":"https:\/\/ovlac.com\/ro\/plug-reversibil-xperience-tehnologie-rentabila\/","url":"https:\/\/ovlac.com\/ro\/plug-reversibil-xperience-tehnologie-rentabila\/","name":"Plug Reversibil XPerience: Tehnologie Rentabil\u0103 - Ovlac","isPartOf":{"@id":"https:\/\/ovlac.com\/#website"},"datePublished":"2025-03-17T09:56:01+00:00","dateModified":"2026-04-07T07:20:57+00:00","breadcrumb":{"@id":"https:\/\/ovlac.com\/ro\/plug-reversibil-xperience-tehnologie-rentabila\/#breadcrumb"},"inLanguage":"ro-RO","potentialAction":[{"@type":"ReadAction","target":["https:\/\/ovlac.com\/ro\/plug-reversibil-xperience-tehnologie-rentabila\/"]}]},{"@type":"BreadcrumbList","@id":"https:\/\/ovlac.com\/ro\/plug-reversibil-xperience-tehnologie-rentabila\/#breadcrumb","itemListElement":[{"@type":"ListItem","position":1,"name":"Portada","item":"https:\/\/ovlac.com\/ro\/"},{"@type":"ListItem","position":2,"name":"Plug Reversibil XPerience: Tehnologie Rentabil\u0103"}]},{"@type":"WebSite","@id":"https:\/\/ovlac.com\/#website","url":"https:\/\/ovlac.com\/","name":"Ovlac","description":"OVLAC","potentialAction":[{"@type":"SearchAction","target":{"@type":"EntryPoint","urlTemplate":"https:\/\/ovlac.com\/?s={search_term_string}"},"query-input":{"@type":"PropertyValueSpecification","valueRequired":true,"valueName":"search_term_string"}}],"inLanguage":"ro-RO"}]}},"_links":{"self":[{"href":"https:\/\/ovlac.com\/ro\/wp-json\/wp\/v2\/pages\/63054","targetHints":{"allow":["GET"]}}],"collection":[{"href":"https:\/\/ovlac.com\/ro\/wp-json\/wp\/v2\/pages"}],"about":[{"href":"https:\/\/ovlac.com\/ro\/wp-json\/wp\/v2\/types\/page"}],"author":[{"embeddable":true,"href":"https:\/\/ovlac.com\/ro\/wp-json\/wp\/v2\/users\/200"}],"replies":[{"embeddable":true,"href":"https:\/\/ovlac.com\/ro\/wp-json\/wp\/v2\/comments?post=63054"}],"version-history":[{"count":7,"href":"https:\/\/ovlac.com\/ro\/wp-json\/wp\/v2\/pages\/63054\/revisions"}],"predecessor-version":[{"id":68104,"href":"https:\/\/ovlac.com\/ro\/wp-json\/wp\/v2\/pages\/63054\/revisions\/68104"}],"wp:attachment":[{"href":"https:\/\/ovlac.com\/ro\/wp-json\/wp\/v2\/media?parent=63054"}],"curies":[{"name":"wp","href":"https:\/\/api.w.org\/{rel}","templated":true}]}}