{"id":62659,"date":"2025-02-27T08:10:51","date_gmt":"2025-02-27T08:10:51","guid":{"rendered":"https:\/\/ovlac.com\/?page_id=62659"},"modified":"2025-02-27T08:10:53","modified_gmt":"2025-02-27T08:10:53","slug":"grapa-cultivatoare","status":"publish","type":"page","link":"https:\/\/ovlac.com\/ro\/grapa-cultivatoare\/","title":{"rendered":"Grap\u0103 cultivatoare"},"content":{"rendered":"<p>[et_pb_section fb_built=&#8221;1&#8243; next_background_color=&#8221;#000000&#8243; _builder_version=&#8221;4.16&#8243; custom_padding=&#8221;0px|0px|0px|0px|false|false&#8221; bottom_divider_style=&#8221;wave2&#8243; bottom_divider_height=&#8221;50px&#8221; global_colors_info=&#8221;{}&#8221;][et_pb_row use_custom_gutter=&#8221;on&#8221; gutter_width=&#8221;1&#8243; module_class=&#8221; et_pb_row_fullwidth et_pb_row_fullwidth&#8221; _builder_version=&#8221;4.16&#8243; background_size=&#8221;initial&#8221; background_position=&#8221;top_left&#8221; background_repeat=&#8221;repeat&#8221; width=&#8221;100%&#8221; width_tablet=&#8221;100%&#8221; width_phone=&#8221;&#8221; width_last_edited=&#8221;on|desktop&#8221; max_width=&#8221;100%&#8221; max_width_tablet=&#8221;100%&#8221; max_width_phone=&#8221;&#8221; max_width_last_edited=&#8221;on|desktop&#8221; custom_margin=&#8221;0px||0px&#8221; custom_padding=&#8221;0px|0px|0px|1px|false|false&#8221; make_fullwidth=&#8221;on&#8221; global_colors_info=&#8221;{}&#8221;][et_pb_column type=&#8221;4_4&#8243; _builder_version=&#8221;4.16&#8243; custom_padding=&#8221;|||&#8221; global_colors_info=&#8221;{}&#8221; custom_padding__hover=&#8221;|||&#8221;][et_pb_slider use_bg_overlay=&#8221;off&#8221; use_text_overlay=&#8221;off&#8221; _builder_version=&#8221;4.26.0&#8243; header_font=&#8221;|700|||||||&#8221; body_font_size=&#8221;23px&#8221; z_index_tablet=&#8221;500&#8243; header_text_shadow_horizontal_length_tablet=&#8221;0px&#8221; header_text_shadow_vertical_length_tablet=&#8221;0px&#8221; header_text_shadow_blur_strength_tablet=&#8221;1px&#8221; body_text_shadow_horizontal_length_tablet=&#8221;0px&#8221; body_text_shadow_vertical_length_tablet=&#8221;0px&#8221; body_text_shadow_blur_strength_tablet=&#8221;1px&#8221; body_link_text_shadow_horizontal_length_tablet=&#8221;0px&#8221; body_link_text_shadow_vertical_length_tablet=&#8221;0px&#8221; body_link_text_shadow_blur_strength_tablet=&#8221;1px&#8221; body_ul_text_shadow_horizontal_length_tablet=&#8221;0px&#8221; body_ul_text_shadow_vertical_length_tablet=&#8221;0px&#8221; body_ul_text_shadow_blur_strength_tablet=&#8221;1px&#8221; body_ol_text_shadow_horizontal_length_tablet=&#8221;0px&#8221; body_ol_text_shadow_vertical_length_tablet=&#8221;0px&#8221; body_ol_text_shadow_blur_strength_tablet=&#8221;1px&#8221; body_quote_text_shadow_horizontal_length_tablet=&#8221;0px&#8221; body_quote_text_shadow_vertical_length_tablet=&#8221;0px&#8221; body_quote_text_shadow_blur_strength_tablet=&#8221;1px&#8221; button_text_shadow_horizontal_length_tablet=&#8221;0px&#8221; button_text_shadow_vertical_length_tablet=&#8221;0px&#8221; button_text_shadow_blur_strength_tablet=&#8221;1px&#8221; box_shadow_horizontal_tablet=&#8221;0px&#8221; box_shadow_vertical_tablet=&#8221;0px&#8221; box_shadow_blur_tablet=&#8221;40px&#8221; box_shadow_spread_tablet=&#8221;0px&#8221; box_shadow_horizontal_image_tablet=&#8221;0px&#8221; box_shadow_vertical_image_tablet=&#8221;0px&#8221; box_shadow_blur_image_tablet=&#8221;40px&#8221; box_shadow_spread_image_tablet=&#8221;0px&#8221; box_shadow_horizontal_button_tablet=&#8221;0px&#8221; box_shadow_vertical_button_tablet=&#8221;0px&#8221; box_shadow_blur_button_tablet=&#8221;40px&#8221; box_shadow_spread_button_tablet=&#8221;0px&#8221; text_shadow_horizontal_length_tablet=&#8221;0px&#8221; text_shadow_vertical_length_tablet=&#8221;0px&#8221; text_shadow_blur_strength_tablet=&#8221;1px&#8221; global_colors_info=&#8221;{}&#8221;][et_pb_slide use_bg_overlay=&#8221;off&#8221; use_text_overlay=&#8221;off&#8221; _builder_version=&#8221;4.26.0&#8243; background_image=&#8221;https:\/\/ovlac.com\/wp-content\/uploads\/2014\/04\/XLander_contraportada_ficticio.jpg&#8221; background_enable_image=&#8221;on&#8221; button_on_hover=&#8221;on&#8221; global_colors_info=&#8221;{}&#8221; sticky_transition=&#8221;on&#8221;][\/et_pb_slide][\/et_pb_slider][\/et_pb_column][\/et_pb_row][\/et_pb_section][et_pb_section fb_built=&#8221;1&#8243; fullwidth=&#8221;on&#8221; _builder_version=&#8221;4.24.3&#8243; _module_preset=&#8221;default&#8221; global_colors_info=&#8221;{}&#8221;][et_pb_fullwidth_post_title meta=&#8221;off&#8221; featured_image=&#8221;off&#8221; _builder_version=&#8221;4.24.3&#8243; _module_preset=&#8221;default&#8221; title_font=&#8221;|700|||||||&#8221; title_text_color=&#8221;#EF3E42&#8243; title_font_size=&#8221;32px&#8221; custom_margin=&#8221;-25px||-9px||false|false&#8221; global_colors_info=&#8221;{}&#8221;][\/et_pb_fullwidth_post_title][\/et_pb_section][et_pb_section fb_built=&#8221;1&#8243; _builder_version=&#8221;4.16&#8243; custom_margin=&#8221;50px||&#8221; custom_padding=&#8221;2px|0px|54px|0px|false|false&#8221; global_colors_info=&#8221;{}&#8221;][et_pb_row _builder_version=&#8221;4.24.3&#8243; _module_preset=&#8221;default&#8221; global_colors_info=&#8221;{}&#8221;][et_pb_column type=&#8221;4_4&#8243; _builder_version=&#8221;4.24.3&#8243; _module_preset=&#8221;default&#8221; global_colors_info=&#8221;{}&#8221;][et_pb_text _builder_version=&#8221;4.24.3&#8243; _module_preset=&#8221;default&#8221; text_font_size=&#8221;15px&#8221; global_colors_info=&#8221;{}&#8221;]<\/p>\n<p>Cultivatoarele Ovlac ofer\u0103 \u00eentotdeauna ceva care le face unice, dar toate au un lucru \u00een comun:<strong> sunt construite pentru a rezista \u00een cele mai dure condi\u021bii.<\/strong><\/p>\n<p>&nbsp;<\/p>\n<p>[\/et_pb_text][\/et_pb_column][\/et_pb_row][et_pb_row column_structure=&#8221;1_3,1_3,1_3&#8243; _builder_version=&#8221;4.24.3&#8243; width=&#8221;72%&#8221; max_width=&#8221;1386px&#8221; custom_margin=&#8221;22px||||false|false&#8221; custom_padding=&#8221;||||false|false&#8221; global_colors_info=&#8221;{}&#8221;][et_pb_column type=&#8221;1_3&#8243; _builder_version=&#8221;4.16&#8243; custom_padding=&#8221;|||&#8221; global_colors_info=&#8221;{}&#8221; custom_padding__hover=&#8221;|||&#8221;][et_pb_image src=&#8221;https:\/\/ovlac.com\/wp-content\/uploads\/2024\/07\/xlander-ovlac-cultivadores-web.jpg&#8221; title_text=&#8221;xlander-ovlac-cultivadores-web&#8221; url=&#8221;https:\/\/ovlac.com\/xlander\/&#8221; align_tablet=&#8221;center&#8221; align_phone=&#8221;&#8221; align_last_edited=&#8221;on|desktop&#8221; _builder_version=&#8221;4.26.0&#8243; min_height=&#8221;220.4px&#8221; custom_padding=&#8221;||0px|||&#8221; animation_style=&#8221;slide&#8221; animation_direction=&#8221;right&#8221; z_index_tablet=&#8221;500&#8243; border_radii=&#8221;on|25px|25px|25px|25px&#8221; border_color_all=&#8221;#ef3e42&#8243; box_shadow_style=&#8221;preset3&#8243; box_shadow_horizontal=&#8221;2px&#8221; box_shadow_vertical=&#8221;3px&#8221; box_shadow_blur=&#8221;14px&#8221; global_colors_info=&#8221;{}&#8221;][\/et_pb_image][et_pb_text _builder_version=&#8221;4.26.0&#8243; header_2_font=&#8221;|700|||||||&#8221; animation_style=&#8221;slide&#8221; animation_direction=&#8221;right&#8221; animation_delay=&#8221;100ms&#8221; border_width_bottom=&#8221;5px&#8221; border_color_bottom=&#8221;#ef3e42&#8243; global_colors_info=&#8221;{}&#8221;]<\/p>\n<h2 class=\"et_pb_module_header\"><a href=\"https:\/\/ovlac.com\/xlander\/\">XLander<\/a><\/h2>\n<p>[\/et_pb_text][et_pb_text _builder_version=&#8221;4.27.4&#8243; text_font_size=&#8221;16px&#8221; animation_style=&#8221;slide&#8221; animation_direction=&#8221;right&#8221; animation_delay=&#8221;100ms&#8221; hover_enabled=&#8221;0&#8243; z_index_tablet=&#8221;500&#8243; text_text_shadow_horizontal_length_tablet=&#8221;0px&#8221; text_text_shadow_vertical_length_tablet=&#8221;0px&#8221; text_text_shadow_blur_strength_tablet=&#8221;1px&#8221; link_text_shadow_horizontal_length_tablet=&#8221;0px&#8221; link_text_shadow_vertical_length_tablet=&#8221;0px&#8221; link_text_shadow_blur_strength_tablet=&#8221;1px&#8221; ul_text_shadow_horizontal_length_tablet=&#8221;0px&#8221; ul_text_shadow_vertical_length_tablet=&#8221;0px&#8221; ul_text_shadow_blur_strength_tablet=&#8221;1px&#8221; ol_text_shadow_horizontal_length_tablet=&#8221;0px&#8221; ol_text_shadow_vertical_length_tablet=&#8221;0px&#8221; ol_text_shadow_blur_strength_tablet=&#8221;1px&#8221; quote_text_shadow_horizontal_length_tablet=&#8221;0px&#8221; quote_text_shadow_vertical_length_tablet=&#8221;0px&#8221; quote_text_shadow_blur_strength_tablet=&#8221;1px&#8221; header_text_shadow_horizontal_length_tablet=&#8221;0px&#8221; header_text_shadow_vertical_length_tablet=&#8221;0px&#8221; header_text_shadow_blur_strength_tablet=&#8221;1px&#8221; header_2_text_shadow_horizontal_length_tablet=&#8221;0px&#8221; header_2_text_shadow_vertical_length_tablet=&#8221;0px&#8221; header_2_text_shadow_blur_strength_tablet=&#8221;1px&#8221; header_3_text_shadow_horizontal_length_tablet=&#8221;0px&#8221; header_3_text_shadow_vertical_length_tablet=&#8221;0px&#8221; header_3_text_shadow_blur_strength_tablet=&#8221;1px&#8221; header_4_text_shadow_horizontal_length_tablet=&#8221;0px&#8221; header_4_text_shadow_vertical_length_tablet=&#8221;0px&#8221; header_4_text_shadow_blur_strength_tablet=&#8221;1px&#8221; header_5_text_shadow_horizontal_length_tablet=&#8221;0px&#8221; header_5_text_shadow_vertical_length_tablet=&#8221;0px&#8221; header_5_text_shadow_blur_strength_tablet=&#8221;1px&#8221; header_6_text_shadow_horizontal_length_tablet=&#8221;0px&#8221; header_6_text_shadow_vertical_length_tablet=&#8221;0px&#8221; header_6_text_shadow_blur_strength_tablet=&#8221;1px&#8221; box_shadow_horizontal_tablet=&#8221;0px&#8221; box_shadow_vertical_tablet=&#8221;0px&#8221; box_shadow_blur_tablet=&#8221;40px&#8221; box_shadow_spread_tablet=&#8221;0px&#8221; global_colors_info=&#8221;{}&#8221; sticky_enabled=&#8221;0&#8243;]<\/p>\n<p>XLander de Ovlac \u00eenglobeaz\u0103 experien\u021ba acumulat\u0103 de la momentul \u00een care Ovlac a revolu\u021bionat cultivatorul tradi\u021bional cu arc \u00een 2006.<\/p>\n<div id=\"term-categoria\" class=\"categoria et_pb_portfolio_item et_pb_grid_item last_in_row on_last_row\"><\/div>\n<p>[\/et_pb_text][\/et_pb_column][et_pb_column type=&#8221;1_3&#8243; _builder_version=&#8221;4.16&#8243; custom_padding=&#8221;|||&#8221; global_colors_info=&#8221;{}&#8221; custom_padding__hover=&#8221;|||&#8221;][et_pb_image src=&#8221;https:\/\/ovlac.com\/wp-content\/uploads\/2024\/07\/xlander-gc-ovlac-cultivadores-web.jpg&#8221; title_text=&#8221;xlander gc-ovlac-cultivadores-web&#8221; url=&#8221;https:\/\/ovlac.com\/xlander-gc\/&#8221; align_tablet=&#8221;center&#8221; align_phone=&#8221;&#8221; align_last_edited=&#8221;on|desktop&#8221; _builder_version=&#8221;4.26.0&#8243; animation_style=&#8221;slide&#8221; animation_direction=&#8221;left&#8221; z_index_tablet=&#8221;500&#8243; border_radii=&#8221;on|25px|25px|25px|25px&#8221; border_color_all=&#8221;#ef3e42&#8243; box_shadow_style=&#8221;preset3&#8243; box_shadow_horizontal=&#8221;2px&#8221; box_shadow_vertical=&#8221;3px&#8221; box_shadow_blur=&#8221;14px&#8221; global_colors_info=&#8221;{}&#8221;][\/et_pb_image][et_pb_text _builder_version=&#8221;4.26.0&#8243; header_2_font=&#8221;|700|||||||&#8221; animation_style=&#8221;slide&#8221; animation_direction=&#8221;left&#8221; animation_delay=&#8221;100ms&#8221; border_width_bottom=&#8221;5px&#8221; border_color_bottom=&#8221;#ef3e42&#8243; global_colors_info=&#8221;{}&#8221;]<\/p>\n<h2 class=\"et_pb_module_header\"><a href=\"https:\/\/ovlac.com\/xlander-gc\/\">XLander GC<\/a><\/h2>\n<p>[\/et_pb_text][et_pb_text _builder_version=&#8221;4.27.4&#8243; text_font_size=&#8221;16px&#8221; animation_style=&#8221;slide&#8221; animation_direction=&#8221;left&#8221; animation_delay=&#8221;100ms&#8221; hover_enabled=&#8221;0&#8243; z_index_tablet=&#8221;500&#8243; text_text_shadow_horizontal_length_tablet=&#8221;0px&#8221; text_text_shadow_vertical_length_tablet=&#8221;0px&#8221; text_text_shadow_blur_strength_tablet=&#8221;1px&#8221; link_text_shadow_horizontal_length_tablet=&#8221;0px&#8221; link_text_shadow_vertical_length_tablet=&#8221;0px&#8221; link_text_shadow_blur_strength_tablet=&#8221;1px&#8221; ul_text_shadow_horizontal_length_tablet=&#8221;0px&#8221; ul_text_shadow_vertical_length_tablet=&#8221;0px&#8221; ul_text_shadow_blur_strength_tablet=&#8221;1px&#8221; ol_text_shadow_horizontal_length_tablet=&#8221;0px&#8221; ol_text_shadow_vertical_length_tablet=&#8221;0px&#8221; ol_text_shadow_blur_strength_tablet=&#8221;1px&#8221; quote_text_shadow_horizontal_length_tablet=&#8221;0px&#8221; quote_text_shadow_vertical_length_tablet=&#8221;0px&#8221; quote_text_shadow_blur_strength_tablet=&#8221;1px&#8221; header_text_shadow_horizontal_length_tablet=&#8221;0px&#8221; header_text_shadow_vertical_length_tablet=&#8221;0px&#8221; header_text_shadow_blur_strength_tablet=&#8221;1px&#8221; header_2_text_shadow_horizontal_length_tablet=&#8221;0px&#8221; header_2_text_shadow_vertical_length_tablet=&#8221;0px&#8221; header_2_text_shadow_blur_strength_tablet=&#8221;1px&#8221; header_3_text_shadow_horizontal_length_tablet=&#8221;0px&#8221; header_3_text_shadow_vertical_length_tablet=&#8221;0px&#8221; header_3_text_shadow_blur_strength_tablet=&#8221;1px&#8221; header_4_text_shadow_horizontal_length_tablet=&#8221;0px&#8221; header_4_text_shadow_vertical_length_tablet=&#8221;0px&#8221; header_4_text_shadow_blur_strength_tablet=&#8221;1px&#8221; header_5_text_shadow_horizontal_length_tablet=&#8221;0px&#8221; header_5_text_shadow_vertical_length_tablet=&#8221;0px&#8221; header_5_text_shadow_blur_strength_tablet=&#8221;1px&#8221; header_6_text_shadow_horizontal_length_tablet=&#8221;0px&#8221; header_6_text_shadow_vertical_length_tablet=&#8221;0px&#8221; header_6_text_shadow_blur_strength_tablet=&#8221;1px&#8221; box_shadow_horizontal_tablet=&#8221;0px&#8221; box_shadow_vertical_tablet=&#8221;0px&#8221; box_shadow_blur_tablet=&#8221;40px&#8221; box_shadow_spread_tablet=&#8221;0px&#8221; global_colors_info=&#8221;{}&#8221; sticky_enabled=&#8221;0&#8243;]<\/p>\n<p>XLander GC este versiunea tractat\u0103 a cultivatorului de top de la Ovlac.<\/p>\n<p>[\/et_pb_text][\/et_pb_column][et_pb_column type=&#8221;1_3&#8243; _builder_version=&#8221;4.16&#8243; custom_padding=&#8221;|||&#8221; global_colors_info=&#8221;{}&#8221; custom_padding__hover=&#8221;|||&#8221;][et_pb_image src=&#8221;https:\/\/ovlac.com\/wp-content\/uploads\/2014\/10\/versatill-168.jpg&#8221; title_text=&#8221;versatill (168)&#8221; url=&#8221;https:\/\/ovlac.com\/versatill\/&#8221; align_tablet=&#8221;center&#8221; align_phone=&#8221;&#8221; align_last_edited=&#8221;on|desktop&#8221; _builder_version=&#8221;4.26.0&#8243; animation_style=&#8221;slide&#8221; animation_direction=&#8221;right&#8221; z_index_tablet=&#8221;500&#8243; border_radii=&#8221;on|25px|25px|25px|25px&#8221; border_color_all=&#8221;#ef3e42&#8243; box_shadow_style=&#8221;preset3&#8243; box_shadow_horizontal=&#8221;2px&#8221; box_shadow_vertical=&#8221;3px&#8221; box_shadow_blur=&#8221;14px&#8221; global_colors_info=&#8221;{}&#8221;][\/et_pb_image][et_pb_text _builder_version=&#8221;4.26.0&#8243; header_2_font=&#8221;|700|||||||&#8221; animation_style=&#8221;slide&#8221; animation_direction=&#8221;right&#8221; animation_delay=&#8221;100ms&#8221; z_index_tablet=&#8221;500&#8243; border_width_bottom=&#8221;5px&#8221; border_color_bottom=&#8221;#ef3e42&#8243; global_colors_info=&#8221;{}&#8221;]<\/p>\n<h2 class=\"et_pb_module_header\">VersaTill<\/h2>\n<p>[\/et_pb_text][et_pb_text _builder_version=&#8221;4.27.4&#8243; text_font_size=&#8221;16px&#8221; animation_style=&#8221;slide&#8221; animation_direction=&#8221;right&#8221; animation_delay=&#8221;100ms&#8221; hover_enabled=&#8221;0&#8243; z_index_tablet=&#8221;500&#8243; box_shadow_horizontal_tablet=&#8221;0px&#8221; box_shadow_vertical_tablet=&#8221;0px&#8221; box_shadow_blur_tablet=&#8221;40px&#8221; box_shadow_spread_tablet=&#8221;0px&#8221; global_colors_info=&#8221;{}&#8221; sticky_enabled=&#8221;0&#8243;]<\/p>\n<p>Versatill de Ovlac este conceput ca un cultivator polivalent pentru efectuarea lucr\u0103rilor primare de \u00eencorporare a miri\u0219tii.<\/p>\n<p>[\/et_pb_text][\/et_pb_column][\/et_pb_row][\/et_pb_section]<\/p>\n","protected":false},"excerpt":{"rendered":"<p>Cultivatoarele Ovlac ofer\u0103 \u00eentotdeauna ceva care le face unice, dar toate au un lucru \u00een comun: sunt construite pentru a rezista \u00een cele mai dure condi\u021bii. &nbsp;XLanderXLander de Ovlac \u00eenglobeaz\u0103 [&hellip;]<\/p>\n","protected":false},"author":200,"featured_media":58807,"parent":0,"menu_order":0,"comment_status":"closed","ping_status":"closed","template":"","meta":{"_et_pb_use_builder":"on","_et_pb_old_content":"","_et_gb_content_width":"","footnotes":""},"class_list":["post-62659","page","type-page","status-publish","has-post-thumbnail","hentry"],"yoast_head":"<!-- This site is optimized with the Yoast SEO plugin v24.8.1 - https:\/\/yoast.com\/wordpress\/plugins\/seo\/ -->\n<title>Cultivadores<\/title>\n<meta name=\"description\" content=\"Cultivadores. Versatill, Xlander, Xlander GC. M\u00e1s de 75 a\u00f1os de experiencia fabricando maquinaria. Desc\u00fabrelo todos\" \/>\n<meta name=\"robots\" content=\"index, follow, max-snippet:-1, max-image-preview:large, max-video-preview:-1\" \/>\n<link rel=\"canonical\" href=\"https:\/\/ovlac.com\/ro\/grapa-cultivatoare\/\" \/>\n<meta property=\"og:locale\" content=\"ro_RO\" \/>\n<meta property=\"og:type\" content=\"article\" \/>\n<meta property=\"og:title\" content=\"Cultivadores\" \/>\n<meta property=\"og:description\" content=\"Cultivadores. Versatill, Xlander, Xlander GC. M\u00e1s de 75 a\u00f1os de experiencia fabricando maquinaria. Desc\u00fabrelo todos\" \/>\n<meta property=\"og:url\" content=\"https:\/\/ovlac.com\/ro\/grapa-cultivatoare\/\" \/>\n<meta property=\"og:site_name\" content=\"Ovlac\" \/>\n<meta property=\"article:modified_time\" content=\"2025-02-27T08:10:53+00:00\" \/>\n<meta property=\"og:image\" content=\"https:\/\/ovlac.com\/wp-content\/uploads\/2024\/06\/Manual-XLANDER-GC.png\" \/>\n\t<meta property=\"og:image:width\" content=\"1339\" \/>\n\t<meta property=\"og:image:height\" content=\"629\" \/>\n\t<meta property=\"og:image:type\" content=\"image\/png\" \/>\n<meta name=\"twitter:card\" content=\"summary_large_image\" \/>\n<meta name=\"twitter:label1\" content=\"Timp estimat pentru citire\" \/>\n\t<meta name=\"twitter:data1\" content=\"2 minute\" \/>\n<script type=\"application\/ld+json\" class=\"yoast-schema-graph\">{\"@context\":\"https:\/\/schema.org\",\"@graph\":[{\"@type\":\"WebPage\",\"@id\":\"https:\/\/ovlac.com\/ro\/grapa-cultivatoare\/\",\"url\":\"https:\/\/ovlac.com\/ro\/grapa-cultivatoare\/\",\"name\":\"Cultivadores\",\"isPartOf\":{\"@id\":\"https:\/\/ovlac.com\/#website\"},\"primaryImageOfPage\":{\"@id\":\"https:\/\/ovlac.com\/ro\/grapa-cultivatoare\/#primaryimage\"},\"image\":{\"@id\":\"https:\/\/ovlac.com\/ro\/grapa-cultivatoare\/#primaryimage\"},\"thumbnailUrl\":\"https:\/\/ovlac.com\/wp-content\/uploads\/2024\/06\/Manual-XLANDER-GC.png\",\"datePublished\":\"2025-02-27T08:10:51+00:00\",\"dateModified\":\"2025-02-27T08:10:53+00:00\",\"description\":\"Cultivadores. Versatill, Xlander, Xlander GC. M\u00e1s de 75 a\u00f1os de experiencia fabricando maquinaria. Desc\u00fabrelo todos\",\"breadcrumb\":{\"@id\":\"https:\/\/ovlac.com\/ro\/grapa-cultivatoare\/#breadcrumb\"},\"inLanguage\":\"ro-RO\",\"potentialAction\":[{\"@type\":\"ReadAction\",\"target\":[\"https:\/\/ovlac.com\/ro\/grapa-cultivatoare\/\"]}]},{\"@type\":\"ImageObject\",\"inLanguage\":\"ro-RO\",\"@id\":\"https:\/\/ovlac.com\/ro\/grapa-cultivatoare\/#primaryimage\",\"url\":\"https:\/\/ovlac.com\/wp-content\/uploads\/2024\/06\/Manual-XLANDER-GC.png\",\"contentUrl\":\"https:\/\/ovlac.com\/wp-content\/uploads\/2024\/06\/Manual-XLANDER-GC.png\",\"width\":1339,\"height\":629},{\"@type\":\"BreadcrumbList\",\"@id\":\"https:\/\/ovlac.com\/ro\/grapa-cultivatoare\/#breadcrumb\",\"itemListElement\":[{\"@type\":\"ListItem\",\"position\":1,\"name\":\"Portada\",\"item\":\"https:\/\/ovlac.com\/ro\/\"},{\"@type\":\"ListItem\",\"position\":2,\"name\":\"Grap\u0103 cultivatoare\"}]},{\"@type\":\"WebSite\",\"@id\":\"https:\/\/ovlac.com\/#website\",\"url\":\"https:\/\/ovlac.com\/\",\"name\":\"Ovlac\",\"description\":\"OVLAC\",\"potentialAction\":[{\"@type\":\"SearchAction\",\"target\":{\"@type\":\"EntryPoint\",\"urlTemplate\":\"https:\/\/ovlac.com\/?s={search_term_string}\"},\"query-input\":{\"@type\":\"PropertyValueSpecification\",\"valueRequired\":true,\"valueName\":\"search_term_string\"}}],\"inLanguage\":\"ro-RO\"}]}<\/script>\n<!-- \/ Yoast SEO plugin. -->","yoast_head_json":{"title":"Cultivadores","description":"Cultivadores. Versatill, Xlander, Xlander GC. M\u00e1s de 75 a\u00f1os de experiencia fabricando maquinaria. Desc\u00fabrelo todos","robots":{"index":"index","follow":"follow","max-snippet":"max-snippet:-1","max-image-preview":"max-image-preview:large","max-video-preview":"max-video-preview:-1"},"canonical":"https:\/\/ovlac.com\/ro\/grapa-cultivatoare\/","og_locale":"ro_RO","og_type":"article","og_title":"Cultivadores","og_description":"Cultivadores. Versatill, Xlander, Xlander GC. M\u00e1s de 75 a\u00f1os de experiencia fabricando maquinaria. Desc\u00fabrelo todos","og_url":"https:\/\/ovlac.com\/ro\/grapa-cultivatoare\/","og_site_name":"Ovlac","article_modified_time":"2025-02-27T08:10:53+00:00","og_image":[{"width":1339,"height":629,"url":"https:\/\/ovlac.com\/wp-content\/uploads\/2024\/06\/Manual-XLANDER-GC.png","type":"image\/png"}],"twitter_card":"summary_large_image","twitter_misc":{"Timp estimat pentru citire":"2 minute"},"schema":{"@context":"https:\/\/schema.org","@graph":[{"@type":"WebPage","@id":"https:\/\/ovlac.com\/ro\/grapa-cultivatoare\/","url":"https:\/\/ovlac.com\/ro\/grapa-cultivatoare\/","name":"Cultivadores","isPartOf":{"@id":"https:\/\/ovlac.com\/#website"},"primaryImageOfPage":{"@id":"https:\/\/ovlac.com\/ro\/grapa-cultivatoare\/#primaryimage"},"image":{"@id":"https:\/\/ovlac.com\/ro\/grapa-cultivatoare\/#primaryimage"},"thumbnailUrl":"https:\/\/ovlac.com\/wp-content\/uploads\/2024\/06\/Manual-XLANDER-GC.png","datePublished":"2025-02-27T08:10:51+00:00","dateModified":"2025-02-27T08:10:53+00:00","description":"Cultivadores. Versatill, Xlander, Xlander GC. M\u00e1s de 75 a\u00f1os de experiencia fabricando maquinaria. Desc\u00fabrelo todos","breadcrumb":{"@id":"https:\/\/ovlac.com\/ro\/grapa-cultivatoare\/#breadcrumb"},"inLanguage":"ro-RO","potentialAction":[{"@type":"ReadAction","target":["https:\/\/ovlac.com\/ro\/grapa-cultivatoare\/"]}]},{"@type":"ImageObject","inLanguage":"ro-RO","@id":"https:\/\/ovlac.com\/ro\/grapa-cultivatoare\/#primaryimage","url":"https:\/\/ovlac.com\/wp-content\/uploads\/2024\/06\/Manual-XLANDER-GC.png","contentUrl":"https:\/\/ovlac.com\/wp-content\/uploads\/2024\/06\/Manual-XLANDER-GC.png","width":1339,"height":629},{"@type":"BreadcrumbList","@id":"https:\/\/ovlac.com\/ro\/grapa-cultivatoare\/#breadcrumb","itemListElement":[{"@type":"ListItem","position":1,"name":"Portada","item":"https:\/\/ovlac.com\/ro\/"},{"@type":"ListItem","position":2,"name":"Grap\u0103 cultivatoare"}]},{"@type":"WebSite","@id":"https:\/\/ovlac.com\/#website","url":"https:\/\/ovlac.com\/","name":"Ovlac","description":"OVLAC","potentialAction":[{"@type":"SearchAction","target":{"@type":"EntryPoint","urlTemplate":"https:\/\/ovlac.com\/?s={search_term_string}"},"query-input":{"@type":"PropertyValueSpecification","valueRequired":true,"valueName":"search_term_string"}}],"inLanguage":"ro-RO"}]}},"_links":{"self":[{"href":"https:\/\/ovlac.com\/ro\/wp-json\/wp\/v2\/pages\/62659","targetHints":{"allow":["GET"]}}],"collection":[{"href":"https:\/\/ovlac.com\/ro\/wp-json\/wp\/v2\/pages"}],"about":[{"href":"https:\/\/ovlac.com\/ro\/wp-json\/wp\/v2\/types\/page"}],"author":[{"embeddable":true,"href":"https:\/\/ovlac.com\/ro\/wp-json\/wp\/v2\/users\/200"}],"replies":[{"embeddable":true,"href":"https:\/\/ovlac.com\/ro\/wp-json\/wp\/v2\/comments?post=62659"}],"version-history":[{"count":2,"href":"https:\/\/ovlac.com\/ro\/wp-json\/wp\/v2\/pages\/62659\/revisions"}],"predecessor-version":[{"id":62665,"href":"https:\/\/ovlac.com\/ro\/wp-json\/wp\/v2\/pages\/62659\/revisions\/62665"}],"wp:featuredmedia":[{"embeddable":true,"href":"https:\/\/ovlac.com\/ro\/wp-json\/wp\/v2\/media\/58807"}],"wp:attachment":[{"href":"https:\/\/ovlac.com\/ro\/wp-json\/wp\/v2\/media?parent=62659"}],"curies":[{"name":"wp","href":"https:\/\/api.w.org\/{rel}","templated":true}]}}