{"id":64298,"date":"2025-08-26T06:50:43","date_gmt":"2025-08-26T06:50:43","guid":{"rendered":"https:\/\/ovlac.com\/?page_id=64298"},"modified":"2026-04-07T08:44:48","modified_gmt":"2026-04-07T08:44:48","slug":"reptill","status":"publish","type":"page","link":"https:\/\/ovlac.com\/fr\/reptill\/","title":{"rendered":"RepTill"},"content":{"rendered":"<p>[et_pb_section fb_built=\u00a0\u00bb1&Prime; fullwidth=\u00a0\u00bbon\u00a0\u00bb _builder_version=\u00a0\u00bb4.24.3&Prime; _module_preset=\u00a0\u00bbdefault\u00a0\u00bb locked=\u00a0\u00bboff\u00a0\u00bb global_colors_info=\u00a0\u00bb{}\u00a0\u00bb][et_pb_fullwidth_slider admin_label=\u00a0\u00bbControl deslizante de anchura completa\u00a0\u00bb _builder_version=\u00a0\u00bb4.26.0&Prime; _module_preset=\u00a0\u00bbdefault\u00a0\u00bb background_last_edited=\u00a0\u00bbon|desktop\u00a0\u00bb global_colors_info=\u00a0\u00bb{}\u00a0\u00bb][et_pb_slide url_new_window=\u00a0\u00bbon\u00a0\u00bb use_bg_overlay=\u00a0\u00bboff\u00a0\u00bb use_text_overlay=\u00a0\u00bboff\u00a0\u00bb image_tablet=\u00a0\u00bb\u00a0\u00bb image_phone=\u00a0\u00bb\u00a0\u00bb image_last_edited=\u00a0\u00bbon|desktop\u00a0\u00bb _builder_version=\u00a0\u00bb4.26.0&Prime; _module_preset=\u00a0\u00bbdefault\u00a0\u00bb header_font=\u00a0\u00bb||||||||\u00a0\u00bb background_color=\u00a0\u00bb#FFFFFF\u00a0\u00bb background_enable_color=\u00a0\u00bbon\u00a0\u00bb background_image=\u00a0\u00bbhttps:\/\/ovlac.com\/wp-content\/uploads\/2024\/07\/Reptill.jpg\u00a0\u00bb background_enable_image=\u00a0\u00bbon\u00a0\u00bb button_on_hover=\u00a0\u00bbon\u00a0\u00bb background_last_edited=\u00a0\u00bbon|desktop\u00a0\u00bb background_image_tablet=\u00a0\u00bbhttps:\/\/ovlac.com\/wp-content\/uploads\/2024\/04\/slider-XP.png\u00a0\u00bb background_image_phone=\u00a0\u00bbhttps:\/\/ovlac.com\/wp-content\/uploads\/2024\/04\/slider-XP.png\u00a0\u00bb background_enable_image_tablet=\u00a0\u00bbon\u00a0\u00bb background_enable_image_phone=\u00a0\u00bbon\u00a0\u00bb global_colors_info=\u00a0\u00bb{}\u00a0\u00bb sticky_transition=\u00a0\u00bbon\u00a0\u00bb][\/et_pb_slide][\/et_pb_fullwidth_slider][et_pb_fullwidth_post_title meta=\u00a0\u00bboff\u00a0\u00bb featured_image=\u00a0\u00bboff\u00a0\u00bb _builder_version=\u00a0\u00bb4.24.3&Prime; _module_preset=\u00a0\u00bbdefault\u00a0\u00bb title_font=\u00a0\u00bb|700|||||||\u00a0\u00bb title_text_color=\u00a0\u00bb#e73137&Prime; title_font_size=\u00a0\u00bb33px\u00a0\u00bb background_color=\u00a0\u00bbRGBA(255,255,255,0)\u00a0\u00bb custom_padding=\u00a0\u00bb60px||||false|false\u00a0\u00bb global_colors_info=\u00a0\u00bb{}\u00a0\u00bb][\/et_pb_fullwidth_post_title][\/et_pb_section][et_pb_section fb_built=\u00a0\u00bb1&Prime; admin_label=\u00a0\u00bbsection\u00a0\u00bb _builder_version=\u00a0\u00bb4.16&Prime; custom_padding=\u00a0\u00bb50px|||||\u00a0\u00bb locked=\u00a0\u00bboff\u00a0\u00bb global_colors_info=\u00a0\u00bb{}\u00a0\u00bb][et_pb_row admin_label=\u00a0\u00bbrow\u00a0\u00bb _builder_version=\u00a0\u00bb4.24.3&Prime; background_size=\u00a0\u00bbinitial\u00a0\u00bb background_position=\u00a0\u00bbtop_left\u00a0\u00bb background_repeat=\u00a0\u00bbrepeat\u00a0\u00bb custom_margin=\u00a0\u00bb-28px||||false|false\u00a0\u00bb custom_padding=\u00a0\u00bb0px|||||\u00a0\u00bb global_colors_info=\u00a0\u00bb{}\u00a0\u00bb][et_pb_column type=\u00a0\u00bb4_4&Prime; _builder_version=\u00a0\u00bb4.16&Prime; custom_padding=\u00a0\u00bb|||\u00a0\u00bb global_colors_info=\u00a0\u00bb{}\u00a0\u00bb custom_padding__hover=\u00a0\u00bb|||\u00a0\u00bb][et_pb_heading title=\u00a0\u00bbQuand le mot \u00ab Hybride \u00bb prend tout son sens\u00a0\u00bb _builder_version=\u00a0\u00bb4.27.4&Prime; _module_preset=\u00a0\u00bbdefault\u00a0\u00bb title_font=\u00a0\u00bb|700||on|||||\u00a0\u00bb title_text_color=\u00a0\u00bb#706f6f\u00a0\u00bb locked=\u00a0\u00bboff\u00a0\u00bb global_colors_info=\u00a0\u00bb{}\u00a0\u00bb][\/et_pb_heading][et_pb_text admin_label=\u00a0\u00bbText\u00a0\u00bb _builder_version=\u00a0\u00bb4.27.4&Prime; text_font_size=\u00a0\u00bb15px\u00a0\u00bb text_line_height=\u00a0\u00bb1.9em\u00a0\u00bb background_size=\u00a0\u00bbinitial\u00a0\u00bb background_position=\u00a0\u00bbtop_left\u00a0\u00bb background_repeat=\u00a0\u00bbrepeat\u00a0\u00bb custom_margin=\u00a0\u00bb||32px||false|false\u00a0\u00bb custom_padding=\u00a0\u00bb||32px||false|false\u00a0\u00bb global_colors_info=\u00a0\u00bb{}\u00a0\u00bb]<\/p>\n<p data-start=\"131\" data-end=\"551\">Le <strong>RepTill<\/strong> est une combinaison de <strong>Minivid + D\u00e9compacteur avec bras Michel 600<\/strong>. Il peut \u00eatre utilis\u00e9 soit comme machine combin\u00e9e, soit comme simple d\u00e9chaumeur rapide, en fonction des besoins du moment. Gr\u00e2ce \u00e0 un parall\u00e9logramme actionn\u00e9 hydrauliquement, il est possible de r\u00e9gler la profondeur de travail des bras du d\u00e9compacteur. En les relevant au maximum, ces bras sont neutralis\u00e9s et seuls les disques travaillent.<\/p>\n<p data-start=\"553\" data-end=\"987\">Le <strong>RepTill<\/strong> peut effectuer <strong>en un seul passage un travail de d\u00e9compactage, de coupe des racines et de d\u00e9sherbage m\u00e9canique, \u00e9conomisant ainsi plusieurs passages n\u00e9cessaires avec d\u2019autres outils traditionnels tels que cultivateurs, sous-soleuses et fraises.<\/strong> La rang\u00e9e avant de disques emp\u00eache l\u2019obstruction des bras. Quant au travail des bras, il favorise un m\u00e9lange et une incorporation intense des r\u00e9sidus en surface par les disques.<\/p>\n<p data-start=\"989\" data-end=\"1252\">Le <strong>RepTill<\/strong> peut \u00eatre \u00e9quip\u00e9 de diff\u00e9rents rouleaux ainsi que de plaques lat\u00e9rales limitatrices pour \u00e9viter les projections sur les ceps. Il peut \u00e9galement \u00eatre \u00e9quip\u00e9 en option d\u2019un ch\u00e2ssis relevable hydrauliquement pour faciliter les man\u0153uvres en bout de rang.<\/p>\n<p>[\/et_pb_text][et_pb_video src=\u00a0\u00bbhttps:\/\/vimeo.com\/223148352&Prime; _builder_version=\u00a0\u00bb4.26.0&Prime; _module_preset=\u00a0\u00bbdefault\u00a0\u00bb global_colors_info=\u00a0\u00bb{}\u00a0\u00bb][\/et_pb_video][\/et_pb_column][\/et_pb_row][et_pb_row _builder_version=\u00a0\u00bb4.24.3&Prime; _module_preset=\u00a0\u00bbdefault\u00a0\u00bb global_colors_info=\u00a0\u00bb{}\u00a0\u00bb][et_pb_column type=\u00a0\u00bb4_4&Prime; _builder_version=\u00a0\u00bb4.24.3&Prime; _module_preset=\u00a0\u00bbdefault\u00a0\u00bb global_colors_info=\u00a0\u00bb{}\u00a0\u00bb][et_pb_button button_url=\u00a0\u00bbhttps:\/\/ovlac.com\/wp-content\/uploads\/2026\/04\/2025-CATALOGO-VINA-FRA_compressed.pdf\u00a0\u00bb url_new_window=\u00a0\u00bbon\u00a0\u00bb button_text=\u00a0\u00bbVigne Catalogue \u00a0\u00bb button_alignment=\u00a0\u00bbcenter\u00a0\u00bb _builder_version=\u00a0\u00bb4.27.4&Prime; _module_preset=\u00a0\u00bbdefault\u00a0\u00bb custom_button=\u00a0\u00bbon\u00a0\u00bb button_text_size=\u00a0\u00bb22px\u00a0\u00bb button_text_color=\u00a0\u00bb#FFFFFF\u00a0\u00bb button_bg_color=\u00a0\u00bb#EF3E42&Prime; button_icon=\u00a0\u00bb&#xe092;||divi||400&Prime; button_icon_color=\u00a0\u00bb#FFFFFF\u00a0\u00bb button_icon_placement=\u00a0\u00bbleft\u00a0\u00bb button_on_hover=\u00a0\u00bboff\u00a0\u00bb hover_enabled=\u00a0\u00bb0&Prime; locked=\u00a0\u00bboff\u00a0\u00bb global_colors_info=\u00a0\u00bb{}\u00a0\u00bb sticky_enabled=\u00a0\u00bb0&Prime;][\/et_pb_button][\/et_pb_column][\/et_pb_row][\/et_pb_section][et_pb_section fb_built=\u00a0\u00bb1&Prime; _builder_version=\u00a0\u00bb4.24.3&Prime; _module_preset=\u00a0\u00bbdefault\u00a0\u00bb background_color=\u00a0\u00bb#e5e5e5&Prime; locked=\u00a0\u00bboff\u00a0\u00bb global_colors_info=\u00a0\u00bb{}\u00a0\u00bb][et_pb_row column_structure=\u00a0\u00bb1_2,1_2&Prime; _builder_version=\u00a0\u00bb4.24.3&Prime; _module_preset=\u00a0\u00bbdefault\u00a0\u00bb custom_margin=\u00a0\u00bb12px||48px||false|false\u00a0\u00bb custom_margin_tablet=\u00a0\u00bb12px||48px||false|false\u00a0\u00bb custom_margin_phone=\u00a0\u00bb12px||48px||false|false\u00a0\u00bb custom_margin_last_edited=\u00a0\u00bbon|desktop\u00a0\u00bb global_colors_info=\u00a0\u00bb{}\u00a0\u00bb][et_pb_column type=\u00a0\u00bb1_2&Prime; _builder_version=\u00a0\u00bb4.24.3&Prime; _module_preset=\u00a0\u00bbdefault\u00a0\u00bb global_colors_info=\u00a0\u00bb{}\u00a0\u00bb][et_pb_text _builder_version=\u00a0\u00bb4.27.4&Prime; _module_preset=\u00a0\u00bbdefault\u00a0\u00bb global_colors_info=\u00a0\u00bb{}\u00a0\u00bb]<\/p>\n<div class=\"acf-label\">\n<h2 class=\"description\" style=\"text-align: center;\"><strong>Avantages principaux<\/strong><\/h2>\n<\/div>\n<p>[\/et_pb_text][et_pb_text _builder_version=\u00a0\u00bb4.27.4&Prime; _module_preset=\u00a0\u00bbdefault\u00a0\u00bb global_colors_info=\u00a0\u00bb{}\u00a0\u00bb]<\/p>\n<ul>\n<li data-start=\"1318\" data-end=\"1359\">\n<p data-start=\"1320\" data-end=\"1359\">Combinaison de Minivid + D\u00e9compacteur<\/p>\n<\/li>\n<li data-start=\"1318\" data-end=\"1359\">\n<p data-start=\"1320\" data-end=\"1359\">Bras Michel 600<\/p>\n<\/li>\n<\/ul>\n<p>[\/et_pb_text][\/et_pb_column][et_pb_column type=\u00a0\u00bb1_2&Prime; _builder_version=\u00a0\u00bb4.24.3&Prime; _module_preset=\u00a0\u00bbdefault\u00a0\u00bb global_colors_info=\u00a0\u00bb{}\u00a0\u00bb][et_pb_image src=\u00a0\u00bbhttps:\/\/ovlac.com\/wp-content\/uploads\/2014\/09\/reptill-trabajo.jpg\u00a0\u00bb title_text=\u00a0\u00bbreptill-trabajo\u00a0\u00bb _builder_version=\u00a0\u00bb4.26.0&Prime; _module_preset=\u00a0\u00bbdefault\u00a0\u00bb global_colors_info=\u00a0\u00bb{}\u00a0\u00bb][\/et_pb_image][\/et_pb_column][\/et_pb_row][et_pb_row _builder_version=\u00a0\u00bb4.24.3&Prime; _module_preset=\u00a0\u00bbdefault\u00a0\u00bb global_colors_info=\u00a0\u00bb{}\u00a0\u00bb][et_pb_column type=\u00a0\u00bb4_4&Prime; _builder_version=\u00a0\u00bb4.24.3&Prime; _module_preset=\u00a0\u00bbdefault\u00a0\u00bb global_colors_info=\u00a0\u00bb{}\u00a0\u00bb][et_pb_text admin_label=\u00a0\u00bbTexto\u00a0\u00bb _builder_version=\u00a0\u00bb4.27.4&Prime; _module_preset=\u00a0\u00bbdefault\u00a0\u00bb global_colors_info=\u00a0\u00bb{}\u00a0\u00bb]<\/p>\n<div class=\"acf-label\">\n<h2 class=\"description\" style=\"text-align: center;\"><strong>Fiche technique et mod\u00e8les disponibles:<\/strong><\/h2>\n<\/div>\n<p>[\/et_pb_text][et_pb_image src=\u00a0\u00bbhttps:\/\/ovlac.com\/wp-content\/uploads\/2025\/08\/Reptill_Caracteristiques-techniques_FRA.png\u00a0\u00bb alt=\u00a0\u00bbXPERIENCIE-CARACTERISTICAS TECNICAS\u00a0\u00bb title_text=\u00a0\u00bbReptill_Caract\u00e9ristiques techniques_FRA\u00a0\u00bb show_bottom_space=\u00a0\u00bboff\u00a0\u00bb align=\u00a0\u00bbcenter\u00a0\u00bb _builder_version=\u00a0\u00bb4.27.4&Prime; _module_preset=\u00a0\u00bbdefault\u00a0\u00bb global_colors_info=\u00a0\u00bb{}\u00a0\u00bb][\/et_pb_image][\/et_pb_column][\/et_pb_row][et_pb_row _builder_version=\u00a0\u00bb4.24.3&Prime; _module_preset=\u00a0\u00bbdefault\u00a0\u00bb global_colors_info=\u00a0\u00bb{}\u00a0\u00bb][et_pb_column type=\u00a0\u00bb4_4&Prime; _builder_version=\u00a0\u00bb4.24.3&Prime; _module_preset=\u00a0\u00bbdefault\u00a0\u00bb global_colors_info=\u00a0\u00bb{}\u00a0\u00bb][et_pb_text _builder_version=\u00a0\u00bb4.27.4&Prime; _module_preset=\u00a0\u00bbdefault\u00a0\u00bb global_colors_info=\u00a0\u00bb{}\u00a0\u00bb]<\/p>\n<div class=\"acf-label\">\n<h2 class=\"description\" style=\"text-align: center;\"><strong>Ressources disponibles:<\/strong><\/h2>\n<\/div>\n<p>[\/et_pb_text][et_pb_gallery gallery_ids=\u00a0\u00bb51503,48391,48388&Prime; show_title_and_caption=\u00a0\u00bboff\u00a0\u00bb _builder_version=\u00a0\u00bb4.26.0&Prime; _module_preset=\u00a0\u00bbdefault\u00a0\u00bb global_colors_info=\u00a0\u00bb{}\u00a0\u00bb][\/et_pb_gallery][\/et_pb_column][\/et_pb_row][\/et_pb_section]<\/p>\n","protected":false},"excerpt":{"rendered":"<p>Le RepTill est une combinaison de Minivid + D\u00e9compacteur avec bras Michel 600. Il peut \u00eatre utilis\u00e9 soit comme machine combin\u00e9e, soit comme simple d\u00e9chaumeur rapide, en fonction des besoins [&hellip;]<\/p>\n","protected":false},"author":200,"featured_media":58755,"parent":0,"menu_order":0,"comment_status":"closed","ping_status":"closed","template":"","meta":{"_et_pb_use_builder":"on","_et_pb_old_content":"","_et_gb_content_width":"","footnotes":""},"class_list":["post-64298","page","type-page","status-publish","has-post-thumbnail","hentry"],"yoast_head":"<!-- This site is optimized with the Yoast SEO plugin v24.8.1 - https:\/\/yoast.com\/wordpress\/plugins\/seo\/ -->\n<title>RepTill Ovlac | Outil hybride vigne d\u00e9compacteur + disques<\/title>\n<meta name=\"description\" content=\"RepTill Ovlac : outil hybride vigne combinant Minivid et d\u00e9compacteur. D\u00e9compactage, coupe des racines et d\u00e9sherbage en un seul passage.\" \/>\n<meta name=\"robots\" content=\"index, follow, max-snippet:-1, max-image-preview:large, max-video-preview:-1\" \/>\n<link rel=\"canonical\" href=\"https:\/\/ovlac.com\/fr\/reptill\/\" \/>\n<meta property=\"og:locale\" content=\"fr_FR\" \/>\n<meta property=\"og:type\" content=\"article\" \/>\n<meta property=\"og:title\" content=\"RepTill Ovlac | Outil hybride vigne d\u00e9compacteur + disques\" \/>\n<meta property=\"og:description\" content=\"RepTill Ovlac : outil hybride vigne combinant Minivid et d\u00e9compacteur. D\u00e9compactage, coupe des racines et d\u00e9sherbage en un seul passage.\" \/>\n<meta property=\"og:url\" content=\"https:\/\/ovlac.com\/fr\/reptill\/\" \/>\n<meta property=\"og:site_name\" content=\"Ovlac\" \/>\n<meta property=\"article:modified_time\" content=\"2026-04-07T08:44:48+00:00\" \/>\n<meta property=\"og:image\" content=\"https:\/\/ovlac.com\/wp-content\/uploads\/2024\/06\/Manual-REPTILL.png\" \/>\n\t<meta property=\"og:image:width\" content=\"1341\" \/>\n\t<meta property=\"og:image:height\" content=\"632\" \/>\n\t<meta property=\"og:image:type\" content=\"image\/png\" \/>\n<meta name=\"twitter:card\" content=\"summary_large_image\" \/>\n<meta name=\"twitter:label1\" content=\"Dur\u00e9e de lecture estim\u00e9e\" \/>\n\t<meta name=\"twitter:data1\" content=\"3 minutes\" \/>\n<script type=\"application\/ld+json\" class=\"yoast-schema-graph\">{\"@context\":\"https:\/\/schema.org\",\"@graph\":[{\"@type\":\"WebPage\",\"@id\":\"https:\/\/ovlac.com\/fr\/reptill\/\",\"url\":\"https:\/\/ovlac.com\/fr\/reptill\/\",\"name\":\"RepTill Ovlac | Outil hybride vigne d\u00e9compacteur + disques\",\"isPartOf\":{\"@id\":\"https:\/\/ovlac.com\/#website\"},\"primaryImageOfPage\":{\"@id\":\"https:\/\/ovlac.com\/fr\/reptill\/#primaryimage\"},\"image\":{\"@id\":\"https:\/\/ovlac.com\/fr\/reptill\/#primaryimage\"},\"thumbnailUrl\":\"https:\/\/ovlac.com\/wp-content\/uploads\/2024\/06\/Manual-REPTILL.png\",\"datePublished\":\"2025-08-26T06:50:43+00:00\",\"dateModified\":\"2026-04-07T08:44:48+00:00\",\"description\":\"RepTill Ovlac : outil hybride vigne combinant Minivid et d\u00e9compacteur. D\u00e9compactage, coupe des racines et d\u00e9sherbage en un seul passage.\",\"breadcrumb\":{\"@id\":\"https:\/\/ovlac.com\/fr\/reptill\/#breadcrumb\"},\"inLanguage\":\"fr-FR\",\"potentialAction\":[{\"@type\":\"ReadAction\",\"target\":[\"https:\/\/ovlac.com\/fr\/reptill\/\"]}]},{\"@type\":\"ImageObject\",\"inLanguage\":\"fr-FR\",\"@id\":\"https:\/\/ovlac.com\/fr\/reptill\/#primaryimage\",\"url\":\"https:\/\/ovlac.com\/wp-content\/uploads\/2024\/06\/Manual-REPTILL.png\",\"contentUrl\":\"https:\/\/ovlac.com\/wp-content\/uploads\/2024\/06\/Manual-REPTILL.png\",\"width\":1341,\"height\":632,\"caption\":\"Manual REPTILL\"},{\"@type\":\"BreadcrumbList\",\"@id\":\"https:\/\/ovlac.com\/fr\/reptill\/#breadcrumb\",\"itemListElement\":[{\"@type\":\"ListItem\",\"position\":1,\"name\":\"Portada\",\"item\":\"https:\/\/ovlac.com\/fr\/\"},{\"@type\":\"ListItem\",\"position\":2,\"name\":\"RepTill\"}]},{\"@type\":\"WebSite\",\"@id\":\"https:\/\/ovlac.com\/#website\",\"url\":\"https:\/\/ovlac.com\/\",\"name\":\"Ovlac\",\"description\":\"OVLAC\",\"potentialAction\":[{\"@type\":\"SearchAction\",\"target\":{\"@type\":\"EntryPoint\",\"urlTemplate\":\"https:\/\/ovlac.com\/?s={search_term_string}\"},\"query-input\":{\"@type\":\"PropertyValueSpecification\",\"valueRequired\":true,\"valueName\":\"search_term_string\"}}],\"inLanguage\":\"fr-FR\"}]}<\/script>\n<!-- \/ Yoast SEO plugin. -->","yoast_head_json":{"title":"RepTill Ovlac | Outil hybride vigne d\u00e9compacteur + disques","description":"RepTill Ovlac : outil hybride vigne combinant Minivid et d\u00e9compacteur. D\u00e9compactage, coupe des racines et d\u00e9sherbage en un seul passage.","robots":{"index":"index","follow":"follow","max-snippet":"max-snippet:-1","max-image-preview":"max-image-preview:large","max-video-preview":"max-video-preview:-1"},"canonical":"https:\/\/ovlac.com\/fr\/reptill\/","og_locale":"fr_FR","og_type":"article","og_title":"RepTill Ovlac | Outil hybride vigne d\u00e9compacteur + disques","og_description":"RepTill Ovlac : outil hybride vigne combinant Minivid et d\u00e9compacteur. D\u00e9compactage, coupe des racines et d\u00e9sherbage en un seul passage.","og_url":"https:\/\/ovlac.com\/fr\/reptill\/","og_site_name":"Ovlac","article_modified_time":"2026-04-07T08:44:48+00:00","og_image":[{"width":1341,"height":632,"url":"https:\/\/ovlac.com\/wp-content\/uploads\/2024\/06\/Manual-REPTILL.png","type":"image\/png"}],"twitter_card":"summary_large_image","twitter_misc":{"Dur\u00e9e de lecture estim\u00e9e":"3 minutes"},"schema":{"@context":"https:\/\/schema.org","@graph":[{"@type":"WebPage","@id":"https:\/\/ovlac.com\/fr\/reptill\/","url":"https:\/\/ovlac.com\/fr\/reptill\/","name":"RepTill Ovlac | Outil hybride vigne d\u00e9compacteur + disques","isPartOf":{"@id":"https:\/\/ovlac.com\/#website"},"primaryImageOfPage":{"@id":"https:\/\/ovlac.com\/fr\/reptill\/#primaryimage"},"image":{"@id":"https:\/\/ovlac.com\/fr\/reptill\/#primaryimage"},"thumbnailUrl":"https:\/\/ovlac.com\/wp-content\/uploads\/2024\/06\/Manual-REPTILL.png","datePublished":"2025-08-26T06:50:43+00:00","dateModified":"2026-04-07T08:44:48+00:00","description":"RepTill Ovlac : outil hybride vigne combinant Minivid et d\u00e9compacteur. D\u00e9compactage, coupe des racines et d\u00e9sherbage en un seul passage.","breadcrumb":{"@id":"https:\/\/ovlac.com\/fr\/reptill\/#breadcrumb"},"inLanguage":"fr-FR","potentialAction":[{"@type":"ReadAction","target":["https:\/\/ovlac.com\/fr\/reptill\/"]}]},{"@type":"ImageObject","inLanguage":"fr-FR","@id":"https:\/\/ovlac.com\/fr\/reptill\/#primaryimage","url":"https:\/\/ovlac.com\/wp-content\/uploads\/2024\/06\/Manual-REPTILL.png","contentUrl":"https:\/\/ovlac.com\/wp-content\/uploads\/2024\/06\/Manual-REPTILL.png","width":1341,"height":632,"caption":"Manual REPTILL"},{"@type":"BreadcrumbList","@id":"https:\/\/ovlac.com\/fr\/reptill\/#breadcrumb","itemListElement":[{"@type":"ListItem","position":1,"name":"Portada","item":"https:\/\/ovlac.com\/fr\/"},{"@type":"ListItem","position":2,"name":"RepTill"}]},{"@type":"WebSite","@id":"https:\/\/ovlac.com\/#website","url":"https:\/\/ovlac.com\/","name":"Ovlac","description":"OVLAC","potentialAction":[{"@type":"SearchAction","target":{"@type":"EntryPoint","urlTemplate":"https:\/\/ovlac.com\/?s={search_term_string}"},"query-input":{"@type":"PropertyValueSpecification","valueRequired":true,"valueName":"search_term_string"}}],"inLanguage":"fr-FR"}]}},"_links":{"self":[{"href":"https:\/\/ovlac.com\/fr\/wp-json\/wp\/v2\/pages\/64298","targetHints":{"allow":["GET"]}}],"collection":[{"href":"https:\/\/ovlac.com\/fr\/wp-json\/wp\/v2\/pages"}],"about":[{"href":"https:\/\/ovlac.com\/fr\/wp-json\/wp\/v2\/types\/page"}],"author":[{"embeddable":true,"href":"https:\/\/ovlac.com\/fr\/wp-json\/wp\/v2\/users\/200"}],"replies":[{"embeddable":true,"href":"https:\/\/ovlac.com\/fr\/wp-json\/wp\/v2\/comments?post=64298"}],"version-history":[{"count":11,"href":"https:\/\/ovlac.com\/fr\/wp-json\/wp\/v2\/pages\/64298\/revisions"}],"predecessor-version":[{"id":68232,"href":"https:\/\/ovlac.com\/fr\/wp-json\/wp\/v2\/pages\/64298\/revisions\/68232"}],"wp:featuredmedia":[{"embeddable":true,"href":"https:\/\/ovlac.com\/fr\/wp-json\/wp\/v2\/media\/58755"}],"wp:attachment":[{"href":"https:\/\/ovlac.com\/fr\/wp-json\/wp\/v2\/media?parent=64298"}],"curies":[{"name":"wp","href":"https:\/\/api.w.org\/{rel}","templated":true}]}}