{"id":61255,"date":"2024-12-20T13:25:27","date_gmt":"2024-12-20T13:25:27","guid":{"rendered":"https:\/\/ovlac.com\/?page_id=61255"},"modified":"2026-04-07T08:43:12","modified_gmt":"2026-04-07T08:43:12","slug":"minivid","status":"publish","type":"page","link":"https:\/\/ovlac.com\/fr\/minivid\/","title":{"rendered":"Minivid"},"content":{"rendered":"<p>[et_pb_section fb_built=\u00a0\u00bb1&Prime; fullwidth=\u00a0\u00bbon\u00a0\u00bb _builder_version=\u00a0\u00bb4.24.3&Prime; _module_preset=\u00a0\u00bbdefault\u00a0\u00bb locked=\u00a0\u00bboff\u00a0\u00bb global_colors_info=\u00a0\u00bb{}\u00a0\u00bb][et_pb_fullwidth_slider admin_label=\u00a0\u00bbControl deslizante de anchura completa\u00a0\u00bb _builder_version=\u00a0\u00bb4.26.0&Prime; _module_preset=\u00a0\u00bbdefault\u00a0\u00bb background_last_edited=\u00a0\u00bbon|desktop\u00a0\u00bb global_colors_info=\u00a0\u00bb{}\u00a0\u00bb][et_pb_slide url_new_window=\u00a0\u00bbon\u00a0\u00bb use_bg_overlay=\u00a0\u00bboff\u00a0\u00bb use_text_overlay=\u00a0\u00bboff\u00a0\u00bb image_tablet=\u00a0\u00bb\u00a0\u00bb image_phone=\u00a0\u00bb\u00a0\u00bb image_last_edited=\u00a0\u00bbon|desktop\u00a0\u00bb _builder_version=\u00a0\u00bb4.26.0&Prime; _module_preset=\u00a0\u00bbdefault\u00a0\u00bb header_font=\u00a0\u00bb||||||||\u00a0\u00bb background_color=\u00a0\u00bb#FFFFFF\u00a0\u00bb background_enable_color=\u00a0\u00bbon\u00a0\u00bb background_image=\u00a0\u00bbhttps:\/\/ovlac.com\/wp-content\/uploads\/2014\/04\/Minivid-practical-RW.jpg\u00a0\u00bb background_enable_image=\u00a0\u00bbon\u00a0\u00bb button_on_hover=\u00a0\u00bbon\u00a0\u00bb background_last_edited=\u00a0\u00bbon|desktop\u00a0\u00bb background_image_tablet=\u00a0\u00bbhttps:\/\/ovlac.com\/wp-content\/uploads\/2024\/04\/slider-XP.png\u00a0\u00bb background_image_phone=\u00a0\u00bbhttps:\/\/ovlac.com\/wp-content\/uploads\/2024\/04\/slider-XP.png\u00a0\u00bb background_enable_image_tablet=\u00a0\u00bbon\u00a0\u00bb background_enable_image_phone=\u00a0\u00bbon\u00a0\u00bb global_colors_info=\u00a0\u00bb{}\u00a0\u00bb sticky_transition=\u00a0\u00bbon\u00a0\u00bb][\/et_pb_slide][\/et_pb_fullwidth_slider][et_pb_fullwidth_post_title meta=\u00a0\u00bboff\u00a0\u00bb featured_image=\u00a0\u00bboff\u00a0\u00bb _builder_version=\u00a0\u00bb4.24.3&Prime; _module_preset=\u00a0\u00bbdefault\u00a0\u00bb title_font=\u00a0\u00bb|700|||||||\u00a0\u00bb title_text_color=\u00a0\u00bb#e73137&Prime; title_font_size=\u00a0\u00bb33px\u00a0\u00bb background_color=\u00a0\u00bbRGBA(255,255,255,0)\u00a0\u00bb custom_padding=\u00a0\u00bb60px||||false|false\u00a0\u00bb global_colors_info=\u00a0\u00bb{}\u00a0\u00bb][\/et_pb_fullwidth_post_title][\/et_pb_section][et_pb_section fb_built=\u00a0\u00bb1&Prime; admin_label=\u00a0\u00bbsection\u00a0\u00bb _builder_version=\u00a0\u00bb4.16&Prime; locked=\u00a0\u00bboff\u00a0\u00bb global_colors_info=\u00a0\u00bb{}\u00a0\u00bb][et_pb_row admin_label=\u00a0\u00bbrow\u00a0\u00bb _builder_version=\u00a0\u00bb4.24.3&Prime; background_size=\u00a0\u00bbinitial\u00a0\u00bb background_position=\u00a0\u00bbtop_left\u00a0\u00bb background_repeat=\u00a0\u00bbrepeat\u00a0\u00bb custom_margin=\u00a0\u00bb-28px||||false|false\u00a0\u00bb global_colors_info=\u00a0\u00bb{}\u00a0\u00bb][et_pb_column type=\u00a0\u00bb4_4&Prime; _builder_version=\u00a0\u00bb4.16&Prime; custom_padding=\u00a0\u00bb|||\u00a0\u00bb global_colors_info=\u00a0\u00bb{}\u00a0\u00bb custom_padding__hover=\u00a0\u00bb|||\u00a0\u00bb][et_pb_text admin_label=\u00a0\u00bbText\u00a0\u00bb _builder_version=\u00a0\u00bb4.26.0&Prime; text_font_size=\u00a0\u00bb15px\u00a0\u00bb text_line_height=\u00a0\u00bb1.9em\u00a0\u00bb background_size=\u00a0\u00bbinitial\u00a0\u00bb background_position=\u00a0\u00bbtop_left\u00a0\u00bb background_repeat=\u00a0\u00bbrepeat\u00a0\u00bb custom_margin=\u00a0\u00bb||32px||false|false\u00a0\u00bb custom_padding=\u00a0\u00bb||32px||false|false\u00a0\u00bb global_colors_info=\u00a0\u00bb{}\u00a0\u00bb]<\/p>\n<p>La <strong>Minivid<\/strong> est la herse rapide d&rsquo;Ovlac con\u00e7ue sp\u00e9cifiquement pour les vignobles. Le bras en acier ALE et les manchons \u00e9tanches sans entretien sont, entre autres, des \u00e9l\u00e9ments largement \u00e9prouv\u00e9s dans la gamme de herses rapides d&rsquo;Ovlac.<\/p>\n<p>Apr\u00e8s le passage de la Minivid, le terrain est parfaitement nivel\u00e9 et les vignes ne sont pas affect\u00e9es gr\u00e2ce aux limiteurs lat\u00e9raux qui \u00e9vitent les projections de terre. De plus, le pied de la plante reste d\u00e9gag\u00e9, car la terre des deux c\u00f4t\u00e9s est projet\u00e9e vers l&rsquo;int\u00e9rieur.<\/p>\n<p><strong>Principe de fonctionnement<\/strong> : La rang\u00e9e avant projette la terre vers l&rsquo;ext\u00e9rieur (frein\u00e9e par les plaques lat\u00e9rales), tandis que la rang\u00e9e arri\u00e8re, plus large que l&rsquo;avant, la projette vers le centre de la machine. Le rouleau termine le travail en nivelant et \u00e9miettant la terre.<\/p>\n<p>Un <strong>bras central r\u00e9glable en hauteur<\/strong> et \u00e9quip\u00e9 d&rsquo;un soc de hirondelle effectue le travail de la bande centrale, ce qui laisse une disposition d\u00e9cal\u00e9e des disques avant et arri\u00e8re.<\/p>\n<p>Quelle que soit la hauteur de la v\u00e9g\u00e9tation, la herse rapide \u00e0 disques ind\u00e9pendants <strong>Minivid<\/strong> r\u00e9alise un travail impeccable sans blocage gr\u00e2ce \u00e0 ses disques dent\u00e9s et \u00e0 son angle d&rsquo;attaque agressif.<\/p>\n<p>La version <strong>Minivid PRO<\/strong> est destin\u00e9e aux entreprises de services, car gr\u00e2ce au r\u00e9glage hydraulique de la largeur, la m\u00eame machine peut travailler sur des all\u00e9es avec une diff\u00e9rence de largeur allant jusqu&rsquo;\u00e0 50 cm.<\/p>\n<p>Le rouleau peut \u00eatre extensible en option pour s&rsquo;adapter aux diff\u00e9rentes largeurs auxquelles la Minivid PRO peut \u00eatre dispos\u00e9e.<\/p>\n<p>[\/et_pb_text][et_pb_video src=\u00a0\u00bbhttps:\/\/vimeo.com\/223144779&Prime; _builder_version=\u00a0\u00bb4.26.0&Prime; _module_preset=\u00a0\u00bbdefault\u00a0\u00bb global_colors_info=\u00a0\u00bb{}\u00a0\u00bb][\/et_pb_video][et_pb_button button_url=\u00a0\u00bbhttps:\/\/ovlac.com\/wp-content\/uploads\/2026\/04\/2025-CATALOGO-VINA-FRA_compressed.pdf\u00a0\u00bb url_new_window=\u00a0\u00bbon\u00a0\u00bb button_text=\u00a0\u00bbVigne Catalogue \u00a0\u00bb button_alignment=\u00a0\u00bbcenter\u00a0\u00bb _builder_version=\u00a0\u00bb4.27.4&Prime; _module_preset=\u00a0\u00bbdefault\u00a0\u00bb custom_button=\u00a0\u00bbon\u00a0\u00bb button_text_size=\u00a0\u00bb22px\u00a0\u00bb button_text_color=\u00a0\u00bb#FFFFFF\u00a0\u00bb button_bg_color=\u00a0\u00bb#EF3E42&Prime; button_icon=\u00a0\u00bb&#xe092;||divi||400&Prime; button_icon_color=\u00a0\u00bb#FFFFFF\u00a0\u00bb button_icon_placement=\u00a0\u00bbleft\u00a0\u00bb button_on_hover=\u00a0\u00bboff\u00a0\u00bb hover_enabled=\u00a0\u00bb0&Prime; locked=\u00a0\u00bboff\u00a0\u00bb global_colors_info=\u00a0\u00bb{}\u00a0\u00bb sticky_enabled=\u00a0\u00bb0&Prime;][\/et_pb_button][\/et_pb_column][\/et_pb_row][\/et_pb_section][et_pb_section fb_built=\u00a0\u00bb1&Prime; _builder_version=\u00a0\u00bb4.24.3&Prime; _module_preset=\u00a0\u00bbdefault\u00a0\u00bb background_color=\u00a0\u00bb#e5e5e5&Prime; locked=\u00a0\u00bboff\u00a0\u00bb global_colors_info=\u00a0\u00bb{}\u00a0\u00bb][et_pb_row column_structure=\u00a0\u00bb1_2,1_2&Prime; _builder_version=\u00a0\u00bb4.24.3&Prime; _module_preset=\u00a0\u00bbdefault\u00a0\u00bb custom_margin=\u00a0\u00bb12px||48px||false|false\u00a0\u00bb custom_margin_tablet=\u00a0\u00bb12px||48px||false|false\u00a0\u00bb custom_margin_phone=\u00a0\u00bb12px||48px||false|false\u00a0\u00bb custom_margin_last_edited=\u00a0\u00bbon|desktop\u00a0\u00bb global_colors_info=\u00a0\u00bb{}\u00a0\u00bb][et_pb_column type=\u00a0\u00bb1_2&Prime; _builder_version=\u00a0\u00bb4.24.3&Prime; _module_preset=\u00a0\u00bbdefault\u00a0\u00bb global_colors_info=\u00a0\u00bb{}\u00a0\u00bb][et_pb_text _builder_version=\u00a0\u00bb4.27.3&Prime; _module_preset=\u00a0\u00bbdefault\u00a0\u00bb global_colors_info=\u00a0\u00bb{}\u00a0\u00bb]<\/p>\n<div class=\"acf-label\">\n<h2 class=\"description\" style=\"text-align: center;\"><strong>Principales avantages<\/strong><\/h2>\n<\/div>\n<p>[\/et_pb_text][et_pb_text _builder_version=\u00a0\u00bb4.26.0&Prime; _module_preset=\u00a0\u00bbdefault\u00a0\u00bb global_colors_info=\u00a0\u00bb{}\u00a0\u00bb]<\/p>\n<ul>\n<li>Versi\u00f3n especial para <strong>vi\u00f1a<\/strong>.<\/li>\n<li>Proyecci\u00f3n de la tierra hacia el <strong>interior<\/strong>.<\/li>\n<li><strong>Minivid PRO<\/strong> con anchura variable hidr\u00e1ulicamente.<\/li>\n<\/ul>\n<p>[\/et_pb_text][\/et_pb_column][et_pb_column type=\u00a0\u00bb1_2&Prime; _builder_version=\u00a0\u00bb4.24.3&Prime; _module_preset=\u00a0\u00bbdefault\u00a0\u00bb global_colors_info=\u00a0\u00bb{}\u00a0\u00bb][et_pb_image src=\u00a0\u00bbhttps:\/\/ovlac.com\/wp-content\/uploads\/2014\/04\/Minivid-practical-RW-640&#215;300.jpg\u00a0\u00bb title_text=\u00a0\u00bbMCHV TRABAJO R&#038;B\u00a0\u00bb _builder_version=\u00a0\u00bb4.26.0&Prime; _module_preset=\u00a0\u00bbdefault\u00a0\u00bb global_colors_info=\u00a0\u00bb{}\u00a0\u00bb][\/et_pb_image][\/et_pb_column][\/et_pb_row][et_pb_row _builder_version=\u00a0\u00bb4.24.3&Prime; _module_preset=\u00a0\u00bbdefault\u00a0\u00bb global_colors_info=\u00a0\u00bb{}\u00a0\u00bb][et_pb_column type=\u00a0\u00bb4_4&Prime; _builder_version=\u00a0\u00bb4.24.3&Prime; _module_preset=\u00a0\u00bbdefault\u00a0\u00bb global_colors_info=\u00a0\u00bb{}\u00a0\u00bb][et_pb_text admin_label=\u00a0\u00bbTexto\u00a0\u00bb _builder_version=\u00a0\u00bb4.27.3&Prime; _module_preset=\u00a0\u00bbdefault\u00a0\u00bb global_colors_info=\u00a0\u00bb{}\u00a0\u00bb]<\/p>\n<div class=\"acf-label\">\n<h2 class=\"description\" style=\"text-align: center;\"><strong>Fiche technique<\/strong><\/h2>\n<\/div>\n<p>[\/et_pb_text][et_pb_image src=\u00a0\u00bbhttps:\/\/ovlac.com\/wp-content\/uploads\/2014\/04\/MINIVID-TABLA-TECNICA-ESP_Mesa-de-trabajo-1-1024&#215;462.jpg\u00a0\u00bb alt=\u00a0\u00bbXPERIENCIE-CARACTERISTICAS TECNICAS\u00a0\u00bb title_text=\u00a0\u00bb2024-XP-CARACTERISTICAS TECNICAS-WEB\u00a0\u00bb show_bottom_space=\u00a0\u00bboff\u00a0\u00bb _builder_version=\u00a0\u00bb4.26.0&Prime; _module_preset=\u00a0\u00bbdefault\u00a0\u00bb global_colors_info=\u00a0\u00bb{}\u00a0\u00bb][\/et_pb_image][\/et_pb_column][\/et_pb_row][et_pb_row _builder_version=\u00a0\u00bb4.24.3&Prime; _module_preset=\u00a0\u00bbdefault\u00a0\u00bb global_colors_info=\u00a0\u00bb{}\u00a0\u00bb][et_pb_column type=\u00a0\u00bb4_4&Prime; _builder_version=\u00a0\u00bb4.24.3&Prime; _module_preset=\u00a0\u00bbdefault\u00a0\u00bb global_colors_info=\u00a0\u00bb{}\u00a0\u00bb][et_pb_text _builder_version=\u00a0\u00bb4.27.3&Prime; _module_preset=\u00a0\u00bbdefault\u00a0\u00bb global_colors_info=\u00a0\u00bb{}\u00a0\u00bb]<\/p>\n<div class=\"acf-label\">\n<h2 class=\"description\" style=\"text-align: center;\"><strong>Photos<\/strong><\/h2>\n<\/div>\n<p>[\/et_pb_text][et_pb_gallery gallery_ids=\u00a0\u00bb47756,47135,46778&Prime; show_title_and_caption=\u00a0\u00bboff\u00a0\u00bb _builder_version=\u00a0\u00bb4.26.0&Prime; _module_preset=\u00a0\u00bbdefault\u00a0\u00bb global_colors_info=\u00a0\u00bb{}\u00a0\u00bb][\/et_pb_gallery][\/et_pb_column][\/et_pb_row][\/et_pb_section]<\/p>\n","protected":false},"excerpt":{"rendered":"<p>La Minivid est la herse rapide d&rsquo;Ovlac con\u00e7ue sp\u00e9cifiquement pour les vignobles. Le bras en acier ALE et les manchons \u00e9tanches sans entretien sont, entre autres, des \u00e9l\u00e9ments largement \u00e9prouv\u00e9s [&hellip;]<\/p>\n","protected":false},"author":200,"featured_media":0,"parent":0,"menu_order":0,"comment_status":"closed","ping_status":"closed","template":"","meta":{"_et_pb_use_builder":"on","_et_pb_old_content":"","_et_gb_content_width":"","footnotes":""},"class_list":["post-61255","page","type-page","status-publish","hentry"],"yoast_head":"<!-- This site is optimized with the Yoast SEO plugin v24.8.1 - https:\/\/yoast.com\/wordpress\/plugins\/seo\/ -->\n<title>Minivid - Ovlac<\/title>\n<meta name=\"robots\" content=\"index, follow, max-snippet:-1, max-image-preview:large, max-video-preview:-1\" \/>\n<link rel=\"canonical\" href=\"https:\/\/ovlac.com\/fr\/minivid\/\" \/>\n<meta property=\"og:locale\" content=\"fr_FR\" \/>\n<meta property=\"og:type\" content=\"article\" \/>\n<meta property=\"og:title\" content=\"Minivid - Ovlac\" \/>\n<meta property=\"og:description\" content=\"La Minivid est la herse rapide d&#039;Ovlac con\u00e7ue sp\u00e9cifiquement pour les vignobles. Le bras en acier ALE et les manchons \u00e9tanches sans entretien sont, entre autres, des \u00e9l\u00e9ments largement \u00e9prouv\u00e9s [&hellip;]\" \/>\n<meta property=\"og:url\" content=\"https:\/\/ovlac.com\/fr\/minivid\/\" \/>\n<meta property=\"og:site_name\" content=\"Ovlac\" \/>\n<meta property=\"article:modified_time\" content=\"2026-04-07T08:43:12+00:00\" \/>\n<meta name=\"twitter:card\" content=\"summary_large_image\" \/>\n<meta name=\"twitter:label1\" content=\"Dur\u00e9e de lecture estim\u00e9e\" \/>\n\t<meta name=\"twitter:data1\" content=\"3 minutes\" \/>\n<script type=\"application\/ld+json\" class=\"yoast-schema-graph\">{\"@context\":\"https:\/\/schema.org\",\"@graph\":[{\"@type\":\"WebPage\",\"@id\":\"https:\/\/ovlac.com\/fr\/minivid\/\",\"url\":\"https:\/\/ovlac.com\/fr\/minivid\/\",\"name\":\"Minivid - Ovlac\",\"isPartOf\":{\"@id\":\"https:\/\/ovlac.com\/#website\"},\"datePublished\":\"2024-12-20T13:25:27+00:00\",\"dateModified\":\"2026-04-07T08:43:12+00:00\",\"breadcrumb\":{\"@id\":\"https:\/\/ovlac.com\/fr\/minivid\/#breadcrumb\"},\"inLanguage\":\"fr-FR\",\"potentialAction\":[{\"@type\":\"ReadAction\",\"target\":[\"https:\/\/ovlac.com\/fr\/minivid\/\"]}]},{\"@type\":\"BreadcrumbList\",\"@id\":\"https:\/\/ovlac.com\/fr\/minivid\/#breadcrumb\",\"itemListElement\":[{\"@type\":\"ListItem\",\"position\":1,\"name\":\"Portada\",\"item\":\"https:\/\/ovlac.com\/fr\/\"},{\"@type\":\"ListItem\",\"position\":2,\"name\":\"Minivid\"}]},{\"@type\":\"WebSite\",\"@id\":\"https:\/\/ovlac.com\/#website\",\"url\":\"https:\/\/ovlac.com\/\",\"name\":\"Ovlac\",\"description\":\"OVLAC\",\"potentialAction\":[{\"@type\":\"SearchAction\",\"target\":{\"@type\":\"EntryPoint\",\"urlTemplate\":\"https:\/\/ovlac.com\/?s={search_term_string}\"},\"query-input\":{\"@type\":\"PropertyValueSpecification\",\"valueRequired\":true,\"valueName\":\"search_term_string\"}}],\"inLanguage\":\"fr-FR\"}]}<\/script>\n<!-- \/ Yoast SEO plugin. -->","yoast_head_json":{"title":"Minivid - Ovlac","robots":{"index":"index","follow":"follow","max-snippet":"max-snippet:-1","max-image-preview":"max-image-preview:large","max-video-preview":"max-video-preview:-1"},"canonical":"https:\/\/ovlac.com\/fr\/minivid\/","og_locale":"fr_FR","og_type":"article","og_title":"Minivid - Ovlac","og_description":"La Minivid est la herse rapide d'Ovlac con\u00e7ue sp\u00e9cifiquement pour les vignobles. Le bras en acier ALE et les manchons \u00e9tanches sans entretien sont, entre autres, des \u00e9l\u00e9ments largement \u00e9prouv\u00e9s [&hellip;]","og_url":"https:\/\/ovlac.com\/fr\/minivid\/","og_site_name":"Ovlac","article_modified_time":"2026-04-07T08:43:12+00:00","twitter_card":"summary_large_image","twitter_misc":{"Dur\u00e9e de lecture estim\u00e9e":"3 minutes"},"schema":{"@context":"https:\/\/schema.org","@graph":[{"@type":"WebPage","@id":"https:\/\/ovlac.com\/fr\/minivid\/","url":"https:\/\/ovlac.com\/fr\/minivid\/","name":"Minivid - Ovlac","isPartOf":{"@id":"https:\/\/ovlac.com\/#website"},"datePublished":"2024-12-20T13:25:27+00:00","dateModified":"2026-04-07T08:43:12+00:00","breadcrumb":{"@id":"https:\/\/ovlac.com\/fr\/minivid\/#breadcrumb"},"inLanguage":"fr-FR","potentialAction":[{"@type":"ReadAction","target":["https:\/\/ovlac.com\/fr\/minivid\/"]}]},{"@type":"BreadcrumbList","@id":"https:\/\/ovlac.com\/fr\/minivid\/#breadcrumb","itemListElement":[{"@type":"ListItem","position":1,"name":"Portada","item":"https:\/\/ovlac.com\/fr\/"},{"@type":"ListItem","position":2,"name":"Minivid"}]},{"@type":"WebSite","@id":"https:\/\/ovlac.com\/#website","url":"https:\/\/ovlac.com\/","name":"Ovlac","description":"OVLAC","potentialAction":[{"@type":"SearchAction","target":{"@type":"EntryPoint","urlTemplate":"https:\/\/ovlac.com\/?s={search_term_string}"},"query-input":{"@type":"PropertyValueSpecification","valueRequired":true,"valueName":"search_term_string"}}],"inLanguage":"fr-FR"}]}},"_links":{"self":[{"href":"https:\/\/ovlac.com\/fr\/wp-json\/wp\/v2\/pages\/61255","targetHints":{"allow":["GET"]}}],"collection":[{"href":"https:\/\/ovlac.com\/fr\/wp-json\/wp\/v2\/pages"}],"about":[{"href":"https:\/\/ovlac.com\/fr\/wp-json\/wp\/v2\/types\/page"}],"author":[{"embeddable":true,"href":"https:\/\/ovlac.com\/fr\/wp-json\/wp\/v2\/users\/200"}],"replies":[{"embeddable":true,"href":"https:\/\/ovlac.com\/fr\/wp-json\/wp\/v2\/comments?post=61255"}],"version-history":[{"count":5,"href":"https:\/\/ovlac.com\/fr\/wp-json\/wp\/v2\/pages\/61255\/revisions"}],"predecessor-version":[{"id":68231,"href":"https:\/\/ovlac.com\/fr\/wp-json\/wp\/v2\/pages\/61255\/revisions\/68231"}],"wp:attachment":[{"href":"https:\/\/ovlac.com\/fr\/wp-json\/wp\/v2\/media?parent=61255"}],"curies":[{"name":"wp","href":"https:\/\/api.w.org\/{rel}","templated":true}]}}