{"id":61249,"date":"2024-12-20T13:19:04","date_gmt":"2024-12-20T13:19:04","guid":{"rendered":"https:\/\/ovlac.com\/?page_id=61249"},"modified":"2026-04-07T08:42:26","modified_gmt":"2026-04-07T08:42:26","slug":"minichisel-v","status":"publish","type":"page","link":"https:\/\/ovlac.com\/fr\/minichisel-v\/","title":{"rendered":"Minichisel V"},"content":{"rendered":"<p>[et_pb_section fb_built=\u00a0\u00bb1&Prime; fullwidth=\u00a0\u00bbon\u00a0\u00bb _builder_version=\u00a0\u00bb4.24.3&Prime; _module_preset=\u00a0\u00bbdefault\u00a0\u00bb locked=\u00a0\u00bboff\u00a0\u00bb global_colors_info=\u00a0\u00bb{}\u00a0\u00bb][et_pb_fullwidth_slider admin_label=\u00a0\u00bbControl deslizante de anchura completa\u00a0\u00bb _builder_version=\u00a0\u00bb4.27.3&Prime; _module_preset=\u00a0\u00bbdefault\u00a0\u00bb background_last_edited=\u00a0\u00bbon|desktop\u00a0\u00bb global_colors_info=\u00a0\u00bb{}\u00a0\u00bb][et_pb_slide url_new_window=\u00a0\u00bbon\u00a0\u00bb use_bg_overlay=\u00a0\u00bboff\u00a0\u00bb use_text_overlay=\u00a0\u00bboff\u00a0\u00bb image_tablet=\u00a0\u00bb\u00a0\u00bb image_phone=\u00a0\u00bb\u00a0\u00bb image_last_edited=\u00a0\u00bbon|desktop\u00a0\u00bb _builder_version=\u00a0\u00bb4.27.3&Prime; _module_preset=\u00a0\u00bbdefault\u00a0\u00bb header_font=\u00a0\u00bb||||||||\u00a0\u00bb background_color=\u00a0\u00bbRGBA(255,255,255,0)\u00a0\u00bb background_enable_color=\u00a0\u00bbon\u00a0\u00bb background_image=\u00a0\u00bbhttps:\/\/ovlac.com\/wp-content\/uploads\/2014\/09\/MCHV-RW-practical-pic.jpg\u00a0\u00bb background_enable_image=\u00a0\u00bbon\u00a0\u00bb button_on_hover=\u00a0\u00bbon\u00a0\u00bb background_last_edited=\u00a0\u00bbon|desktop\u00a0\u00bb background_image_tablet=\u00a0\u00bbhttps:\/\/ovlac.com\/wp-content\/uploads\/2024\/04\/slider-XP.png\u00a0\u00bb background_image_phone=\u00a0\u00bbhttps:\/\/ovlac.com\/wp-content\/uploads\/2024\/04\/slider-XP.png\u00a0\u00bb background_enable_image_tablet=\u00a0\u00bbon\u00a0\u00bb background_enable_image_phone=\u00a0\u00bbon\u00a0\u00bb global_colors_info=\u00a0\u00bb{}\u00a0\u00bb sticky_transition=\u00a0\u00bbon\u00a0\u00bb][\/et_pb_slide][\/et_pb_fullwidth_slider][et_pb_fullwidth_post_title meta=\u00a0\u00bboff\u00a0\u00bb featured_image=\u00a0\u00bboff\u00a0\u00bb _builder_version=\u00a0\u00bb4.24.3&Prime; _module_preset=\u00a0\u00bbdefault\u00a0\u00bb title_font=\u00a0\u00bb|700|||||||\u00a0\u00bb title_text_color=\u00a0\u00bb#e73137&Prime; title_font_size=\u00a0\u00bb33px\u00a0\u00bb background_color=\u00a0\u00bbRGBA(255,255,255,0)\u00a0\u00bb custom_padding=\u00a0\u00bb60px||||false|false\u00a0\u00bb global_colors_info=\u00a0\u00bb{}\u00a0\u00bb][\/et_pb_fullwidth_post_title][\/et_pb_section][et_pb_section fb_built=\u00a0\u00bb1&Prime; admin_label=\u00a0\u00bbsection\u00a0\u00bb _builder_version=\u00a0\u00bb4.16&Prime; locked=\u00a0\u00bboff\u00a0\u00bb global_colors_info=\u00a0\u00bb{}\u00a0\u00bb][et_pb_row admin_label=\u00a0\u00bbrow\u00a0\u00bb _builder_version=\u00a0\u00bb4.24.3&Prime; background_size=\u00a0\u00bbinitial\u00a0\u00bb background_position=\u00a0\u00bbtop_left\u00a0\u00bb background_repeat=\u00a0\u00bbrepeat\u00a0\u00bb custom_margin=\u00a0\u00bb-28px||||false|false\u00a0\u00bb global_colors_info=\u00a0\u00bb{}\u00a0\u00bb][et_pb_column type=\u00a0\u00bb4_4&Prime; _builder_version=\u00a0\u00bb4.16&Prime; custom_padding=\u00a0\u00bb|||\u00a0\u00bb global_colors_info=\u00a0\u00bb{}\u00a0\u00bb custom_padding__hover=\u00a0\u00bb|||\u00a0\u00bb][et_pb_text admin_label=\u00a0\u00bbText\u00a0\u00bb _builder_version=\u00a0\u00bb4.26.0&Prime; text_font_size=\u00a0\u00bb15px\u00a0\u00bb text_line_height=\u00a0\u00bb1.9em\u00a0\u00bb background_size=\u00a0\u00bbinitial\u00a0\u00bb background_position=\u00a0\u00bbtop_left\u00a0\u00bb background_repeat=\u00a0\u00bbrepeat\u00a0\u00bb custom_margin=\u00a0\u00bb||32px||false|false\u00a0\u00bb custom_padding=\u00a0\u00bb||32px||false|false\u00a0\u00bb global_colors_info=\u00a0\u00bb{}\u00a0\u00bb]<\/p>\n<p>Le Minichisel Vi\u00f1a (MCHV) est une version du populaire Minichisel sp\u00e9cifiquement con\u00e7ue pour le viticulteur professionnel. Plusieurs raisons font du Minichisel Vi\u00f1a un outil unique dans son secteur :<\/p>\n<ul>\n<li>\n<p>Bras de 35<em>35 mm avec une grande garde au sol (disponible en option en 30<\/em>30 avec 7 cm de moins en hauteur).<\/p>\n<\/li>\n<li>\n<p>Bras positionn\u00e9s dans diff\u00e9rentes lignes au sein de la m\u00eame rang\u00e9e pour am\u00e9liorer le flux des r\u00e9sidus et \u00e9viter les blocages.<\/p>\n<\/li>\n<li>\n<p>Ch\u00e2ssis t\u00e9lescopique hydraulique de s\u00e9rie (disponible en option en t\u00e9lescopique manuel).<\/p>\n<\/li>\n<\/ul>\n<p>Et bien s\u00fbr, le syst\u00e8me exclusif Non Stop Ovlac \u00e0 base d&rsquo;\u00e9lastom\u00e8res, 100 % sans entretien, car il ne comporte aucun \u00e9l\u00e9ment soumis \u00e0 friction et donc \u00e0 l&rsquo;usure.<\/p>\n<p>Tout cela, avec la qualit\u00e9 et le service qu&rsquo;Ovlac offre dans tous ses outils.<\/p>\n<p>[\/et_pb_text][et_pb_video src=\u00a0\u00bbhttps:\/\/vimeo.com\/223143867&Prime; _builder_version=\u00a0\u00bb4.26.0&Prime; _module_preset=\u00a0\u00bbdefault\u00a0\u00bb global_colors_info=\u00a0\u00bb{}\u00a0\u00bb][\/et_pb_video][et_pb_button button_url=\u00a0\u00bbhttps:\/\/ovlac.com\/wp-content\/uploads\/2026\/04\/2025-CATALOGO-VINA-FRA_compressed.pdf\u00a0\u00bb url_new_window=\u00a0\u00bbon\u00a0\u00bb button_text=\u00a0\u00bbVigne Catalogue \u00a0\u00bb button_alignment=\u00a0\u00bbcenter\u00a0\u00bb _builder_version=\u00a0\u00bb4.27.4&Prime; _module_preset=\u00a0\u00bbdefault\u00a0\u00bb custom_button=\u00a0\u00bbon\u00a0\u00bb button_text_size=\u00a0\u00bb22px\u00a0\u00bb button_text_color=\u00a0\u00bb#FFFFFF\u00a0\u00bb button_bg_color=\u00a0\u00bb#EF3E42&Prime; button_icon=\u00a0\u00bb&#xe092;||divi||400&Prime; button_icon_color=\u00a0\u00bb#FFFFFF\u00a0\u00bb button_icon_placement=\u00a0\u00bbleft\u00a0\u00bb button_on_hover=\u00a0\u00bboff\u00a0\u00bb hover_enabled=\u00a0\u00bb0&Prime; locked=\u00a0\u00bboff\u00a0\u00bb global_colors_info=\u00a0\u00bb{}\u00a0\u00bb sticky_enabled=\u00a0\u00bb0&Prime;][\/et_pb_button][\/et_pb_column][\/et_pb_row][\/et_pb_section][et_pb_section fb_built=\u00a0\u00bb1&Prime; _builder_version=\u00a0\u00bb4.24.3&Prime; _module_preset=\u00a0\u00bbdefault\u00a0\u00bb background_color=\u00a0\u00bb#e5e5e5&Prime; locked=\u00a0\u00bboff\u00a0\u00bb global_colors_info=\u00a0\u00bb{}\u00a0\u00bb][et_pb_row column_structure=\u00a0\u00bb1_2,1_2&Prime; _builder_version=\u00a0\u00bb4.24.3&Prime; _module_preset=\u00a0\u00bbdefault\u00a0\u00bb custom_margin=\u00a0\u00bb12px||48px||false|false\u00a0\u00bb custom_margin_tablet=\u00a0\u00bb12px||48px||false|false\u00a0\u00bb custom_margin_phone=\u00a0\u00bb12px||48px||false|false\u00a0\u00bb custom_margin_last_edited=\u00a0\u00bbon|desktop\u00a0\u00bb global_colors_info=\u00a0\u00bb{}\u00a0\u00bb][et_pb_column type=\u00a0\u00bb1_2&Prime; _builder_version=\u00a0\u00bb4.24.3&Prime; _module_preset=\u00a0\u00bbdefault\u00a0\u00bb global_colors_info=\u00a0\u00bb{}\u00a0\u00bb][et_pb_text _builder_version=\u00a0\u00bb4.27.3&Prime; _module_preset=\u00a0\u00bbdefault\u00a0\u00bb global_colors_info=\u00a0\u00bb{}\u00a0\u00bb]<\/p>\n<div class=\"acf-label\">\n<h2 class=\"description\" style=\"text-align: center;\"><strong>Principales avantages<\/strong><\/h2>\n<\/div>\n<p>[\/et_pb_text][et_pb_text _builder_version=\u00a0\u00bb4.26.0&Prime; _module_preset=\u00a0\u00bbdefault\u00a0\u00bb global_colors_info=\u00a0\u00bb{}\u00a0\u00bb]<\/p>\n<ul>\n<li>Non Stop avec \u00e9lastom\u00e8res, 100 % sans entretien.<\/li>\n<li>Ch\u00e2ssis t\u00e9lescopique hydraulique de s\u00e9rie.<\/li>\n<li>Bras hauts de 35*35 d\u00e9cal\u00e9s en 4 rang\u00e9es : grande garde au sol.<\/li>\n<\/ul>\n<p>[\/et_pb_text][\/et_pb_column][et_pb_column type=\u00a0\u00bb1_2&Prime; _builder_version=\u00a0\u00bb4.24.3&Prime; _module_preset=\u00a0\u00bbdefault\u00a0\u00bb global_colors_info=\u00a0\u00bb{}\u00a0\u00bb][et_pb_image src=\u00a0\u00bbhttps:\/\/ovlac.com\/wp-content\/uploads\/2016\/06\/MCHV-TRABAJO-RB.jpg\u00a0\u00bb title_text=\u00a0\u00bbMCHV TRABAJO R&#038;B\u00a0\u00bb _builder_version=\u00a0\u00bb4.26.0&Prime; _module_preset=\u00a0\u00bbdefault\u00a0\u00bb global_colors_info=\u00a0\u00bb{}\u00a0\u00bb][\/et_pb_image][\/et_pb_column][\/et_pb_row][et_pb_row _builder_version=\u00a0\u00bb4.24.3&Prime; _module_preset=\u00a0\u00bbdefault\u00a0\u00bb global_colors_info=\u00a0\u00bb{}\u00a0\u00bb][et_pb_column type=\u00a0\u00bb4_4&Prime; _builder_version=\u00a0\u00bb4.24.3&Prime; _module_preset=\u00a0\u00bbdefault\u00a0\u00bb global_colors_info=\u00a0\u00bb{}\u00a0\u00bb][et_pb_text admin_label=\u00a0\u00bbTexto\u00a0\u00bb _builder_version=\u00a0\u00bb4.27.3&Prime; _module_preset=\u00a0\u00bbdefault\u00a0\u00bb global_colors_info=\u00a0\u00bb{}\u00a0\u00bb]<\/p>\n<div class=\"acf-label\">\n<h2 class=\"description\" style=\"text-align: center;\"><strong>Fiche technique<\/strong><\/h2>\n<\/div>\n<p>[\/et_pb_text][et_pb_image src=\u00a0\u00bbhttps:\/\/ovlac.com\/wp-content\/uploads\/2014\/04\/MINIVID-TABLA-TECNICA-ESP_Mesa-de-trabajo-1-1024&#215;462.jpg\u00a0\u00bb alt=\u00a0\u00bbXPERIENCIE-CARACTERISTICAS TECNICAS\u00a0\u00bb title_text=\u00a0\u00bb2024-XP-CARACTERISTICAS TECNICAS-WEB\u00a0\u00bb show_bottom_space=\u00a0\u00bboff\u00a0\u00bb _builder_version=\u00a0\u00bb4.26.0&Prime; _module_preset=\u00a0\u00bbdefault\u00a0\u00bb global_colors_info=\u00a0\u00bb{}\u00a0\u00bb][\/et_pb_image][\/et_pb_column][\/et_pb_row][et_pb_row _builder_version=\u00a0\u00bb4.24.3&Prime; _module_preset=\u00a0\u00bbdefault\u00a0\u00bb global_colors_info=\u00a0\u00bb{}\u00a0\u00bb][et_pb_column type=\u00a0\u00bb4_4&Prime; _builder_version=\u00a0\u00bb4.24.3&Prime; _module_preset=\u00a0\u00bbdefault\u00a0\u00bb global_colors_info=\u00a0\u00bb{}\u00a0\u00bb][et_pb_text _builder_version=\u00a0\u00bb4.27.3&Prime; _module_preset=\u00a0\u00bbdefault\u00a0\u00bb global_colors_info=\u00a0\u00bb{}\u00a0\u00bb]<\/p>\n<div class=\"acf-label\">\n<h2 class=\"description\" style=\"text-align: center;\"><strong>Photos<\/strong><\/h2>\n<\/div>\n<p>[\/et_pb_text][et_pb_gallery gallery_ids=\u00a0\u00bb48938,55114,48415,46018,48409,42092,42094&Prime; show_title_and_caption=\u00a0\u00bboff\u00a0\u00bb _builder_version=\u00a0\u00bb4.26.0&Prime; _module_preset=\u00a0\u00bbdefault\u00a0\u00bb global_colors_info=\u00a0\u00bb{}\u00a0\u00bb][\/et_pb_gallery][\/et_pb_column][\/et_pb_row][\/et_pb_section]<\/p>\n","protected":false},"excerpt":{"rendered":"<p>Le Minichisel Vi\u00f1a (MCHV) est une version du populaire Minichisel sp\u00e9cifiquement con\u00e7ue pour le viticulteur professionnel. Plusieurs raisons font du Minichisel Vi\u00f1a un outil unique dans son secteur : Bras [&hellip;]<\/p>\n","protected":false},"author":200,"featured_media":49293,"parent":0,"menu_order":0,"comment_status":"closed","ping_status":"closed","template":"","meta":{"_et_pb_use_builder":"on","_et_pb_old_content":"","_et_gb_content_width":"","footnotes":""},"class_list":["post-61249","page","type-page","status-publish","has-post-thumbnail","hentry"],"yoast_head":"<!-- This site is optimized with the Yoast SEO plugin v24.8.1 - https:\/\/yoast.com\/wordpress\/plugins\/seo\/ -->\n<title>Minichisel V - Ovlac<\/title>\n<meta name=\"robots\" content=\"index, follow, max-snippet:-1, max-image-preview:large, max-video-preview:-1\" \/>\n<link rel=\"canonical\" href=\"https:\/\/ovlac.com\/fr\/minichisel-v\/\" \/>\n<meta property=\"og:locale\" content=\"fr_FR\" \/>\n<meta property=\"og:type\" content=\"article\" \/>\n<meta property=\"og:title\" content=\"Minichisel V - Ovlac\" \/>\n<meta property=\"og:description\" content=\"Le Minichisel Vi\u00f1a (MCHV) est une version du populaire Minichisel sp\u00e9cifiquement con\u00e7ue pour le viticulteur professionnel. Plusieurs raisons font du Minichisel Vi\u00f1a un outil unique dans son secteur : Bras [&hellip;]\" \/>\n<meta property=\"og:url\" content=\"https:\/\/ovlac.com\/fr\/minichisel-v\/\" \/>\n<meta property=\"og:site_name\" content=\"Ovlac\" \/>\n<meta property=\"article:modified_time\" content=\"2026-04-07T08:42:26+00:00\" \/>\n<meta property=\"og:image\" content=\"https:\/\/ovlac.com\/wp-content\/uploads\/2019\/12\/MCHV-R-W-copy.jpg\" \/>\n\t<meta property=\"og:image:width\" content=\"2558\" \/>\n\t<meta property=\"og:image:height\" content=\"1727\" \/>\n\t<meta property=\"og:image:type\" content=\"image\/jpeg\" \/>\n<meta name=\"twitter:card\" content=\"summary_large_image\" \/>\n<meta name=\"twitter:label1\" content=\"Dur\u00e9e de lecture estim\u00e9e\" \/>\n\t<meta name=\"twitter:data1\" content=\"2 minutes\" \/>\n<script type=\"application\/ld+json\" class=\"yoast-schema-graph\">{\"@context\":\"https:\/\/schema.org\",\"@graph\":[{\"@type\":\"WebPage\",\"@id\":\"https:\/\/ovlac.com\/fr\/minichisel-v\/\",\"url\":\"https:\/\/ovlac.com\/fr\/minichisel-v\/\",\"name\":\"Minichisel V - Ovlac\",\"isPartOf\":{\"@id\":\"https:\/\/ovlac.com\/#website\"},\"primaryImageOfPage\":{\"@id\":\"https:\/\/ovlac.com\/fr\/minichisel-v\/#primaryimage\"},\"image\":{\"@id\":\"https:\/\/ovlac.com\/fr\/minichisel-v\/#primaryimage\"},\"thumbnailUrl\":\"https:\/\/ovlac.com\/wp-content\/uploads\/2019\/12\/MCHV-R-W-copy.jpg\",\"datePublished\":\"2024-12-20T13:19:04+00:00\",\"dateModified\":\"2026-04-07T08:42:26+00:00\",\"breadcrumb\":{\"@id\":\"https:\/\/ovlac.com\/fr\/minichisel-v\/#breadcrumb\"},\"inLanguage\":\"fr-FR\",\"potentialAction\":[{\"@type\":\"ReadAction\",\"target\":[\"https:\/\/ovlac.com\/fr\/minichisel-v\/\"]}]},{\"@type\":\"ImageObject\",\"inLanguage\":\"fr-FR\",\"@id\":\"https:\/\/ovlac.com\/fr\/minichisel-v\/#primaryimage\",\"url\":\"https:\/\/ovlac.com\/wp-content\/uploads\/2019\/12\/MCHV-R-W-copy.jpg\",\"contentUrl\":\"https:\/\/ovlac.com\/wp-content\/uploads\/2019\/12\/MCHV-R-W-copy.jpg\",\"width\":2558,\"height\":1727},{\"@type\":\"BreadcrumbList\",\"@id\":\"https:\/\/ovlac.com\/fr\/minichisel-v\/#breadcrumb\",\"itemListElement\":[{\"@type\":\"ListItem\",\"position\":1,\"name\":\"Portada\",\"item\":\"https:\/\/ovlac.com\/fr\/\"},{\"@type\":\"ListItem\",\"position\":2,\"name\":\"Minichisel V\"}]},{\"@type\":\"WebSite\",\"@id\":\"https:\/\/ovlac.com\/#website\",\"url\":\"https:\/\/ovlac.com\/\",\"name\":\"Ovlac\",\"description\":\"OVLAC\",\"potentialAction\":[{\"@type\":\"SearchAction\",\"target\":{\"@type\":\"EntryPoint\",\"urlTemplate\":\"https:\/\/ovlac.com\/?s={search_term_string}\"},\"query-input\":{\"@type\":\"PropertyValueSpecification\",\"valueRequired\":true,\"valueName\":\"search_term_string\"}}],\"inLanguage\":\"fr-FR\"}]}<\/script>\n<!-- \/ Yoast SEO plugin. -->","yoast_head_json":{"title":"Minichisel V - Ovlac","robots":{"index":"index","follow":"follow","max-snippet":"max-snippet:-1","max-image-preview":"max-image-preview:large","max-video-preview":"max-video-preview:-1"},"canonical":"https:\/\/ovlac.com\/fr\/minichisel-v\/","og_locale":"fr_FR","og_type":"article","og_title":"Minichisel V - Ovlac","og_description":"Le Minichisel Vi\u00f1a (MCHV) est une version du populaire Minichisel sp\u00e9cifiquement con\u00e7ue pour le viticulteur professionnel. Plusieurs raisons font du Minichisel Vi\u00f1a un outil unique dans son secteur : Bras [&hellip;]","og_url":"https:\/\/ovlac.com\/fr\/minichisel-v\/","og_site_name":"Ovlac","article_modified_time":"2026-04-07T08:42:26+00:00","og_image":[{"width":2558,"height":1727,"url":"https:\/\/ovlac.com\/wp-content\/uploads\/2019\/12\/MCHV-R-W-copy.jpg","type":"image\/jpeg"}],"twitter_card":"summary_large_image","twitter_misc":{"Dur\u00e9e de lecture estim\u00e9e":"2 minutes"},"schema":{"@context":"https:\/\/schema.org","@graph":[{"@type":"WebPage","@id":"https:\/\/ovlac.com\/fr\/minichisel-v\/","url":"https:\/\/ovlac.com\/fr\/minichisel-v\/","name":"Minichisel V - Ovlac","isPartOf":{"@id":"https:\/\/ovlac.com\/#website"},"primaryImageOfPage":{"@id":"https:\/\/ovlac.com\/fr\/minichisel-v\/#primaryimage"},"image":{"@id":"https:\/\/ovlac.com\/fr\/minichisel-v\/#primaryimage"},"thumbnailUrl":"https:\/\/ovlac.com\/wp-content\/uploads\/2019\/12\/MCHV-R-W-copy.jpg","datePublished":"2024-12-20T13:19:04+00:00","dateModified":"2026-04-07T08:42:26+00:00","breadcrumb":{"@id":"https:\/\/ovlac.com\/fr\/minichisel-v\/#breadcrumb"},"inLanguage":"fr-FR","potentialAction":[{"@type":"ReadAction","target":["https:\/\/ovlac.com\/fr\/minichisel-v\/"]}]},{"@type":"ImageObject","inLanguage":"fr-FR","@id":"https:\/\/ovlac.com\/fr\/minichisel-v\/#primaryimage","url":"https:\/\/ovlac.com\/wp-content\/uploads\/2019\/12\/MCHV-R-W-copy.jpg","contentUrl":"https:\/\/ovlac.com\/wp-content\/uploads\/2019\/12\/MCHV-R-W-copy.jpg","width":2558,"height":1727},{"@type":"BreadcrumbList","@id":"https:\/\/ovlac.com\/fr\/minichisel-v\/#breadcrumb","itemListElement":[{"@type":"ListItem","position":1,"name":"Portada","item":"https:\/\/ovlac.com\/fr\/"},{"@type":"ListItem","position":2,"name":"Minichisel V"}]},{"@type":"WebSite","@id":"https:\/\/ovlac.com\/#website","url":"https:\/\/ovlac.com\/","name":"Ovlac","description":"OVLAC","potentialAction":[{"@type":"SearchAction","target":{"@type":"EntryPoint","urlTemplate":"https:\/\/ovlac.com\/?s={search_term_string}"},"query-input":{"@type":"PropertyValueSpecification","valueRequired":true,"valueName":"search_term_string"}}],"inLanguage":"fr-FR"}]}},"_links":{"self":[{"href":"https:\/\/ovlac.com\/fr\/wp-json\/wp\/v2\/pages\/61249","targetHints":{"allow":["GET"]}}],"collection":[{"href":"https:\/\/ovlac.com\/fr\/wp-json\/wp\/v2\/pages"}],"about":[{"href":"https:\/\/ovlac.com\/fr\/wp-json\/wp\/v2\/types\/page"}],"author":[{"embeddable":true,"href":"https:\/\/ovlac.com\/fr\/wp-json\/wp\/v2\/users\/200"}],"replies":[{"embeddable":true,"href":"https:\/\/ovlac.com\/fr\/wp-json\/wp\/v2\/comments?post=61249"}],"version-history":[{"count":4,"href":"https:\/\/ovlac.com\/fr\/wp-json\/wp\/v2\/pages\/61249\/revisions"}],"predecessor-version":[{"id":68230,"href":"https:\/\/ovlac.com\/fr\/wp-json\/wp\/v2\/pages\/61249\/revisions\/68230"}],"wp:featuredmedia":[{"embeddable":true,"href":"https:\/\/ovlac.com\/fr\/wp-json\/wp\/v2\/media\/49293"}],"wp:attachment":[{"href":"https:\/\/ovlac.com\/fr\/wp-json\/wp\/v2\/media?parent=61249"}],"curies":[{"name":"wp","href":"https:\/\/api.w.org\/{rel}","templated":true}]}}