{"id":61237,"date":"2024-12-20T12:55:15","date_gmt":"2024-12-20T12:55:15","guid":{"rendered":"https:\/\/ovlac.com\/?page_id=61237"},"modified":"2024-12-20T12:55:38","modified_gmt":"2024-12-20T12:55:38","slug":"charrues-reversibles-semiportees","status":"publish","type":"page","link":"https:\/\/ovlac.com\/fr\/charrues-reversibles-semiportees\/","title":{"rendered":"Charrues r\u00e9versibles semiport\u00e9es"},"content":{"rendered":"<p>[et_pb_section fb_built=\u00a0\u00bb1&Prime; fullwidth=\u00a0\u00bbon\u00a0\u00bb _builder_version=\u00a0\u00bb4.24.3&Prime; _module_preset=\u00a0\u00bbdefault\u00a0\u00bb locked=\u00a0\u00bboff\u00a0\u00bb global_colors_info=\u00a0\u00bb{}\u00a0\u00bb][et_pb_fullwidth_slider admin_label=\u00a0\u00bbControl deslizante de anchura completa\u00a0\u00bb _builder_version=\u00a0\u00bb4.27.0&Prime; _module_preset=\u00a0\u00bbdefault\u00a0\u00bb background_last_edited=\u00a0\u00bbon|desktop\u00a0\u00bb global_colors_info=\u00a0\u00bb{}\u00a0\u00bb][et_pb_slide url_new_window=\u00a0\u00bbon\u00a0\u00bb use_bg_overlay=\u00a0\u00bboff\u00a0\u00bb use_text_overlay=\u00a0\u00bboff\u00a0\u00bb image_tablet=\u00a0\u00bb\u00a0\u00bb image_phone=\u00a0\u00bb\u00a0\u00bb image_last_edited=\u00a0\u00bbon|desktop\u00a0\u00bb _builder_version=\u00a0\u00bb4.27.0&Prime; _module_preset=\u00a0\u00bbdefault\u00a0\u00bb header_font=\u00a0\u00bb||||||||\u00a0\u00bb background_color=\u00a0\u00bb#FFFFFF\u00a0\u00bb background_enable_color=\u00a0\u00bbon\u00a0\u00bb background_image=\u00a0\u00bbhttps:\/\/ovlac.com\/wp-content\/uploads\/2024\/09\/IMG_20221003_152303-Arados-reversibles-semi-suspendidos.jpg\u00a0\u00bb background_enable_image=\u00a0\u00bbon\u00a0\u00bb button_on_hover=\u00a0\u00bbon\u00a0\u00bb background_last_edited=\u00a0\u00bbon|desktop\u00a0\u00bb background_image_tablet=\u00a0\u00bbhttps:\/\/ovlac.com\/wp-content\/uploads\/2024\/04\/slider-XP.png\u00a0\u00bb background_image_phone=\u00a0\u00bbhttps:\/\/ovlac.com\/wp-content\/uploads\/2024\/04\/slider-XP.png\u00a0\u00bb background_enable_image_tablet=\u00a0\u00bbon\u00a0\u00bb background_enable_image_phone=\u00a0\u00bbon\u00a0\u00bb global_colors_info=\u00a0\u00bb{}\u00a0\u00bb sticky_transition=\u00a0\u00bbon\u00a0\u00bb][\/et_pb_slide][\/et_pb_fullwidth_slider][et_pb_fullwidth_post_title meta=\u00a0\u00bboff\u00a0\u00bb featured_image=\u00a0\u00bboff\u00a0\u00bb _builder_version=\u00a0\u00bb4.24.3&Prime; _module_preset=\u00a0\u00bbdefault\u00a0\u00bb title_font=\u00a0\u00bb|700|||||||\u00a0\u00bb title_text_color=\u00a0\u00bb#e73137&Prime; title_font_size=\u00a0\u00bb33px\u00a0\u00bb background_color=\u00a0\u00bbRGBA(255,255,255,0)\u00a0\u00bb custom_padding=\u00a0\u00bb60px||||false|false\u00a0\u00bb global_colors_info=\u00a0\u00bb{}\u00a0\u00bb][\/et_pb_fullwidth_post_title][\/et_pb_section][et_pb_section fb_built=\u00a0\u00bb1&Prime; admin_label=\u00a0\u00bbsection\u00a0\u00bb _builder_version=\u00a0\u00bb4.16&Prime; locked=\u00a0\u00bboff\u00a0\u00bb global_colors_info=\u00a0\u00bb{}\u00a0\u00bb][et_pb_row admin_label=\u00a0\u00bbrow\u00a0\u00bb _builder_version=\u00a0\u00bb4.24.3&Prime; background_size=\u00a0\u00bbinitial\u00a0\u00bb background_position=\u00a0\u00bbtop_left\u00a0\u00bb background_repeat=\u00a0\u00bbrepeat\u00a0\u00bb custom_margin=\u00a0\u00bb-28px||||false|false\u00a0\u00bb global_colors_info=\u00a0\u00bb{}\u00a0\u00bb][et_pb_column type=\u00a0\u00bb4_4&Prime; _builder_version=\u00a0\u00bb4.16&Prime; custom_padding=\u00a0\u00bb|||\u00a0\u00bb global_colors_info=\u00a0\u00bb{}\u00a0\u00bb custom_padding__hover=\u00a0\u00bb|||\u00a0\u00bb][et_pb_text admin_label=\u00a0\u00bbText\u00a0\u00bb _builder_version=\u00a0\u00bb4.26.0&Prime; text_font_size=\u00a0\u00bb15px\u00a0\u00bb text_line_height=\u00a0\u00bb1.9em\u00a0\u00bb background_size=\u00a0\u00bbinitial\u00a0\u00bb background_position=\u00a0\u00bbtop_left\u00a0\u00bb background_repeat=\u00a0\u00bbrepeat\u00a0\u00bb custom_margin=\u00a0\u00bb||32px||false|false\u00a0\u00bb custom_padding=\u00a0\u00bb||32px||false|false\u00a0\u00bb global_colors_info=\u00a0\u00bb{}\u00a0\u00bb]<\/p>\n<p>Ovlac dispose d&rsquo;une grande exp\u00e9rience dans la fabrication de charrues semisuspendues pour divers march\u00e9s et conditions d&rsquo;utilisation.<\/p>\n<p>La gamme de charrues semisuspendues d&rsquo;Ovlac comprend diff\u00e9rents mod\u00e8les allant jusqu&rsquo;\u00e0 8 corps, toujours \u00e0 monoroue. En fonction des besoins, il est possible de choisir entre 2 syst\u00e8mes de s\u00e9curit\u00e9 : fusible (F) ou Non Stop Hydro (H), chacun \u00e9tant disponible avec une largeur de travail r\u00e9glable hydrauliquement (mod\u00e8les SS) ou manuellement en 4 positions (mod\u00e8les SL).<\/p>\n<p>Le r\u00e9glage de la profondeur ainsi que de la largeur du premier corps sont toujours r\u00e9glables hydrauliquement de s\u00e9rie. Si le tracteur ne dispose pas de suffisamment de commandes pour g\u00e9rer toutes les fonctions hydrauliques (3 ou 4 selon les mod\u00e8les), il est possible d&rsquo;\u00e9quiper une ou plusieurs \u00e9lectrovannes.<\/p>\n<p>La gamme de charrues semisuspendues d&rsquo;Ovlac peut \u00eatre \u00e9quip\u00e9e d&rsquo;une large gamme d&rsquo;options comprenant diff\u00e9rents types de corps et de socs, d\u00e9flecteurs, disques, lames, couvre-rajets, roues, charrues et talonni\u00e8re.<\/p>\n<p>[\/et_pb_text][et_pb_video src=\u00a0\u00bbhttps:\/\/vimeo.com\/118109390&Prime; _builder_version=\u00a0\u00bb4.26.0&Prime; _module_preset=\u00a0\u00bbdefault\u00a0\u00bb global_colors_info=\u00a0\u00bb{}\u00a0\u00bb][\/et_pb_video][\/et_pb_column][\/et_pb_row][\/et_pb_section][et_pb_section fb_built=\u00a0\u00bb1&Prime; _builder_version=\u00a0\u00bb4.24.3&Prime; _module_preset=\u00a0\u00bbdefault\u00a0\u00bb background_color=\u00a0\u00bb#e5e5e5&Prime; locked=\u00a0\u00bboff\u00a0\u00bb global_colors_info=\u00a0\u00bb{}\u00a0\u00bb][et_pb_row column_structure=\u00a0\u00bb1_2,1_2&Prime; _builder_version=\u00a0\u00bb4.24.3&Prime; _module_preset=\u00a0\u00bbdefault\u00a0\u00bb custom_margin=\u00a0\u00bb12px||48px||false|false\u00a0\u00bb custom_margin_tablet=\u00a0\u00bb12px||48px||false|false\u00a0\u00bb custom_margin_phone=\u00a0\u00bb12px||48px||false|false\u00a0\u00bb custom_margin_last_edited=\u00a0\u00bbon|desktop\u00a0\u00bb global_colors_info=\u00a0\u00bb{}\u00a0\u00bb][et_pb_column type=\u00a0\u00bb1_2&Prime; _builder_version=\u00a0\u00bb4.24.3&Prime; _module_preset=\u00a0\u00bbdefault\u00a0\u00bb global_colors_info=\u00a0\u00bb{}\u00a0\u00bb][et_pb_text _builder_version=\u00a0\u00bb4.27.3&Prime; _module_preset=\u00a0\u00bbdefault\u00a0\u00bb hover_enabled=\u00a0\u00bb0&Prime; global_colors_info=\u00a0\u00bb{}\u00a0\u00bb sticky_enabled=\u00a0\u00bb0&Prime;]<\/p>\n<div class=\"acf-label\">\n<div class=\"et_pb_module et_pb_text et_pb_text_1  et_pb_text_align_left et_pb_bg_layout_light\">\n<div class=\"et_pb_text_inner\">\n<div class=\"acf-label\">\n<h2 class=\"description\" style=\"text-align: center;\"><strong>Principaux avantages<\/strong><\/h2>\n<\/div>\n<\/div>\n<\/div>\n<div class=\"et_pb_module et_pb_text et_pb_text_2  et_pb_text_align_left et_pb_bg_layout_light\">\n<div class=\"et_pb_text_inner\">\n<ul><\/ul>\n<\/div>\n<\/div>\n<\/div>\n<p>[\/et_pb_text][et_pb_text _builder_version=\u00a0\u00bb4.27.3&Prime; _module_preset=\u00a0\u00bbdefault\u00a0\u00bb hover_enabled=\u00a0\u00bb0&Prime; global_colors_info=\u00a0\u00bb{}\u00a0\u00bb sticky_enabled=\u00a0\u00bb0&Prime;]<\/p>\n<ol>\n<li>Charrues semisuspendues \u00e0 monoroue avec jusqu&rsquo;\u00e0 9 corps.<\/li>\n<li>Deux syst\u00e8mes de s\u00e9curit\u00e9 :\n<ul>\n<li>Fusible (SLF \/ SSF)<\/li>\n<li>Non Stop hydraulique (SLH \/ SSH)<\/li>\n<\/ul>\n<\/li>\n<li>R\u00e9glage hydraulique de la largeur de travail, de la profondeur et de la largeur de travail du premier corps.<\/li>\n<\/ol>\n<p>[\/et_pb_text][\/et_pb_column][et_pb_column type=\u00a0\u00bb1_2&Prime; _builder_version=\u00a0\u00bb4.24.3&Prime; _module_preset=\u00a0\u00bbdefault\u00a0\u00bb global_colors_info=\u00a0\u00bb{}\u00a0\u00bb][et_pb_image src=\u00a0\u00bbhttps:\/\/ovlac.com\/wp-content\/uploads\/2014\/04\/IMG_1539-640&#215;300.jpg\u00a0\u00bb title_text=\u00a0\u00bbreptill-trabajo\u00a0\u00bb _builder_version=\u00a0\u00bb4.26.0&Prime; _module_preset=\u00a0\u00bbdefault\u00a0\u00bb global_colors_info=\u00a0\u00bb{}\u00a0\u00bb][\/et_pb_image][\/et_pb_column][\/et_pb_row][et_pb_row _builder_version=\u00a0\u00bb4.24.3&Prime; _module_preset=\u00a0\u00bbdefault\u00a0\u00bb global_colors_info=\u00a0\u00bb{}\u00a0\u00bb][et_pb_column type=\u00a0\u00bb4_4&Prime; _builder_version=\u00a0\u00bb4.24.3&Prime; _module_preset=\u00a0\u00bbdefault\u00a0\u00bb global_colors_info=\u00a0\u00bb{}\u00a0\u00bb][et_pb_text admin_label=\u00a0\u00bbTexto\u00a0\u00bb _builder_version=\u00a0\u00bb4.27.3&Prime; _module_preset=\u00a0\u00bbdefault\u00a0\u00bb hover_enabled=\u00a0\u00bb0&Prime; global_colors_info=\u00a0\u00bb{}\u00a0\u00bb sticky_enabled=\u00a0\u00bb0&Prime;]<\/p>\n<div class=\"acf-label\">\n<h2 class=\"description\" style=\"text-align: center;\"><strong>Sp\u00e9cifications techniques<\/strong><\/h2>\n<\/div>\n<p>[\/et_pb_text][et_pb_text _builder_version=\u00a0\u00bb4.26.0&Prime; _module_preset=\u00a0\u00bbdefault\u00a0\u00bb global_colors_info=\u00a0\u00bb{}\u00a0\u00bb]<\/p>\n<h4>SLF \u2013 Seguridad por tornillo fusible y anchura de trabajo regulable en 4 posiciones<\/h4>\n<table class=\"responsive\">\n<tbody>\n<tr>\n<th>SLF<\/th>\n<th width=\"\">ANCHURA TRABAJO<\/th>\n<th width=\"\">DISTANCIA ENTRE CUERPOS<\/th>\n<th width=\"\">DESPEJE<\/th>\n<th width=\"\">PESO<\/th>\n<\/tr>\n<tr>\n<td>SLF-5<\/td>\n<td>180-210-245-275<\/td>\n<td>105<\/td>\n<td>72-78-90<\/td>\n<td>2620<\/td>\n<\/tr>\n<tr>\n<td>SLF-5+1 \/ 6<\/td>\n<td>215-255-290-330<\/td>\n<td>105<\/td>\n<td>72-78-90<\/td>\n<td>2875<\/td>\n<\/tr>\n<tr>\n<td>SLF-6+1 \/ 7<\/td>\n<td>250-295-340-385<\/td>\n<td>105<\/td>\n<td>72-78-90<\/td>\n<td>3125<\/td>\n<\/tr>\n<tr>\n<td>SLF-6+1+1 \/ 7+1<\/td>\n<td>290-340-390-440<\/td>\n<td>105<\/td>\n<td>72-78-90<\/td>\n<td>3380<\/td>\n<\/tr>\n<\/tbody>\n<\/table>\n<p>&nbsp;<\/p>\n<h4>SSF \u2013 Seguridad por tornillo fusible y anchura de trabajo variable hidr\u00e1ulicamente<\/h4>\n<table class=\"responsive\">\n<tbody>\n<tr>\n<th>SSF<\/th>\n<th width=\"\">ANCHURA TRABAJO<\/th>\n<th width=\"\">DISTANCIA ENTRE CUERPOS<\/th>\n<th width=\"\">DESPEJE<\/th>\n<th width=\"\">PESO<\/th>\n<\/tr>\n<tr>\n<td width=\"\">SSF-5<\/td>\n<td width=\"\">150 \u2013 165<\/td>\n<td width=\"\">105<\/td>\n<td width=\"\">72-78-90<\/td>\n<td>2710<\/td>\n<\/tr>\n<tr>\n<td>SSF-5+1 \/ 6<\/td>\n<td>180 \u2013 320<\/td>\n<td>105<\/td>\n<td>72-78-90<\/td>\n<td>3005<\/td>\n<\/tr>\n<tr>\n<td>SSF-6+1 \/ 7<\/td>\n<td>210 \u2013 370<\/td>\n<td>105<\/td>\n<td>72-78-90<\/td>\n<td>3310<\/td>\n<\/tr>\n<tr>\n<td>SSF-6+1+1 \/ 7+1<\/td>\n<td>240 \u2013 425<\/td>\n<td>105<\/td>\n<td>72-78-90<\/td>\n<td>3625<\/td>\n<\/tr>\n<\/tbody>\n<\/table>\n<h4>\u00a0<\/h4>\n<h4>SLH \u2013 Seguridad Non Stop hidro y anchura de trabajo regulable en 4 posiciones<\/h4>\n<table class=\"responsive\">\n<tbody>\n<tr>\n<th>SLH<\/th>\n<th width=\"\">ANCHURA TRABAJO<\/th>\n<th width=\"\">DISTANCIA ENTRE CUERPOS<\/th>\n<th width=\"\">DESPEJE<\/th>\n<th width=\"\">PESO<\/th>\n<\/tr>\n<tr>\n<td width=\"\">SLH-5<\/td>\n<td width=\"\">180-210-245-275<\/td>\n<td width=\"\">105<\/td>\n<td width=\"\">72 \u2013 78<\/td>\n<td>2650<\/td>\n<\/tr>\n<tr>\n<td>SLH-5+1 \/ 6<\/td>\n<td>215-255-290-330<\/td>\n<td>105<\/td>\n<td>72 \u2013 78<\/td>\n<td>2915<\/td>\n<\/tr>\n<tr>\n<td>SLH-6+1 \/ 7<\/td>\n<td>250-295-340-385<\/td>\n<td>105<\/td>\n<td>72 \u2013 78<\/td>\n<td>3180<\/td>\n<\/tr>\n<tr>\n<td>SLH-6+1+1 \/ 7+1<\/td>\n<td>290-340-390-440<\/td>\n<td>105<\/td>\n<td>72 \u2013 78<\/td>\n<td>3445<\/td>\n<\/tr>\n<\/tbody>\n<\/table>\n<p>&nbsp;<\/p>\n<h4>SSH \u2013 Seguridad Non Stop hidro y anchura de trabajo variable hidr\u00e1ulicamente<\/h4>\n<table class=\"responsive\">\n<tbody>\n<tr>\n<th>SSH<\/th>\n<th width=\"\">ANCHURA TRABAJO<\/th>\n<th width=\"\">DISTANCIA ENTRE CUERPOS<\/th>\n<th width=\"\">DESPEJE<\/th>\n<th width=\"\">PESO<\/th>\n<\/tr>\n<tr>\n<td width=\"\">SSH-5<\/td>\n<td width=\"\">150 \u2013 165<\/td>\n<td width=\"\">105<\/td>\n<td width=\"\">72 \u2013 78<\/td>\n<td>2785<\/td>\n<\/tr>\n<tr>\n<td>SSH-5+1 \/ 6<\/td>\n<td>180 \u2013 320<\/td>\n<td>105<\/td>\n<td>72 \u2013 78<\/td>\n<td>3110<\/td>\n<\/tr>\n<tr>\n<td>SSH-6+1 \/ 7<\/td>\n<td>210 \u2013 370<\/td>\n<td>105<\/td>\n<td>72 \u2013 78<\/td>\n<td>3445<\/td>\n<\/tr>\n<tr>\n<td>SSH-6+1+1 \/ 7+1<\/td>\n<td>240 \u2013 425<\/td>\n<td>105<\/td>\n<td>72 \u2013 78<\/td>\n<td>3780<\/td>\n<\/tr>\n<\/tbody>\n<\/table>\n<p>[\/et_pb_text][\/et_pb_column][\/et_pb_row][et_pb_row _builder_version=\u00a0\u00bb4.24.3&Prime; _module_preset=\u00a0\u00bbdefault\u00a0\u00bb global_colors_info=\u00a0\u00bb{}\u00a0\u00bb][et_pb_column type=\u00a0\u00bb4_4&Prime; _builder_version=\u00a0\u00bb4.24.3&Prime; _module_preset=\u00a0\u00bbdefault\u00a0\u00bb global_colors_info=\u00a0\u00bb{}\u00a0\u00bb][et_pb_text _builder_version=\u00a0\u00bb4.27.3&Prime; _module_preset=\u00a0\u00bbdefault\u00a0\u00bb hover_enabled=\u00a0\u00bb0&Prime; global_colors_info=\u00a0\u00bb{}\u00a0\u00bb sticky_enabled=\u00a0\u00bb0&Prime;]<\/p>\n<div class=\"acf-label\">\n<h2 class=\"description\" style=\"text-align: center;\"><strong>Photos<\/strong><\/h2>\n<\/div>\n<p>[\/et_pb_text][et_pb_gallery gallery_ids=\u00a0\u00bb47967,54228,54232,54244,54248,54256&Prime; show_title_and_caption=\u00a0\u00bboff\u00a0\u00bb _builder_version=\u00a0\u00bb4.26.0&Prime; _module_preset=\u00a0\u00bbdefault\u00a0\u00bb global_colors_info=\u00a0\u00bb{}\u00a0\u00bb][\/et_pb_gallery][\/et_pb_column][\/et_pb_row][\/et_pb_section]<\/p>\n","protected":false},"excerpt":{"rendered":"<p>Ovlac dispose d&rsquo;une grande exp\u00e9rience dans la fabrication de charrues semisuspendues pour divers march\u00e9s et conditions d&rsquo;utilisation. La gamme de charrues semisuspendues d&rsquo;Ovlac comprend diff\u00e9rents mod\u00e8les allant jusqu&rsquo;\u00e0 8 corps, [&hellip;]<\/p>\n","protected":false},"author":200,"featured_media":54238,"parent":0,"menu_order":0,"comment_status":"closed","ping_status":"closed","template":"","meta":{"_et_pb_use_builder":"on","_et_pb_old_content":"","_et_gb_content_width":"","footnotes":""},"class_list":["post-61237","page","type-page","status-publish","has-post-thumbnail","hentry"],"yoast_head":"<!-- This site is optimized with the Yoast SEO plugin v24.8.1 - https:\/\/yoast.com\/wordpress\/plugins\/seo\/ -->\n<title>Charrues r\u00e9versibles semiport\u00e9es - Ovlac<\/title>\n<meta name=\"robots\" content=\"index, follow, max-snippet:-1, max-image-preview:large, max-video-preview:-1\" \/>\n<link rel=\"canonical\" href=\"https:\/\/ovlac.com\/fr\/charrues-reversibles-semiportees\/\" \/>\n<meta property=\"og:locale\" content=\"fr_FR\" \/>\n<meta property=\"og:type\" content=\"article\" \/>\n<meta property=\"og:title\" content=\"Charrues r\u00e9versibles semiport\u00e9es - Ovlac\" \/>\n<meta property=\"og:description\" content=\"Ovlac dispose d&#039;une grande exp\u00e9rience dans la fabrication de charrues semisuspendues pour divers march\u00e9s et conditions d&#039;utilisation. La gamme de charrues semisuspendues d&#039;Ovlac comprend diff\u00e9rents mod\u00e8les allant jusqu&#039;\u00e0 8 corps, [&hellip;]\" \/>\n<meta property=\"og:url\" content=\"https:\/\/ovlac.com\/fr\/charrues-reversibles-semiportees\/\" \/>\n<meta property=\"og:site_name\" content=\"Ovlac\" \/>\n<meta property=\"article:modified_time\" content=\"2024-12-20T12:55:38+00:00\" \/>\n<meta property=\"og:image\" content=\"https:\/\/ovlac.com\/wp-content\/uploads\/2014\/04\/DSC_0112-2.jpg\" \/>\n\t<meta property=\"og:image:width\" content=\"1395\" \/>\n\t<meta property=\"og:image:height\" content=\"915\" \/>\n\t<meta property=\"og:image:type\" content=\"image\/jpeg\" \/>\n<meta name=\"twitter:card\" content=\"summary_large_image\" \/>\n<meta name=\"twitter:label1\" content=\"Dur\u00e9e de lecture estim\u00e9e\" \/>\n\t<meta name=\"twitter:data1\" content=\"3 minutes\" \/>\n<script type=\"application\/ld+json\" class=\"yoast-schema-graph\">{\"@context\":\"https:\/\/schema.org\",\"@graph\":[{\"@type\":\"WebPage\",\"@id\":\"https:\/\/ovlac.com\/fr\/charrues-reversibles-semiportees\/\",\"url\":\"https:\/\/ovlac.com\/fr\/charrues-reversibles-semiportees\/\",\"name\":\"Charrues r\u00e9versibles semiport\u00e9es - Ovlac\",\"isPartOf\":{\"@id\":\"https:\/\/ovlac.com\/#website\"},\"primaryImageOfPage\":{\"@id\":\"https:\/\/ovlac.com\/fr\/charrues-reversibles-semiportees\/#primaryimage\"},\"image\":{\"@id\":\"https:\/\/ovlac.com\/fr\/charrues-reversibles-semiportees\/#primaryimage\"},\"thumbnailUrl\":\"https:\/\/ovlac.com\/wp-content\/uploads\/2014\/04\/DSC_0112-2.jpg\",\"datePublished\":\"2024-12-20T12:55:15+00:00\",\"dateModified\":\"2024-12-20T12:55:38+00:00\",\"breadcrumb\":{\"@id\":\"https:\/\/ovlac.com\/fr\/charrues-reversibles-semiportees\/#breadcrumb\"},\"inLanguage\":\"fr-FR\",\"potentialAction\":[{\"@type\":\"ReadAction\",\"target\":[\"https:\/\/ovlac.com\/fr\/charrues-reversibles-semiportees\/\"]}]},{\"@type\":\"ImageObject\",\"inLanguage\":\"fr-FR\",\"@id\":\"https:\/\/ovlac.com\/fr\/charrues-reversibles-semiportees\/#primaryimage\",\"url\":\"https:\/\/ovlac.com\/wp-content\/uploads\/2014\/04\/DSC_0112-2.jpg\",\"contentUrl\":\"https:\/\/ovlac.com\/wp-content\/uploads\/2014\/04\/DSC_0112-2.jpg\",\"width\":1395,\"height\":915},{\"@type\":\"BreadcrumbList\",\"@id\":\"https:\/\/ovlac.com\/fr\/charrues-reversibles-semiportees\/#breadcrumb\",\"itemListElement\":[{\"@type\":\"ListItem\",\"position\":1,\"name\":\"Portada\",\"item\":\"https:\/\/ovlac.com\/fr\/\"},{\"@type\":\"ListItem\",\"position\":2,\"name\":\"Charrues r\u00e9versibles semiport\u00e9es\"}]},{\"@type\":\"WebSite\",\"@id\":\"https:\/\/ovlac.com\/#website\",\"url\":\"https:\/\/ovlac.com\/\",\"name\":\"Ovlac\",\"description\":\"OVLAC\",\"potentialAction\":[{\"@type\":\"SearchAction\",\"target\":{\"@type\":\"EntryPoint\",\"urlTemplate\":\"https:\/\/ovlac.com\/?s={search_term_string}\"},\"query-input\":{\"@type\":\"PropertyValueSpecification\",\"valueRequired\":true,\"valueName\":\"search_term_string\"}}],\"inLanguage\":\"fr-FR\"}]}<\/script>\n<!-- \/ Yoast SEO plugin. -->","yoast_head_json":{"title":"Charrues r\u00e9versibles semiport\u00e9es - Ovlac","robots":{"index":"index","follow":"follow","max-snippet":"max-snippet:-1","max-image-preview":"max-image-preview:large","max-video-preview":"max-video-preview:-1"},"canonical":"https:\/\/ovlac.com\/fr\/charrues-reversibles-semiportees\/","og_locale":"fr_FR","og_type":"article","og_title":"Charrues r\u00e9versibles semiport\u00e9es - Ovlac","og_description":"Ovlac dispose d'une grande exp\u00e9rience dans la fabrication de charrues semisuspendues pour divers march\u00e9s et conditions d'utilisation. La gamme de charrues semisuspendues d'Ovlac comprend diff\u00e9rents mod\u00e8les allant jusqu'\u00e0 8 corps, [&hellip;]","og_url":"https:\/\/ovlac.com\/fr\/charrues-reversibles-semiportees\/","og_site_name":"Ovlac","article_modified_time":"2024-12-20T12:55:38+00:00","og_image":[{"width":1395,"height":915,"url":"https:\/\/ovlac.com\/wp-content\/uploads\/2014\/04\/DSC_0112-2.jpg","type":"image\/jpeg"}],"twitter_card":"summary_large_image","twitter_misc":{"Dur\u00e9e de lecture estim\u00e9e":"3 minutes"},"schema":{"@context":"https:\/\/schema.org","@graph":[{"@type":"WebPage","@id":"https:\/\/ovlac.com\/fr\/charrues-reversibles-semiportees\/","url":"https:\/\/ovlac.com\/fr\/charrues-reversibles-semiportees\/","name":"Charrues r\u00e9versibles semiport\u00e9es - Ovlac","isPartOf":{"@id":"https:\/\/ovlac.com\/#website"},"primaryImageOfPage":{"@id":"https:\/\/ovlac.com\/fr\/charrues-reversibles-semiportees\/#primaryimage"},"image":{"@id":"https:\/\/ovlac.com\/fr\/charrues-reversibles-semiportees\/#primaryimage"},"thumbnailUrl":"https:\/\/ovlac.com\/wp-content\/uploads\/2014\/04\/DSC_0112-2.jpg","datePublished":"2024-12-20T12:55:15+00:00","dateModified":"2024-12-20T12:55:38+00:00","breadcrumb":{"@id":"https:\/\/ovlac.com\/fr\/charrues-reversibles-semiportees\/#breadcrumb"},"inLanguage":"fr-FR","potentialAction":[{"@type":"ReadAction","target":["https:\/\/ovlac.com\/fr\/charrues-reversibles-semiportees\/"]}]},{"@type":"ImageObject","inLanguage":"fr-FR","@id":"https:\/\/ovlac.com\/fr\/charrues-reversibles-semiportees\/#primaryimage","url":"https:\/\/ovlac.com\/wp-content\/uploads\/2014\/04\/DSC_0112-2.jpg","contentUrl":"https:\/\/ovlac.com\/wp-content\/uploads\/2014\/04\/DSC_0112-2.jpg","width":1395,"height":915},{"@type":"BreadcrumbList","@id":"https:\/\/ovlac.com\/fr\/charrues-reversibles-semiportees\/#breadcrumb","itemListElement":[{"@type":"ListItem","position":1,"name":"Portada","item":"https:\/\/ovlac.com\/fr\/"},{"@type":"ListItem","position":2,"name":"Charrues r\u00e9versibles semiport\u00e9es"}]},{"@type":"WebSite","@id":"https:\/\/ovlac.com\/#website","url":"https:\/\/ovlac.com\/","name":"Ovlac","description":"OVLAC","potentialAction":[{"@type":"SearchAction","target":{"@type":"EntryPoint","urlTemplate":"https:\/\/ovlac.com\/?s={search_term_string}"},"query-input":{"@type":"PropertyValueSpecification","valueRequired":true,"valueName":"search_term_string"}}],"inLanguage":"fr-FR"}]}},"_links":{"self":[{"href":"https:\/\/ovlac.com\/fr\/wp-json\/wp\/v2\/pages\/61237","targetHints":{"allow":["GET"]}}],"collection":[{"href":"https:\/\/ovlac.com\/fr\/wp-json\/wp\/v2\/pages"}],"about":[{"href":"https:\/\/ovlac.com\/fr\/wp-json\/wp\/v2\/types\/page"}],"author":[{"embeddable":true,"href":"https:\/\/ovlac.com\/fr\/wp-json\/wp\/v2\/users\/200"}],"replies":[{"embeddable":true,"href":"https:\/\/ovlac.com\/fr\/wp-json\/wp\/v2\/comments?post=61237"}],"version-history":[{"count":5,"href":"https:\/\/ovlac.com\/fr\/wp-json\/wp\/v2\/pages\/61237\/revisions"}],"predecessor-version":[{"id":61242,"href":"https:\/\/ovlac.com\/fr\/wp-json\/wp\/v2\/pages\/61237\/revisions\/61242"}],"wp:featuredmedia":[{"embeddable":true,"href":"https:\/\/ovlac.com\/fr\/wp-json\/wp\/v2\/media\/54238"}],"wp:attachment":[{"href":"https:\/\/ovlac.com\/fr\/wp-json\/wp\/v2\/media?parent=61237"}],"curies":[{"name":"wp","href":"https:\/\/api.w.org\/{rel}","templated":true}]}}