{"id":61211,"date":"2024-12-20T12:26:40","date_gmt":"2024-12-20T12:26:40","guid":{"rendered":"https:\/\/ovlac.com\/?page_id=61211"},"modified":"2026-04-07T08:58:07","modified_gmt":"2026-04-07T08:58:07","slug":"versatill","status":"publish","type":"page","link":"https:\/\/ovlac.com\/fr\/versatill\/","title":{"rendered":"VersaTill"},"content":{"rendered":"<p>[et_pb_section fb_built=\u00a0\u00bb1&Prime; fullwidth=\u00a0\u00bbon\u00a0\u00bb _builder_version=\u00a0\u00bb4.24.3&Prime; _module_preset=\u00a0\u00bbdefault\u00a0\u00bb locked=\u00a0\u00bboff\u00a0\u00bb global_colors_info=\u00a0\u00bb{}\u00a0\u00bb][et_pb_fullwidth_slider admin_label=\u00a0\u00bbControl deslizante de anchura completa\u00a0\u00bb _builder_version=\u00a0\u00bb4.26.0&Prime; _module_preset=\u00a0\u00bbdefault\u00a0\u00bb background_last_edited=\u00a0\u00bbon|desktop\u00a0\u00bb global_colors_info=\u00a0\u00bb{}\u00a0\u00bb][et_pb_slide url_new_window=\u00a0\u00bbon\u00a0\u00bb use_bg_overlay=\u00a0\u00bboff\u00a0\u00bb use_text_overlay=\u00a0\u00bboff\u00a0\u00bb image_tablet=\u00a0\u00bb\u00a0\u00bb image_phone=\u00a0\u00bb\u00a0\u00bb image_last_edited=\u00a0\u00bbon|desktop\u00a0\u00bb _builder_version=\u00a0\u00bb4.26.0&Prime; _module_preset=\u00a0\u00bbdefault\u00a0\u00bb header_font=\u00a0\u00bb||||||||\u00a0\u00bb background_color=\u00a0\u00bb#FFFFFF\u00a0\u00bb background_enable_color=\u00a0\u00bbon\u00a0\u00bb background_image=\u00a0\u00bbhttps:\/\/ovlac.com\/wp-content\/uploads\/2024\/07\/VERSATILL-VERSION_HQ_10868.jpg\u00a0\u00bb background_enable_image=\u00a0\u00bbon\u00a0\u00bb button_on_hover=\u00a0\u00bbon\u00a0\u00bb background_last_edited=\u00a0\u00bbon|desktop\u00a0\u00bb background_image_tablet=\u00a0\u00bbhttps:\/\/ovlac.com\/wp-content\/uploads\/2024\/04\/slider-XP.png\u00a0\u00bb background_image_phone=\u00a0\u00bbhttps:\/\/ovlac.com\/wp-content\/uploads\/2024\/04\/slider-XP.png\u00a0\u00bb background_enable_image_tablet=\u00a0\u00bbon\u00a0\u00bb background_enable_image_phone=\u00a0\u00bbon\u00a0\u00bb global_colors_info=\u00a0\u00bb{}\u00a0\u00bb sticky_transition=\u00a0\u00bbon\u00a0\u00bb][\/et_pb_slide][\/et_pb_fullwidth_slider][et_pb_fullwidth_post_title meta=\u00a0\u00bboff\u00a0\u00bb featured_image=\u00a0\u00bboff\u00a0\u00bb _builder_version=\u00a0\u00bb4.24.3&Prime; _module_preset=\u00a0\u00bbdefault\u00a0\u00bb title_font=\u00a0\u00bb|700|||||||\u00a0\u00bb title_text_color=\u00a0\u00bb#e73137&Prime; title_font_size=\u00a0\u00bb33px\u00a0\u00bb background_color=\u00a0\u00bbRGBA(255,255,255,0)\u00a0\u00bb custom_padding=\u00a0\u00bb60px||||false|false\u00a0\u00bb global_colors_info=\u00a0\u00bb{}\u00a0\u00bb][\/et_pb_fullwidth_post_title][\/et_pb_section][et_pb_section fb_built=\u00a0\u00bb1&Prime; admin_label=\u00a0\u00bbsection\u00a0\u00bb _builder_version=\u00a0\u00bb4.16&Prime; locked=\u00a0\u00bboff\u00a0\u00bb global_colors_info=\u00a0\u00bb{}\u00a0\u00bb][et_pb_row admin_label=\u00a0\u00bbrow\u00a0\u00bb _builder_version=\u00a0\u00bb4.24.3&Prime; background_size=\u00a0\u00bbinitial\u00a0\u00bb background_position=\u00a0\u00bbtop_left\u00a0\u00bb background_repeat=\u00a0\u00bbrepeat\u00a0\u00bb custom_margin=\u00a0\u00bb-28px||||false|false\u00a0\u00bb custom_padding=\u00a0\u00bb0px|||||\u00a0\u00bb global_colors_info=\u00a0\u00bb{}\u00a0\u00bb][et_pb_column type=\u00a0\u00bb4_4&Prime; _builder_version=\u00a0\u00bb4.16&Prime; custom_padding=\u00a0\u00bb|||\u00a0\u00bb global_colors_info=\u00a0\u00bb{}\u00a0\u00bb custom_padding__hover=\u00a0\u00bb|||\u00a0\u00bb][et_pb_text admin_label=\u00a0\u00bbText\u00a0\u00bb _builder_version=\u00a0\u00bb4.27.3&Prime; text_font_size=\u00a0\u00bb15px\u00a0\u00bb text_line_height=\u00a0\u00bb1.9em\u00a0\u00bb background_size=\u00a0\u00bbinitial\u00a0\u00bb background_position=\u00a0\u00bbtop_left\u00a0\u00bb background_repeat=\u00a0\u00bbrepeat\u00a0\u00bb custom_margin=\u00a0\u00bb||32px||false|false\u00a0\u00bb custom_padding=\u00a0\u00bb||32px||false|false\u00a0\u00bb global_colors_info=\u00a0\u00bb{}\u00a0\u00bb]<\/p>\n<p>Le<span>\u00a0<\/span><em><strong>Versatill<\/strong><\/em><span>\u00a0<\/span>d&rsquo;Ovlac a \u00e9t\u00e9 con\u00e7u comme un cultivateur polyvalent pour r\u00e9aliser des d\u00e9chaumages d&rsquo;enfouissement de d\u00e9bris v\u00e9g\u00e9taux.<\/p>\n<p>Ses<span>\u00a0<\/span><strong>3\u00a0rang\u00e9es<\/strong><span>\u00a0<\/span>de dents \u00e0 grand d\u00e9gagement \u2013 86 cm &#8211; pourvues de s\u00e9curit\u00e9s non stop \u00e0 lames de ressort lui permettent de travailler dans des grands volumes de d\u00e9bris v\u00e9g\u00e9taux et dans les conditions les plus difficiles.<\/p>\n<p>A l&rsquo;arri\u00e8re des dents, une rang\u00e9e de disques affine les mottes et nivelle le sol. Finalement, le<span>\u00a0<\/span><em><strong>Versatill<\/strong><span>\u00a0<\/span><\/em>est \u00e9quip\u00e9 de\u00a0diff\u00e9rents types de rouleaux pour assurer un contr\u00f4le de profondeur et de rappui du sol travaill\u00e9.<\/p>\n<p>Le\u00a0<strong>corps \u00e9clateur\u00a0<\/strong>du<span>\u00a0<\/span><em><strong>Versatill<\/strong><\/em><span>\u00a0<\/span>permet divers types de travail en fonction des n\u00e9cessit\u00e9s (culture, saison&#8230;). Les<span>\u00a0<\/span><strong>ailettes<\/strong><span>\u00a0<\/span>(optionelles) combin\u00e9es aux<span>\u00a0<\/span><strong>d\u00e9flecteurs<span>\u00a0<\/span><\/strong>(s\u00e9rie)\u00a0permettent un travail intense semblable \u00e0 un labour \u00e0 versoir au niveau enfouissement avec un m\u00e9lange sous la premi\u00e8re couche de terre.\u00a0De plus,\u00a0la totalit\u00e9 de la largeur de travail est d\u00e9chaum\u00e9e\u00a0(pas de bandes non travaill\u00e9es)<\/p>\n<p>En retirant les ailettes il est possible de travailler exclusivement avec les pointes (de s\u00e9rie avec rechargement au carbure ou plaquettes en option) afin de r\u00e9aliser des d\u00e9chaumages profonds jusqu&rsquo;\u00e0<span>\u00a0<\/span><strong>40 cm<\/strong>.<\/p>\n<p>Le syst\u00e8me Non Stop \u00e0 lames de ressort d&rsquo;Ovlac pr\u00e9sente de nombreux avantages parmi lesquels :<\/p>\n<ul class=\"checked\">\n<li><strong>Pression de travail \u00e9lev\u00e9e : 670 kg<\/strong><span>\u00a0<\/span>&#8211; qui garantit une grande capacit\u00e9 de p\u00e9n\u00e9tration et un maintient de l&rsquo;angle optimal de la dent. Ce dernier point est sp\u00e9cialement important lors d&rsquo;un travail avec les ailettes qui n\u00e9cessitent le maintient de leur angle d&rsquo;attaque dans le sens d&rsquo;avancement pour un travail optimis\u00e9 et une consommation de carburant la plus restreinte.<\/li>\n<li><strong>Pression d\u00e9croissante<\/strong><span>\u00a0<\/span>a mesure que la dent s&rsquo;\u00e9l\u00e8ve sur un obstacle, cela minimisant les pressions exerc\u00e9es sur le ch\u00e2ssis et la structure du<span>\u00a0<\/span><em><strong>Versatill<\/strong><\/em>.\u00a0De m\u00eame que cela permet de\u00a0r\u00e9duire la remont\u00e9e de pierre \u00e0 la surface.<\/li>\n<li>Grande\u00a0<strong>hauteur de d\u00e9clenchement<\/strong>\u00a0qui facilite le franchissement de n&rsquo;importe quel obstacle sans probl\u00e8mes\u00a0et sans affecter la profondeur de travail de la machine \u00e0 chaque franchissement pour une r\u00e9gularit\u00e9 de travail parfaite.<\/li>\n<li>C&rsquo;est un syst\u00e8me efficace, robuste et totalement sans entretien.<\/li>\n<\/ul>\n<p>[\/et_pb_text][et_pb_video src=\u00a0\u00bbhttps:\/\/youtu.be\/BM2nS5hK0qs\u00a0\u00bb _builder_version=\u00a0\u00bb4.26.0&Prime; _module_preset=\u00a0\u00bbdefault\u00a0\u00bb global_colors_info=\u00a0\u00bb{}\u00a0\u00bb][\/et_pb_video][et_pb_button button_url=\u00a0\u00bbhttps:\/\/ovlac.com\/wp-content\/uploads\/2026\/04\/2026-CATALOGO-VERSATILL-FRA_compressed.pdf\u00a0\u00bb url_new_window=\u00a0\u00bbon\u00a0\u00bb button_text=\u00a0\u00bbVersatill Catalogue \u00a0\u00bb button_alignment=\u00a0\u00bbcenter\u00a0\u00bb _builder_version=\u00a0\u00bb4.27.4&Prime; _module_preset=\u00a0\u00bbdefault\u00a0\u00bb custom_button=\u00a0\u00bbon\u00a0\u00bb button_text_size=\u00a0\u00bb22px\u00a0\u00bb button_text_color=\u00a0\u00bb#FFFFFF\u00a0\u00bb button_bg_color=\u00a0\u00bb#EF3E42&Prime; button_icon=\u00a0\u00bb&#xe092;||divi||400&Prime; button_icon_color=\u00a0\u00bb#FFFFFF\u00a0\u00bb button_icon_placement=\u00a0\u00bbleft\u00a0\u00bb button_on_hover=\u00a0\u00bboff\u00a0\u00bb hover_enabled=\u00a0\u00bb0&Prime; locked=\u00a0\u00bboff\u00a0\u00bb global_colors_info=\u00a0\u00bb{}\u00a0\u00bb sticky_enabled=\u00a0\u00bb0&Prime;][\/et_pb_button][\/et_pb_column][\/et_pb_row][\/et_pb_section][et_pb_section fb_built=\u00a0\u00bb1&Prime; _builder_version=\u00a0\u00bb4.24.3&Prime; _module_preset=\u00a0\u00bbdefault\u00a0\u00bb background_color=\u00a0\u00bb#e5e5e5&Prime; locked=\u00a0\u00bboff\u00a0\u00bb global_colors_info=\u00a0\u00bb{}\u00a0\u00bb][et_pb_row column_structure=\u00a0\u00bb1_2,1_2&Prime; _builder_version=\u00a0\u00bb4.24.3&Prime; _module_preset=\u00a0\u00bbdefault\u00a0\u00bb custom_margin=\u00a0\u00bb12px||48px||false|false\u00a0\u00bb custom_margin_tablet=\u00a0\u00bb12px||48px||false|false\u00a0\u00bb custom_margin_phone=\u00a0\u00bb12px||48px||false|false\u00a0\u00bb custom_margin_last_edited=\u00a0\u00bbon|desktop\u00a0\u00bb global_colors_info=\u00a0\u00bb{}\u00a0\u00bb][et_pb_column type=\u00a0\u00bb1_2&Prime; _builder_version=\u00a0\u00bb4.24.3&Prime; _module_preset=\u00a0\u00bbdefault\u00a0\u00bb global_colors_info=\u00a0\u00bb{}\u00a0\u00bb][et_pb_text _builder_version=\u00a0\u00bb4.27.3&Prime; _module_preset=\u00a0\u00bbdefault\u00a0\u00bb global_colors_info=\u00a0\u00bb{}\u00a0\u00bb]<\/p>\n<div class=\"acf-label\">\n<h2 class=\"description\" style=\"text-align: center;\"><strong>Principales avantages<\/strong><\/h2>\n<\/div>\n<p>[\/et_pb_text][et_pb_text _builder_version=\u00a0\u00bb4.27.3&Prime; _module_preset=\u00a0\u00bbdefault\u00a0\u00bb global_colors_info=\u00a0\u00bb{}\u00a0\u00bb]<\/p>\n<ul>\n<li>Outil polyvalent\u00a0: d\u00e9chaumage entre 15 et 40 cm de profondeur<\/li>\n<li>Syst\u00e8me non stop sans entretien et grande pression au sol<\/li>\n<li>Pointes avec carbure de s\u00e9rie<\/li>\n<\/ul>\n<p>[\/et_pb_text][\/et_pb_column][et_pb_column type=\u00a0\u00bb1_2&Prime; _builder_version=\u00a0\u00bb4.24.3&Prime; _module_preset=\u00a0\u00bbdefault\u00a0\u00bb global_colors_info=\u00a0\u00bb{}\u00a0\u00bb][et_pb_image src=\u00a0\u00bbhttps:\/\/ovlac.com\/wp-content\/uploads\/2014\/04\/VERSATILL-29-WEB.jpg\u00a0\u00bb title_text=\u00a0\u00bbXLANDER GC-MCH ARRASTRADO (10)\u00a0\u00bb _builder_version=\u00a0\u00bb4.26.0&Prime; _module_preset=\u00a0\u00bbdefault\u00a0\u00bb width=\u00a0\u00bb99.6%\u00a0\u00bb custom_padding=\u00a0\u00bb|78px|0px|||\u00a0\u00bb global_colors_info=\u00a0\u00bb{}\u00a0\u00bb][\/et_pb_image][\/et_pb_column][\/et_pb_row][et_pb_row _builder_version=\u00a0\u00bb4.24.3&Prime; _module_preset=\u00a0\u00bbdefault\u00a0\u00bb global_colors_info=\u00a0\u00bb{}\u00a0\u00bb][et_pb_column type=\u00a0\u00bb4_4&Prime; _builder_version=\u00a0\u00bb4.24.3&Prime; _module_preset=\u00a0\u00bbdefault\u00a0\u00bb global_colors_info=\u00a0\u00bb{}\u00a0\u00bb][et_pb_text admin_label=\u00a0\u00bbTexto\u00a0\u00bb _builder_version=\u00a0\u00bb4.27.3&Prime; _module_preset=\u00a0\u00bbdefault\u00a0\u00bb global_colors_info=\u00a0\u00bb{}\u00a0\u00bb]<\/p>\n<div class=\"acf-label\">\n<h2 style=\"text-align: center;\"><strong>Fiche Technique<\/strong><\/h2>\n<\/div>\n<p>[\/et_pb_text][et_pb_image src=\u00a0\u00bbhttps:\/\/ovlac.com\/wp-content\/uploads\/2025\/03\/Caracteristicas-Tecnicas-Versatill-ESP-png.webp\u00a0\u00bb alt=\u00a0\u00bbXPERIENCIE-CARACTERISTICAS TECNICAS\u00a0\u00bb title_text=\u00a0\u00bbCaracteristicas Tecnicas-Versatill-ESP\u00a0\u00bb show_bottom_space=\u00a0\u00bboff\u00a0\u00bb align=\u00a0\u00bbcenter\u00a0\u00bb _builder_version=\u00a0\u00bb4.27.4&Prime; _module_preset=\u00a0\u00bbdefault\u00a0\u00bb locked=\u00a0\u00bboff\u00a0\u00bb global_colors_info=\u00a0\u00bb{}\u00a0\u00bb][\/et_pb_image][\/et_pb_column][\/et_pb_row][et_pb_row column_structure=\u00a0\u00bb1_2,1_2&Prime; use_custom_gutter=\u00a0\u00bbon\u00a0\u00bb gutter_width=\u00a0\u00bb2&Prime; make_equal=\u00a0\u00bbon\u00a0\u00bb _builder_version=\u00a0\u00bb4.27.0&Prime; _module_preset=\u00a0\u00bbdefault\u00a0\u00bb width=\u00a0\u00bb100%\u00a0\u00bb max_width=\u00a0\u00bb1206px\u00a0\u00bb module_alignment=\u00a0\u00bbcenter\u00a0\u00bb locked=\u00a0\u00bboff\u00a0\u00bb global_colors_info=\u00a0\u00bb{}\u00a0\u00bb][et_pb_column type=\u00a0\u00bb1_2&Prime; _builder_version=\u00a0\u00bb4.27.0&Prime; _module_preset=\u00a0\u00bbdefault\u00a0\u00bb global_colors_info=\u00a0\u00bb{}\u00a0\u00bb][et_pb_text _builder_version=\u00a0\u00bb4.27.4&Prime; _module_preset=\u00a0\u00bbdefault\u00a0\u00bb global_colors_info=\u00a0\u00bb{}\u00a0\u00bb]<\/p>\n<div class=\"acf-label\">\n<h3 class=\"description\" style=\"text-align: center;\"><span style=\"color: #e73137;\"><strong>Versatill Port\u00e9e<\/strong><\/span><\/h3>\n<\/div>\n<p>[\/et_pb_text][et_pb_image src=\u00a0\u00bbhttps:\/\/ovlac.com\/wp-content\/uploads\/2025\/03\/VERSATILL-SUSPENDIDO-WEB.webp\u00a0\u00bb alt=\u00a0\u00bbMINI-NH-9+1 VC \u00a0\u00bb title_text=\u00a0\u00bbVERSATILL SUSPENDIDO-WEB\u00a0\u00bb force_fullwidth=\u00a0\u00bbon\u00a0\u00bb _builder_version=\u00a0\u00bb4.27.4&Prime; _module_preset=\u00a0\u00bbdefault\u00a0\u00bb global_colors_info=\u00a0\u00bb{}\u00a0\u00bb][\/et_pb_image][\/et_pb_column][et_pb_column type=\u00a0\u00bb1_2&Prime; _builder_version=\u00a0\u00bb4.27.0&Prime; _module_preset=\u00a0\u00bbdefault\u00a0\u00bb global_colors_info=\u00a0\u00bb{}\u00a0\u00bb][et_pb_text _builder_version=\u00a0\u00bb4.27.4&Prime; _module_preset=\u00a0\u00bbdefault\u00a0\u00bb global_colors_info=\u00a0\u00bb{}\u00a0\u00bb]<\/p>\n<div class=\"acf-label\">\n<h3 class=\"description\" style=\"text-align: center;\"><span style=\"color: #e73137;\"><strong>Versatill Semi-port\u00e9e<\/strong><\/span><\/h3>\n<\/div>\n<p>[\/et_pb_text][et_pb_image src=\u00a0\u00bbhttps:\/\/ovlac.com\/wp-content\/uploads\/2025\/03\/VERSATILL-ARRASTRADO-WEB.webp\u00a0\u00bb alt=\u00a0\u00bbMINI-NH-9+1 VC \u00a0\u00bb title_text=\u00a0\u00bbVERSATILL ARRASTRADO-WEB\u00a0\u00bb _builder_version=\u00a0\u00bb4.27.4&Prime; _module_preset=\u00a0\u00bbdefault\u00a0\u00bb global_colors_info=\u00a0\u00bb{}\u00a0\u00bb][\/et_pb_image][\/et_pb_column][\/et_pb_row][et_pb_row _builder_version=\u00a0\u00bb4.24.3&Prime; _module_preset=\u00a0\u00bbdefault\u00a0\u00bb global_colors_info=\u00a0\u00bb{}\u00a0\u00bb][et_pb_column type=\u00a0\u00bb4_4&Prime; _builder_version=\u00a0\u00bb4.24.3&Prime; _module_preset=\u00a0\u00bbdefault\u00a0\u00bb global_colors_info=\u00a0\u00bb{}\u00a0\u00bb][et_pb_text _builder_version=\u00a0\u00bb4.27.3&Prime; _module_preset=\u00a0\u00bbdefault\u00a0\u00bb global_colors_info=\u00a0\u00bb{}\u00a0\u00bb]<\/p>\n<div class=\"acf-label\">\n<h2 class=\"description\" style=\"text-align: center;\"><strong>Photos<\/strong><\/h2>\n<\/div>\n<p>[\/et_pb_text][et_pb_gallery gallery_ids=\u00a0\u00bb44090,48066,62886,62881,62876,62891,55231,55225,55229&Prime; posts_number=\u00a0\u00bb8&Prime; orientation=\u00a0\u00bbportrait\u00a0\u00bb show_title_and_caption=\u00a0\u00bboff\u00a0\u00bb _builder_version=\u00a0\u00bb4.27.4&Prime; _module_preset=\u00a0\u00bbdefault\u00a0\u00bb locked=\u00a0\u00bboff\u00a0\u00bb global_colors_info=\u00a0\u00bb{}\u00a0\u00bb][\/et_pb_gallery][\/et_pb_column][\/et_pb_row][\/et_pb_section]<\/p>\n","protected":false},"excerpt":{"rendered":"<p>Le\u00a0Versatill\u00a0d&rsquo;Ovlac a \u00e9t\u00e9 con\u00e7u comme un cultivateur polyvalent pour r\u00e9aliser des d\u00e9chaumages d&rsquo;enfouissement de d\u00e9bris v\u00e9g\u00e9taux. Ses\u00a03\u00a0rang\u00e9es\u00a0de dents \u00e0 grand d\u00e9gagement \u2013 86 cm &#8211; pourvues de s\u00e9curit\u00e9s non stop [&hellip;]<\/p>\n","protected":false},"author":200,"featured_media":0,"parent":0,"menu_order":0,"comment_status":"closed","ping_status":"closed","template":"","meta":{"_et_pb_use_builder":"on","_et_pb_old_content":"","_et_gb_content_width":"","footnotes":""},"class_list":["post-61211","page","type-page","status-publish","hentry"],"yoast_head":"<!-- This site is optimized with the Yoast SEO plugin v24.8.1 - https:\/\/yoast.com\/wordpress\/plugins\/seo\/ -->\n<title>VersaTill - Ovlac<\/title>\n<meta name=\"robots\" content=\"index, follow, max-snippet:-1, max-image-preview:large, max-video-preview:-1\" \/>\n<link rel=\"canonical\" href=\"https:\/\/ovlac.com\/versatill\/\" \/>\n<meta property=\"og:locale\" content=\"fr_FR\" \/>\n<meta property=\"og:type\" content=\"article\" \/>\n<meta property=\"og:title\" content=\"VersaTill - Ovlac\" \/>\n<meta property=\"og:description\" content=\"Le\u00a0Versatill\u00a0d&#039;Ovlac a \u00e9t\u00e9 con\u00e7u comme un cultivateur polyvalent pour r\u00e9aliser des d\u00e9chaumages d&#039;enfouissement de d\u00e9bris v\u00e9g\u00e9taux. Ses\u00a03\u00a0rang\u00e9es\u00a0de dents \u00e0 grand d\u00e9gagement \u2013 86 cm - pourvues de s\u00e9curit\u00e9s non stop [&hellip;]\" \/>\n<meta property=\"og:url\" content=\"https:\/\/ovlac.com\/versatill\/\" \/>\n<meta property=\"og:site_name\" content=\"Ovlac\" \/>\n<meta property=\"article:modified_time\" content=\"2026-04-07T08:58:07+00:00\" \/>\n<meta name=\"twitter:card\" content=\"summary_large_image\" \/>\n<meta name=\"twitter:label1\" content=\"Dur\u00e9e de lecture estim\u00e9e\" \/>\n\t<meta name=\"twitter:data1\" content=\"2 minutes\" \/>\n<script type=\"application\/ld+json\" class=\"yoast-schema-graph\">{\"@context\":\"https:\/\/schema.org\",\"@graph\":[{\"@type\":\"WebPage\",\"@id\":\"https:\/\/ovlac.com\/versatill\/\",\"url\":\"https:\/\/ovlac.com\/versatill\/\",\"name\":\"VersaTill - Ovlac\",\"isPartOf\":{\"@id\":\"https:\/\/ovlac.com\/#website\"},\"datePublished\":\"2024-12-20T12:26:40+00:00\",\"dateModified\":\"2026-04-07T08:58:07+00:00\",\"breadcrumb\":{\"@id\":\"https:\/\/ovlac.com\/versatill\/#breadcrumb\"},\"inLanguage\":\"fr-FR\",\"potentialAction\":[{\"@type\":\"ReadAction\",\"target\":[\"https:\/\/ovlac.com\/versatill\/\"]}]},{\"@type\":\"BreadcrumbList\",\"@id\":\"https:\/\/ovlac.com\/versatill\/#breadcrumb\",\"itemListElement\":[{\"@type\":\"ListItem\",\"position\":1,\"name\":\"Portada\",\"item\":\"https:\/\/ovlac.com\/fr\/\"},{\"@type\":\"ListItem\",\"position\":2,\"name\":\"VersaTill\"}]},{\"@type\":\"WebSite\",\"@id\":\"https:\/\/ovlac.com\/#website\",\"url\":\"https:\/\/ovlac.com\/\",\"name\":\"Ovlac\",\"description\":\"OVLAC\",\"potentialAction\":[{\"@type\":\"SearchAction\",\"target\":{\"@type\":\"EntryPoint\",\"urlTemplate\":\"https:\/\/ovlac.com\/?s={search_term_string}\"},\"query-input\":{\"@type\":\"PropertyValueSpecification\",\"valueRequired\":true,\"valueName\":\"search_term_string\"}}],\"inLanguage\":\"fr-FR\"}]}<\/script>\n<!-- \/ Yoast SEO plugin. -->","yoast_head_json":{"title":"VersaTill - Ovlac","robots":{"index":"index","follow":"follow","max-snippet":"max-snippet:-1","max-image-preview":"max-image-preview:large","max-video-preview":"max-video-preview:-1"},"canonical":"https:\/\/ovlac.com\/versatill\/","og_locale":"fr_FR","og_type":"article","og_title":"VersaTill - Ovlac","og_description":"Le\u00a0Versatill\u00a0d'Ovlac a \u00e9t\u00e9 con\u00e7u comme un cultivateur polyvalent pour r\u00e9aliser des d\u00e9chaumages d'enfouissement de d\u00e9bris v\u00e9g\u00e9taux. Ses\u00a03\u00a0rang\u00e9es\u00a0de dents \u00e0 grand d\u00e9gagement \u2013 86 cm - pourvues de s\u00e9curit\u00e9s non stop [&hellip;]","og_url":"https:\/\/ovlac.com\/versatill\/","og_site_name":"Ovlac","article_modified_time":"2026-04-07T08:58:07+00:00","twitter_card":"summary_large_image","twitter_misc":{"Dur\u00e9e de lecture estim\u00e9e":"2 minutes"},"schema":{"@context":"https:\/\/schema.org","@graph":[{"@type":"WebPage","@id":"https:\/\/ovlac.com\/versatill\/","url":"https:\/\/ovlac.com\/versatill\/","name":"VersaTill - Ovlac","isPartOf":{"@id":"https:\/\/ovlac.com\/#website"},"datePublished":"2024-12-20T12:26:40+00:00","dateModified":"2026-04-07T08:58:07+00:00","breadcrumb":{"@id":"https:\/\/ovlac.com\/versatill\/#breadcrumb"},"inLanguage":"fr-FR","potentialAction":[{"@type":"ReadAction","target":["https:\/\/ovlac.com\/versatill\/"]}]},{"@type":"BreadcrumbList","@id":"https:\/\/ovlac.com\/versatill\/#breadcrumb","itemListElement":[{"@type":"ListItem","position":1,"name":"Portada","item":"https:\/\/ovlac.com\/fr\/"},{"@type":"ListItem","position":2,"name":"VersaTill"}]},{"@type":"WebSite","@id":"https:\/\/ovlac.com\/#website","url":"https:\/\/ovlac.com\/","name":"Ovlac","description":"OVLAC","potentialAction":[{"@type":"SearchAction","target":{"@type":"EntryPoint","urlTemplate":"https:\/\/ovlac.com\/?s={search_term_string}"},"query-input":{"@type":"PropertyValueSpecification","valueRequired":true,"valueName":"search_term_string"}}],"inLanguage":"fr-FR"}]}},"_links":{"self":[{"href":"https:\/\/ovlac.com\/fr\/wp-json\/wp\/v2\/pages\/61211","targetHints":{"allow":["GET"]}}],"collection":[{"href":"https:\/\/ovlac.com\/fr\/wp-json\/wp\/v2\/pages"}],"about":[{"href":"https:\/\/ovlac.com\/fr\/wp-json\/wp\/v2\/types\/page"}],"author":[{"embeddable":true,"href":"https:\/\/ovlac.com\/fr\/wp-json\/wp\/v2\/users\/200"}],"replies":[{"embeddable":true,"href":"https:\/\/ovlac.com\/fr\/wp-json\/wp\/v2\/comments?post=61211"}],"version-history":[{"count":6,"href":"https:\/\/ovlac.com\/fr\/wp-json\/wp\/v2\/pages\/61211\/revisions"}],"predecessor-version":[{"id":68246,"href":"https:\/\/ovlac.com\/fr\/wp-json\/wp\/v2\/pages\/61211\/revisions\/68246"}],"wp:attachment":[{"href":"https:\/\/ovlac.com\/fr\/wp-json\/wp\/v2\/media?parent=61211"}],"curies":[{"name":"wp","href":"https:\/\/api.w.org\/{rel}","templated":true}]}}