{"id":61203,"date":"2024-12-20T11:56:10","date_gmt":"2024-12-20T11:56:10","guid":{"rendered":"https:\/\/ovlac.com\/?page_id=61203"},"modified":"2026-04-07T08:55:50","modified_gmt":"2026-04-07T08:55:50","slug":"xlander-gc-la-version-trainee-de-votre-cultivateur-prefere","status":"publish","type":"page","link":"https:\/\/ovlac.com\/fr\/xlander-gc-la-version-trainee-de-votre-cultivateur-prefere\/","title":{"rendered":"XLander GC: La version tra\u00een\u00e9e de votre cultivateur pr\u00e9f\u00e9r\u00e9"},"content":{"rendered":"<p>[et_pb_section fb_built=\u00a0\u00bb1&Prime; fullwidth=\u00a0\u00bbon\u00a0\u00bb _builder_version=\u00a0\u00bb4.24.3&Prime; _module_preset=\u00a0\u00bbdefault\u00a0\u00bb locked=\u00a0\u00bboff\u00a0\u00bb global_colors_info=\u00a0\u00bb{}\u00a0\u00bb][et_pb_fullwidth_slider admin_label=\u00a0\u00bbControl deslizante de anchura completa\u00a0\u00bb _builder_version=\u00a0\u00bb4.26.0&Prime; _module_preset=\u00a0\u00bbdefault\u00a0\u00bb background_last_edited=\u00a0\u00bbon|desktop\u00a0\u00bb global_colors_info=\u00a0\u00bb{}\u00a0\u00bb][et_pb_slide url_new_window=\u00a0\u00bbon\u00a0\u00bb use_bg_overlay=\u00a0\u00bboff\u00a0\u00bb use_text_overlay=\u00a0\u00bboff\u00a0\u00bb image_tablet=\u00a0\u00bb\u00a0\u00bb image_phone=\u00a0\u00bb\u00a0\u00bb image_last_edited=\u00a0\u00bbon|desktop\u00a0\u00bb _builder_version=\u00a0\u00bb4.26.0&Prime; _module_preset=\u00a0\u00bbdefault\u00a0\u00bb header_font=\u00a0\u00bb||||||||\u00a0\u00bb background_color=\u00a0\u00bb#FFFFFF\u00a0\u00bb background_enable_color=\u00a0\u00bbon\u00a0\u00bb background_image=\u00a0\u00bbhttps:\/\/ovlac.com\/wp-content\/uploads\/2024\/07\/XLANDER-GC_HQ1623.jpg\u00a0\u00bb background_enable_image=\u00a0\u00bbon\u00a0\u00bb button_on_hover=\u00a0\u00bbon\u00a0\u00bb background_last_edited=\u00a0\u00bbon|desktop\u00a0\u00bb background_image_tablet=\u00a0\u00bbhttps:\/\/ovlac.com\/wp-content\/uploads\/2024\/04\/slider-XP.png\u00a0\u00bb background_image_phone=\u00a0\u00bbhttps:\/\/ovlac.com\/wp-content\/uploads\/2024\/04\/slider-XP.png\u00a0\u00bb background_enable_image_tablet=\u00a0\u00bbon\u00a0\u00bb background_enable_image_phone=\u00a0\u00bbon\u00a0\u00bb global_colors_info=\u00a0\u00bb{}\u00a0\u00bb sticky_transition=\u00a0\u00bbon\u00a0\u00bb][\/et_pb_slide][\/et_pb_fullwidth_slider][et_pb_fullwidth_post_title meta=\u00a0\u00bboff\u00a0\u00bb featured_image=\u00a0\u00bboff\u00a0\u00bb _builder_version=\u00a0\u00bb4.24.3&Prime; _module_preset=\u00a0\u00bbdefault\u00a0\u00bb title_font=\u00a0\u00bb|700|||||||\u00a0\u00bb title_text_color=\u00a0\u00bb#e73137&Prime; title_font_size=\u00a0\u00bb33px\u00a0\u00bb background_color=\u00a0\u00bbRGBA(255,255,255,0)\u00a0\u00bb custom_padding=\u00a0\u00bb60px||||false|false\u00a0\u00bb global_colors_info=\u00a0\u00bb{}\u00a0\u00bb][\/et_pb_fullwidth_post_title][\/et_pb_section][et_pb_section fb_built=\u00a0\u00bb1&Prime; admin_label=\u00a0\u00bbsection\u00a0\u00bb _builder_version=\u00a0\u00bb4.16&Prime; locked=\u00a0\u00bboff\u00a0\u00bb global_colors_info=\u00a0\u00bb{}\u00a0\u00bb][et_pb_row admin_label=\u00a0\u00bbrow\u00a0\u00bb _builder_version=\u00a0\u00bb4.24.3&Prime; background_size=\u00a0\u00bbinitial\u00a0\u00bb background_position=\u00a0\u00bbtop_left\u00a0\u00bb background_repeat=\u00a0\u00bbrepeat\u00a0\u00bb custom_margin=\u00a0\u00bb-28px||||false|false\u00a0\u00bb custom_padding=\u00a0\u00bb0px|||||\u00a0\u00bb global_colors_info=\u00a0\u00bb{}\u00a0\u00bb][et_pb_column type=\u00a0\u00bb4_4&Prime; _builder_version=\u00a0\u00bb4.16&Prime; custom_padding=\u00a0\u00bb|||\u00a0\u00bb global_colors_info=\u00a0\u00bb{}\u00a0\u00bb custom_padding__hover=\u00a0\u00bb|||\u00a0\u00bb][et_pb_text admin_label=\u00a0\u00bbText\u00a0\u00bb _builder_version=\u00a0\u00bb4.25.0&Prime; text_font_size=\u00a0\u00bb15px\u00a0\u00bb text_line_height=\u00a0\u00bb1.9em\u00a0\u00bb background_size=\u00a0\u00bbinitial\u00a0\u00bb background_position=\u00a0\u00bbtop_left\u00a0\u00bb background_repeat=\u00a0\u00bbrepeat\u00a0\u00bb custom_margin=\u00a0\u00bb||32px||false|false\u00a0\u00bb custom_padding=\u00a0\u00bb||32px||false|false\u00a0\u00bb global_colors_info=\u00a0\u00bb{}\u00a0\u00bb]<\/p>\n<p>La version<strong> GC du XLander<\/strong> est la solution pour les tracteurs haute puissance, avec roues ou chenilles, de 250 \u00e0 500 CV. La performance peut atteindre jusqu&rsquo;\u00e0 8 ha\/h (en fonction du type de parcelle et du sol travaill\u00e9) gr\u00e2ce \u00e0 une largeur de 7,15 \u00e0 10,00 m et \u00e0 une vitesse de travail pouvant atteindre 10 km\/h (selon les conditions et le travail requis).<\/p>\n<p>Un point crucial est que les roues de transport sont plac\u00e9es \u00e0 l&rsquo;avant de la machine en position de travail, contrairement \u00e0 de nombreux outils tra\u00een\u00e9s de ce type. Ainsi, ces grandes roues peuvent \u00eatre utilis\u00e9es pour un contr\u00f4le optimal de la profondeur m\u00eame dans des conditions tr\u00e8s difficiles et n&rsquo;affectent pas le travail des bras.<\/p>\n<p>D&rsquo;autre part, les deux m\u00e9moires hydrauliques qui contr\u00f4lent la profondeur de travail et l&rsquo;angle d&rsquo;attaque des bras (fonction de troisi\u00e8me point) facilitent grandement l&rsquo;utilisation de cet outil, car elles permettent de revenir aux r\u00e9glages pr\u00e9d\u00e9finis apr\u00e8s les man\u0153uvres dans les t\u00eates de champs ou apr\u00e8s un changement de r\u00e9glage dans une zone particuli\u00e8re.<\/p>\n<p>La construction du nouveau XLander repose sur un ch\u00e2ssis tr\u00e8s robuste bas\u00e9 sur un puissant cadre central. Toutes les articulations, pivots et \u00e9l\u00e9ments cl\u00e9s sont fabriqu\u00e9s en acier haute r\u00e9sistance. Une autre innovation importante est la disposition altern\u00e9e des bras courts et longs, assurant une am\u00e9lioration significative du flux des r\u00e9sidus pour un travail sans obstruction.<\/p>\n<p>Parmi ses autres caract\u00e9ristiques :<\/p>\n<ul>\n<li>3 rang\u00e9es de bras en lignes d\u00e9cal\u00e9es pour un flux en \u00ab\u00a0V\u00a0\u00bb permettant la circulation d&rsquo;abondante mati\u00e8re v\u00e9g\u00e9tale.<\/li>\n<li>Espace sous ch\u00e2ssis de 74 cm (selon le type de soc mont\u00e9).<\/li>\n<li>Distance entre les rang\u00e9es de 63 cm.<\/li>\n<li>Distance entre les bras de 23 cm.<\/li>\n<li>Pression \u00e0 la pointe de 300 kg.<\/li>\n<li>Large vari\u00e9t\u00e9 d&rsquo;accessoires.<\/li>\n<li>2 m\u00e9moires de r\u00e9glage hydraulique.<\/li>\n<li>Roues lat\u00e9rales pour le contr\u00f4le de la profondeur et roues centrales pour le contr\u00f4le et le transport.<\/li>\n<\/ul>\n<p>Disponible pour \u00eatre \u00e9quip\u00e9 de divers rouleaux, ainsi que d&rsquo;un cultivateur \u00e0 dents de 2 ou 3 rang\u00e9es, d&rsquo;un cultivateur interm\u00e9diaire \u00e0 couteaux ou d&rsquo;un cultivateur avec dents de 16 mm \u00e0 angle r\u00e9glable. Des pointes avec plaquettes en carbure de tungst\u00e8ne sont \u00e9galement disponibles en option.<\/p>\n<ul><\/ul>\n<p>[\/et_pb_text][et_pb_video src=\u00a0\u00bbhttps:\/\/youtu.be\/qjGb3h7ykWE\u00a0\u00bb _builder_version=\u00a0\u00bb4.26.0&Prime; _module_preset=\u00a0\u00bbdefault\u00a0\u00bb global_colors_info=\u00a0\u00bb{}\u00a0\u00bb][\/et_pb_video][et_pb_button button_url=\u00a0\u00bbhttps:\/\/ovlac.com\/wp-content\/uploads\/2026\/04\/2026-CATALOGO-XLANDER-FRA_compressed.pdf\u00a0\u00bb url_new_window=\u00a0\u00bbon\u00a0\u00bb button_text=\u00a0\u00bbXLander Catalogue \u00a0\u00bb button_alignment=\u00a0\u00bbcenter\u00a0\u00bb _builder_version=\u00a0\u00bb4.27.4&Prime; _module_preset=\u00a0\u00bbdefault\u00a0\u00bb custom_button=\u00a0\u00bbon\u00a0\u00bb button_text_size=\u00a0\u00bb22px\u00a0\u00bb button_text_color=\u00a0\u00bb#FFFFFF\u00a0\u00bb button_bg_color=\u00a0\u00bb#EF3E42&Prime; button_icon=\u00a0\u00bb&#xe092;||divi||400&Prime; button_icon_color=\u00a0\u00bb#FFFFFF\u00a0\u00bb button_icon_placement=\u00a0\u00bbleft\u00a0\u00bb button_on_hover=\u00a0\u00bboff\u00a0\u00bb hover_enabled=\u00a0\u00bb0&Prime; locked=\u00a0\u00bboff\u00a0\u00bb global_colors_info=\u00a0\u00bb{}\u00a0\u00bb sticky_enabled=\u00a0\u00bb0&Prime;][\/et_pb_button][\/et_pb_column][\/et_pb_row][\/et_pb_section][et_pb_section fb_built=\u00a0\u00bb1&Prime; _builder_version=\u00a0\u00bb4.24.3&Prime; _module_preset=\u00a0\u00bbdefault\u00a0\u00bb background_color=\u00a0\u00bb#e5e5e5&Prime; locked=\u00a0\u00bboff\u00a0\u00bb global_colors_info=\u00a0\u00bb{}\u00a0\u00bb][et_pb_row column_structure=\u00a0\u00bb1_2,1_2&Prime; _builder_version=\u00a0\u00bb4.24.3&Prime; _module_preset=\u00a0\u00bbdefault\u00a0\u00bb custom_margin=\u00a0\u00bb12px||48px||false|false\u00a0\u00bb custom_margin_tablet=\u00a0\u00bb12px||48px||false|false\u00a0\u00bb custom_margin_phone=\u00a0\u00bb12px||48px||false|false\u00a0\u00bb custom_margin_last_edited=\u00a0\u00bbon|desktop\u00a0\u00bb global_colors_info=\u00a0\u00bb{}\u00a0\u00bb][et_pb_column type=\u00a0\u00bb1_2&Prime; _builder_version=\u00a0\u00bb4.24.3&Prime; _module_preset=\u00a0\u00bbdefault\u00a0\u00bb global_colors_info=\u00a0\u00bb{}\u00a0\u00bb][et_pb_text _builder_version=\u00a0\u00bb4.27.3&Prime; _module_preset=\u00a0\u00bbdefault\u00a0\u00bb global_colors_info=\u00a0\u00bb{}\u00a0\u00bb]<\/p>\n<div class=\"acf-label\">\n<h2 class=\"description\" style=\"text-align: center;\"><strong>Principales avantages<\/strong><\/h2>\n<\/div>\n<p>[\/et_pb_text][et_pb_text _builder_version=\u00a0\u00bb4.24.3&Prime; _module_preset=\u00a0\u00bbdefault\u00a0\u00bb global_colors_info=\u00a0\u00bb{}\u00a0\u00bb]<\/p>\n<ul>\n<li>Syst\u00e8me de protection par \u00e9lastom\u00e8res, 100 % sans entretien.<\/li>\n<li>Disponible en 3 rang\u00e9es, avec des largeurs de travail de 7 \u00e0 10 m\u00e8tres.<\/li>\n<li>La version la plus puissante de notre cultivateur phare.<\/li>\n<\/ul>\n<p>[\/et_pb_text][\/et_pb_column][et_pb_column type=\u00a0\u00bb1_2&Prime; _builder_version=\u00a0\u00bb4.24.3&Prime; _module_preset=\u00a0\u00bbdefault\u00a0\u00bb global_colors_info=\u00a0\u00bb{}\u00a0\u00bb][et_pb_image src=\u00a0\u00bbhttps:\/\/ovlac.com\/wp-content\/uploads\/2024\/07\/XLANDER-GC-MCH-ARRASTRADO-10.jpg\u00a0\u00bb title_text=\u00a0\u00bbXLANDER GC-MCH ARRASTRADO (10)\u00a0\u00bb _builder_version=\u00a0\u00bb4.26.0&Prime; _module_preset=\u00a0\u00bbdefault\u00a0\u00bb width=\u00a0\u00bb99.6%\u00a0\u00bb custom_padding=\u00a0\u00bb|78px|0px|||\u00a0\u00bb global_colors_info=\u00a0\u00bb{}\u00a0\u00bb][\/et_pb_image][\/et_pb_column][\/et_pb_row][et_pb_row _builder_version=\u00a0\u00bb4.24.3&Prime; _module_preset=\u00a0\u00bbdefault\u00a0\u00bb global_colors_info=\u00a0\u00bb{}\u00a0\u00bb][et_pb_column type=\u00a0\u00bb4_4&Prime; _builder_version=\u00a0\u00bb4.24.3&Prime; _module_preset=\u00a0\u00bbdefault\u00a0\u00bb global_colors_info=\u00a0\u00bb{}\u00a0\u00bb][et_pb_text admin_label=\u00a0\u00bbTexto\u00a0\u00bb _builder_version=\u00a0\u00bb4.27.3&Prime; _module_preset=\u00a0\u00bbdefault\u00a0\u00bb global_colors_info=\u00a0\u00bb{}\u00a0\u00bb]<\/p>\n<div class=\"acf-label\">\n<h2 style=\"text-align: center;\"><strong>Technical specs<\/strong><\/h2>\n<\/div>\n<p>[\/et_pb_text][et_pb_image src=\u00a0\u00bbhttps:\/\/ovlac.com\/wp-content\/uploads\/2022\/03\/tabla-1024&#215;222.png\u00a0\u00bb alt=\u00a0\u00bbXPERIENCIE-CARACTERISTICAS TECNICAS\u00a0\u00bb title_text=\u00a0\u00bb2024-XP-CARACTERISTICAS TECNICAS-WEB\u00a0\u00bb show_bottom_space=\u00a0\u00bboff\u00a0\u00bb _builder_version=\u00a0\u00bb4.26.0&Prime; _module_preset=\u00a0\u00bbdefault\u00a0\u00bb global_colors_info=\u00a0\u00bb{}\u00a0\u00bb][\/et_pb_image][\/et_pb_column][\/et_pb_row][et_pb_row _builder_version=\u00a0\u00bb4.24.3&Prime; _module_preset=\u00a0\u00bbdefault\u00a0\u00bb global_colors_info=\u00a0\u00bb{}\u00a0\u00bb][et_pb_column type=\u00a0\u00bb4_4&Prime; _builder_version=\u00a0\u00bb4.24.3&Prime; _module_preset=\u00a0\u00bbdefault\u00a0\u00bb global_colors_info=\u00a0\u00bb{}\u00a0\u00bb][et_pb_text _builder_version=\u00a0\u00bb4.27.3&Prime; _module_preset=\u00a0\u00bbdefault\u00a0\u00bb global_colors_info=\u00a0\u00bb{}\u00a0\u00bb]<\/p>\n<div class=\"acf-label\">\n<h2 class=\"description\" style=\"text-align: center;\"><strong>Photos<\/strong><\/h2>\n<\/div>\n<p>[\/et_pb_text][et_pb_gallery gallery_ids=\u00a0\u00bb49215,49219,49223,49227,49231,49235,49239,49243,49247&Prime; show_title_and_caption=\u00a0\u00bboff\u00a0\u00bb _builder_version=\u00a0\u00bb4.26.0&Prime; _module_preset=\u00a0\u00bbdefault\u00a0\u00bb global_colors_info=\u00a0\u00bb{}\u00a0\u00bb][\/et_pb_gallery][\/et_pb_column][\/et_pb_row][\/et_pb_section]<\/p>\n","protected":false},"excerpt":{"rendered":"<p>La version GC du XLander est la solution pour les tracteurs haute puissance, avec roues ou chenilles, de 250 \u00e0 500 CV. La performance peut atteindre jusqu&rsquo;\u00e0 8 ha\/h (en [&hellip;]<\/p>\n","protected":false},"author":200,"featured_media":59225,"parent":0,"menu_order":0,"comment_status":"closed","ping_status":"closed","template":"","meta":{"_et_pb_use_builder":"on","_et_pb_old_content":"","_et_gb_content_width":"","footnotes":""},"class_list":["post-61203","page","type-page","status-publish","has-post-thumbnail","hentry"],"yoast_head":"<!-- This site is optimized with the Yoast SEO plugin v24.8.1 - https:\/\/yoast.com\/wordpress\/plugins\/seo\/ -->\n<title>XLander GC: La version tra\u00een\u00e9e de votre cultivateur pr\u00e9f\u00e9r\u00e9 - Ovlac<\/title>\n<meta name=\"robots\" content=\"index, follow, max-snippet:-1, max-image-preview:large, max-video-preview:-1\" \/>\n<link rel=\"canonical\" href=\"https:\/\/ovlac.com\/fr\/xlander-gc-la-version-trainee-de-votre-cultivateur-prefere\/\" \/>\n<meta property=\"og:locale\" content=\"fr_FR\" \/>\n<meta property=\"og:type\" content=\"article\" \/>\n<meta property=\"og:title\" content=\"XLander GC: La version tra\u00een\u00e9e de votre cultivateur pr\u00e9f\u00e9r\u00e9 - Ovlac\" \/>\n<meta property=\"og:description\" content=\"La version GC du XLander est la solution pour les tracteurs haute puissance, avec roues ou chenilles, de 250 \u00e0 500 CV. La performance peut atteindre jusqu&#039;\u00e0 8 ha\/h (en [&hellip;]\" \/>\n<meta property=\"og:url\" content=\"https:\/\/ovlac.com\/fr\/xlander-gc-la-version-trainee-de-votre-cultivateur-prefere\/\" \/>\n<meta property=\"og:site_name\" content=\"Ovlac\" \/>\n<meta property=\"article:modified_time\" content=\"2026-04-07T08:55:50+00:00\" \/>\n<meta property=\"og:image\" content=\"https:\/\/ovlac.com\/wp-content\/uploads\/2024\/07\/xlander-gc-ovlac-cultivadores-web.jpg\" \/>\n\t<meta property=\"og:image:width\" content=\"1455\" \/>\n\t<meta property=\"og:image:height\" content=\"863\" \/>\n\t<meta property=\"og:image:type\" content=\"image\/jpeg\" \/>\n<meta name=\"twitter:card\" content=\"summary_large_image\" \/>\n<meta name=\"twitter:label1\" content=\"Dur\u00e9e de lecture estim\u00e9e\" \/>\n\t<meta name=\"twitter:data1\" content=\"4 minutes\" \/>\n<script type=\"application\/ld+json\" class=\"yoast-schema-graph\">{\"@context\":\"https:\/\/schema.org\",\"@graph\":[{\"@type\":\"WebPage\",\"@id\":\"https:\/\/ovlac.com\/fr\/xlander-gc-la-version-trainee-de-votre-cultivateur-prefere\/\",\"url\":\"https:\/\/ovlac.com\/fr\/xlander-gc-la-version-trainee-de-votre-cultivateur-prefere\/\",\"name\":\"XLander GC: La version tra\u00een\u00e9e de votre cultivateur pr\u00e9f\u00e9r\u00e9 - Ovlac\",\"isPartOf\":{\"@id\":\"https:\/\/ovlac.com\/#website\"},\"primaryImageOfPage\":{\"@id\":\"https:\/\/ovlac.com\/fr\/xlander-gc-la-version-trainee-de-votre-cultivateur-prefere\/#primaryimage\"},\"image\":{\"@id\":\"https:\/\/ovlac.com\/fr\/xlander-gc-la-version-trainee-de-votre-cultivateur-prefere\/#primaryimage\"},\"thumbnailUrl\":\"https:\/\/ovlac.com\/wp-content\/uploads\/2024\/07\/xlander-gc-ovlac-cultivadores-web.jpg\",\"datePublished\":\"2024-12-20T11:56:10+00:00\",\"dateModified\":\"2026-04-07T08:55:50+00:00\",\"breadcrumb\":{\"@id\":\"https:\/\/ovlac.com\/fr\/xlander-gc-la-version-trainee-de-votre-cultivateur-prefere\/#breadcrumb\"},\"inLanguage\":\"fr-FR\",\"potentialAction\":[{\"@type\":\"ReadAction\",\"target\":[\"https:\/\/ovlac.com\/fr\/xlander-gc-la-version-trainee-de-votre-cultivateur-prefere\/\"]}]},{\"@type\":\"ImageObject\",\"inLanguage\":\"fr-FR\",\"@id\":\"https:\/\/ovlac.com\/fr\/xlander-gc-la-version-trainee-de-votre-cultivateur-prefere\/#primaryimage\",\"url\":\"https:\/\/ovlac.com\/wp-content\/uploads\/2024\/07\/xlander-gc-ovlac-cultivadores-web.jpg\",\"contentUrl\":\"https:\/\/ovlac.com\/wp-content\/uploads\/2024\/07\/xlander-gc-ovlac-cultivadores-web.jpg\",\"width\":1455,\"height\":863},{\"@type\":\"BreadcrumbList\",\"@id\":\"https:\/\/ovlac.com\/fr\/xlander-gc-la-version-trainee-de-votre-cultivateur-prefere\/#breadcrumb\",\"itemListElement\":[{\"@type\":\"ListItem\",\"position\":1,\"name\":\"Portada\",\"item\":\"https:\/\/ovlac.com\/fr\/\"},{\"@type\":\"ListItem\",\"position\":2,\"name\":\"XLander GC: La version tra\u00een\u00e9e de votre cultivateur pr\u00e9f\u00e9r\u00e9\"}]},{\"@type\":\"WebSite\",\"@id\":\"https:\/\/ovlac.com\/#website\",\"url\":\"https:\/\/ovlac.com\/\",\"name\":\"Ovlac\",\"description\":\"OVLAC\",\"potentialAction\":[{\"@type\":\"SearchAction\",\"target\":{\"@type\":\"EntryPoint\",\"urlTemplate\":\"https:\/\/ovlac.com\/?s={search_term_string}\"},\"query-input\":{\"@type\":\"PropertyValueSpecification\",\"valueRequired\":true,\"valueName\":\"search_term_string\"}}],\"inLanguage\":\"fr-FR\"}]}<\/script>\n<!-- \/ Yoast SEO plugin. -->","yoast_head_json":{"title":"XLander GC: La version tra\u00een\u00e9e de votre cultivateur pr\u00e9f\u00e9r\u00e9 - Ovlac","robots":{"index":"index","follow":"follow","max-snippet":"max-snippet:-1","max-image-preview":"max-image-preview:large","max-video-preview":"max-video-preview:-1"},"canonical":"https:\/\/ovlac.com\/fr\/xlander-gc-la-version-trainee-de-votre-cultivateur-prefere\/","og_locale":"fr_FR","og_type":"article","og_title":"XLander GC: La version tra\u00een\u00e9e de votre cultivateur pr\u00e9f\u00e9r\u00e9 - Ovlac","og_description":"La version GC du XLander est la solution pour les tracteurs haute puissance, avec roues ou chenilles, de 250 \u00e0 500 CV. La performance peut atteindre jusqu'\u00e0 8 ha\/h (en [&hellip;]","og_url":"https:\/\/ovlac.com\/fr\/xlander-gc-la-version-trainee-de-votre-cultivateur-prefere\/","og_site_name":"Ovlac","article_modified_time":"2026-04-07T08:55:50+00:00","og_image":[{"width":1455,"height":863,"url":"https:\/\/ovlac.com\/wp-content\/uploads\/2024\/07\/xlander-gc-ovlac-cultivadores-web.jpg","type":"image\/jpeg"}],"twitter_card":"summary_large_image","twitter_misc":{"Dur\u00e9e de lecture estim\u00e9e":"4 minutes"},"schema":{"@context":"https:\/\/schema.org","@graph":[{"@type":"WebPage","@id":"https:\/\/ovlac.com\/fr\/xlander-gc-la-version-trainee-de-votre-cultivateur-prefere\/","url":"https:\/\/ovlac.com\/fr\/xlander-gc-la-version-trainee-de-votre-cultivateur-prefere\/","name":"XLander GC: La version tra\u00een\u00e9e de votre cultivateur pr\u00e9f\u00e9r\u00e9 - Ovlac","isPartOf":{"@id":"https:\/\/ovlac.com\/#website"},"primaryImageOfPage":{"@id":"https:\/\/ovlac.com\/fr\/xlander-gc-la-version-trainee-de-votre-cultivateur-prefere\/#primaryimage"},"image":{"@id":"https:\/\/ovlac.com\/fr\/xlander-gc-la-version-trainee-de-votre-cultivateur-prefere\/#primaryimage"},"thumbnailUrl":"https:\/\/ovlac.com\/wp-content\/uploads\/2024\/07\/xlander-gc-ovlac-cultivadores-web.jpg","datePublished":"2024-12-20T11:56:10+00:00","dateModified":"2026-04-07T08:55:50+00:00","breadcrumb":{"@id":"https:\/\/ovlac.com\/fr\/xlander-gc-la-version-trainee-de-votre-cultivateur-prefere\/#breadcrumb"},"inLanguage":"fr-FR","potentialAction":[{"@type":"ReadAction","target":["https:\/\/ovlac.com\/fr\/xlander-gc-la-version-trainee-de-votre-cultivateur-prefere\/"]}]},{"@type":"ImageObject","inLanguage":"fr-FR","@id":"https:\/\/ovlac.com\/fr\/xlander-gc-la-version-trainee-de-votre-cultivateur-prefere\/#primaryimage","url":"https:\/\/ovlac.com\/wp-content\/uploads\/2024\/07\/xlander-gc-ovlac-cultivadores-web.jpg","contentUrl":"https:\/\/ovlac.com\/wp-content\/uploads\/2024\/07\/xlander-gc-ovlac-cultivadores-web.jpg","width":1455,"height":863},{"@type":"BreadcrumbList","@id":"https:\/\/ovlac.com\/fr\/xlander-gc-la-version-trainee-de-votre-cultivateur-prefere\/#breadcrumb","itemListElement":[{"@type":"ListItem","position":1,"name":"Portada","item":"https:\/\/ovlac.com\/fr\/"},{"@type":"ListItem","position":2,"name":"XLander GC: La version tra\u00een\u00e9e de votre cultivateur pr\u00e9f\u00e9r\u00e9"}]},{"@type":"WebSite","@id":"https:\/\/ovlac.com\/#website","url":"https:\/\/ovlac.com\/","name":"Ovlac","description":"OVLAC","potentialAction":[{"@type":"SearchAction","target":{"@type":"EntryPoint","urlTemplate":"https:\/\/ovlac.com\/?s={search_term_string}"},"query-input":{"@type":"PropertyValueSpecification","valueRequired":true,"valueName":"search_term_string"}}],"inLanguage":"fr-FR"}]}},"_links":{"self":[{"href":"https:\/\/ovlac.com\/fr\/wp-json\/wp\/v2\/pages\/61203","targetHints":{"allow":["GET"]}}],"collection":[{"href":"https:\/\/ovlac.com\/fr\/wp-json\/wp\/v2\/pages"}],"about":[{"href":"https:\/\/ovlac.com\/fr\/wp-json\/wp\/v2\/types\/page"}],"author":[{"embeddable":true,"href":"https:\/\/ovlac.com\/fr\/wp-json\/wp\/v2\/users\/200"}],"replies":[{"embeddable":true,"href":"https:\/\/ovlac.com\/fr\/wp-json\/wp\/v2\/comments?post=61203"}],"version-history":[{"count":5,"href":"https:\/\/ovlac.com\/fr\/wp-json\/wp\/v2\/pages\/61203\/revisions"}],"predecessor-version":[{"id":68240,"href":"https:\/\/ovlac.com\/fr\/wp-json\/wp\/v2\/pages\/61203\/revisions\/68240"}],"wp:featuredmedia":[{"embeddable":true,"href":"https:\/\/ovlac.com\/fr\/wp-json\/wp\/v2\/media\/59225"}],"wp:attachment":[{"href":"https:\/\/ovlac.com\/fr\/wp-json\/wp\/v2\/media?parent=61203"}],"curies":[{"name":"wp","href":"https:\/\/api.w.org\/{rel}","templated":true}]}}