{"id":61197,"date":"2024-12-20T11:45:53","date_gmt":"2024-12-20T11:45:53","guid":{"rendered":"https:\/\/ovlac.com\/?page_id=61197"},"modified":"2026-04-07T08:54:24","modified_gmt":"2026-04-07T08:54:24","slug":"xlander-levolution-dun-appareil-unique","status":"publish","type":"page","link":"https:\/\/ovlac.com\/fr\/xlander-levolution-dun-appareil-unique\/","title":{"rendered":"XLander: L\u00b4evolution D\u00b4un Appareil Unique"},"content":{"rendered":"<p>[et_pb_section fb_built=\u00a0\u00bb1&Prime; fullwidth=\u00a0\u00bbon\u00a0\u00bb _builder_version=\u00a0\u00bb4.24.3&Prime; _module_preset=\u00a0\u00bbdefault\u00a0\u00bb locked=\u00a0\u00bboff\u00a0\u00bb global_colors_info=\u00a0\u00bb{}\u00a0\u00bb][et_pb_fullwidth_slider admin_label=\u00a0\u00bbControl deslizante de anchura completa\u00a0\u00bb _builder_version=\u00a0\u00bb4.27.4&Prime; _module_preset=\u00a0\u00bbdefault\u00a0\u00bb background_last_edited=\u00a0\u00bbon|desktop\u00a0\u00bb locked=\u00a0\u00bboff\u00a0\u00bb global_colors_info=\u00a0\u00bb{}\u00a0\u00bb][et_pb_slide url_new_window=\u00a0\u00bbon\u00a0\u00bb use_bg_overlay=\u00a0\u00bboff\u00a0\u00bb use_text_overlay=\u00a0\u00bboff\u00a0\u00bb image_tablet=\u00a0\u00bb\u00a0\u00bb image_phone=\u00a0\u00bb\u00a0\u00bb image_last_edited=\u00a0\u00bbon|desktop\u00a0\u00bb _builder_version=\u00a0\u00bb4.27.4&Prime; _module_preset=\u00a0\u00bbdefault\u00a0\u00bb header_font=\u00a0\u00bb||||||||\u00a0\u00bb background_color=\u00a0\u00bb#FFFFFF\u00a0\u00bb background_enable_color=\u00a0\u00bbon\u00a0\u00bb background_image=\u00a0\u00bbhttps:\/\/ovlac.com\/wp-content\/uploads\/2025\/03\/XLANDER-3FILAS-DEFLECTORES-scaled.webp\u00a0\u00bb background_enable_image=\u00a0\u00bbon\u00a0\u00bb background_position=\u00a0\u00bbbottom_left\u00a0\u00bb button_on_hover=\u00a0\u00bbon\u00a0\u00bb background_last_edited=\u00a0\u00bbon|desktop\u00a0\u00bb background_image_tablet=\u00a0\u00bbhttps:\/\/ovlac.com\/wp-content\/uploads\/2024\/04\/slider-XP.png\u00a0\u00bb background_image_phone=\u00a0\u00bbhttps:\/\/ovlac.com\/wp-content\/uploads\/2024\/04\/slider-XP.png\u00a0\u00bb background_enable_image_tablet=\u00a0\u00bbon\u00a0\u00bb background_enable_image_phone=\u00a0\u00bbon\u00a0\u00bb locked=\u00a0\u00bboff\u00a0\u00bb global_colors_info=\u00a0\u00bb{}\u00a0\u00bb sticky_transition=\u00a0\u00bbon\u00a0\u00bb][\/et_pb_slide][\/et_pb_fullwidth_slider][et_pb_fullwidth_post_title meta=\u00a0\u00bboff\u00a0\u00bb featured_image=\u00a0\u00bboff\u00a0\u00bb _builder_version=\u00a0\u00bb4.24.3&Prime; _module_preset=\u00a0\u00bbdefault\u00a0\u00bb title_font=\u00a0\u00bb|700|||||||\u00a0\u00bb title_text_color=\u00a0\u00bb#e73137&Prime; title_font_size=\u00a0\u00bb33px\u00a0\u00bb background_color=\u00a0\u00bbRGBA(255,255,255,0)\u00a0\u00bb custom_padding=\u00a0\u00bb60px||||false|false\u00a0\u00bb global_colors_info=\u00a0\u00bb{}\u00a0\u00bb][\/et_pb_fullwidth_post_title][\/et_pb_section][et_pb_section fb_built=\u00a0\u00bb1&Prime; admin_label=\u00a0\u00bbsection\u00a0\u00bb _builder_version=\u00a0\u00bb4.16&Prime; locked=\u00a0\u00bboff\u00a0\u00bb global_colors_info=\u00a0\u00bb{}\u00a0\u00bb][et_pb_row admin_label=\u00a0\u00bbrow\u00a0\u00bb _builder_version=\u00a0\u00bb4.24.3&Prime; background_size=\u00a0\u00bbinitial\u00a0\u00bb background_position=\u00a0\u00bbtop_left\u00a0\u00bb background_repeat=\u00a0\u00bbrepeat\u00a0\u00bb custom_margin=\u00a0\u00bb-28px||||false|false\u00a0\u00bb custom_padding=\u00a0\u00bb0px|||||\u00a0\u00bb global_colors_info=\u00a0\u00bb{}\u00a0\u00bb][et_pb_column type=\u00a0\u00bb4_4&Prime; _builder_version=\u00a0\u00bb4.16&Prime; custom_padding=\u00a0\u00bb|||\u00a0\u00bb global_colors_info=\u00a0\u00bb{}\u00a0\u00bb custom_padding__hover=\u00a0\u00bb|||\u00a0\u00bb][et_pb_text admin_label=\u00a0\u00bbText\u00a0\u00bb _builder_version=\u00a0\u00bb4.25.0&Prime; text_font_size=\u00a0\u00bb15px\u00a0\u00bb text_line_height=\u00a0\u00bb1.9em\u00a0\u00bb background_size=\u00a0\u00bbinitial\u00a0\u00bb background_position=\u00a0\u00bbtop_left\u00a0\u00bb background_repeat=\u00a0\u00bbrepeat\u00a0\u00bb custom_margin=\u00a0\u00bb||32px||false|false\u00a0\u00bb custom_padding=\u00a0\u00bb||32px||false|false\u00a0\u00bb global_colors_info=\u00a0\u00bb{}\u00a0\u00bb]<\/p>\n<p>En 2006<span>\u00a0<\/span><strong>Ovlac<\/strong><span>\u00a0<\/span>r\u00e9volutionnait le traditionnel cultivateur ou semichisel en y int\u00e9grant un nouveau syst\u00e8me de s\u00e9curit\u00e9 bas\u00e9 sur l\u2019\u00e9lastom\u00e8re caoutchouc. Les avantages \u00e9taient \u00e9vidents, notamment aucun jeu r\u00e9sultant de l\u2019usure des \u00e9l\u00e9ments mobiles contrairement au traditionnel ressort de compression, et plus de d\u00e9sagr\u00e9ments de bruits et grincements. De plus, c\u2019est un montage 100% sans entretien offrant des prestations amplement am\u00e9lior\u00e9es par rapport au syst\u00e8me \u00e0 ressort de compression : plus de 30 cm de hauteur de d\u00e9clenchement, ch\u00e2ssis prot\u00e9g\u00e9 puisqu\u2019il n\u2019est pas en contact avec des brides m\u00e9talliques et ne re\u00e7oit pas la pression d\u00e9riv\u00e9e de celles-ci&#8230; En d\u00e9finitive, Il n\u2019y a qu\u2019\u00e0 se pr\u00e9occuper \u00e0 d\u00e9chaumer et remplacer les pi\u00e8ces d\u2019usure.<\/p>\n<p>Maintenant, apr\u00e8s plus de<span>\u00a0<\/span><strong>2000 unit\u00e9s vendues<\/strong>, Ovlac recueille toute cette exp\u00e9rience accumul\u00e9e pendant toutes ces ann\u00e9es pour sortir la gamme Minichisel XLander. Ovlac a \u00e9tabli un nouveau standard de qualit\u00e9 et beaucoup ont suivi le pas. Cela nous donne une certaine fiert\u00e9, mais notre volont\u00e9 est d\u2019encore am\u00e9liorer en innovant et en ouvrant la marche.<br \/>La construction du nouveau XLander part d\u2019un ch\u00e2ssis tr\u00e8s robuste bas\u00e9 sur une poutre centrale. Toutes les articulations et \u00e9l\u00e9ments cl\u00e9s sont fabriqu\u00e9s en acier<span>\u00a0<\/span><strong>HLE<\/strong>. L\u2019autre innovation essentielle est la disposition des bras courts et longs altern\u00e9s qui assurent une fluidit\u00e9 de passage des r\u00e9sidus pour un d\u00e9chaumage sans bourrages.<br \/>Pour finir, le Minichisel XLander a \u00e9t\u00e9 con\u00e7u pour ajouter \u00e0 tout moment tous les accessoires arri\u00e8re disponibles au catalogue et le convertir en un outil versatile qui peut s\u2019adapter \u00e0 une multitude de travaux et de conditions de terrains.\u00a0<\/p>\n<p>Le Minichisel XLander offre une grande versatilit\u00e9 \u00e0 travers sa<span>\u00a0<\/span><strong>large gamme d\u2019accessoires<\/strong>: herses \u00e0 peignes 2 et 3 rang\u00e9es 10 mm, herse \u00e0 couteaux et<br \/>herses \u00e0 peignes 3 rang\u00e9es 16 mm \u00e0 angle variable. Soc hirondelle, soc scalpeur, soc r\u00e9versible et soc r\u00e9versible avec carbure de tungst\u00e8ne. Il existe en option des<span>\u00a0<\/span><strong>pointes avec plaques de carbure de tungst\u00e8ne<\/strong>.<\/p>\n<p>[\/et_pb_text][et_pb_button button_url=\u00a0\u00bbhttps:\/\/ovlac.com\/wp-content\/uploads\/2026\/04\/2026-CATALOGO-XLANDER-FRA_compressed.pdf\u00a0\u00bb url_new_window=\u00a0\u00bbon\u00a0\u00bb button_text=\u00a0\u00bbXLander Catalogue \u00a0\u00bb button_alignment=\u00a0\u00bbcenter\u00a0\u00bb _builder_version=\u00a0\u00bb4.27.4&Prime; _module_preset=\u00a0\u00bbdefault\u00a0\u00bb custom_button=\u00a0\u00bbon\u00a0\u00bb button_text_size=\u00a0\u00bb22px\u00a0\u00bb button_text_color=\u00a0\u00bb#FFFFFF\u00a0\u00bb button_bg_color=\u00a0\u00bb#EF3E42&Prime; button_icon=\u00a0\u00bb&#xe092;||divi||400&Prime; button_icon_color=\u00a0\u00bb#FFFFFF\u00a0\u00bb button_icon_placement=\u00a0\u00bbleft\u00a0\u00bb button_on_hover=\u00a0\u00bboff\u00a0\u00bb hover_enabled=\u00a0\u00bb0&Prime; locked=\u00a0\u00bboff\u00a0\u00bb global_colors_info=\u00a0\u00bb{}\u00a0\u00bb sticky_enabled=\u00a0\u00bb0&Prime;][\/et_pb_button][et_pb_video src=\u00a0\u00bbhttps:\/\/youtu.be\/fqpm9BrNm7Y\u00a0\u00bb _builder_version=\u00a0\u00bb4.26.0&Prime; _module_preset=\u00a0\u00bbdefault\u00a0\u00bb global_colors_info=\u00a0\u00bb{}\u00a0\u00bb][\/et_pb_video][\/et_pb_column][\/et_pb_row][\/et_pb_section][et_pb_section fb_built=\u00a0\u00bb1&Prime; _builder_version=\u00a0\u00bb4.24.3&Prime; _module_preset=\u00a0\u00bbdefault\u00a0\u00bb background_color=\u00a0\u00bb#e5e5e5&Prime; locked=\u00a0\u00bboff\u00a0\u00bb global_colors_info=\u00a0\u00bb{}\u00a0\u00bb][et_pb_row column_structure=\u00a0\u00bb1_2,1_2&Prime; _builder_version=\u00a0\u00bb4.24.3&Prime; _module_preset=\u00a0\u00bbdefault\u00a0\u00bb custom_margin=\u00a0\u00bb12px||48px||false|false\u00a0\u00bb custom_margin_tablet=\u00a0\u00bb12px||48px||false|false\u00a0\u00bb custom_margin_phone=\u00a0\u00bb12px||48px||false|false\u00a0\u00bb custom_margin_last_edited=\u00a0\u00bbon|desktop\u00a0\u00bb global_colors_info=\u00a0\u00bb{}\u00a0\u00bb][et_pb_column type=\u00a0\u00bb1_2&Prime; _builder_version=\u00a0\u00bb4.24.3&Prime; _module_preset=\u00a0\u00bbdefault\u00a0\u00bb global_colors_info=\u00a0\u00bb{}\u00a0\u00bb][et_pb_text _builder_version=\u00a0\u00bb4.27.3&Prime; _module_preset=\u00a0\u00bbdefault\u00a0\u00bb global_colors_info=\u00a0\u00bb{}\u00a0\u00bb]<\/p>\n<div class=\"acf-label\">\n<h2 class=\"description\" style=\"text-align: center;\"><strong>Principales avantages<\/strong><\/h2>\n<\/div>\n<p>[\/et_pb_text][et_pb_text _builder_version=\u00a0\u00bb4.27.3&Prime; _module_preset=\u00a0\u00bbdefault\u00a0\u00bb global_colors_info=\u00a0\u00bb{}\u00a0\u00bb]<\/p>\n<ul>\n<li>Syst\u00e8me de protection par \u00e9lastom\u00e8res 100% libre d\u2019entretien\u00a0et sans possibilit\u00e9 de casse.<\/li>\n<li>2\u00a0ou\u00a03 rang\u00e9es de 3\u00a0\u00e0 10 m<\/li>\n<li>Version\u00a0train\u00e9e de 7 \u00e0\u00a010 m<\/li>\n<\/ul>\n<p>[\/et_pb_text][\/et_pb_column][et_pb_column type=\u00a0\u00bb1_2&Prime; _builder_version=\u00a0\u00bb4.24.3&Prime; _module_preset=\u00a0\u00bbdefault\u00a0\u00bb global_colors_info=\u00a0\u00bb{}\u00a0\u00bb][et_pb_image src=\u00a0\u00bbhttps:\/\/ovlac.com\/wp-content\/uploads\/2025\/03\/XLANDER-MCH-3-25-PV-44-scaled.webp\u00a0\u00bb title_text=\u00a0\u00bbXLANDER-MCH-3-25-PV (44)\u00a0\u00bb _builder_version=\u00a0\u00bb4.27.4&Prime; _module_preset=\u00a0\u00bbdefault\u00a0\u00bb width=\u00a0\u00bb99.6%\u00a0\u00bb custom_padding=\u00a0\u00bb|78px|0px|||\u00a0\u00bb locked=\u00a0\u00bboff\u00a0\u00bb global_colors_info=\u00a0\u00bb{}\u00a0\u00bb][\/et_pb_image][\/et_pb_column][\/et_pb_row][et_pb_row _builder_version=\u00a0\u00bb4.24.3&Prime; _module_preset=\u00a0\u00bbdefault\u00a0\u00bb global_colors_info=\u00a0\u00bb{}\u00a0\u00bb][et_pb_column type=\u00a0\u00bb4_4&Prime; _builder_version=\u00a0\u00bb4.24.3&Prime; _module_preset=\u00a0\u00bbdefault\u00a0\u00bb global_colors_info=\u00a0\u00bb{}\u00a0\u00bb][et_pb_text admin_label=\u00a0\u00bbTexto\u00a0\u00bb _builder_version=\u00a0\u00bb4.27.3&Prime; _module_preset=\u00a0\u00bbdefault\u00a0\u00bb global_colors_info=\u00a0\u00bb{}\u00a0\u00bb]<\/p>\n<div class=\"acf-label\">\n<h2 class=\"description\" style=\"text-align: center;\"><strong>Fiche Technique<\/strong><\/h2>\n<\/div>\n<p>[\/et_pb_text][et_pb_image src=\u00a0\u00bbhttps:\/\/ovlac.com\/wp-content\/uploads\/2025\/03\/Caracteristicas-Tecnicas-XLander-ESP-png.webp\u00a0\u00bb alt=\u00a0\u00bbCaracteristicas Tecnicas-XLander-ESP\u00a0\u00bb title_text=\u00a0\u00bbCaracteristicas Tecnicas-XLander-ESP\u00a0\u00bb show_bottom_space=\u00a0\u00bboff\u00a0\u00bb _builder_version=\u00a0\u00bb4.27.4&Prime; _module_preset=\u00a0\u00bbdefault\u00a0\u00bb global_colors_info=\u00a0\u00bb{}\u00a0\u00bb][\/et_pb_image][\/et_pb_column][\/et_pb_row][et_pb_row _builder_version=\u00a0\u00bb4.24.3&Prime; _module_preset=\u00a0\u00bbdefault\u00a0\u00bb global_colors_info=\u00a0\u00bb{}\u00a0\u00bb][et_pb_column type=\u00a0\u00bb4_4&Prime; _builder_version=\u00a0\u00bb4.24.3&Prime; _module_preset=\u00a0\u00bbdefault\u00a0\u00bb global_colors_info=\u00a0\u00bb{}\u00a0\u00bb][et_pb_text _builder_version=\u00a0\u00bb4.27.3&Prime; _module_preset=\u00a0\u00bbdefault\u00a0\u00bb global_colors_info=\u00a0\u00bb{}\u00a0\u00bb]<\/p>\n<div class=\"acf-label\">\n<h2 class=\"description\" style=\"text-align: center;\"><strong>Photos<\/strong><\/h2>\n<\/div>\n<p>[\/et_pb_text][et_pb_gallery gallery_ids=\u00a0\u00bb62795,62801,62811,45479,45500,45470,45494,45473,45464,46951&Prime; posts_number=\u00a0\u00bb8&Prime; orientation=\u00a0\u00bbportrait\u00a0\u00bb show_title_and_caption=\u00a0\u00bboff\u00a0\u00bb _builder_version=\u00a0\u00bb4.27.4&Prime; _module_preset=\u00a0\u00bbdefault\u00a0\u00bb locked=\u00a0\u00bboff\u00a0\u00bb global_colors_info=\u00a0\u00bb{}\u00a0\u00bb][\/et_pb_gallery][\/et_pb_column][\/et_pb_row][\/et_pb_section]<\/p>\n","protected":false},"excerpt":{"rendered":"<p>En 2006\u00a0Ovlac\u00a0r\u00e9volutionnait le traditionnel cultivateur ou semichisel en y int\u00e9grant un nouveau syst\u00e8me de s\u00e9curit\u00e9 bas\u00e9 sur l\u2019\u00e9lastom\u00e8re caoutchouc. Les avantages \u00e9taient \u00e9vidents, notamment aucun jeu r\u00e9sultant de l\u2019usure des [&hellip;]<\/p>\n","protected":false},"author":200,"featured_media":0,"parent":0,"menu_order":0,"comment_status":"closed","ping_status":"closed","template":"","meta":{"_et_pb_use_builder":"on","_et_pb_old_content":"","_et_gb_content_width":"","footnotes":""},"class_list":["post-61197","page","type-page","status-publish","hentry"],"yoast_head":"<!-- This site is optimized with the Yoast SEO plugin v24.8.1 - https:\/\/yoast.com\/wordpress\/plugins\/seo\/ -->\n<title>XLander: L\u00b4evolution D\u00b4un Appareil Unique - Ovlac<\/title>\n<meta name=\"robots\" content=\"index, follow, max-snippet:-1, max-image-preview:large, max-video-preview:-1\" \/>\n<link rel=\"canonical\" href=\"https:\/\/ovlac.com\/xlander\/\" \/>\n<meta property=\"og:locale\" content=\"fr_FR\" \/>\n<meta property=\"og:type\" content=\"article\" \/>\n<meta property=\"og:title\" content=\"XLander: L\u00b4evolution D\u00b4un Appareil Unique - Ovlac\" \/>\n<meta property=\"og:description\" content=\"En 2006\u00a0Ovlac\u00a0r\u00e9volutionnait le traditionnel cultivateur ou semichisel en y int\u00e9grant un nouveau syst\u00e8me de s\u00e9curit\u00e9 bas\u00e9 sur l\u2019\u00e9lastom\u00e8re caoutchouc. Les avantages \u00e9taient \u00e9vidents, notamment aucun jeu r\u00e9sultant de l\u2019usure des [&hellip;]\" \/>\n<meta property=\"og:url\" content=\"https:\/\/ovlac.com\/xlander\/\" \/>\n<meta property=\"og:site_name\" content=\"Ovlac\" \/>\n<meta property=\"article:modified_time\" content=\"2026-04-07T08:54:24+00:00\" \/>\n<meta name=\"twitter:card\" content=\"summary_large_image\" \/>\n<meta name=\"twitter:label1\" content=\"Dur\u00e9e de lecture estim\u00e9e\" \/>\n\t<meta name=\"twitter:data1\" content=\"5 minutes\" \/>\n<script type=\"application\/ld+json\" class=\"yoast-schema-graph\">{\"@context\":\"https:\/\/schema.org\",\"@graph\":[{\"@type\":\"WebPage\",\"@id\":\"https:\/\/ovlac.com\/xlander\/\",\"url\":\"https:\/\/ovlac.com\/xlander\/\",\"name\":\"XLander: L\u00b4evolution D\u00b4un Appareil Unique - Ovlac\",\"isPartOf\":{\"@id\":\"https:\/\/ovlac.com\/#website\"},\"datePublished\":\"2024-12-20T11:45:53+00:00\",\"dateModified\":\"2026-04-07T08:54:24+00:00\",\"breadcrumb\":{\"@id\":\"https:\/\/ovlac.com\/xlander\/#breadcrumb\"},\"inLanguage\":\"fr-FR\",\"potentialAction\":[{\"@type\":\"ReadAction\",\"target\":[\"https:\/\/ovlac.com\/xlander\/\"]}]},{\"@type\":\"BreadcrumbList\",\"@id\":\"https:\/\/ovlac.com\/xlander\/#breadcrumb\",\"itemListElement\":[{\"@type\":\"ListItem\",\"position\":1,\"name\":\"Portada\",\"item\":\"https:\/\/ovlac.com\/fr\/\"},{\"@type\":\"ListItem\",\"position\":2,\"name\":\"XLander: L\u00b4evolution D\u00b4un Appareil Unique\"}]},{\"@type\":\"WebSite\",\"@id\":\"https:\/\/ovlac.com\/#website\",\"url\":\"https:\/\/ovlac.com\/\",\"name\":\"Ovlac\",\"description\":\"OVLAC\",\"potentialAction\":[{\"@type\":\"SearchAction\",\"target\":{\"@type\":\"EntryPoint\",\"urlTemplate\":\"https:\/\/ovlac.com\/?s={search_term_string}\"},\"query-input\":{\"@type\":\"PropertyValueSpecification\",\"valueRequired\":true,\"valueName\":\"search_term_string\"}}],\"inLanguage\":\"fr-FR\"}]}<\/script>\n<!-- \/ Yoast SEO plugin. -->","yoast_head_json":{"title":"XLander: L\u00b4evolution D\u00b4un Appareil Unique - Ovlac","robots":{"index":"index","follow":"follow","max-snippet":"max-snippet:-1","max-image-preview":"max-image-preview:large","max-video-preview":"max-video-preview:-1"},"canonical":"https:\/\/ovlac.com\/xlander\/","og_locale":"fr_FR","og_type":"article","og_title":"XLander: L\u00b4evolution D\u00b4un Appareil Unique - Ovlac","og_description":"En 2006\u00a0Ovlac\u00a0r\u00e9volutionnait le traditionnel cultivateur ou semichisel en y int\u00e9grant un nouveau syst\u00e8me de s\u00e9curit\u00e9 bas\u00e9 sur l\u2019\u00e9lastom\u00e8re caoutchouc. Les avantages \u00e9taient \u00e9vidents, notamment aucun jeu r\u00e9sultant de l\u2019usure des [&hellip;]","og_url":"https:\/\/ovlac.com\/xlander\/","og_site_name":"Ovlac","article_modified_time":"2026-04-07T08:54:24+00:00","twitter_card":"summary_large_image","twitter_misc":{"Dur\u00e9e de lecture estim\u00e9e":"5 minutes"},"schema":{"@context":"https:\/\/schema.org","@graph":[{"@type":"WebPage","@id":"https:\/\/ovlac.com\/xlander\/","url":"https:\/\/ovlac.com\/xlander\/","name":"XLander: L\u00b4evolution D\u00b4un Appareil Unique - Ovlac","isPartOf":{"@id":"https:\/\/ovlac.com\/#website"},"datePublished":"2024-12-20T11:45:53+00:00","dateModified":"2026-04-07T08:54:24+00:00","breadcrumb":{"@id":"https:\/\/ovlac.com\/xlander\/#breadcrumb"},"inLanguage":"fr-FR","potentialAction":[{"@type":"ReadAction","target":["https:\/\/ovlac.com\/xlander\/"]}]},{"@type":"BreadcrumbList","@id":"https:\/\/ovlac.com\/xlander\/#breadcrumb","itemListElement":[{"@type":"ListItem","position":1,"name":"Portada","item":"https:\/\/ovlac.com\/fr\/"},{"@type":"ListItem","position":2,"name":"XLander: L\u00b4evolution D\u00b4un Appareil Unique"}]},{"@type":"WebSite","@id":"https:\/\/ovlac.com\/#website","url":"https:\/\/ovlac.com\/","name":"Ovlac","description":"OVLAC","potentialAction":[{"@type":"SearchAction","target":{"@type":"EntryPoint","urlTemplate":"https:\/\/ovlac.com\/?s={search_term_string}"},"query-input":{"@type":"PropertyValueSpecification","valueRequired":true,"valueName":"search_term_string"}}],"inLanguage":"fr-FR"}]}},"_links":{"self":[{"href":"https:\/\/ovlac.com\/fr\/wp-json\/wp\/v2\/pages\/61197","targetHints":{"allow":["GET"]}}],"collection":[{"href":"https:\/\/ovlac.com\/fr\/wp-json\/wp\/v2\/pages"}],"about":[{"href":"https:\/\/ovlac.com\/fr\/wp-json\/wp\/v2\/types\/page"}],"author":[{"embeddable":true,"href":"https:\/\/ovlac.com\/fr\/wp-json\/wp\/v2\/users\/200"}],"replies":[{"embeddable":true,"href":"https:\/\/ovlac.com\/fr\/wp-json\/wp\/v2\/comments?post=61197"}],"version-history":[{"count":8,"href":"https:\/\/ovlac.com\/fr\/wp-json\/wp\/v2\/pages\/61197\/revisions"}],"predecessor-version":[{"id":68238,"href":"https:\/\/ovlac.com\/fr\/wp-json\/wp\/v2\/pages\/61197\/revisions\/68238"}],"wp:attachment":[{"href":"https:\/\/ovlac.com\/fr\/wp-json\/wp\/v2\/media?parent=61197"}],"curies":[{"name":"wp","href":"https:\/\/api.w.org\/{rel}","templated":true}]}}