{"id":58512,"date":"2024-05-23T11:04:32","date_gmt":"2024-05-23T11:04:32","guid":{"rendered":"https:\/\/ovlac.com\/?page_id=58512"},"modified":"2026-04-07T09:15:48","modified_gmt":"2026-04-07T09:15:48","slug":"mini-f","status":"publish","type":"page","link":"https:\/\/ovlac.com\/fr\/mini-f\/","title":{"rendered":"Mini-F"},"content":{"rendered":"<p>[et_pb_section fb_built=\u00a0\u00bb1&Prime; fullwidth=\u00a0\u00bbon\u00a0\u00bb _builder_version=\u00a0\u00bb4.24.3&Prime; _module_preset=\u00a0\u00bbdefault\u00a0\u00bb locked=\u00a0\u00bboff\u00a0\u00bb global_colors_info=\u00a0\u00bb{}\u00a0\u00bb][et_pb_fullwidth_slider admin_label=\u00a0\u00bbControl deslizante de anchura completa\u00a0\u00bb _builder_version=\u00a0\u00bb4.25.1&Prime; _module_preset=\u00a0\u00bbdefault\u00a0\u00bb background_image=\u00a0\u00bbhttps:\/\/ovlac.com\/wp-content\/uploads\/2017\/06\/IMG_6342.jpg\u00a0\u00bb background_last_edited=\u00a0\u00bbon|desktop\u00a0\u00bb global_colors_info=\u00a0\u00bb{}\u00a0\u00bb][et_pb_slide url_new_window=\u00a0\u00bbon\u00a0\u00bb use_bg_overlay=\u00a0\u00bboff\u00a0\u00bb use_text_overlay=\u00a0\u00bboff\u00a0\u00bb image_tablet=\u00a0\u00bb\u00a0\u00bb image_phone=\u00a0\u00bb\u00a0\u00bb image_last_edited=\u00a0\u00bbon|desktop\u00a0\u00bb _builder_version=\u00a0\u00bb4.25.1&Prime; _module_preset=\u00a0\u00bbdefault\u00a0\u00bb header_font=\u00a0\u00bb||||||||\u00a0\u00bb background_color=\u00a0\u00bb#7ebec5&Prime; background_image=\u00a0\u00bbhttps:\/\/ovlac.com\/wp-content\/uploads\/2014\/05\/foto-trabajo-mini.jpg\u00a0\u00bb background_enable_image=\u00a0\u00bbon\u00a0\u00bb button_on_hover=\u00a0\u00bbon\u00a0\u00bb background_last_edited=\u00a0\u00bbon|desktop\u00a0\u00bb background_image_tablet=\u00a0\u00bbhttps:\/\/ovlac.com\/wp-content\/uploads\/2024\/04\/slider-XP.png\u00a0\u00bb background_image_phone=\u00a0\u00bbhttps:\/\/ovlac.com\/wp-content\/uploads\/2024\/04\/slider-XP.png\u00a0\u00bb background_enable_image_tablet=\u00a0\u00bbon\u00a0\u00bb background_enable_image_phone=\u00a0\u00bbon\u00a0\u00bb global_colors_info=\u00a0\u00bb{}\u00a0\u00bb sticky_transition=\u00a0\u00bbon\u00a0\u00bb][\/et_pb_slide][\/et_pb_fullwidth_slider][et_pb_fullwidth_post_title meta=\u00a0\u00bboff\u00a0\u00bb featured_image=\u00a0\u00bboff\u00a0\u00bb _builder_version=\u00a0\u00bb4.24.3&Prime; _module_preset=\u00a0\u00bbdefault\u00a0\u00bb title_font=\u00a0\u00bb|700|||||||\u00a0\u00bb title_text_color=\u00a0\u00bb#e73137&Prime; title_font_size=\u00a0\u00bb33px\u00a0\u00bb background_color=\u00a0\u00bbRGBA(255,255,255,0)\u00a0\u00bb custom_padding=\u00a0\u00bb60px||||false|false\u00a0\u00bb global_colors_info=\u00a0\u00bb{}\u00a0\u00bb][\/et_pb_fullwidth_post_title][\/et_pb_section][et_pb_section fb_built=\u00a0\u00bb1&Prime; admin_label=\u00a0\u00bbsection\u00a0\u00bb _builder_version=\u00a0\u00bb4.16&Prime; locked=\u00a0\u00bboff\u00a0\u00bb global_colors_info=\u00a0\u00bb{}\u00a0\u00bb][et_pb_row admin_label=\u00a0\u00bbrow\u00a0\u00bb _builder_version=\u00a0\u00bb4.24.3&Prime; background_size=\u00a0\u00bbinitial\u00a0\u00bb background_position=\u00a0\u00bbtop_left\u00a0\u00bb background_repeat=\u00a0\u00bbrepeat\u00a0\u00bb custom_margin=\u00a0\u00bb-28px||||false|false\u00a0\u00bb global_colors_info=\u00a0\u00bb{}\u00a0\u00bb][et_pb_column type=\u00a0\u00bb4_4&Prime; _builder_version=\u00a0\u00bb4.16&Prime; custom_padding=\u00a0\u00bb|||\u00a0\u00bb global_colors_info=\u00a0\u00bb{}\u00a0\u00bb custom_padding__hover=\u00a0\u00bb|||\u00a0\u00bb][et_pb_text admin_label=\u00a0\u00bbText\u00a0\u00bb _builder_version=\u00a0\u00bb4.24.3&Prime; text_font_size=\u00a0\u00bb15px\u00a0\u00bb text_line_height=\u00a0\u00bb1.9em\u00a0\u00bb background_size=\u00a0\u00bbinitial\u00a0\u00bb background_position=\u00a0\u00bbtop_left\u00a0\u00bb background_repeat=\u00a0\u00bbrepeat\u00a0\u00bb custom_margin=\u00a0\u00bb||32px||false|false\u00a0\u00bb custom_padding=\u00a0\u00bb||32px||false|false\u00a0\u00bb global_colors_info=\u00a0\u00bb{}\u00a0\u00bb]<\/p>\n<p>La<span>\u00a0<\/span><em><strong>Mini<\/strong><\/em><span>\u00a0<\/span>d&rsquo;OVLAC a \u00e9t\u00e9 con\u00e7ue pour conserver l&rsquo;avantage du labour tout en r\u00e9duisant la profondeur de travail ainsi que la puissance demand\u00e9e par rapport \u00e0 une charrue traditionnelle. Le labour s&rsquo;av\u00e8re \u00eatre\u00a0 la meilleure solution permettant le contr\u00f4le des mauvaises herbes. Dans le cas de l&rsquo;agriculture Bio par exemple, o\u00f9 la plupart des produits phytosanitaires sont prohib\u00e9s, le labour superficiel es donc la solution.<\/p>\n<p>C&rsquo;est pour ces raisons que la<em><strong><span>\u00a0<\/span>Mini<\/strong><span>\u00a0<\/span><\/em>d&rsquo;OVLAC a \u00e9t\u00e9 sp\u00e9cifiquement d\u00e9velopp\u00e9e afin d&rsquo;effectuer un labour superficiel capable de recouvrir des d\u00e9bris v\u00e9g\u00e9taux en travaillant des profondeurs allant de 8 \u00e0 20 cm (selon hauteur des r\u00e9sidus). Ces faibles labours aident \u00e0 la formation de cavit\u00e9s o\u00f9 l&rsquo;air et l&rsquo;eau circulent de mani\u00e8re optimale pour d\u00e9composer et min\u00e9raliser ces r\u00e9sidus, produisant des engrais verts qui fertiliseront naturellement les sols ainsi travaill\u00e9s.<\/p>\n<p>Cette technique de d\u00e9chaumage a \u00e9galement pour avantage majeur de maintenir l&rsquo;humidit\u00e9 dans des couches plus profondes qu&rsquo;avec un d\u00e9chaumage \u00e0 partir d&rsquo;outils \u00e0 dents ou \u00e0 disques. Cela permettra de r\u00e9duire visiblement l&rsquo;\u00e9vaporation en particulier lors de saisons arides.<\/p>\n<p>D&rsquo;autre part, la<em><strong><span>\u00a0<\/span>Mini<\/strong><\/em><span>\u00a0<\/span>a pour particularit\u00e9 de travailler hors-raie, cela permet d&rsquo;\u00e9viter de compacter la raie dans laquelle est log\u00e9e la roue du tracteur dans le cas d&rsquo;une charrue traditionnelle.<\/p>\n<p>Outre les avantages agronomiques d&rsquo;une telle machine, l&rsquo;int\u00e9r\u00eat de la<span>\u00a0<\/span><em><strong>Mini<\/strong><\/em><span>\u00a0<\/span>par rapport \u00e0 une charrue traditionnelle est le rapport largeur\/puissance qui est totalement chamboul\u00e9.<\/p>\n<p>En effet, par la r\u00e9duction du volume de terre d\u00e9plac\u00e9 par chaque corps (gr\u00e2ce \u00e0 une profondeur r\u00e9duite, un versoir et un entre-corps plus faible),\u00a0un tracteur peut tracter une charrue d\u00e9chaumeuse<span>\u00a0<\/span><em><strong>Mini<\/strong><\/em><span>\u00a0<\/span>40% plus large qu&rsquo;une charrue traditionnelle.<\/p>\n<p>Le rendement et le co\u00fbt \u00e0 l&rsquo;hectare n&rsquo;auront jamais \u00e9t\u00e9 aussi comp\u00e9titifs avec une charrue tout en assurant une qualit\u00e9 de travail optimale.<\/p>\n<p>[\/et_pb_text][et_pb_video src=\u00a0\u00bbhttps:\/\/youtu.be\/QpEXtKYYUX4&Prime; _builder_version=\u00a0\u00bb4.25.1&Prime; _module_preset=\u00a0\u00bbdefault\u00a0\u00bb global_colors_info=\u00a0\u00bb{}\u00a0\u00bb][\/et_pb_video][\/et_pb_column][\/et_pb_row][et_pb_row _builder_version=\u00a0\u00bb4.24.3&Prime; _module_preset=\u00a0\u00bbdefault\u00a0\u00bb global_colors_info=\u00a0\u00bb{}\u00a0\u00bb][et_pb_column type=\u00a0\u00bb4_4&Prime; _builder_version=\u00a0\u00bb4.24.3&Prime; _module_preset=\u00a0\u00bbdefault\u00a0\u00bb global_colors_info=\u00a0\u00bb{}\u00a0\u00bb][et_pb_button button_url=\u00a0\u00bbhttps:\/\/ovlac.com\/wp-content\/uploads\/2026\/04\/2026-CAT-Mini-FRA_compressed.pdf\u00a0\u00bb url_new_window=\u00a0\u00bbon\u00a0\u00bb button_text=\u00a0\u00bbMini &#8211; T\u00e9l\u00e9charger le catalogue\u00a0\u00bb button_alignment=\u00a0\u00bbcenter\u00a0\u00bb _builder_version=\u00a0\u00bb4.27.4&Prime; _module_preset=\u00a0\u00bbdefault\u00a0\u00bb custom_button=\u00a0\u00bbon\u00a0\u00bb button_text_color=\u00a0\u00bb#EF3E42&Prime; button_bg_color=\u00a0\u00bbRGBA(255,255,255,0)\u00a0\u00bb background_layout=\u00a0\u00bbdark\u00a0\u00bb hover_enabled=\u00a0\u00bb0&Prime; locked=\u00a0\u00bboff\u00a0\u00bb global_colors_info=\u00a0\u00bb{}\u00a0\u00bb sticky_enabled=\u00a0\u00bb0&Prime;][\/et_pb_button][\/et_pb_column][\/et_pb_row][\/et_pb_section][et_pb_section fb_built=\u00a0\u00bb1&Prime; _builder_version=\u00a0\u00bb4.24.3&Prime; _module_preset=\u00a0\u00bbdefault\u00a0\u00bb background_color=\u00a0\u00bb#e5e5e5&Prime; locked=\u00a0\u00bboff\u00a0\u00bb global_colors_info=\u00a0\u00bb{}\u00a0\u00bb][et_pb_row column_structure=\u00a0\u00bb1_2,1_2&Prime; _builder_version=\u00a0\u00bb4.24.3&Prime; _module_preset=\u00a0\u00bbdefault\u00a0\u00bb custom_margin=\u00a0\u00bb12px||48px||false|false\u00a0\u00bb custom_margin_tablet=\u00a0\u00bb12px||48px||false|false\u00a0\u00bb custom_margin_phone=\u00a0\u00bb12px||48px||false|false\u00a0\u00bb custom_margin_last_edited=\u00a0\u00bbon|desktop\u00a0\u00bb global_colors_info=\u00a0\u00bb{}\u00a0\u00bb][et_pb_column type=\u00a0\u00bb1_2&Prime; _builder_version=\u00a0\u00bb4.24.3&Prime; _module_preset=\u00a0\u00bbdefault\u00a0\u00bb global_colors_info=\u00a0\u00bb{}\u00a0\u00bb][et_pb_text _builder_version=\u00a0\u00bb4.25.1&Prime; _module_preset=\u00a0\u00bbdefault\u00a0\u00bb global_colors_info=\u00a0\u00bb{}\u00a0\u00bb]<\/p>\n<div class=\"acf-label\">\n<div class=\"et_pb_module et_pb_text et_pb_text_1  et_pb_text_align_left et_pb_bg_layout_light\">\n<div class=\"et_pb_text_inner\">\n<div class=\"acf-label\">\n<h2 class=\"description\" style=\"text-align: center;\"><strong>Principaux avantages:<\/strong><\/h2>\n<\/div>\n<\/div>\n<\/div>\n<\/div>\n<p>[\/et_pb_text][et_pb_text _builder_version=\u00a0\u00bb4.25.1&Prime; _module_preset=\u00a0\u00bbdefault\u00a0\u00bb global_colors_info=\u00a0\u00bb{}\u00a0\u00bb]<\/p>\n<ul>\n<li>Jusqu&rsquo;\u00e0 4.2 m de largeur de travail en 14 corps.<\/li>\n<li>Repliage hydraulique des derniers corps pour le transport.<\/li>\n<li>Corps de labour Eco Plus\u00a0avec \u00e9paisseur\u00a08mm\u00a0et soc forg\u00e9.<\/li>\n<li>S\u00e9curit\u00e9 Non Stop resort \u00e0 Lames ou Hydraulique.<\/li>\n<\/ul>\n<p>[\/et_pb_text][\/et_pb_column][et_pb_column type=\u00a0\u00bb1_2&Prime; _builder_version=\u00a0\u00bb4.24.3&Prime; _module_preset=\u00a0\u00bbdefault\u00a0\u00bb global_colors_info=\u00a0\u00bb{}\u00a0\u00bb][et_pb_image src=\u00a0\u00bbhttps:\/\/ovlac.com\/wp-content\/uploads\/2014\/05\/foto-producto-1.jpg\u00a0\u00bb alt=\u00a0\u00bbfoto-producto MINI F\u00a0\u00bb title_text=\u00a0\u00bbfoto-producto MINI F\u00a0\u00bb _builder_version=\u00a0\u00bb4.25.1&Prime; _module_preset=\u00a0\u00bbdefault\u00a0\u00bb global_colors_info=\u00a0\u00bb{}\u00a0\u00bb][\/et_pb_image][\/et_pb_column][\/et_pb_row][et_pb_row _builder_version=\u00a0\u00bb4.24.3&Prime; _module_preset=\u00a0\u00bbdefault\u00a0\u00bb global_colors_info=\u00a0\u00bb{}\u00a0\u00bb][et_pb_column type=\u00a0\u00bb4_4&Prime; _builder_version=\u00a0\u00bb4.24.3&Prime; _module_preset=\u00a0\u00bbdefault\u00a0\u00bb global_colors_info=\u00a0\u00bb{}\u00a0\u00bb][et_pb_text admin_label=\u00a0\u00bbTexto\u00a0\u00bb _builder_version=\u00a0\u00bb4.25.1&Prime; _module_preset=\u00a0\u00bbdefault\u00a0\u00bb global_colors_info=\u00a0\u00bb{}\u00a0\u00bb]<\/p>\n<div class=\"acf-label\">\n<div class=\"et_pb_with_border et_pb_module et_pb_text et_pb_text_2  et_pb_text_align_left et_pb_bg_layout_light\">\n<div class=\"et_pb_text_inner\">\n<h2 style=\"text-align: center;\"><strong>Fiche Technique<\/strong><\/h2>\n<\/div>\n<\/div>\n<div class=\"et_pb_module et_pb_text et_pb_text_3  et_pb_text_align_left et_pb_bg_layout_light\">\u00a0<\/div>\n<div class=\"wb_core_dynamic_text et_pb_module et_pb_bg_layout_ et_pb_text_align_ wb_core_dynamic_text_0\">\n<table class=\"responsive\">\n<tbody>\n<tr>\n<th>MODELE<\/th>\n<th>LARGEUR DE TRAVAIL (CM)<\/th>\n<th>BATI<\/th>\n<th>POIDS<\/th>\n<th>PUISSANCE (CV)<\/th>\n<th>EXTENSIBLE<\/th>\n<\/tr>\n<tr>\n<td>MINI-5<\/td>\n<td>192<\/td>\n<td>110*110<\/td>\n<td>900<\/td>\n<td>85-10<\/td>\n<td>OUI<\/td>\n<\/tr>\n<tr>\n<td>MINI-5+1<\/td>\n<td>230<\/td>\n<td>110*110<\/td>\n<td>980<\/td>\n<td>100-120<\/td>\n<td>OUI<\/td>\n<\/tr>\n<tr>\n<td>MINI-5+2<\/td>\n<td>268<\/td>\n<td>110*110<\/td>\n<td>1075<\/td>\n<td>120-140<\/td>\n<td>NO<\/td>\n<\/tr>\n<tr>\n<td>MINI-7<\/td>\n<td>268<\/td>\n<td>110*110<\/td>\n<td>1216<\/td>\n<td>120-140<\/td>\n<td>OUI<\/td>\n<\/tr>\n<tr>\n<td>MINI-7+1<\/td>\n<td>306<\/td>\n<td>110*110<\/td>\n<td>1350<\/td>\n<td>135-160<\/td>\n<td>OUI<\/td>\n<\/tr>\n<tr>\n<td>MINI-7+2<\/td>\n<td>345<\/td>\n<td>110*110<\/td>\n<td>1432<\/td>\n<td>150-180<\/td>\n<td>NO<\/td>\n<\/tr>\n<tr>\n<td>MINI-9<\/td>\n<td>345<\/td>\n<td>100*150<\/td>\n<td>1600<\/td>\n<td>150-180<\/td>\n<td>OUI<\/td>\n<\/tr>\n<tr>\n<td>MINI-9+1<\/td>\n<td>383<\/td>\n<td>100*150<\/td>\n<td>1734<\/td>\n<td>170-200<\/td>\n<td>OUI<\/td>\n<\/tr>\n<tr>\n<td>MINI-9+2<\/td>\n<td>421<\/td>\n<td>100*150<\/td>\n<td>1816<\/td>\n<td>185-220<\/td>\n<td>NO<\/td>\n<\/tr>\n<\/tbody>\n<\/table>\n<\/div>\n<\/div>\n<p>[\/et_pb_text][\/et_pb_column][\/et_pb_row][et_pb_row _builder_version=\u00a0\u00bb4.24.3&Prime; _module_preset=\u00a0\u00bbdefault\u00a0\u00bb global_colors_info=\u00a0\u00bb{}\u00a0\u00bb][et_pb_column type=\u00a0\u00bb4_4&Prime; _builder_version=\u00a0\u00bb4.24.3&Prime; _module_preset=\u00a0\u00bbdefault\u00a0\u00bb global_colors_info=\u00a0\u00bb{}\u00a0\u00bb][et_pb_text _builder_version=\u00a0\u00bb4.25.1&Prime; _module_preset=\u00a0\u00bbdefault\u00a0\u00bb global_colors_info=\u00a0\u00bb{}\u00a0\u00bb]<\/p>\n<div class=\"acf-label\">\n<h2 class=\"description\" style=\"text-align: center;\"><strong>Photos et video:<\/strong><\/h2>\n<\/div>\n<p>[\/et_pb_text][et_pb_gallery gallery_ids=\u00a0\u00bb48377,48383,48374,49730&Prime; show_title_and_caption=\u00a0\u00bboff\u00a0\u00bb _builder_version=\u00a0\u00bb4.25.1&Prime; _module_preset=\u00a0\u00bbdefault\u00a0\u00bb global_colors_info=\u00a0\u00bb{}\u00a0\u00bb][\/et_pb_gallery][et_pb_video src=\u00a0\u00bbhttps:\/\/youtu.be\/1Sw1JM63hbE\u00a0\u00bb _builder_version=\u00a0\u00bb4.25.1&Prime; _module_preset=\u00a0\u00bbdefault\u00a0\u00bb global_colors_info=\u00a0\u00bb{}\u00a0\u00bb][\/et_pb_video][\/et_pb_column][\/et_pb_row][\/et_pb_section]<\/p>\n","protected":false},"excerpt":{"rendered":"<p>La\u00a0Mini\u00a0d&rsquo;OVLAC a \u00e9t\u00e9 con\u00e7ue pour conserver l&rsquo;avantage du labour tout en r\u00e9duisant la profondeur de travail ainsi que la puissance demand\u00e9e par rapport \u00e0 une charrue traditionnelle. Le labour s&rsquo;av\u00e8re [&hellip;]<\/p>\n","protected":false},"author":200,"featured_media":0,"parent":0,"menu_order":0,"comment_status":"open","ping_status":"open","template":"","meta":{"_et_pb_use_builder":"on","_et_pb_old_content":"","_et_gb_content_width":"","footnotes":""},"class_list":["post-58512","page","type-page","status-publish","hentry"],"yoast_head":"<!-- This site is optimized with the Yoast SEO plugin v24.8.1 - https:\/\/yoast.com\/wordpress\/plugins\/seo\/ -->\n<title>Mini-F - Ovlac<\/title>\n<meta name=\"description\" content=\"El Mini F de Ovlac se concibe para aunar las ventajas del arado tradicional y del m\u00ednimo laboreo. Entra y con\u00f3celo\" \/>\n<meta name=\"robots\" content=\"index, follow, max-snippet:-1, max-image-preview:large, max-video-preview:-1\" \/>\n<link rel=\"canonical\" href=\"https:\/\/ovlac.com\/fr\/mini-f\/\" \/>\n<meta property=\"og:locale\" content=\"fr_FR\" \/>\n<meta property=\"og:type\" content=\"article\" \/>\n<meta property=\"og:title\" content=\"Mini-F - Ovlac\" \/>\n<meta property=\"og:description\" content=\"El Mini F de Ovlac se concibe para aunar las ventajas del arado tradicional y del m\u00ednimo laboreo. Entra y con\u00f3celo\" \/>\n<meta property=\"og:url\" content=\"https:\/\/ovlac.com\/fr\/mini-f\/\" \/>\n<meta property=\"og:site_name\" content=\"Ovlac\" \/>\n<meta property=\"article:modified_time\" content=\"2026-04-07T09:15:48+00:00\" \/>\n<meta name=\"twitter:card\" content=\"summary_large_image\" \/>\n<meta name=\"twitter:label1\" content=\"Dur\u00e9e de lecture estim\u00e9e\" \/>\n\t<meta name=\"twitter:data1\" content=\"3 minutes\" \/>\n<script type=\"application\/ld+json\" class=\"yoast-schema-graph\">{\"@context\":\"https:\/\/schema.org\",\"@graph\":[{\"@type\":\"WebPage\",\"@id\":\"https:\/\/ovlac.com\/fr\/mini-f\/\",\"url\":\"https:\/\/ovlac.com\/fr\/mini-f\/\",\"name\":\"Mini-F - Ovlac\",\"isPartOf\":{\"@id\":\"https:\/\/ovlac.com\/#website\"},\"datePublished\":\"2024-05-23T11:04:32+00:00\",\"dateModified\":\"2026-04-07T09:15:48+00:00\",\"description\":\"El Mini F de Ovlac se concibe para aunar las ventajas del arado tradicional y del m\u00ednimo laboreo. Entra y con\u00f3celo\",\"breadcrumb\":{\"@id\":\"https:\/\/ovlac.com\/fr\/mini-f\/#breadcrumb\"},\"inLanguage\":\"fr-FR\",\"potentialAction\":[{\"@type\":\"ReadAction\",\"target\":[\"https:\/\/ovlac.com\/fr\/mini-f\/\"]}]},{\"@type\":\"BreadcrumbList\",\"@id\":\"https:\/\/ovlac.com\/fr\/mini-f\/#breadcrumb\",\"itemListElement\":[{\"@type\":\"ListItem\",\"position\":1,\"name\":\"Portada\",\"item\":\"https:\/\/ovlac.com\/fr\/\"},{\"@type\":\"ListItem\",\"position\":2,\"name\":\"Mini-F\"}]},{\"@type\":\"WebSite\",\"@id\":\"https:\/\/ovlac.com\/#website\",\"url\":\"https:\/\/ovlac.com\/\",\"name\":\"Ovlac\",\"description\":\"OVLAC\",\"potentialAction\":[{\"@type\":\"SearchAction\",\"target\":{\"@type\":\"EntryPoint\",\"urlTemplate\":\"https:\/\/ovlac.com\/?s={search_term_string}\"},\"query-input\":{\"@type\":\"PropertyValueSpecification\",\"valueRequired\":true,\"valueName\":\"search_term_string\"}}],\"inLanguage\":\"fr-FR\"}]}<\/script>\n<!-- \/ Yoast SEO plugin. -->","yoast_head_json":{"title":"Mini-F - Ovlac","description":"El Mini F de Ovlac se concibe para aunar las ventajas del arado tradicional y del m\u00ednimo laboreo. Entra y con\u00f3celo","robots":{"index":"index","follow":"follow","max-snippet":"max-snippet:-1","max-image-preview":"max-image-preview:large","max-video-preview":"max-video-preview:-1"},"canonical":"https:\/\/ovlac.com\/fr\/mini-f\/","og_locale":"fr_FR","og_type":"article","og_title":"Mini-F - Ovlac","og_description":"El Mini F de Ovlac se concibe para aunar las ventajas del arado tradicional y del m\u00ednimo laboreo. Entra y con\u00f3celo","og_url":"https:\/\/ovlac.com\/fr\/mini-f\/","og_site_name":"Ovlac","article_modified_time":"2026-04-07T09:15:48+00:00","twitter_card":"summary_large_image","twitter_misc":{"Dur\u00e9e de lecture estim\u00e9e":"3 minutes"},"schema":{"@context":"https:\/\/schema.org","@graph":[{"@type":"WebPage","@id":"https:\/\/ovlac.com\/fr\/mini-f\/","url":"https:\/\/ovlac.com\/fr\/mini-f\/","name":"Mini-F - Ovlac","isPartOf":{"@id":"https:\/\/ovlac.com\/#website"},"datePublished":"2024-05-23T11:04:32+00:00","dateModified":"2026-04-07T09:15:48+00:00","description":"El Mini F de Ovlac se concibe para aunar las ventajas del arado tradicional y del m\u00ednimo laboreo. Entra y con\u00f3celo","breadcrumb":{"@id":"https:\/\/ovlac.com\/fr\/mini-f\/#breadcrumb"},"inLanguage":"fr-FR","potentialAction":[{"@type":"ReadAction","target":["https:\/\/ovlac.com\/fr\/mini-f\/"]}]},{"@type":"BreadcrumbList","@id":"https:\/\/ovlac.com\/fr\/mini-f\/#breadcrumb","itemListElement":[{"@type":"ListItem","position":1,"name":"Portada","item":"https:\/\/ovlac.com\/fr\/"},{"@type":"ListItem","position":2,"name":"Mini-F"}]},{"@type":"WebSite","@id":"https:\/\/ovlac.com\/#website","url":"https:\/\/ovlac.com\/","name":"Ovlac","description":"OVLAC","potentialAction":[{"@type":"SearchAction","target":{"@type":"EntryPoint","urlTemplate":"https:\/\/ovlac.com\/?s={search_term_string}"},"query-input":{"@type":"PropertyValueSpecification","valueRequired":true,"valueName":"search_term_string"}}],"inLanguage":"fr-FR"}]}},"_links":{"self":[{"href":"https:\/\/ovlac.com\/fr\/wp-json\/wp\/v2\/pages\/58512","targetHints":{"allow":["GET"]}}],"collection":[{"href":"https:\/\/ovlac.com\/fr\/wp-json\/wp\/v2\/pages"}],"about":[{"href":"https:\/\/ovlac.com\/fr\/wp-json\/wp\/v2\/types\/page"}],"author":[{"embeddable":true,"href":"https:\/\/ovlac.com\/fr\/wp-json\/wp\/v2\/users\/200"}],"replies":[{"embeddable":true,"href":"https:\/\/ovlac.com\/fr\/wp-json\/wp\/v2\/comments?post=58512"}],"version-history":[{"count":0,"href":"https:\/\/ovlac.com\/fr\/wp-json\/wp\/v2\/pages\/58512\/revisions"}],"wp:attachment":[{"href":"https:\/\/ovlac.com\/fr\/wp-json\/wp\/v2\/media?parent=58512"}],"curies":[{"name":"wp","href":"https:\/\/api.w.org\/{rel}","templated":true}]}}