{"id":58479,"date":"2024-05-23T09:49:14","date_gmt":"2024-05-23T09:49:14","guid":{"rendered":"https:\/\/ovlac.com\/?page_id=58479"},"modified":"2024-05-23T10:03:22","modified_gmt":"2024-05-23T10:03:22","slug":"eurodisc","status":"publish","type":"page","link":"https:\/\/ovlac.com\/fr\/eurodisc\/","title":{"rendered":"Eurodisc"},"content":{"rendered":"<p>[et_pb_section fb_built=\u00a0\u00bb1&Prime; fullwidth=\u00a0\u00bbon\u00a0\u00bb _builder_version=\u00a0\u00bb4.24.3&Prime; _module_preset=\u00a0\u00bbdefault\u00a0\u00bb locked=\u00a0\u00bboff\u00a0\u00bb global_colors_info=\u00a0\u00bb{}\u00a0\u00bb][et_pb_fullwidth_slider admin_label=\u00a0\u00bbControl deslizante de anchura completa\u00a0\u00bb _builder_version=\u00a0\u00bb4.25.1&Prime; _module_preset=\u00a0\u00bbdefault\u00a0\u00bb background_last_edited=\u00a0\u00bbon|desktop\u00a0\u00bb global_colors_info=\u00a0\u00bb{}\u00a0\u00bb][et_pb_slide url_new_window=\u00a0\u00bbon\u00a0\u00bb use_bg_overlay=\u00a0\u00bboff\u00a0\u00bb use_text_overlay=\u00a0\u00bboff\u00a0\u00bb image_tablet=\u00a0\u00bbhttps:\/\/ovlac.com\/wp-content\/uploads\/\u00a0\u00bb image_phone=\u00a0\u00bbhttps:\/\/ovlac.com\/wp-content\/uploads\/\u00a0\u00bb image_last_edited=\u00a0\u00bbon|desktop\u00a0\u00bb _builder_version=\u00a0\u00bb4.25.1&Prime; _module_preset=\u00a0\u00bbdefault\u00a0\u00bb header_font=\u00a0\u00bb||||||||\u00a0\u00bb background_color=\u00a0\u00bb#7ebec5&Prime; background_image=\u00a0\u00bbhttps:\/\/ovlac.com\/wp-content\/uploads\/2014\/10\/eurodisc-trabajo.jpg\u00a0\u00bb background_enable_image=\u00a0\u00bbon\u00a0\u00bb button_on_hover=\u00a0\u00bbon\u00a0\u00bb background_last_edited=\u00a0\u00bbon|desktop\u00a0\u00bb background_image_tablet=\u00a0\u00bbhttps:\/\/ovlac.com\/wp-content\/uploads\/2024\/04\/slider-XP.png\u00a0\u00bb background_image_phone=\u00a0\u00bbhttps:\/\/ovlac.com\/wp-content\/uploads\/2024\/04\/slider-XP.png\u00a0\u00bb background_enable_image_tablet=\u00a0\u00bbon\u00a0\u00bb background_enable_image_phone=\u00a0\u00bbon\u00a0\u00bb global_colors_info=\u00a0\u00bb{}\u00a0\u00bb sticky_transition=\u00a0\u00bbon\u00a0\u00bb][\/et_pb_slide][\/et_pb_fullwidth_slider][et_pb_fullwidth_post_title meta=\u00a0\u00bboff\u00a0\u00bb featured_image=\u00a0\u00bboff\u00a0\u00bb _builder_version=\u00a0\u00bb4.24.3&Prime; _module_preset=\u00a0\u00bbdefault\u00a0\u00bb title_font=\u00a0\u00bb|700|||||||\u00a0\u00bb title_text_color=\u00a0\u00bb#e73137&Prime; title_font_size=\u00a0\u00bb33px\u00a0\u00bb background_color=\u00a0\u00bbRGBA(255,255,255,0)\u00a0\u00bb custom_padding=\u00a0\u00bb60px||||false|false\u00a0\u00bb global_colors_info=\u00a0\u00bb{}\u00a0\u00bb][\/et_pb_fullwidth_post_title][\/et_pb_section][et_pb_section fb_built=\u00a0\u00bb1&Prime; admin_label=\u00a0\u00bbsection\u00a0\u00bb _builder_version=\u00a0\u00bb4.16&Prime; locked=\u00a0\u00bboff\u00a0\u00bb global_colors_info=\u00a0\u00bb{}\u00a0\u00bb][et_pb_row admin_label=\u00a0\u00bbrow\u00a0\u00bb _builder_version=\u00a0\u00bb4.24.3&Prime; background_size=\u00a0\u00bbinitial\u00a0\u00bb background_position=\u00a0\u00bbtop_left\u00a0\u00bb background_repeat=\u00a0\u00bbrepeat\u00a0\u00bb custom_margin=\u00a0\u00bb-28px||||false|false\u00a0\u00bb global_colors_info=\u00a0\u00bb{}\u00a0\u00bb][et_pb_column type=\u00a0\u00bb4_4&Prime; _builder_version=\u00a0\u00bb4.16&Prime; custom_padding=\u00a0\u00bb|||\u00a0\u00bb global_colors_info=\u00a0\u00bb{}\u00a0\u00bb custom_padding__hover=\u00a0\u00bb|||\u00a0\u00bb][et_pb_text admin_label=\u00a0\u00bbText\u00a0\u00bb _builder_version=\u00a0\u00bb4.25.0&Prime; text_font_size=\u00a0\u00bb15px\u00a0\u00bb text_line_height=\u00a0\u00bb1.9em\u00a0\u00bb background_size=\u00a0\u00bbinitial\u00a0\u00bb background_position=\u00a0\u00bbtop_left\u00a0\u00bb background_repeat=\u00a0\u00bbrepeat\u00a0\u00bb custom_margin=\u00a0\u00bb||32px||false|false\u00a0\u00bb custom_padding=\u00a0\u00bb||32px||false|false\u00a0\u00bb global_colors_info=\u00a0\u00bb{}\u00a0\u00bb]<\/p>\n<p>L&rsquo; <em><strong>Eurodisc<\/strong><\/em> est le mod\u00e8le le plus robuste de la gamme des d\u00e9chaumeurs \u00e0\u00a0disques rapides d&rsquo;Ovlac. Equip\u00e9<strong> de disques de 24\u201d (610 mm)<\/strong> de diam\u00e8tre avec un angle d&rsquo;attaque agressif\u00a0autant dans le sens de marche que vertical. Gr\u00e2ce \u00e0 cela, l&rsquo; <em><strong>Eurodisc\u00a0<\/strong> a une grande capacit\u00e9 de p\u00e9n\u00e9tration et r\u00e9alise un m\u00e9lange intense des d\u00e9bris v\u00e9g\u00e9taux jusqu&rsquo;\u00e0 15 cm de profondeur.<\/em><\/p>\n<p>L&rsquo; <em><strong>Eurodisc<\/strong><\/em> compte un syst\u00e8me de protection antipierres \u00e0 lames de ressort qui, en plus de son efficacit\u00e9, est sans entretien. Aussi, comme toute la gamme \u00e0 disques d&rsquo;Ovlac, les disques de L&rsquo; <em><strong>Eurodisc<\/strong><\/em> sont mont\u00e9s sur des jambes ind\u00e9pendantes afin qu&rsquo;un obstacle n&rsquo;interrompt pas le travail de plusieurs disques \u00e0 la fois.<\/p>\n<p>Pour s&rsquo;accorder \u00e0 la force\u00a0de travail des disques, l&rsquo; <em><strong>Eurodisc <\/strong><\/em>est mont\u00e9 avec des jambes en acier HLE et sur un\u00a0ch\u00e2ssis surdimensionn\u00e9.\u00a0Le <strong>grand d\u00e9gagement de\u00a0l&rsquo; <em>Eurodisc<\/em><\/strong>\u00a0permet de travailler\u00a0en pr\u00e9sence de n&rsquo;importe quel type et quantit\u00e9 de d\u00e9bris sans probl\u00e8me de bourrage.<\/p>\n<p>Les paliers de\u00a0l&rsquo; <em><strong>Eurodisc<\/strong> <\/em>sont <strong>\u00e9tanches et <\/strong><strong>100% libres\u00a0d&rsquo;entretien<\/strong>, et incorporent\u00a0<strong>2 roulements coniques<\/strong> pour une totale fiabilit\u00e9.<\/p>\n<p>[\/et_pb_text][et_pb_video src=\u00a0\u00bbhttps:\/\/vimeo.com\/373338732&Prime; _builder_version=\u00a0\u00bb4.25.1&Prime; _module_preset=\u00a0\u00bbdefault\u00a0\u00bb global_colors_info=\u00a0\u00bb{}\u00a0\u00bb][\/et_pb_video][\/et_pb_column][\/et_pb_row][et_pb_row _builder_version=\u00a0\u00bb4.24.3&Prime; _module_preset=\u00a0\u00bbdefault\u00a0\u00bb global_colors_info=\u00a0\u00bb{}\u00a0\u00bb][et_pb_column type=\u00a0\u00bb4_4&Prime; _builder_version=\u00a0\u00bb4.24.3&Prime; _module_preset=\u00a0\u00bbdefault\u00a0\u00bb global_colors_info=\u00a0\u00bb{}\u00a0\u00bb][et_pb_button button_url=\u00a0\u00bbhttps:\/\/ovlac.com\/wp-content\/uploads\/2020\/02\/AF_Triptico-Eurodisc_frances-2020.pdf\u00a0\u00bb url_new_window=\u00a0\u00bbon\u00a0\u00bb button_text=\u00a0\u00bbEurodisc &#8211; T\u00e9l\u00e9charger le catalogue\u00a0\u00bb button_alignment=\u00a0\u00bbcenter\u00a0\u00bb _builder_version=\u00a0\u00bb4.25.1&Prime; _module_preset=\u00a0\u00bbdefault\u00a0\u00bb custom_button=\u00a0\u00bbon\u00a0\u00bb button_text_color=\u00a0\u00bb#EF3E42&Prime; button_bg_color=\u00a0\u00bbRGBA(255,255,255,0)\u00a0\u00bb background_layout=\u00a0\u00bbdark\u00a0\u00bb global_colors_info=\u00a0\u00bb{}\u00a0\u00bb locked=\u00a0\u00bboff\u00a0\u00bb][\/et_pb_button][\/et_pb_column][\/et_pb_row][\/et_pb_section][et_pb_section fb_built=\u00a0\u00bb1&Prime; _builder_version=\u00a0\u00bb4.24.3&Prime; _module_preset=\u00a0\u00bbdefault\u00a0\u00bb background_color=\u00a0\u00bb#e5e5e5&Prime; locked=\u00a0\u00bboff\u00a0\u00bb global_colors_info=\u00a0\u00bb{}\u00a0\u00bb][et_pb_row column_structure=\u00a0\u00bb1_2,1_2&Prime; _builder_version=\u00a0\u00bb4.24.3&Prime; _module_preset=\u00a0\u00bbdefault\u00a0\u00bb custom_margin=\u00a0\u00bb12px||48px||false|false\u00a0\u00bb custom_margin_tablet=\u00a0\u00bb12px||48px||false|false\u00a0\u00bb custom_margin_phone=\u00a0\u00bb12px||48px||false|false\u00a0\u00bb custom_margin_last_edited=\u00a0\u00bbon|desktop\u00a0\u00bb global_colors_info=\u00a0\u00bb{}\u00a0\u00bb locked=\u00a0\u00bboff\u00a0\u00bb][et_pb_column type=\u00a0\u00bb1_2&Prime; _builder_version=\u00a0\u00bb4.24.3&Prime; _module_preset=\u00a0\u00bbdefault\u00a0\u00bb global_colors_info=\u00a0\u00bb{}\u00a0\u00bb][et_pb_text _builder_version=\u00a0\u00bb4.25.1&Prime; _module_preset=\u00a0\u00bbdefault\u00a0\u00bb global_colors_info=\u00a0\u00bb{}\u00a0\u00bb]<\/p>\n<div class=\"acf-label\">\n<h2 class=\"description\" style=\"text-align: center;\"><strong>Principaux avantages<\/strong><\/h2>\n<\/div>\n<p>[\/et_pb_text][et_pb_text _builder_version=\u00a0\u00bb4.25.1&Prime; _module_preset=\u00a0\u00bbdefault\u00a0\u00bb global_colors_info=\u00a0\u00bb{}\u00a0\u00bb]<\/p>\n<ul>\n<li>Angles d&rsquo; attaque tr\u00e8s agressifs pour un m\u00e9lange intense<\/li>\n<li>S\u00e9curit\u00e9 Non Stop \u00e0 lames de ressort<\/li>\n<li>Disques de 24\u201d pour travailler jusqu&rsquo;\u00e0 15 cm de profondeur<\/li>\n<\/ul>\n<p>[\/et_pb_text][\/et_pb_column][et_pb_column type=\u00a0\u00bb1_2&Prime; _builder_version=\u00a0\u00bb4.24.3&Prime; _module_preset=\u00a0\u00bbdefault\u00a0\u00bb global_colors_info=\u00a0\u00bb{}\u00a0\u00bb][et_pb_image src=\u00a0\u00bbhttps:\/\/ovlac.com\/wp-content\/uploads\/2014\/04\/EURODISC-SURCO-FURROW-WEB.jpg\u00a0\u00bb title_text=\u00a0\u00bbEURODISC SURCO-FURROW WEB\u00a0\u00bb _builder_version=\u00a0\u00bb4.25.1&Prime; _module_preset=\u00a0\u00bbdefault\u00a0\u00bb global_colors_info=\u00a0\u00bb{}\u00a0\u00bb][\/et_pb_image][\/et_pb_column][\/et_pb_row][et_pb_row _builder_version=\u00a0\u00bb4.24.3&Prime; _module_preset=\u00a0\u00bbdefault\u00a0\u00bb hover_enabled=\u00a0\u00bb0&Prime; global_colors_info=\u00a0\u00bb{}\u00a0\u00bb locked=\u00a0\u00bboff\u00a0\u00bb module_alignment=\u00a0\u00bbcenter\u00a0\u00bb sticky_enabled=\u00a0\u00bb0&Prime;][et_pb_column type=\u00a0\u00bb4_4&Prime; _builder_version=\u00a0\u00bb4.24.3&Prime; _module_preset=\u00a0\u00bbdefault\u00a0\u00bb global_colors_info=\u00a0\u00bb{}\u00a0\u00bb][et_pb_text admin_label=\u00a0\u00bbTexto\u00a0\u00bb _builder_version=\u00a0\u00bb4.25.1&Prime; _module_preset=\u00a0\u00bbdefault\u00a0\u00bb hover_enabled=\u00a0\u00bb0&Prime; global_colors_info=\u00a0\u00bb{}\u00a0\u00bb custom_margin=\u00a0\u00bb||53px|||\u00a0\u00bb sticky_enabled=\u00a0\u00bb0&Prime;]<\/p>\n<div class=\"acf-label\">\n<h2 class=\"description\" style=\"text-align: center;\"><strong>Sp\u00e9cifications techniques:<\/strong><\/h2>\n<p>&nbsp;<\/p>\n<table class=\"responsive\">\n<tbody>\n<tr>\n<th style=\"width: 115.156px;\">MODELE<\/th>\n<th style=\"width: 98.9931px;\">NBRE. DISQUES<\/th>\n<th style=\"width: 103.993px;\">LARGEUR TRAVAIL<\/th>\n<th style=\"width: 87.1181px;\">LARGEUR TRANSPORT<\/th>\n<th style=\"width: 81.684px;\">PUISSANCE<\/th>\n<th style=\"width: 43.5764px;\">POIDS<\/th>\n<\/tr>\n<tr>\n<td style=\"width: 115.156px;\">EURODISC 250<\/td>\n<td style=\"width: 98.9931px;\">18<\/td>\n<td style=\"width: 103.993px;\">2,5<\/td>\n<td style=\"width: 87.1181px;\">2,5<\/td>\n<td style=\"width: 81.684px;\">80-110<\/td>\n<td style=\"width: 43.5764px;\">1.830<\/td>\n<\/tr>\n<tr>\n<td style=\"width: 115.156px;\">EURODISC 300<\/td>\n<td style=\"width: 98.9931px;\">22<\/td>\n<td style=\"width: 103.993px;\">3<\/td>\n<td style=\"width: 87.1181px;\">3,05<\/td>\n<td style=\"width: 81.684px;\">100-130<\/td>\n<td style=\"width: 43.5764px;\">2.220<\/td>\n<\/tr>\n<tr>\n<td style=\"width: 115.156px;\">EURODISC 350<\/td>\n<td style=\"width: 98.9931px;\">26<\/td>\n<td style=\"width: 103.993px;\">3,6<\/td>\n<td style=\"width: 87.1181px;\">3,62<\/td>\n<td style=\"width: 81.684px;\">120-150<\/td>\n<td style=\"width: 43.5764px;\">2.590<\/td>\n<\/tr>\n<tr>\n<td style=\"width: 115.156px;\">EURODISC 350-P<\/td>\n<td style=\"width: 98.9931px;\">26<\/td>\n<td style=\"width: 103.993px;\">3,6<\/td>\n<td style=\"width: 87.1181px;\">3<\/td>\n<td style=\"width: 81.684px;\">120-150<\/td>\n<td style=\"width: 43.5764px;\">2.790<\/td>\n<\/tr>\n<tr>\n<td style=\"width: 115.156px;\">EURODISC 400-P<\/td>\n<td style=\"width: 98.9931px;\">28<\/td>\n<td style=\"width: 103.993px;\">4<\/td>\n<td style=\"width: 87.1181px;\">3<\/td>\n<td style=\"width: 81.684px;\">140-170<\/td>\n<td style=\"width: 43.5764px;\">3.12<\/td>\n<\/tr>\n<tr>\n<td style=\"width: 115.156px;\">EURODISC 500-P<\/td>\n<td style=\"width: 98.9931px;\">36<\/td>\n<td style=\"width: 103.993px;\">5<\/td>\n<td style=\"width: 87.1181px;\">3<\/td>\n<td style=\"width: 81.684px;\">160-200<\/td>\n<td style=\"width: 43.5764px;\">3.910<\/td>\n<\/tr>\n<\/tbody>\n<\/table>\n<\/div>\n<p>[\/et_pb_text][\/et_pb_column][\/et_pb_row][et_pb_row _builder_version=\u00a0\u00bb4.24.3&Prime; _module_preset=\u00a0\u00bbdefault\u00a0\u00bb global_colors_info=\u00a0\u00bb{}\u00a0\u00bb][et_pb_column type=\u00a0\u00bb4_4&Prime; _builder_version=\u00a0\u00bb4.24.3&Prime; _module_preset=\u00a0\u00bbdefault\u00a0\u00bb global_colors_info=\u00a0\u00bb{}\u00a0\u00bb][et_pb_text _builder_version=\u00a0\u00bb4.25.1&Prime; _module_preset=\u00a0\u00bbdefault\u00a0\u00bb hover_enabled=\u00a0\u00bb0&Prime; global_colors_info=\u00a0\u00bb{}\u00a0\u00bb sticky_enabled=\u00a0\u00bb0&Prime;]<\/p>\n<div class=\"acf-label\">\n<h2 class=\"description\" style=\"text-align: center;\"><strong>Photos:<\/strong><\/h2>\n<\/div>\n<p>[\/et_pb_text][et_pb_gallery gallery_ids=\u00a0\u00bb48590,48177,48189,47690&Prime; show_title_and_caption=\u00a0\u00bboff\u00a0\u00bb _builder_version=\u00a0\u00bb4.25.1&Prime; _module_preset=\u00a0\u00bbdefault\u00a0\u00bb global_colors_info=\u00a0\u00bb{}\u00a0\u00bb][\/et_pb_gallery][\/et_pb_column][\/et_pb_row][\/et_pb_section]<\/p>\n","protected":false},"excerpt":{"rendered":"<p>L&rsquo; Eurodisc est le mod\u00e8le le plus robuste de la gamme des d\u00e9chaumeurs \u00e0\u00a0disques rapides d&rsquo;Ovlac. Equip\u00e9 de disques de 24\u201d (610 mm) de diam\u00e8tre avec un angle d&rsquo;attaque agressif\u00a0autant [&hellip;]<\/p>\n","protected":false},"author":200,"featured_media":0,"parent":0,"menu_order":0,"comment_status":"closed","ping_status":"closed","template":"","meta":{"_et_pb_use_builder":"on","_et_pb_old_content":"","_et_gb_content_width":"","footnotes":""},"class_list":["post-58479","page","type-page","status-publish","hentry"],"yoast_head":"<!-- This site is optimized with the Yoast SEO plugin v24.8.1 - https:\/\/yoast.com\/wordpress\/plugins\/seo\/ -->\n<title>Eurodisc - Ovlac<\/title>\n<meta name=\"robots\" content=\"index, follow, max-snippet:-1, max-image-preview:large, max-video-preview:-1\" \/>\n<link rel=\"canonical\" href=\"https:\/\/ovlac.com\/eurodisc\/\" \/>\n<meta property=\"og:locale\" content=\"fr_FR\" \/>\n<meta property=\"og:type\" content=\"article\" \/>\n<meta property=\"og:title\" content=\"Eurodisc - Ovlac\" \/>\n<meta property=\"og:description\" content=\"L&#039; Eurodisc est le mod\u00e8le le plus robuste de la gamme des d\u00e9chaumeurs \u00e0\u00a0disques rapides d&#039;Ovlac. Equip\u00e9 de disques de 24\u201d (610 mm) de diam\u00e8tre avec un angle d&#039;attaque agressif\u00a0autant [&hellip;]\" \/>\n<meta property=\"og:url\" content=\"https:\/\/ovlac.com\/eurodisc\/\" \/>\n<meta property=\"og:site_name\" content=\"Ovlac\" \/>\n<meta property=\"article:modified_time\" content=\"2024-05-23T10:03:22+00:00\" \/>\n<meta name=\"twitter:card\" content=\"summary_large_image\" \/>\n<meta name=\"twitter:label1\" content=\"Dur\u00e9e de lecture estim\u00e9e\" \/>\n\t<meta name=\"twitter:data1\" content=\"3 minutes\" \/>\n<script type=\"application\/ld+json\" class=\"yoast-schema-graph\">{\"@context\":\"https:\/\/schema.org\",\"@graph\":[{\"@type\":\"WebPage\",\"@id\":\"https:\/\/ovlac.com\/eurodisc\/\",\"url\":\"https:\/\/ovlac.com\/eurodisc\/\",\"name\":\"Eurodisc - Ovlac\",\"isPartOf\":{\"@id\":\"https:\/\/ovlac.com\/#website\"},\"datePublished\":\"2024-05-23T09:49:14+00:00\",\"dateModified\":\"2024-05-23T10:03:22+00:00\",\"breadcrumb\":{\"@id\":\"https:\/\/ovlac.com\/eurodisc\/#breadcrumb\"},\"inLanguage\":\"fr-FR\",\"potentialAction\":[{\"@type\":\"ReadAction\",\"target\":[\"https:\/\/ovlac.com\/eurodisc\/\"]}]},{\"@type\":\"BreadcrumbList\",\"@id\":\"https:\/\/ovlac.com\/eurodisc\/#breadcrumb\",\"itemListElement\":[{\"@type\":\"ListItem\",\"position\":1,\"name\":\"Portada\",\"item\":\"https:\/\/ovlac.com\/fr\/\"},{\"@type\":\"ListItem\",\"position\":2,\"name\":\"Eurodisc\"}]},{\"@type\":\"WebSite\",\"@id\":\"https:\/\/ovlac.com\/#website\",\"url\":\"https:\/\/ovlac.com\/\",\"name\":\"Ovlac\",\"description\":\"OVLAC\",\"potentialAction\":[{\"@type\":\"SearchAction\",\"target\":{\"@type\":\"EntryPoint\",\"urlTemplate\":\"https:\/\/ovlac.com\/?s={search_term_string}\"},\"query-input\":{\"@type\":\"PropertyValueSpecification\",\"valueRequired\":true,\"valueName\":\"search_term_string\"}}],\"inLanguage\":\"fr-FR\"}]}<\/script>\n<!-- \/ Yoast SEO plugin. -->","yoast_head_json":{"title":"Eurodisc - Ovlac","robots":{"index":"index","follow":"follow","max-snippet":"max-snippet:-1","max-image-preview":"max-image-preview:large","max-video-preview":"max-video-preview:-1"},"canonical":"https:\/\/ovlac.com\/eurodisc\/","og_locale":"fr_FR","og_type":"article","og_title":"Eurodisc - Ovlac","og_description":"L' Eurodisc est le mod\u00e8le le plus robuste de la gamme des d\u00e9chaumeurs \u00e0\u00a0disques rapides d'Ovlac. Equip\u00e9 de disques de 24\u201d (610 mm) de diam\u00e8tre avec un angle d'attaque agressif\u00a0autant [&hellip;]","og_url":"https:\/\/ovlac.com\/eurodisc\/","og_site_name":"Ovlac","article_modified_time":"2024-05-23T10:03:22+00:00","twitter_card":"summary_large_image","twitter_misc":{"Dur\u00e9e de lecture estim\u00e9e":"3 minutes"},"schema":{"@context":"https:\/\/schema.org","@graph":[{"@type":"WebPage","@id":"https:\/\/ovlac.com\/eurodisc\/","url":"https:\/\/ovlac.com\/eurodisc\/","name":"Eurodisc - Ovlac","isPartOf":{"@id":"https:\/\/ovlac.com\/#website"},"datePublished":"2024-05-23T09:49:14+00:00","dateModified":"2024-05-23T10:03:22+00:00","breadcrumb":{"@id":"https:\/\/ovlac.com\/eurodisc\/#breadcrumb"},"inLanguage":"fr-FR","potentialAction":[{"@type":"ReadAction","target":["https:\/\/ovlac.com\/eurodisc\/"]}]},{"@type":"BreadcrumbList","@id":"https:\/\/ovlac.com\/eurodisc\/#breadcrumb","itemListElement":[{"@type":"ListItem","position":1,"name":"Portada","item":"https:\/\/ovlac.com\/fr\/"},{"@type":"ListItem","position":2,"name":"Eurodisc"}]},{"@type":"WebSite","@id":"https:\/\/ovlac.com\/#website","url":"https:\/\/ovlac.com\/","name":"Ovlac","description":"OVLAC","potentialAction":[{"@type":"SearchAction","target":{"@type":"EntryPoint","urlTemplate":"https:\/\/ovlac.com\/?s={search_term_string}"},"query-input":{"@type":"PropertyValueSpecification","valueRequired":true,"valueName":"search_term_string"}}],"inLanguage":"fr-FR"}]}},"_links":{"self":[{"href":"https:\/\/ovlac.com\/fr\/wp-json\/wp\/v2\/pages\/58479","targetHints":{"allow":["GET"]}}],"collection":[{"href":"https:\/\/ovlac.com\/fr\/wp-json\/wp\/v2\/pages"}],"about":[{"href":"https:\/\/ovlac.com\/fr\/wp-json\/wp\/v2\/types\/page"}],"author":[{"embeddable":true,"href":"https:\/\/ovlac.com\/fr\/wp-json\/wp\/v2\/users\/200"}],"replies":[{"embeddable":true,"href":"https:\/\/ovlac.com\/fr\/wp-json\/wp\/v2\/comments?post=58479"}],"version-history":[{"count":0,"href":"https:\/\/ovlac.com\/fr\/wp-json\/wp\/v2\/pages\/58479\/revisions"}],"wp:attachment":[{"href":"https:\/\/ovlac.com\/fr\/wp-json\/wp\/v2\/media?parent=58479"}],"curies":[{"name":"wp","href":"https:\/\/api.w.org\/{rel}","templated":true}]}}