{"id":56551,"date":"2024-04-30T09:37:43","date_gmt":"2024-04-30T09:37:43","guid":{"rendered":"https:\/\/ovlac.com\/?page_id=56551"},"modified":"2026-04-07T09:22:47","modified_gmt":"2026-04-07T09:22:47","slug":"charrues-non-stop-hydraulique","status":"publish","type":"page","link":"https:\/\/ovlac.com\/fr\/charrues-non-stop-hydraulique\/","title":{"rendered":"Charrues Non Stop Hydraulique"},"content":{"rendered":"<p>[et_pb_section fb_built=\u00a0\u00bb1&Prime; fullwidth=\u00a0\u00bbon\u00a0\u00bb _builder_version=\u00a0\u00bb4.24.3&Prime; _module_preset=\u00a0\u00bbdefault\u00a0\u00bb locked=\u00a0\u00bboff\u00a0\u00bb global_colors_info=\u00a0\u00bb{}\u00a0\u00bb][et_pb_fullwidth_slider admin_label=\u00a0\u00bbControl deslizante de anchura completa\u00a0\u00bb _builder_version=\u00a0\u00bb4.24.3&Prime; _module_preset=\u00a0\u00bbdefault\u00a0\u00bb background_last_edited=\u00a0\u00bbon|desktop\u00a0\u00bb global_colors_info=\u00a0\u00bb{}\u00a0\u00bb][et_pb_slide url_new_window=\u00a0\u00bbon\u00a0\u00bb use_bg_overlay=\u00a0\u00bboff\u00a0\u00bb use_text_overlay=\u00a0\u00bboff\u00a0\u00bb image_tablet=\u00a0\u00bb\u00a0\u00bb image_phone=\u00a0\u00bb\u00a0\u00bb image_last_edited=\u00a0\u00bbon|desktop\u00a0\u00bb _builder_version=\u00a0\u00bb4.24.3&Prime; _module_preset=\u00a0\u00bbdefault\u00a0\u00bb header_font=\u00a0\u00bb||||||||\u00a0\u00bb background_color=\u00a0\u00bb#7ebec5&Prime; background_image=\u00a0\u00bbhttps:\/\/ovlac.com\/wp-content\/uploads\/2014\/07\/LF-5-150-V-C-34.jpg\u00a0\u00bb background_enable_image=\u00a0\u00bbon\u00a0\u00bb button_on_hover=\u00a0\u00bbon\u00a0\u00bb background_last_edited=\u00a0\u00bbon|desktop\u00a0\u00bb background_image_tablet=\u00a0\u00bbhttps:\/\/ovlac.com\/wp-content\/uploads\/2024\/04\/slider-XP.png\u00a0\u00bb background_image_phone=\u00a0\u00bbhttps:\/\/ovlac.com\/wp-content\/uploads\/2024\/04\/slider-XP.png\u00a0\u00bb background_enable_image_tablet=\u00a0\u00bbon\u00a0\u00bb background_enable_image_phone=\u00a0\u00bbon\u00a0\u00bb global_colors_info=\u00a0\u00bb{}\u00a0\u00bb sticky_transition=\u00a0\u00bbon\u00a0\u00bb][\/et_pb_slide][\/et_pb_fullwidth_slider][et_pb_fullwidth_post_title meta=\u00a0\u00bboff\u00a0\u00bb featured_image=\u00a0\u00bboff\u00a0\u00bb _builder_version=\u00a0\u00bb4.24.3&Prime; _module_preset=\u00a0\u00bbdefault\u00a0\u00bb title_font=\u00a0\u00bb|700|||||||\u00a0\u00bb title_text_color=\u00a0\u00bb#e73137&Prime; title_font_size=\u00a0\u00bb33px\u00a0\u00bb background_color=\u00a0\u00bbRGBA(255,255,255,0)\u00a0\u00bb custom_padding=\u00a0\u00bb60px||||false|false\u00a0\u00bb global_colors_info=\u00a0\u00bb{}\u00a0\u00bb][\/et_pb_fullwidth_post_title][\/et_pb_section][et_pb_section fb_built=\u00a0\u00bb1&Prime; admin_label=\u00a0\u00bbsection\u00a0\u00bb _builder_version=\u00a0\u00bb4.16&Prime; locked=\u00a0\u00bboff\u00a0\u00bb global_colors_info=\u00a0\u00bb{}\u00a0\u00bb][et_pb_row admin_label=\u00a0\u00bbrow\u00a0\u00bb _builder_version=\u00a0\u00bb4.24.3&Prime; background_size=\u00a0\u00bbinitial\u00a0\u00bb background_position=\u00a0\u00bbtop_left\u00a0\u00bb background_repeat=\u00a0\u00bbrepeat\u00a0\u00bb custom_margin=\u00a0\u00bb-28px||||false|false\u00a0\u00bb global_colors_info=\u00a0\u00bb{}\u00a0\u00bb][et_pb_column type=\u00a0\u00bb4_4&Prime; _builder_version=\u00a0\u00bb4.16&Prime; custom_padding=\u00a0\u00bb|||\u00a0\u00bb global_colors_info=\u00a0\u00bb{}\u00a0\u00bb custom_padding__hover=\u00a0\u00bb|||\u00a0\u00bb][et_pb_text admin_label=\u00a0\u00bbText\u00a0\u00bb _builder_version=\u00a0\u00bb4.25.0&Prime; text_font_size=\u00a0\u00bb15px\u00a0\u00bb text_line_height=\u00a0\u00bb1.9em\u00a0\u00bb background_size=\u00a0\u00bbinitial\u00a0\u00bb background_position=\u00a0\u00bbtop_left\u00a0\u00bb background_repeat=\u00a0\u00bbrepeat\u00a0\u00bb custom_margin=\u00a0\u00bb||32px||false|false\u00a0\u00bb custom_padding=\u00a0\u00bb||32px||false|false\u00a0\u00bb global_colors_info=\u00a0\u00bb{}\u00a0\u00bb]<\/p>\n<p>Les charrues r\u00e9versibles d&rsquo;Ovlac sont le fruit d&rsquo;une grande et historique exp\u00e9rience de l&rsquo;entreprise. Cela se refl\u00e8te dans\u00a0leur design : le b\u00e2ti renforc\u00e9 sur la partie frontale et sans soudure pour \u00e9liminer les points de tension. En r\u00e9duisant la distance du premier corps \u00e0 l&rsquo;attelage pour minimiser les contraintes au levage et au transport. Grande facilit\u00e9 d&rsquo;utilisation et de r\u00e9glage (les rasettes, par exemple se r\u00e8glent\u00a0sans outillage).<\/p>\n<p>De plus, diff\u00e9rents types de roues et\u00a0d&rsquo;accessoires viennent compl\u00e9ter les\u00a0charrues Ovlac en fonction de leurs conditions\u00a0de travail.<\/p>\n<p>Les charrues Ovlac \u00e0 s\u00e9curit\u00e9\u00a0<em><strong>N<\/strong><strong>on Stop hydraulique<\/strong>\u00a0sont con\u00e7ues pour tous les types de sols, du plus l\u00e9ger au plus aride.<\/em>\u00a0En terres l\u00e9g\u00e8res, il est possible de diminuer la pression de d\u00e9clenchement pour \u00e9viter de remonter les pierres \u00e0 la surface alors qu&rsquo;en terre\u00a0lourdes et compactes, il est possible de\u00a0monter la pression pour rigidifier\u00a0un peu plus le corps.<\/p>\n<p>Le syst\u00e8me Non Stop Hydraulique d&rsquo;Ovlac a \u00e9t\u00e9 d\u00e9velopp\u00e9 avec l&rsquo;objectif de minimiser le nombre d&rsquo;\u00e9l\u00e9ments mobiles. Ainsi, cela augmente la fiabilit\u00e9 au maximum et \u00e9limine compl\u00e8tement le besoin d&rsquo;entretien.<\/p>\n<p>Il y a 2 mod\u00e8les en fonction du r\u00e9glage de la largeur de travail. Le mod\u00e8le<strong>\u00a0SH<\/strong>, \u00e9quip\u00e9 du r\u00e9glage hydraulique de la largeur de travail entre 30 et 50 cm (12 \u00e0 20\u00a0\u00bb) par corps approximativement en fonction de l&rsquo;espacement entre corps, alors que le mod\u00e8le<strong>\u00a0LH<\/strong>\u00a0est convertible m\u00e9caniquement en 4 positions.<\/p>\n<p>Aussi, il existe\u00a0<strong>4 S\u00e9ries<\/strong>\u00a0en fonction de la puissance du tracteur. Ainsi, le b\u00e2ti, la fus\u00e9e et bien d&rsquo;autres \u00e9l\u00e9ments cl\u00e9s sont dimensionn\u00e9s en cons\u00e9quence.<\/p>\n<p>[\/et_pb_text][et_pb_video src=\u00a0\u00bbhttps:\/\/youtu.be\/QpEXtKYYUX4&Prime; _builder_version=\u00a0\u00bb4.24.3&Prime; _module_preset=\u00a0\u00bbdefault\u00a0\u00bb global_colors_info=\u00a0\u00bb{}\u00a0\u00bb][\/et_pb_video][\/et_pb_column][\/et_pb_row][\/et_pb_section][et_pb_section fb_built=\u00a0\u00bb1&Prime; _builder_version=\u00a0\u00bb4.24.3&Prime; _module_preset=\u00a0\u00bbdefault\u00a0\u00bb background_color=\u00a0\u00bb#e5e5e5&Prime; locked=\u00a0\u00bboff\u00a0\u00bb global_colors_info=\u00a0\u00bb{}\u00a0\u00bb][et_pb_row column_structure=\u00a0\u00bb1_2,1_2&Prime; _builder_version=\u00a0\u00bb4.24.3&Prime; _module_preset=\u00a0\u00bbdefault\u00a0\u00bb custom_margin=\u00a0\u00bb12px||48px||false|false\u00a0\u00bb custom_margin_tablet=\u00a0\u00bb12px||48px||false|false\u00a0\u00bb custom_margin_phone=\u00a0\u00bb12px||48px||false|false\u00a0\u00bb custom_margin_last_edited=\u00a0\u00bbon|desktop\u00a0\u00bb global_colors_info=\u00a0\u00bb{}\u00a0\u00bb][et_pb_column type=\u00a0\u00bb1_2&Prime; _builder_version=\u00a0\u00bb4.24.3&Prime; _module_preset=\u00a0\u00bbdefault\u00a0\u00bb global_colors_info=\u00a0\u00bb{}\u00a0\u00bb][et_pb_text _builder_version=\u00a0\u00bb4.25.0&Prime; _module_preset=\u00a0\u00bbdefault\u00a0\u00bb global_colors_info=\u00a0\u00bb{}\u00a0\u00bb]<\/p>\n<div class=\"acf-label\">\n<h1 style=\"text-align: center;\"><strong>Principaux avantages<\/strong><\/h1>\n<\/div>\n<p>[\/et_pb_text][et_pb_text _builder_version=\u00a0\u00bb4.25.0&Prime; _module_preset=\u00a0\u00bbdefault\u00a0\u00bb global_colors_info=\u00a0\u00bb{}\u00a0\u00bb]<\/p>\n<ul>\n<li><strong>Pression\u00a0de d\u00e9clenchement r\u00e9glable<\/strong> entre 90\u00a0et 140 bar en\u00a0fonction des conditions de terrain.<\/li>\n<li>Version <strong>vario hydraulique<\/strong>\u00a0( SH ) ou\u00a0<strong>convertible m\u00e9caniquement\u00a0<\/strong><strong>en 4 positions<\/strong> (LH).<\/li>\n<li><strong>4 S\u00e9ries<\/strong> en fonction de la puissance disponible.<\/li>\n<\/ul>\n<p>[\/et_pb_text][\/et_pb_column][et_pb_column type=\u00a0\u00bb1_2&Prime; _builder_version=\u00a0\u00bb4.24.3&Prime; _module_preset=\u00a0\u00bbdefault\u00a0\u00bb global_colors_info=\u00a0\u00bb{}\u00a0\u00bb][et_pb_image src=\u00a0\u00bbhttps:\/\/ovlac.com\/wp-content\/uploads\/2014\/04\/SL-3-CHILE-WEB.jpg\u00a0\u00bb title_text=\u00a0\u00bbSL-3 CHILE WEB\u00a0\u00bb _builder_version=\u00a0\u00bb4.24.3&Prime; _module_preset=\u00a0\u00bbdefault\u00a0\u00bb global_colors_info=\u00a0\u00bb{}\u00a0\u00bb][\/et_pb_image][\/et_pb_column][\/et_pb_row][et_pb_row _builder_version=\u00a0\u00bb4.24.3&Prime; _module_preset=\u00a0\u00bbdefault\u00a0\u00bb global_colors_info=\u00a0\u00bb{}\u00a0\u00bb][et_pb_column type=\u00a0\u00bb4_4&Prime; _builder_version=\u00a0\u00bb4.24.3&Prime; _module_preset=\u00a0\u00bbdefault\u00a0\u00bb global_colors_info=\u00a0\u00bb{}\u00a0\u00bb][et_pb_text admin_label=\u00a0\u00bbTexto\u00a0\u00bb _builder_version=\u00a0\u00bb4.25.0&Prime; _module_preset=\u00a0\u00bbdefault\u00a0\u00bb global_colors_info=\u00a0\u00bb{}\u00a0\u00bb]<\/p>\n<div class=\"acf-label\">\n<h1 style=\"text-align: center;\"><strong>Sp\u00e9cifications techniques:<\/strong><\/h1>\n<\/div>\n<p>[\/et_pb_text][et_pb_image src=\u00a0\u00bbhttps:\/\/ovlac.com\/wp-content\/uploads\/2025\/08\/Chaurres-LS_Caracteristiques-techniques_FRA.png\u00a0\u00bb title_text=\u00a0\u00bbChaurres LS_Caract\u00e9ristiques techniques_FRA\u00a0\u00bb align=\u00a0\u00bbcenter\u00a0\u00bb _builder_version=\u00a0\u00bb4.27.4&Prime; _module_preset=\u00a0\u00bbdefault\u00a0\u00bb global_colors_info=\u00a0\u00bb{}\u00a0\u00bb][\/et_pb_image][\/et_pb_column][\/et_pb_row][et_pb_row _builder_version=\u00a0\u00bb4.24.3&Prime; _module_preset=\u00a0\u00bbdefault\u00a0\u00bb global_colors_info=\u00a0\u00bb{}\u00a0\u00bb][et_pb_column type=\u00a0\u00bb4_4&Prime; _builder_version=\u00a0\u00bb4.24.3&Prime; _module_preset=\u00a0\u00bbdefault\u00a0\u00bb global_colors_info=\u00a0\u00bb{}\u00a0\u00bb][et_pb_text _builder_version=\u00a0\u00bb4.25.0&Prime; _module_preset=\u00a0\u00bbdefault\u00a0\u00bb global_colors_info=\u00a0\u00bb{}\u00a0\u00bb]<\/p>\n<div class=\"acf-label\">\n<h1 style=\"text-align: center;\"><strong>Les ressources disponibles:<\/strong><\/h1>\n<\/div>\n<p>[\/et_pb_text][et_pb_gallery gallery_ids=\u00a0\u00bb55699,55703,55695,45925,55707,55711&Prime; posts_number=\u00a0\u00bb6&Prime; orientation=\u00a0\u00bbportrait\u00a0\u00bb show_title_and_caption=\u00a0\u00bboff\u00a0\u00bb _builder_version=\u00a0\u00bb4.27.4&Prime; _module_preset=\u00a0\u00bbdefault\u00a0\u00bb global_colors_info=\u00a0\u00bb{}\u00a0\u00bb][\/et_pb_gallery][et_pb_video src=\u00a0\u00bbhttps:\/\/vimeo.com\/118108781&Prime; _builder_version=\u00a0\u00bb4.24.3&Prime; _module_preset=\u00a0\u00bbdefault\u00a0\u00bb global_colors_info=\u00a0\u00bb{}\u00a0\u00bb][\/et_pb_video][\/et_pb_column][\/et_pb_row][\/et_pb_section]<\/p>\n","protected":false},"excerpt":{"rendered":"<p>Les charrues r\u00e9versibles d&rsquo;Ovlac sont le fruit d&rsquo;une grande et historique exp\u00e9rience de l&rsquo;entreprise. Cela se refl\u00e8te dans\u00a0leur design : le b\u00e2ti renforc\u00e9 sur la partie frontale et sans soudure [&hellip;]<\/p>\n","protected":false},"author":200,"featured_media":54319,"parent":0,"menu_order":0,"comment_status":"open","ping_status":"open","template":"","meta":{"_et_pb_use_builder":"on","_et_pb_old_content":"","_et_gb_content_width":"","footnotes":""},"class_list":["post-56551","page","type-page","status-publish","has-post-thumbnail","hentry"],"yoast_head":"<!-- This site is optimized with the Yoast SEO plugin v24.8.1 - https:\/\/yoast.com\/wordpress\/plugins\/seo\/ -->\n<title>Charrues non-stop hydraulique Ovlac | Puissance et fiabilit\u00e9<\/title>\n<meta name=\"description\" content=\"D\u00e9couvrez les charrues non-stop hydraulique Ovlac: robustesse, s\u00e9curit\u00e9 et efficacit\u00e9 pour un labour intensif et performant.\" \/>\n<meta name=\"robots\" content=\"index, follow, max-snippet:-1, max-image-preview:large, max-video-preview:-1\" \/>\n<link rel=\"canonical\" href=\"https:\/\/ovlac.com\/fr\/charrues-non-stop-hydraulique\/\" \/>\n<meta property=\"og:locale\" content=\"fr_FR\" \/>\n<meta property=\"og:type\" content=\"article\" \/>\n<meta property=\"og:title\" content=\"Charrues non-stop hydraulique Ovlac | Puissance et fiabilit\u00e9\" \/>\n<meta property=\"og:description\" content=\"D\u00e9couvrez les charrues non-stop hydraulique Ovlac: robustesse, s\u00e9curit\u00e9 et efficacit\u00e9 pour un labour intensif et performant.\" \/>\n<meta property=\"og:url\" content=\"https:\/\/ovlac.com\/fr\/charrues-non-stop-hydraulique\/\" \/>\n<meta property=\"og:site_name\" content=\"Ovlac\" \/>\n<meta property=\"article:modified_time\" content=\"2026-04-07T09:22:47+00:00\" \/>\n<meta property=\"og:image\" content=\"https:\/\/ovlac.com\/wp-content\/uploads\/2023\/08\/SHN-6.jpg\" \/>\n\t<meta property=\"og:image:width\" content=\"1701\" \/>\n\t<meta property=\"og:image:height\" content=\"1134\" \/>\n\t<meta property=\"og:image:type\" content=\"image\/jpeg\" \/>\n<meta name=\"twitter:card\" content=\"summary_large_image\" \/>\n<meta name=\"twitter:label1\" content=\"Dur\u00e9e de lecture estim\u00e9e\" \/>\n\t<meta name=\"twitter:data1\" content=\"5 minutes\" \/>\n<script type=\"application\/ld+json\" class=\"yoast-schema-graph\">{\"@context\":\"https:\/\/schema.org\",\"@graph\":[{\"@type\":\"WebPage\",\"@id\":\"https:\/\/ovlac.com\/fr\/charrues-non-stop-hydraulique\/\",\"url\":\"https:\/\/ovlac.com\/fr\/charrues-non-stop-hydraulique\/\",\"name\":\"Charrues non-stop hydraulique Ovlac | Puissance et fiabilit\u00e9\",\"isPartOf\":{\"@id\":\"https:\/\/ovlac.com\/#website\"},\"primaryImageOfPage\":{\"@id\":\"https:\/\/ovlac.com\/fr\/charrues-non-stop-hydraulique\/#primaryimage\"},\"image\":{\"@id\":\"https:\/\/ovlac.com\/fr\/charrues-non-stop-hydraulique\/#primaryimage\"},\"thumbnailUrl\":\"https:\/\/ovlac.com\/wp-content\/uploads\/2023\/08\/SHN-6.jpg\",\"datePublished\":\"2024-04-30T09:37:43+00:00\",\"dateModified\":\"2026-04-07T09:22:47+00:00\",\"description\":\"D\u00e9couvrez les charrues non-stop hydraulique Ovlac: robustesse, s\u00e9curit\u00e9 et efficacit\u00e9 pour un labour intensif et performant.\",\"breadcrumb\":{\"@id\":\"https:\/\/ovlac.com\/fr\/charrues-non-stop-hydraulique\/#breadcrumb\"},\"inLanguage\":\"fr-FR\",\"potentialAction\":[{\"@type\":\"ReadAction\",\"target\":[\"https:\/\/ovlac.com\/fr\/charrues-non-stop-hydraulique\/\"]}]},{\"@type\":\"ImageObject\",\"inLanguage\":\"fr-FR\",\"@id\":\"https:\/\/ovlac.com\/fr\/charrues-non-stop-hydraulique\/#primaryimage\",\"url\":\"https:\/\/ovlac.com\/wp-content\/uploads\/2023\/08\/SHN-6.jpg\",\"contentUrl\":\"https:\/\/ovlac.com\/wp-content\/uploads\/2023\/08\/SHN-6.jpg\",\"width\":1701,\"height\":1134},{\"@type\":\"BreadcrumbList\",\"@id\":\"https:\/\/ovlac.com\/fr\/charrues-non-stop-hydraulique\/#breadcrumb\",\"itemListElement\":[{\"@type\":\"ListItem\",\"position\":1,\"name\":\"Portada\",\"item\":\"https:\/\/ovlac.com\/fr\/\"},{\"@type\":\"ListItem\",\"position\":2,\"name\":\"Charrues Non Stop Hydraulique\"}]},{\"@type\":\"WebSite\",\"@id\":\"https:\/\/ovlac.com\/#website\",\"url\":\"https:\/\/ovlac.com\/\",\"name\":\"Ovlac\",\"description\":\"OVLAC\",\"potentialAction\":[{\"@type\":\"SearchAction\",\"target\":{\"@type\":\"EntryPoint\",\"urlTemplate\":\"https:\/\/ovlac.com\/?s={search_term_string}\"},\"query-input\":{\"@type\":\"PropertyValueSpecification\",\"valueRequired\":true,\"valueName\":\"search_term_string\"}}],\"inLanguage\":\"fr-FR\"}]}<\/script>\n<!-- \/ Yoast SEO plugin. -->","yoast_head_json":{"title":"Charrues non-stop hydraulique Ovlac | Puissance et fiabilit\u00e9","description":"D\u00e9couvrez les charrues non-stop hydraulique Ovlac: robustesse, s\u00e9curit\u00e9 et efficacit\u00e9 pour un labour intensif et performant.","robots":{"index":"index","follow":"follow","max-snippet":"max-snippet:-1","max-image-preview":"max-image-preview:large","max-video-preview":"max-video-preview:-1"},"canonical":"https:\/\/ovlac.com\/fr\/charrues-non-stop-hydraulique\/","og_locale":"fr_FR","og_type":"article","og_title":"Charrues non-stop hydraulique Ovlac | Puissance et fiabilit\u00e9","og_description":"D\u00e9couvrez les charrues non-stop hydraulique Ovlac: robustesse, s\u00e9curit\u00e9 et efficacit\u00e9 pour un labour intensif et performant.","og_url":"https:\/\/ovlac.com\/fr\/charrues-non-stop-hydraulique\/","og_site_name":"Ovlac","article_modified_time":"2026-04-07T09:22:47+00:00","og_image":[{"width":1701,"height":1134,"url":"https:\/\/ovlac.com\/wp-content\/uploads\/2023\/08\/SHN-6.jpg","type":"image\/jpeg"}],"twitter_card":"summary_large_image","twitter_misc":{"Dur\u00e9e de lecture estim\u00e9e":"5 minutes"},"schema":{"@context":"https:\/\/schema.org","@graph":[{"@type":"WebPage","@id":"https:\/\/ovlac.com\/fr\/charrues-non-stop-hydraulique\/","url":"https:\/\/ovlac.com\/fr\/charrues-non-stop-hydraulique\/","name":"Charrues non-stop hydraulique Ovlac | Puissance et fiabilit\u00e9","isPartOf":{"@id":"https:\/\/ovlac.com\/#website"},"primaryImageOfPage":{"@id":"https:\/\/ovlac.com\/fr\/charrues-non-stop-hydraulique\/#primaryimage"},"image":{"@id":"https:\/\/ovlac.com\/fr\/charrues-non-stop-hydraulique\/#primaryimage"},"thumbnailUrl":"https:\/\/ovlac.com\/wp-content\/uploads\/2023\/08\/SHN-6.jpg","datePublished":"2024-04-30T09:37:43+00:00","dateModified":"2026-04-07T09:22:47+00:00","description":"D\u00e9couvrez les charrues non-stop hydraulique Ovlac: robustesse, s\u00e9curit\u00e9 et efficacit\u00e9 pour un labour intensif et performant.","breadcrumb":{"@id":"https:\/\/ovlac.com\/fr\/charrues-non-stop-hydraulique\/#breadcrumb"},"inLanguage":"fr-FR","potentialAction":[{"@type":"ReadAction","target":["https:\/\/ovlac.com\/fr\/charrues-non-stop-hydraulique\/"]}]},{"@type":"ImageObject","inLanguage":"fr-FR","@id":"https:\/\/ovlac.com\/fr\/charrues-non-stop-hydraulique\/#primaryimage","url":"https:\/\/ovlac.com\/wp-content\/uploads\/2023\/08\/SHN-6.jpg","contentUrl":"https:\/\/ovlac.com\/wp-content\/uploads\/2023\/08\/SHN-6.jpg","width":1701,"height":1134},{"@type":"BreadcrumbList","@id":"https:\/\/ovlac.com\/fr\/charrues-non-stop-hydraulique\/#breadcrumb","itemListElement":[{"@type":"ListItem","position":1,"name":"Portada","item":"https:\/\/ovlac.com\/fr\/"},{"@type":"ListItem","position":2,"name":"Charrues Non Stop Hydraulique"}]},{"@type":"WebSite","@id":"https:\/\/ovlac.com\/#website","url":"https:\/\/ovlac.com\/","name":"Ovlac","description":"OVLAC","potentialAction":[{"@type":"SearchAction","target":{"@type":"EntryPoint","urlTemplate":"https:\/\/ovlac.com\/?s={search_term_string}"},"query-input":{"@type":"PropertyValueSpecification","valueRequired":true,"valueName":"search_term_string"}}],"inLanguage":"fr-FR"}]}},"_links":{"self":[{"href":"https:\/\/ovlac.com\/fr\/wp-json\/wp\/v2\/pages\/56551","targetHints":{"allow":["GET"]}}],"collection":[{"href":"https:\/\/ovlac.com\/fr\/wp-json\/wp\/v2\/pages"}],"about":[{"href":"https:\/\/ovlac.com\/fr\/wp-json\/wp\/v2\/types\/page"}],"author":[{"embeddable":true,"href":"https:\/\/ovlac.com\/fr\/wp-json\/wp\/v2\/users\/200"}],"replies":[{"embeddable":true,"href":"https:\/\/ovlac.com\/fr\/wp-json\/wp\/v2\/comments?post=56551"}],"version-history":[{"count":8,"href":"https:\/\/ovlac.com\/fr\/wp-json\/wp\/v2\/pages\/56551\/revisions"}],"predecessor-version":[{"id":68277,"href":"https:\/\/ovlac.com\/fr\/wp-json\/wp\/v2\/pages\/56551\/revisions\/68277"}],"wp:featuredmedia":[{"embeddable":true,"href":"https:\/\/ovlac.com\/fr\/wp-json\/wp\/v2\/media\/54319"}],"wp:attachment":[{"href":"https:\/\/ovlac.com\/fr\/wp-json\/wp\/v2\/media?parent=56551"}],"curies":[{"name":"wp","href":"https:\/\/api.w.org\/{rel}","templated":true}]}}