{"id":56341,"date":"2024-04-26T06:50:51","date_gmt":"2024-04-26T06:50:51","guid":{"rendered":"https:\/\/ovlac.com\/maxidisc-ii-2\/"},"modified":"2026-04-07T09:12:06","modified_gmt":"2026-04-07T09:12:06","slug":"maxidisc-ii","status":"publish","type":"page","link":"https:\/\/ovlac.com\/fr\/maxidisc-ii\/","title":{"rendered":"Maxidisc II"},"content":{"rendered":"<p>[et_pb_section fb_built=\u00a0\u00bb1&Prime; fullwidth=\u00a0\u00bbon\u00a0\u00bb _builder_version=\u00a0\u00bb4.24.3&Prime; _module_preset=\u00a0\u00bbdefault\u00a0\u00bb locked=\u00a0\u00bboff\u00a0\u00bb global_colors_info=\u00a0\u00bb{}\u00a0\u00bb][et_pb_fullwidth_slider admin_label=\u00a0\u00bbControl deslizante de anchura completa\u00a0\u00bb _builder_version=\u00a0\u00bb4.25.0&Prime; _module_preset=\u00a0\u00bbdefault\u00a0\u00bb background_last_edited=\u00a0\u00bbon|desktop\u00a0\u00bb global_colors_info=\u00a0\u00bb{}\u00a0\u00bb][et_pb_slide url_new_window=\u00a0\u00bbon\u00a0\u00bb use_bg_overlay=\u00a0\u00bboff\u00a0\u00bb use_text_overlay=\u00a0\u00bboff\u00a0\u00bb image_tablet=\u00a0\u00bbhttps:\/\/ovlac.com\/wp-content\/uploads\/\u00a0\u00bb image_phone=\u00a0\u00bbhttps:\/\/ovlac.com\/wp-content\/uploads\/\u00a0\u00bb image_last_edited=\u00a0\u00bbon|desktop\u00a0\u00bb _builder_version=\u00a0\u00bb4.25.0&Prime; _module_preset=\u00a0\u00bbdefault\u00a0\u00bb header_font=\u00a0\u00bb||||||||\u00a0\u00bb background_color=\u00a0\u00bb#7ebec5&Prime; background_image=\u00a0\u00bbhttps:\/\/ovlac.com\/wp-content\/uploads\/2014\/10\/MAXIDISC-GC-TRABAJO-RB.jpg\u00a0\u00bb background_enable_image=\u00a0\u00bbon\u00a0\u00bb button_on_hover=\u00a0\u00bbon\u00a0\u00bb background_last_edited=\u00a0\u00bbon|desktop\u00a0\u00bb background_image_tablet=\u00a0\u00bbhttps:\/\/ovlac.com\/wp-content\/uploads\/2024\/04\/slider-XP.png\u00a0\u00bb background_image_phone=\u00a0\u00bbhttps:\/\/ovlac.com\/wp-content\/uploads\/2024\/04\/slider-XP.png\u00a0\u00bb background_enable_image_tablet=\u00a0\u00bbon\u00a0\u00bb background_enable_image_phone=\u00a0\u00bbon\u00a0\u00bb global_colors_info=\u00a0\u00bb{}\u00a0\u00bb sticky_transition=\u00a0\u00bbon\u00a0\u00bb][\/et_pb_slide][\/et_pb_fullwidth_slider][et_pb_fullwidth_post_title meta=\u00a0\u00bboff\u00a0\u00bb featured_image=\u00a0\u00bboff\u00a0\u00bb _builder_version=\u00a0\u00bb4.24.3&Prime; _module_preset=\u00a0\u00bbdefault\u00a0\u00bb title_font=\u00a0\u00bb|700|||||||\u00a0\u00bb title_text_color=\u00a0\u00bb#e73137&Prime; title_font_size=\u00a0\u00bb33px\u00a0\u00bb background_color=\u00a0\u00bbRGBA(255,255,255,0)\u00a0\u00bb custom_padding=\u00a0\u00bb60px||||false|false\u00a0\u00bb global_colors_info=\u00a0\u00bb{}\u00a0\u00bb][\/et_pb_fullwidth_post_title][\/et_pb_section][et_pb_section fb_built=\u00a0\u00bb1&Prime; admin_label=\u00a0\u00bbsection\u00a0\u00bb _builder_version=\u00a0\u00bb4.16&Prime; locked=\u00a0\u00bboff\u00a0\u00bb global_colors_info=\u00a0\u00bb{}\u00a0\u00bb][et_pb_row admin_label=\u00a0\u00bbrow\u00a0\u00bb _builder_version=\u00a0\u00bb4.24.3&Prime; background_size=\u00a0\u00bbinitial\u00a0\u00bb background_position=\u00a0\u00bbtop_left\u00a0\u00bb background_repeat=\u00a0\u00bbrepeat\u00a0\u00bb custom_margin=\u00a0\u00bb-28px||||false|false\u00a0\u00bb global_colors_info=\u00a0\u00bb{}\u00a0\u00bb][et_pb_column type=\u00a0\u00bb4_4&Prime; _builder_version=\u00a0\u00bb4.16&Prime; custom_padding=\u00a0\u00bb|||\u00a0\u00bb global_colors_info=\u00a0\u00bb{}\u00a0\u00bb custom_padding__hover=\u00a0\u00bb|||\u00a0\u00bb][et_pb_text admin_label=\u00a0\u00bbText\u00a0\u00bb _builder_version=\u00a0\u00bb4.25.0&Prime; text_font_size=\u00a0\u00bb15px\u00a0\u00bb text_line_height=\u00a0\u00bb1.9em\u00a0\u00bb background_size=\u00a0\u00bbinitial\u00a0\u00bb background_position=\u00a0\u00bbtop_left\u00a0\u00bb background_repeat=\u00a0\u00bbrepeat\u00a0\u00bb custom_margin=\u00a0\u00bb||32px||false|false\u00a0\u00bb custom_padding=\u00a0\u00bb||32px||false|false\u00a0\u00bb global_colors_info=\u00a0\u00bb{}\u00a0\u00bb]<\/p>\n<p>Le\u00a0<em><strong>Maxidisc II<\/strong><\/em> est\u00a0la derni\u00e8re g\u00e9n\u00e9ration\u00a0de d\u00e9chaumeurs \u00e0 disques rapides d&rsquo;Ovlac. Une machine au design fluide et robuste \u00e0 la fois et qui permet de travailler dans tous les types de sols et sur n&rsquo;importe quel culture sans que le volume de r\u00e9sidus ne soit un probl\u00e8me.<\/p>\n<p>En fonction du type de d\u00e9chaumage\u00a0requis par l&rsquo;utilisateur, on peut opter\u00a0pour une jambe avec disques de 20\u00a0\u00bb (510 mm) ou 24\u00a0\u00bb (610 mm) pour travailler des profondeurs allant de 5 \u00e0 15 cm.<\/p>\n<p>Les disques sont mont\u00e9s sur des jambes ind\u00e9pendantes pour s&rsquo;adapter parfaitement au relief du terrain et\u00a0pour qu&rsquo;ils se l\u00e8vent seuls en cas d&rsquo;obstacles pour ne pas destabiliser la machine au travail. La s\u00e9curit\u00e9 non stop sur \u00e9lastom\u00e8res de 40 mm avec \u00e9paulement pour \u00e9viter la fuite de la bride, garantit une suspension parfaite sans possibilit\u00e9 de casse ni besoin de graissage.<\/p>\n<p>Les<strong> paliers \u00e9tanches sans entretien<\/strong> garantissent le bon fonctionnement du <em><strong>Maxidisc II<\/strong>\u00a0<\/em>dans les conditions les plus exigeantes.<\/p>\n<p>Pour toutes ces raisons, le <em><strong>Maxidisc II<\/strong>\u00a0<\/em>est le produit parfait pour l&rsquo;agriculteur qui recherche la rapidit\u00e9, l&rsquo;efficacit\u00e9 et la rentabilit\u00e9.<\/p>\n<p>[\/et_pb_text][et_pb_video src=\u00a0\u00bbhttps:\/\/youtu.be\/s-7IgteffAU\u00a0\u00bb _builder_version=\u00a0\u00bb4.25.0&Prime; _module_preset=\u00a0\u00bbdefault\u00a0\u00bb global_colors_info=\u00a0\u00bb{}\u00a0\u00bb][\/et_pb_video][\/et_pb_column][\/et_pb_row][et_pb_row _builder_version=\u00a0\u00bb4.24.3&Prime; _module_preset=\u00a0\u00bbdefault\u00a0\u00bb global_colors_info=\u00a0\u00bb{}\u00a0\u00bb][et_pb_column type=\u00a0\u00bb4_4&Prime; _builder_version=\u00a0\u00bb4.24.3&Prime; _module_preset=\u00a0\u00bbdefault\u00a0\u00bb global_colors_info=\u00a0\u00bb{}\u00a0\u00bb][et_pb_button button_url=\u00a0\u00bbhttps:\/\/ovlac.com\/wp-content\/uploads\/2026\/04\/CATALOGO-MAXIDISC-II-FRA-2026_compressed.pdf\u00a0\u00bb url_new_window=\u00a0\u00bbon\u00a0\u00bb button_text=\u00a0\u00bbMaxidisc II catalogue pdf\u00a0\u00bb button_alignment=\u00a0\u00bbcenter\u00a0\u00bb _builder_version=\u00a0\u00bb4.27.4&Prime; _module_preset=\u00a0\u00bbdefault\u00a0\u00bb custom_button=\u00a0\u00bbon\u00a0\u00bb button_text_color=\u00a0\u00bb#EF3E42&Prime; button_bg_color=\u00a0\u00bbRGBA(255,255,255,0)\u00a0\u00bb background_layout=\u00a0\u00bbdark\u00a0\u00bb hover_enabled=\u00a0\u00bb0&Prime; global_colors_info=\u00a0\u00bb{}\u00a0\u00bb sticky_enabled=\u00a0\u00bb0&Prime;][\/et_pb_button][\/et_pb_column][\/et_pb_row][\/et_pb_section][et_pb_section fb_built=\u00a0\u00bb1&Prime; _builder_version=\u00a0\u00bb4.24.3&Prime; _module_preset=\u00a0\u00bbdefault\u00a0\u00bb background_color=\u00a0\u00bb#e5e5e5&Prime; locked=\u00a0\u00bboff\u00a0\u00bb global_colors_info=\u00a0\u00bb{}\u00a0\u00bb][et_pb_row column_structure=\u00a0\u00bb1_2,1_2&Prime; _builder_version=\u00a0\u00bb4.24.3&Prime; _module_preset=\u00a0\u00bbdefault\u00a0\u00bb custom_margin=\u00a0\u00bb12px||48px||false|false\u00a0\u00bb custom_margin_tablet=\u00a0\u00bb12px||48px||false|false\u00a0\u00bb custom_margin_phone=\u00a0\u00bb12px||48px||false|false\u00a0\u00bb custom_margin_last_edited=\u00a0\u00bbon|desktop\u00a0\u00bb global_colors_info=\u00a0\u00bb{}\u00a0\u00bb][et_pb_column type=\u00a0\u00bb1_2&Prime; _builder_version=\u00a0\u00bb4.24.3&Prime; _module_preset=\u00a0\u00bbdefault\u00a0\u00bb global_colors_info=\u00a0\u00bb{}\u00a0\u00bb][et_pb_text _builder_version=\u00a0\u00bb4.25.0&Prime; _module_preset=\u00a0\u00bbdefault\u00a0\u00bb global_colors_info=\u00a0\u00bb{}\u00a0\u00bb]<\/p>\n<div class=\"acf-label\">\n<h2 class=\"description\" style=\"text-align: center;\"><strong>Principaux avantages<\/strong><\/h2>\n<\/div>\n<p>[\/et_pb_text][et_pb_text _builder_version=\u00a0\u00bb4.25.0&Prime; _module_preset=\u00a0\u00bbdefault\u00a0\u00bb global_colors_info=\u00a0\u00bb{}\u00a0\u00bb]<\/p>\n<ul>\n<li>Disques de 20\u201d ou 24\u201d ind\u00e9pendants: parfaite adaptation au terrain.<\/li>\n<li>Non stop \u00e9lastom\u00e8res : z\u00e9ro entretien.<\/li>\n<li>Paliers \u00e9tanches avec double roulements coniques.<\/li>\n<\/ul>\n<p>[\/et_pb_text][\/et_pb_column][et_pb_column type=\u00a0\u00bb1_2&Prime; _builder_version=\u00a0\u00bb4.24.3&Prime; _module_preset=\u00a0\u00bbdefault\u00a0\u00bb global_colors_info=\u00a0\u00bb{}\u00a0\u00bb][et_pb_image src=\u00a0\u00bbhttps:\/\/ovlac.com\/wp-content\/uploads\/2014\/04\/MAXIDISC-II-31.jpg\u00a0\u00bb title_text=\u00a0\u00bbMAXIDISC II 31&Prime; _builder_version=\u00a0\u00bb4.25.0&Prime; _module_preset=\u00a0\u00bbdefault\u00a0\u00bb global_colors_info=\u00a0\u00bb{}\u00a0\u00bb][\/et_pb_image][\/et_pb_column][\/et_pb_row][et_pb_row _builder_version=\u00a0\u00bb4.24.3&Prime; _module_preset=\u00a0\u00bbdefault\u00a0\u00bb global_colors_info=\u00a0\u00bb{}\u00a0\u00bb][et_pb_column type=\u00a0\u00bb4_4&Prime; _builder_version=\u00a0\u00bb4.24.3&Prime; _module_preset=\u00a0\u00bbdefault\u00a0\u00bb global_colors_info=\u00a0\u00bb{}\u00a0\u00bb][et_pb_text admin_label=\u00a0\u00bbTexto\u00a0\u00bb _builder_version=\u00a0\u00bb4.25.0&Prime; _module_preset=\u00a0\u00bbdefault\u00a0\u00bb global_colors_info=\u00a0\u00bb{}\u00a0\u00bb]<\/p>\n<div class=\"acf-label\">\n<div class=\"et_pb_module et_pb_text et_pb_text_5 et_pb_text_align_left et_pb_bg_layout_light\">\n<div class=\"et_pb_text_inner\">\n<h1 style=\"text-align: center;\"><strong>Technical specs<\/strong><strong style=\"font-size: 26px;\">:<\/strong><\/h1>\n<\/div>\n<\/div>\n<\/div>\n<p>[\/et_pb_text][et_pb_text _builder_version=\u00a0\u00bb4.25.0&Prime; _module_preset=\u00a0\u00bbdefault\u00a0\u00bb global_colors_info=\u00a0\u00bb{}\u00a0\u00bb]<\/p>\n<table class=\"responsive\">\n<tbody>\n<tr>\n<th><span style=\"color: #ff0000;\">MOD\u00c8LE<\/span><\/th>\n<th><span style=\"color: #ff0000;\">NBRE DISQUES<\/span><\/th>\n<th><span style=\"color: #ff0000;\">LARGEUR TRAVAIL<\/span><\/th>\n<th><span style=\"color: #ff0000;\">LARGEUR TRANSPORT<\/span><\/th>\n<th><span style=\"color: #ff0000;\">PUISSANCE<\/span><\/th>\n<th><span style=\"color: #ff0000;\">POIDS*<\/span><\/th>\n<\/tr>\n<tr>\n<td>MAXIDISC II 250\/20<\/td>\n<td>20<\/td>\n<td>2,6<\/td>\n<td>3,02<\/td>\n<td>80-100<\/td>\n<td>2.020<\/td>\n<\/tr>\n<tr>\n<td>MAXIDISC II 300\/22<\/td>\n<td>22<\/td>\n<td>3<\/td>\n<td>3,02<\/td>\n<td>90-120<\/td>\n<td>2.235<\/td>\n<\/tr>\n<tr>\n<td>MAXIDISC II 350\/26<\/td>\n<td>26<\/td>\n<td>3,4<\/td>\n<td>3,6<\/td>\n<td>110-140<\/td>\n<td>2.580<\/td>\n<\/tr>\n<tr>\n<td>MAXIDISC II 400\/30-P<\/td>\n<td>30<\/td>\n<td>4<\/td>\n<td>2,55<\/td>\n<td>130-160<\/td>\n<td>2.975<\/td>\n<\/tr>\n<tr>\n<td>MAXIDISC II 450\/34-P<\/td>\n<td>34<\/td>\n<td>4,5<\/td>\n<td>2,55<\/td>\n<td>150-180<\/td>\n<td>3.350<\/td>\n<\/tr>\n<tr>\n<td>MAXIDISC II 500\/38-P<\/td>\n<td>38<\/td>\n<td>5<\/td>\n<td>2,55<\/td>\n<td>170-200<\/td>\n<td>3.710<\/td>\n<\/tr>\n<tr>\n<td>MAXIDISC II 550\/42-P<\/td>\n<td>42<\/td>\n<td>5,5<\/td>\n<td>2,55<\/td>\n<td>180-220<\/td>\n<td>4.085<\/td>\n<\/tr>\n<tr>\n<td>MAXIDISC II 600\/46-P<\/td>\n<td>46<\/td>\n<td>6<\/td>\n<td>2,55<\/td>\n<td>200-250<\/td>\n<td>4.460<\/td>\n<\/tr>\n<\/tbody>\n<\/table>\n<p><em>* Les poids comprennent le rouleau de s\u00e9rie<\/em><\/p>\n<p>[\/et_pb_text][\/et_pb_column][\/et_pb_row][et_pb_row _builder_version=\u00a0\u00bb4.24.3&Prime; _module_preset=\u00a0\u00bbdefault\u00a0\u00bb global_colors_info=\u00a0\u00bb{}\u00a0\u00bb][et_pb_column type=\u00a0\u00bb4_4&Prime; _builder_version=\u00a0\u00bb4.24.3&Prime; _module_preset=\u00a0\u00bbdefault\u00a0\u00bb global_colors_info=\u00a0\u00bb{}\u00a0\u00bb][et_pb_text _builder_version=\u00a0\u00bb4.25.0&Prime; _module_preset=\u00a0\u00bbdefault\u00a0\u00bb global_colors_info=\u00a0\u00bb{}\u00a0\u00bb]<\/p>\n<div class=\"acf-label\">\n<h2 class=\"description\" style=\"text-align: center;\"><strong>Ressources disponibles: <\/strong><\/h2>\n<\/div>\n<p>[\/et_pb_text][et_pb_gallery gallery_ids=\u00a0\u00bb53771,53768,48934,48237,45521,53777,53780,48234,53783,53738,45533&Prime; show_title_and_caption=\u00a0\u00bboff\u00a0\u00bb _builder_version=\u00a0\u00bb4.25.0&Prime; _module_preset=\u00a0\u00bbdefault\u00a0\u00bb global_colors_info=\u00a0\u00bb{}\u00a0\u00bb][\/et_pb_gallery][et_pb_video src=\u00a0\u00bbhttps:\/\/www.youtube.com\/watch?v=s-7IgteffAU&#038;t=1s\u00a0\u00bb _builder_version=\u00a0\u00bb4.25.0&Prime; _module_preset=\u00a0\u00bbdefault\u00a0\u00bb global_colors_info=\u00a0\u00bb{}\u00a0\u00bb][\/et_pb_video][\/et_pb_column][\/et_pb_row][\/et_pb_section]<\/p>\n","protected":false},"excerpt":{"rendered":"<p>Le\u00a0Maxidisc II est\u00a0la derni\u00e8re g\u00e9n\u00e9ration\u00a0de d\u00e9chaumeurs \u00e0 disques rapides d&rsquo;Ovlac. Une machine au design fluide et robuste \u00e0 la fois et qui permet de travailler dans tous les types de [&hellip;]<\/p>\n","protected":false},"author":137,"featured_media":0,"parent":0,"menu_order":0,"comment_status":"closed","ping_status":"closed","template":"","meta":{"_et_pb_use_builder":"on","_et_pb_old_content":"","_et_gb_content_width":"","footnotes":""},"class_list":["post-56341","page","type-page","status-publish","hentry"],"yoast_head":"<!-- This site is optimized with the Yoast SEO plugin v24.8.1 - https:\/\/yoast.com\/wordpress\/plugins\/seo\/ -->\n<title>Maxidisc II - Ovlac<\/title>\n<meta name=\"robots\" content=\"index, follow, max-snippet:-1, max-image-preview:large, max-video-preview:-1\" \/>\n<link rel=\"canonical\" href=\"https:\/\/ovlac.com\/maxidisc-ii\/\" \/>\n<meta property=\"og:locale\" content=\"fr_FR\" \/>\n<meta property=\"og:type\" content=\"article\" \/>\n<meta property=\"og:title\" content=\"Maxidisc II - Ovlac\" \/>\n<meta property=\"og:description\" content=\"Le\u00a0Maxidisc II est\u00a0la derni\u00e8re g\u00e9n\u00e9ration\u00a0de d\u00e9chaumeurs \u00e0 disques rapides d&#039;Ovlac. Une machine au design fluide et robuste \u00e0 la fois et qui permet de travailler dans tous les types de [&hellip;]\" \/>\n<meta property=\"og:url\" content=\"https:\/\/ovlac.com\/maxidisc-ii\/\" \/>\n<meta property=\"og:site_name\" content=\"Ovlac\" \/>\n<meta property=\"article:modified_time\" content=\"2026-04-07T09:12:06+00:00\" \/>\n<meta name=\"twitter:card\" content=\"summary_large_image\" \/>\n<meta name=\"twitter:label1\" content=\"Dur\u00e9e de lecture estim\u00e9e\" \/>\n\t<meta name=\"twitter:data1\" content=\"4 minutes\" \/>\n<script type=\"application\/ld+json\" class=\"yoast-schema-graph\">{\"@context\":\"https:\/\/schema.org\",\"@graph\":[{\"@type\":\"WebPage\",\"@id\":\"https:\/\/ovlac.com\/maxidisc-ii\/\",\"url\":\"https:\/\/ovlac.com\/maxidisc-ii\/\",\"name\":\"Maxidisc II - Ovlac\",\"isPartOf\":{\"@id\":\"https:\/\/ovlac.com\/#website\"},\"datePublished\":\"2024-04-26T06:50:51+00:00\",\"dateModified\":\"2026-04-07T09:12:06+00:00\",\"breadcrumb\":{\"@id\":\"https:\/\/ovlac.com\/maxidisc-ii\/#breadcrumb\"},\"inLanguage\":\"fr-FR\",\"potentialAction\":[{\"@type\":\"ReadAction\",\"target\":[\"https:\/\/ovlac.com\/maxidisc-ii\/\"]}]},{\"@type\":\"BreadcrumbList\",\"@id\":\"https:\/\/ovlac.com\/maxidisc-ii\/#breadcrumb\",\"itemListElement\":[{\"@type\":\"ListItem\",\"position\":1,\"name\":\"Portada\",\"item\":\"https:\/\/ovlac.com\/fr\/\"},{\"@type\":\"ListItem\",\"position\":2,\"name\":\"Maxidisc II\"}]},{\"@type\":\"WebSite\",\"@id\":\"https:\/\/ovlac.com\/#website\",\"url\":\"https:\/\/ovlac.com\/\",\"name\":\"Ovlac\",\"description\":\"OVLAC\",\"potentialAction\":[{\"@type\":\"SearchAction\",\"target\":{\"@type\":\"EntryPoint\",\"urlTemplate\":\"https:\/\/ovlac.com\/?s={search_term_string}\"},\"query-input\":{\"@type\":\"PropertyValueSpecification\",\"valueRequired\":true,\"valueName\":\"search_term_string\"}}],\"inLanguage\":\"fr-FR\"}]}<\/script>\n<!-- \/ Yoast SEO plugin. -->","yoast_head_json":{"title":"Maxidisc II - Ovlac","robots":{"index":"index","follow":"follow","max-snippet":"max-snippet:-1","max-image-preview":"max-image-preview:large","max-video-preview":"max-video-preview:-1"},"canonical":"https:\/\/ovlac.com\/maxidisc-ii\/","og_locale":"fr_FR","og_type":"article","og_title":"Maxidisc II - Ovlac","og_description":"Le\u00a0Maxidisc II est\u00a0la derni\u00e8re g\u00e9n\u00e9ration\u00a0de d\u00e9chaumeurs \u00e0 disques rapides d'Ovlac. Une machine au design fluide et robuste \u00e0 la fois et qui permet de travailler dans tous les types de [&hellip;]","og_url":"https:\/\/ovlac.com\/maxidisc-ii\/","og_site_name":"Ovlac","article_modified_time":"2026-04-07T09:12:06+00:00","twitter_card":"summary_large_image","twitter_misc":{"Dur\u00e9e de lecture estim\u00e9e":"4 minutes"},"schema":{"@context":"https:\/\/schema.org","@graph":[{"@type":"WebPage","@id":"https:\/\/ovlac.com\/maxidisc-ii\/","url":"https:\/\/ovlac.com\/maxidisc-ii\/","name":"Maxidisc II - Ovlac","isPartOf":{"@id":"https:\/\/ovlac.com\/#website"},"datePublished":"2024-04-26T06:50:51+00:00","dateModified":"2026-04-07T09:12:06+00:00","breadcrumb":{"@id":"https:\/\/ovlac.com\/maxidisc-ii\/#breadcrumb"},"inLanguage":"fr-FR","potentialAction":[{"@type":"ReadAction","target":["https:\/\/ovlac.com\/maxidisc-ii\/"]}]},{"@type":"BreadcrumbList","@id":"https:\/\/ovlac.com\/maxidisc-ii\/#breadcrumb","itemListElement":[{"@type":"ListItem","position":1,"name":"Portada","item":"https:\/\/ovlac.com\/fr\/"},{"@type":"ListItem","position":2,"name":"Maxidisc II"}]},{"@type":"WebSite","@id":"https:\/\/ovlac.com\/#website","url":"https:\/\/ovlac.com\/","name":"Ovlac","description":"OVLAC","potentialAction":[{"@type":"SearchAction","target":{"@type":"EntryPoint","urlTemplate":"https:\/\/ovlac.com\/?s={search_term_string}"},"query-input":{"@type":"PropertyValueSpecification","valueRequired":true,"valueName":"search_term_string"}}],"inLanguage":"fr-FR"}]}},"_links":{"self":[{"href":"https:\/\/ovlac.com\/fr\/wp-json\/wp\/v2\/pages\/56341","targetHints":{"allow":["GET"]}}],"collection":[{"href":"https:\/\/ovlac.com\/fr\/wp-json\/wp\/v2\/pages"}],"about":[{"href":"https:\/\/ovlac.com\/fr\/wp-json\/wp\/v2\/types\/page"}],"author":[{"embeddable":true,"href":"https:\/\/ovlac.com\/fr\/wp-json\/wp\/v2\/users\/137"}],"replies":[{"embeddable":true,"href":"https:\/\/ovlac.com\/fr\/wp-json\/wp\/v2\/comments?post=56341"}],"version-history":[{"count":1,"href":"https:\/\/ovlac.com\/fr\/wp-json\/wp\/v2\/pages\/56341\/revisions"}],"predecessor-version":[{"id":68257,"href":"https:\/\/ovlac.com\/fr\/wp-json\/wp\/v2\/pages\/56341\/revisions\/68257"}],"wp:attachment":[{"href":"https:\/\/ovlac.com\/fr\/wp-json\/wp\/v2\/media?parent=56341"}],"curies":[{"name":"wp","href":"https:\/\/api.w.org\/{rel}","templated":true}]}}