{"id":68091,"date":"2026-03-24T11:39:25","date_gmt":"2026-03-24T11:39:25","guid":{"rendered":"https:\/\/ovlac.com\/?page_id=68091"},"modified":"2026-03-24T11:44:06","modified_gmt":"2026-03-24T11:44:06","slug":"vertriebspartner-oesterreich","status":"publish","type":"page","link":"https:\/\/ovlac.com\/de\/vertriebspartner-oesterreich\/","title":{"rendered":"Ovlac Vertriebspartner \u00d6sterreich | Landtechnik Partner werden"},"content":{"rendered":"<p>[et_pb_section fb_built=&#8220;1&#8243; _builder_version=&#8220;4.27.4&#8243; _module_preset=&#8220;default&#8220; background_image=&#8220;https:\/\/ovlac.com\/wp-content\/uploads\/2024\/11\/XLander_Suspendido_4b-jpg.webp&#8220; global_colors_info=&#8220;{}&#8220;][et_pb_row _builder_version=&#8220;4.27.4&#8243; _module_preset=&#8220;default&#8220; global_colors_info=&#8220;{}&#8220;][et_pb_column type=&#8220;4_4&#8243; _builder_version=&#8220;4.27.4&#8243; _module_preset=&#8220;default&#8220; global_colors_info=&#8220;{}&#8220;][\/et_pb_column][\/et_pb_row][\/et_pb_section][et_pb_section fb_built=&#8220;1&#8243; _builder_version=&#8220;4.27.4&#8243; _module_preset=&#8220;default&#8220; global_colors_info=&#8220;{}&#8220;][et_pb_row _builder_version=&#8220;4.27.4&#8243; _module_preset=&#8220;default&#8220; global_colors_info=&#8220;{}&#8220;][et_pb_column type=&#8220;4_4&#8243; _builder_version=&#8220;4.27.4&#8243; _module_preset=&#8220;default&#8220; global_colors_info=&#8220;{}&#8220;][et_pb_code _builder_version=&#8220;4.27.4&#8243; _module_preset=&#8220;default&#8220; custom_margin=&#8220;-136px|||||&#8220; hover_enabled=&#8220;0&#8243; global_colors_info=&#8220;{}&#8220; sticky_enabled=&#8220;0&#8243;]<\/p>\n<style><!-- [et_pb_line_break_holder] -->.ovlac-at-landing {font-family: Arial, sans-serif;}<!-- [et_pb_line_break_holder] -->.ovlac-at-container {max-width: 1100px; margin:auto; padding:20px;}<!-- [et_pb_line_break_holder] --><!-- [et_pb_line_break_holder] -->.ovlac-highlight {<!-- [et_pb_line_break_holder] -->  color: #e73137;<!-- [et_pb_line_break_holder] -->  font-weight: 700;<!-- [et_pb_line_break_holder] -->}<!-- [et_pb_line_break_holder] --><!-- [et_pb_line_break_holder] -->.ovlac-at-hero {<!-- [et_pb_line_break_holder] -->  background: linear-gradient(rgba(0,0,0,0.6), rgba(0,0,0,0.6)),<!-- [et_pb_line_break_holder] -->  url('https:\/\/ovlac.com\/wp-content\/uploads\/2025\/07\/MINI-scaled.webp') center\/cover;<!-- [et_pb_line_break_holder] -->  color:#fff; text-align:center; padding:120px 20px;<!-- [et_pb_line_break_holder] -->}<!-- [et_pb_line_break_holder] --><!-- [et_pb_line_break_holder] -->.ovlac-at-hero h1 {<!-- [et_pb_line_break_holder] -->  font-size:42px;<!-- [et_pb_line_break_holder] -->  margin-bottom:15px;<!-- [et_pb_line_break_holder] -->}<!-- [et_pb_line_break_holder] --><!-- [et_pb_line_break_holder] -->.ovlac-at-hero p {<!-- [et_pb_line_break_holder] -->  font-size:20px;<!-- [et_pb_line_break_holder] -->  max-width:800px;<!-- [et_pb_line_break_holder] -->  margin:auto;<!-- [et_pb_line_break_holder] -->}<!-- [et_pb_line_break_holder] --><!-- [et_pb_line_break_holder] -->.ovlac-btn {<!-- [et_pb_line_break_holder] -->  display:inline-block;<!-- [et_pb_line_break_holder] -->  margin-top:25px;<!-- [et_pb_line_break_holder] -->  padding:15px 30px;<!-- [et_pb_line_break_holder] -->  background:#e73137;<!-- [et_pb_line_break_holder] -->  color:#fff;<!-- [et_pb_line_break_holder] -->  text-decoration:none;<!-- [et_pb_line_break_holder] -->  font-weight:bold;<!-- [et_pb_line_break_holder] -->}<!-- [et_pb_line_break_holder] --><!-- [et_pb_line_break_holder] -->.ovlac-section {padding:70px 20px;}<!-- [et_pb_line_break_holder] -->.ovlac-light {background:#f5f5f5;}<!-- [et_pb_line_break_holder] -->.ovlac-dark {background:#111; color:#fff; text-align:center;}<!-- [et_pb_line_break_holder] --><!-- [et_pb_line_break_holder] -->.ovlac-title {<!-- [et_pb_line_break_holder] -->  text-align:center;<!-- [et_pb_line_break_holder] -->  font-size:32px;<!-- [et_pb_line_break_holder] -->  margin-bottom:20px;<!-- [et_pb_line_break_holder] -->}<!-- [et_pb_line_break_holder] --><!-- [et_pb_line_break_holder] -->.ovlac-sub {<!-- [et_pb_line_break_holder] -->  text-align:center;<!-- [et_pb_line_break_holder] -->  max-width:800px;<!-- [et_pb_line_break_holder] -->  margin:auto;<!-- [et_pb_line_break_holder] -->  margin-bottom:40px;<!-- [et_pb_line_break_holder] -->}<!-- [et_pb_line_break_holder] --><!-- [et_pb_line_break_holder] -->.ovlac-grid {<!-- [et_pb_line_break_holder] -->  display:grid;<!-- [et_pb_line_break_holder] -->  grid-template-columns:repeat(4,1fr);<!-- [et_pb_line_break_holder] -->  gap:20px;<!-- [et_pb_line_break_holder] -->}<!-- [et_pb_line_break_holder] --><!-- [et_pb_line_break_holder] -->.ovlac-card {<!-- [et_pb_line_break_holder] -->  background:#fff;<!-- [et_pb_line_break_holder] -->  padding:25px;<!-- [et_pb_line_break_holder] -->  border:1px solid #ddd;<!-- [et_pb_line_break_holder] -->}<!-- [et_pb_line_break_holder] --><!-- [et_pb_line_break_holder] -->.ovlac-grid-2 {<!-- [et_pb_line_break_holder] -->  display:grid;<!-- [et_pb_line_break_holder] -->  grid-template-columns:repeat(2,1fr);<!-- [et_pb_line_break_holder] -->  gap:30px;<!-- [et_pb_line_break_holder] -->}<!-- [et_pb_line_break_holder] --><!-- [et_pb_line_break_holder] -->.ovlac-form {<!-- [et_pb_line_break_holder] -->  max-width:600px;<!-- [et_pb_line_break_holder] -->  margin:auto;<!-- [et_pb_line_break_holder] -->  background:#fff;<!-- [et_pb_line_break_holder] -->  padding:30px;<!-- [et_pb_line_break_holder] -->}<!-- [et_pb_line_break_holder] --><!-- [et_pb_line_break_holder] -->@media(max-width:900px){<!-- [et_pb_line_break_holder] -->  .ovlac-grid{grid-template-columns:repeat(2,1fr);}<!-- [et_pb_line_break_holder] -->  .ovlac-grid-2{grid-template-columns:1fr;}<!-- [et_pb_line_break_holder] -->}<!-- [et_pb_line_break_holder] --><\/style>\n<p><!-- [et_pb_line_break_holder] --><!-- [et_pb_line_break_holder] --><\/p>\n<div class=\"ovlac-at-landing\"><!-- [et_pb_line_break_holder] --><!-- [et_pb_line_break_holder] --><!-- HERO --><!-- [et_pb_line_break_holder] --><\/p>\n<section class=\"ovlac-at-hero\"><!-- [et_pb_line_break_holder] -->  <\/p>\n<div class=\"ovlac-at-container\"><!-- [et_pb_line_break_holder] -->    <!-- [et_pb_line_break_holder] -->    <\/p>\n<h1><!-- [et_pb_line_break_holder] -->      <span class=\"ovlac-highlight\">Vertriebspartner gesucht<\/span><!\u2013- [et_pb_br_holder] -\u2013><!-- [et_pb_line_break_holder] -->      in \u00d6sterreich<!-- [et_pb_line_break_holder] -->    <\/h1>\n<p><!-- [et_pb_line_break_holder] --><!-- [et_pb_line_break_holder] -->    <pee><!-- [et_pb_line_break_holder] -->      Werden Sie offizieller Ovlac Partner und erweitern Sie Ihr Portfolio<!-- [et_pb_line_break_holder] -->      mit bew\u00e4hrter Landtechnik eines europ\u00e4ischen Herstellers mit 90 Jahren Erfahrung.<!-- [et_pb_line_break_holder] -->    <\/pee><!-- [et_pb_line_break_holder] --><!-- [et_pb_line_break_holder] -->    <a href=\"#form\" class=\"ovlac-btn\">Jetzt Kontakt aufnehmen<\/a><!-- [et_pb_line_break_holder] -->  <\/div>\n<p><!-- [et_pb_line_break_holder] --><\/section>\n<p><!-- [et_pb_line_break_holder] --><!-- [et_pb_line_break_holder] --><!-- CREDIBILIDAD --><!-- [et_pb_line_break_holder] --><\/p>\n<section class=\"ovlac-section\"><!-- [et_pb_line_break_holder] -->  <\/p>\n<div class=\"ovlac-at-container\"><!-- [et_pb_line_break_holder] -->    <\/p>\n<h2 class=\"ovlac-title\">90 Jahre Erfahrung in der Bodenbearbeitung<\/h2>\n<p><!-- [et_pb_line_break_holder] -->    <pee class=\"ovlac-sub\"><!-- [et_pb_line_break_holder] -->      Ovlac ist ein f\u00fchrender europ\u00e4ischer Hersteller mit Pr\u00e4senz in \u00fcber 25 L\u00e4ndern.<!-- [et_pb_line_break_holder] -->      Bew\u00e4hrt in M\u00e4rkten wie Deutschland, Frankreich und UK.<!-- [et_pb_line_break_holder] -->    <\/pee><!-- [et_pb_line_break_holder] -->  <\/div>\n<p><!-- [et_pb_line_break_holder] --><\/section>\n<p><!-- [et_pb_line_break_holder] --><!-- [et_pb_line_break_holder] --><!-- WHY --><!-- [et_pb_line_break_holder] --><\/p>\n<section class=\"ovlac-section ovlac-light\"><!-- [et_pb_line_break_holder] -->  <\/p>\n<div class=\"ovlac-at-container\"><!-- [et_pb_line_break_holder] -->    <\/p>\n<h2 class=\"ovlac-title\">Warum Ovlac?<\/h2>\n<p><!-- [et_pb_line_break_holder] --><!-- [et_pb_line_break_holder] -->    <\/p>\n<div class=\"ovlac-grid\"><!-- [et_pb_line_break_holder] -->      <\/p>\n<div class=\"ovlac-card\"><!-- [et_pb_line_break_holder] -->        <b>Attraktive Partnerschaft<\/b><!\u2013- [et_pb_br_holder] -\u2013><!-- [et_pb_line_break_holder] -->        Wachstumspotenzial im Markt<!-- [et_pb_line_break_holder] -->      <\/div>\n<p><!-- [et_pb_line_break_holder] --><!-- [et_pb_line_break_holder] -->      <\/p>\n<div class=\"ovlac-card\"><!-- [et_pb_line_break_holder] -->        <b>Robuste Maschinen<\/b><!\u2013- [et_pb_br_holder] -\u2013><!-- [et_pb_line_break_holder] -->        F\u00fcr anspruchsvolle Bedingungen<!-- [et_pb_line_break_holder] -->      <\/div>\n<p><!-- [et_pb_line_break_holder] --><!-- [et_pb_line_break_holder] -->      <\/p>\n<div class=\"ovlac-card\"><!-- [et_pb_line_break_holder] -->        <b>Geringer Wartungsaufwand<\/b><!\u2013- [et_pb_br_holder] -\u2013><!-- [et_pb_line_break_holder] -->        Langlebig und effizient<!-- [et_pb_line_break_holder] -->      <\/div>\n<p><!-- [et_pb_line_break_holder] --><!-- [et_pb_line_break_holder] -->      <\/p>\n<div class=\"ovlac-card\"><!-- [et_pb_line_break_holder] -->        <b>Komplettes Sortiment<\/b><!\u2013- [et_pb_br_holder] -\u2013><!-- [et_pb_line_break_holder] -->        Pfl\u00fcge, Grubber, Scheibeneggen, Weinbau<!-- [et_pb_line_break_holder] -->      <\/div>\n<p><!-- [et_pb_line_break_holder] -->    <\/div>\n<p><!-- [et_pb_line_break_holder] -->  <\/div>\n<p><!-- [et_pb_line_break_holder] --><\/section>\n<p><!-- [et_pb_line_break_holder] --><!-- [et_pb_line_break_holder] --><!-- FILTRO --><!-- [et_pb_line_break_holder] --><\/p>\n<section class=\"ovlac-section\"><!-- [et_pb_line_break_holder] -->  <\/p>\n<div class=\"ovlac-at-container ovlac-grid-2\"><!-- [et_pb_line_break_holder] --><!-- [et_pb_line_break_holder] -->    <\/p>\n<div><!-- [et_pb_line_break_holder] -->      <\/p>\n<h3>Wen wir suchen<\/h3>\n<p><!-- [et_pb_line_break_holder] -->      <\/p>\n<ul><!-- [et_pb_line_break_holder] -->        <\/p>\n<li>Landtechnik H\u00e4ndler<\/li>\n<p><!-- [et_pb_line_break_holder] -->        <\/p>\n<li>Importeur oder Distributor<\/li>\n<p><!-- [et_pb_line_break_holder] -->        <\/p>\n<li>Bestehendes Vertriebsnetz<\/li>\n<p><!-- [et_pb_line_break_holder] -->        <\/p>\n<li>Langfristige Zusammenarbeit<\/li>\n<p><!-- [et_pb_line_break_holder] -->      <\/ul>\n<p><!-- [et_pb_line_break_holder] -->    <\/div>\n<p><!-- [et_pb_line_break_holder] --><!-- [et_pb_line_break_holder] -->    <\/p>\n<div><!-- [et_pb_line_break_holder] -->      <\/p>\n<h3>Was wir bieten<\/h3>\n<p><!-- [et_pb_line_break_holder] -->      <\/p>\n<ul><!-- [et_pb_line_break_holder] -->        <\/p>\n<li>Europ\u00e4ische Produktion<\/li>\n<p><!-- [et_pb_line_break_holder] -->        <\/p>\n<li>Bew\u00e4hrte Maschinen<\/li>\n<p><!-- [et_pb_line_break_holder] -->        <\/p>\n<li>Internationale Pr\u00e4senz<\/li>\n<p><!-- [et_pb_line_break_holder] -->        <\/p>\n<li>Starke Marke<\/li>\n<p><!-- [et_pb_line_break_holder] -->      <\/ul>\n<p><!-- [et_pb_line_break_holder] -->    <\/div>\n<p><!-- [et_pb_line_break_holder] --><!-- [et_pb_line_break_holder] -->  <\/div>\n<p><!-- [et_pb_line_break_holder] --><\/section>\n<p><!-- [et_pb_line_break_holder] --><!-- [et_pb_line_break_holder] --><!-- CTA --><!-- [et_pb_line_break_holder] --><\/p>\n<section class=\"ovlac-section ovlac-dark\"><!-- [et_pb_line_break_holder] -->  <\/p>\n<div class=\"ovlac-at-container\"><!-- [et_pb_line_break_holder] -->    <!-- [et_pb_line_break_holder] -->    <\/p>\n<h2 class=\"ovlac-highlight\">Werden Sie unser Partner in \u00d6sterreich<\/h2>\n<p><!-- [et_pb_line_break_holder] -->    <!-- [et_pb_line_break_holder] -->    <pee>Kontaktieren Sie uns und wachsen Sie mit Ovlac.<\/pee><!-- [et_pb_line_break_holder] -->    <!-- [et_pb_line_break_holder] -->    <a href=\"#form\" class=\"ovlac-btn\">Jetzt anfragen<\/a><!-- [et_pb_line_break_holder] --><!-- [et_pb_line_break_holder] -->  <\/div>\n<p><!-- [et_pb_line_break_holder] --><\/section>\n<p><!-- [et_pb_line_break_holder] --><!-- [et_pb_line_break_holder] --><!-- FORM --><!-- [et_pb_line_break_holder] --><\/p>\n<section id=\"form\" class=\"ovlac-section ovlac-light\"><!-- [et_pb_line_break_holder] -->  <\/p>\n<div class=\"ovlac-at-container\"><!-- [et_pb_line_break_holder] -->    <\/p>\n<h2 class=\"ovlac-title\">Kontaktformular<\/h2>\n<p><!-- [et_pb_line_break_holder] --><!-- [et_pb_line_break_holder] -->    <\/p>\n<div class=\"ovlac-form\"><!-- [et_pb_line_break_holder] -->      \n<div class=\"wpcf7 no-js\" id=\"wpcf7-f68093-o1\" lang=\"es-ES\" dir=\"ltr\" data-wpcf7-id=\"68093\">\n<div class=\"screen-reader-response\"><p role=\"status\" aria-live=\"polite\" aria-atomic=\"true\"><\/p> <ul><\/ul><\/div>\n<form action=\"\/de\/wp-json\/wp\/v2\/pages\/68091#wpcf7-f68093-o1\" method=\"post\" class=\"wpcf7-form init\" aria-label=\"Formulario de contacto\" novalidate=\"novalidate\" data-status=\"init\">\n<div style=\"display: none;\">\n<input type=\"hidden\" name=\"_wpcf7\" value=\"68093\" \/>\n<input type=\"hidden\" name=\"_wpcf7_version\" value=\"6.0.5\" \/>\n<input type=\"hidden\" name=\"_wpcf7_locale\" value=\"es_ES\" \/>\n<input type=\"hidden\" name=\"_wpcf7_unit_tag\" value=\"wpcf7-f68093-o1\" \/>\n<input type=\"hidden\" name=\"_wpcf7_container_post\" value=\"0\" \/>\n<input type=\"hidden\" name=\"_wpcf7_posted_data_hash\" value=\"\" \/>\n<input type=\"hidden\" name=\"_wpcf7_recaptcha_response\" value=\"\" \/>\n<\/div>\n<p><br \/>\n<label for=\"nombre\">Vorname und Nachname*<\/label>\n<\/p>\n<p><span class=\"wpcf7-form-control-wrap\" data-name=\"nombre\"><input size=\"40\" maxlength=\"400\" class=\"wpcf7-form-control wpcf7-text wpcf7-validates-as-required\" id=\"nombre\" aria-required=\"true\" aria-invalid=\"false\" value=\"\" type=\"text\" name=\"nombre\" \/><\/span>\n<\/p>\n<p><br \/>\n<label for=\"empresa\">Unternehmen*<\/label>\n<\/p>\n<p><span class=\"wpcf7-form-control-wrap\" data-name=\"empresa\"><input size=\"40\" maxlength=\"400\" class=\"wpcf7-form-control wpcf7-text wpcf7-validates-as-required\" id=\"empresa\" aria-required=\"true\" aria-invalid=\"false\" value=\"\" type=\"text\" name=\"empresa\" \/><\/span>\n<\/p>\n<p><br \/>\n<label for=\"email\">E-Mail*<\/label>\n<\/p>\n<p><span class=\"wpcf7-form-control-wrap\" data-name=\"email\"><input size=\"40\" maxlength=\"400\" class=\"wpcf7-form-control wpcf7-email wpcf7-validates-as-required wpcf7-text wpcf7-validates-as-email\" id=\"email\" aria-required=\"true\" aria-invalid=\"false\" value=\"\" type=\"email\" name=\"email\" \/><\/span>\n<\/p>\n<p><br \/>\n<label for=\"telefono\">Telefon<\/label>\n<\/p>\n<p><span class=\"wpcf7-form-control-wrap\" data-name=\"telefono\"><input size=\"40\" maxlength=\"400\" class=\"wpcf7-form-control wpcf7-tel wpcf7-text wpcf7-validates-as-tel\" id=\"telefono\" aria-invalid=\"false\" value=\"\" type=\"tel\" name=\"telefono\" \/><\/span>\n<\/p>\n<p><br \/>\n<label for=\"tipo\">Unternehmenstyp*<\/label>\n<\/p>\n<p><span class=\"wpcf7-form-control-wrap\" data-name=\"tipo\"><select class=\"wpcf7-form-control wpcf7-select wpcf7-validates-as-required\" id=\"tipo\" aria-required=\"true\" aria-invalid=\"false\" name=\"tipo\"><option value=\"Landtechnik H\u00e4ndler\">Landtechnik H\u00e4ndler<\/option><option value=\"Importeur \/ Distributor\">Importeur \/ Distributor<\/option><option value=\"Andere\">Andere<\/option><\/select><\/span>\n<\/p>\n<p><br \/>\n<span>Vertreiben Sie aktuell Landmaschinen?*<\/span>\n<\/p>\n<p><span class=\"wpcf7-form-control-wrap\" data-name=\"experiencia\"><span class=\"wpcf7-form-control wpcf7-radio\"><span class=\"wpcf7-list-item first\"><label><input type=\"radio\" name=\"experiencia\" value=\"Ja\" \/><span class=\"wpcf7-list-item-label\">Ja<\/span><\/label><\/span><span class=\"wpcf7-list-item last\"><label><input type=\"radio\" name=\"experiencia\" value=\"Nein\" \/><span class=\"wpcf7-list-item-label\">Nein<\/span><\/label><\/span><\/span><\/span>\n<\/p>\n<p><br \/>\n<label for=\"mensaje\">Nachricht<\/label>\n<\/p>\n<p><span class=\"wpcf7-form-control-wrap\" data-name=\"mensaje\"><textarea cols=\"40\" rows=\"10\" maxlength=\"2000\" class=\"wpcf7-form-control wpcf7-textarea\" id=\"mensaje\" aria-invalid=\"false\" name=\"mensaje\"><\/textarea><\/span>\n<\/p>\n<p><br \/>\n<span class=\"wpcf7-form-control-wrap\" data-name=\"privacidad\"><span class=\"wpcf7-form-control wpcf7-acceptance\"><span class=\"wpcf7-list-item\"><label><input type=\"checkbox\" name=\"privacidad\" value=\"1\" aria-invalid=\"false\" \/><span class=\"wpcf7-list-item-label\">Ich akzeptiere die Datenschutzbestimmungen.<\/span><\/label><\/span><\/span><\/span>\n<\/p>\n<p><br \/>\n<input class=\"wpcf7-form-control wpcf7-submit has-spinner\" type=\"submit\" value=\"Kontakt aufnehmen\" \/>\n<\/p><div class=\"wpcf7-response-output\" aria-hidden=\"true\"><\/div>\n<\/form>\n<\/div>\n<!-- [et_pb_line_break_holder] -->    <\/div>\n<p><!-- [et_pb_line_break_holder] --><!-- [et_pb_line_break_holder] -->  <\/div>\n<p><!-- [et_pb_line_break_holder] --><\/section>\n<p><!-- [et_pb_line_break_holder] --><!-- [et_pb_line_break_holder] --><\/div>\n<p>[\/et_pb_code][\/et_pb_column][\/et_pb_row][\/et_pb_section]<\/p>\n","protected":false},"excerpt":{"rendered":"<p>Vertriebspartner gesucht in \u00d6sterreich Werden Sie offizieller Ovlac Partner und erweitern Sie Ihr Portfolio mit bew\u00e4hrter Landtechnik eines europ\u00e4ischen Herstellers mit 90 Jahren Erfahrung. Jetzt Kontakt aufnehmen 90 Jahre Erfahrung [&hellip;]<\/p>\n","protected":false},"author":200,"featured_media":0,"parent":0,"menu_order":0,"comment_status":"closed","ping_status":"closed","template":"","meta":{"_et_pb_use_builder":"on","_et_pb_old_content":"","_et_gb_content_width":"","footnotes":""},"class_list":["post-68091","page","type-page","status-publish","hentry"],"yoast_head":"<!-- This site is optimized with the Yoast SEO plugin v24.8.1 - https:\/\/yoast.com\/wordpress\/plugins\/seo\/ -->\n<title>Ovlac bei Tobias H\u00e4u\u00dfer | Bodenbearbeitung in Deutschland<\/title>\n<meta name=\"description\" content=\"Ovlac Maschinen jetzt in S\u00fcddeutschland: Beratung auf Deutsch, Kontaktieren Sie Tobias H\u00e4u\u00dfer.\" \/>\n<meta name=\"robots\" content=\"index, follow, max-snippet:-1, max-image-preview:large, max-video-preview:-1\" \/>\n<link rel=\"canonical\" href=\"https:\/\/ovlac.com\/de\/vertriebspartner-oesterreich\/\" \/>\n<meta property=\"og:locale\" content=\"de_DE\" \/>\n<meta property=\"og:type\" content=\"article\" \/>\n<meta property=\"og:title\" content=\"Ovlac bei Tobias H\u00e4u\u00dfer | Bodenbearbeitung in Deutschland\" \/>\n<meta property=\"og:description\" content=\"Ovlac Maschinen jetzt in S\u00fcddeutschland: Beratung auf Deutsch, Kontaktieren Sie Tobias H\u00e4u\u00dfer.\" \/>\n<meta property=\"og:url\" content=\"https:\/\/ovlac.com\/de\/vertriebspartner-oesterreich\/\" \/>\n<meta property=\"og:site_name\" content=\"Ovlac\" \/>\n<meta property=\"article:modified_time\" content=\"2026-03-24T11:44:06+00:00\" \/>\n<meta name=\"twitter:card\" content=\"summary_large_image\" \/>\n<meta name=\"twitter:label1\" content=\"Gesch\u00e4tzte Lesezeit\" \/>\n\t<meta name=\"twitter:data1\" content=\"1\u00a0Minute\" \/>\n<script type=\"application\/ld+json\" class=\"yoast-schema-graph\">{\"@context\":\"https:\/\/schema.org\",\"@graph\":[{\"@type\":\"WebPage\",\"@id\":\"https:\/\/ovlac.com\/de\/vertriebspartner-oesterreich\/\",\"url\":\"https:\/\/ovlac.com\/de\/vertriebspartner-oesterreich\/\",\"name\":\"Ovlac bei Tobias H\u00e4u\u00dfer | Bodenbearbeitung in Deutschland\",\"isPartOf\":{\"@id\":\"https:\/\/ovlac.com\/#website\"},\"datePublished\":\"2026-03-24T11:39:25+00:00\",\"dateModified\":\"2026-03-24T11:44:06+00:00\",\"description\":\"Ovlac Maschinen jetzt in S\u00fcddeutschland: Beratung auf Deutsch, Kontaktieren Sie Tobias H\u00e4u\u00dfer.\",\"breadcrumb\":{\"@id\":\"https:\/\/ovlac.com\/de\/vertriebspartner-oesterreich\/#breadcrumb\"},\"inLanguage\":\"de\",\"potentialAction\":[{\"@type\":\"ReadAction\",\"target\":[\"https:\/\/ovlac.com\/de\/vertriebspartner-oesterreich\/\"]}]},{\"@type\":\"BreadcrumbList\",\"@id\":\"https:\/\/ovlac.com\/de\/vertriebspartner-oesterreich\/#breadcrumb\",\"itemListElement\":[{\"@type\":\"ListItem\",\"position\":1,\"name\":\"Portada\",\"item\":\"https:\/\/ovlac.com\/de\/\"},{\"@type\":\"ListItem\",\"position\":2,\"name\":\"Ovlac Vertriebspartner \u00d6sterreich | Landtechnik Partner werden\"}]},{\"@type\":\"WebSite\",\"@id\":\"https:\/\/ovlac.com\/#website\",\"url\":\"https:\/\/ovlac.com\/\",\"name\":\"Ovlac\",\"description\":\"OVLAC\",\"potentialAction\":[{\"@type\":\"SearchAction\",\"target\":{\"@type\":\"EntryPoint\",\"urlTemplate\":\"https:\/\/ovlac.com\/?s={search_term_string}\"},\"query-input\":{\"@type\":\"PropertyValueSpecification\",\"valueRequired\":true,\"valueName\":\"search_term_string\"}}],\"inLanguage\":\"de\"}]}<\/script>\n<!-- \/ Yoast SEO plugin. -->","yoast_head_json":{"title":"Ovlac bei Tobias H\u00e4u\u00dfer | Bodenbearbeitung in Deutschland","description":"Ovlac Maschinen jetzt in S\u00fcddeutschland: Beratung auf Deutsch, Kontaktieren Sie Tobias H\u00e4u\u00dfer.","robots":{"index":"index","follow":"follow","max-snippet":"max-snippet:-1","max-image-preview":"max-image-preview:large","max-video-preview":"max-video-preview:-1"},"canonical":"https:\/\/ovlac.com\/de\/vertriebspartner-oesterreich\/","og_locale":"de_DE","og_type":"article","og_title":"Ovlac bei Tobias H\u00e4u\u00dfer | Bodenbearbeitung in Deutschland","og_description":"Ovlac Maschinen jetzt in S\u00fcddeutschland: Beratung auf Deutsch, Kontaktieren Sie Tobias H\u00e4u\u00dfer.","og_url":"https:\/\/ovlac.com\/de\/vertriebspartner-oesterreich\/","og_site_name":"Ovlac","article_modified_time":"2026-03-24T11:44:06+00:00","twitter_card":"summary_large_image","twitter_misc":{"Gesch\u00e4tzte Lesezeit":"1\u00a0Minute"},"schema":{"@context":"https:\/\/schema.org","@graph":[{"@type":"WebPage","@id":"https:\/\/ovlac.com\/de\/vertriebspartner-oesterreich\/","url":"https:\/\/ovlac.com\/de\/vertriebspartner-oesterreich\/","name":"Ovlac bei Tobias H\u00e4u\u00dfer | Bodenbearbeitung in Deutschland","isPartOf":{"@id":"https:\/\/ovlac.com\/#website"},"datePublished":"2026-03-24T11:39:25+00:00","dateModified":"2026-03-24T11:44:06+00:00","description":"Ovlac Maschinen jetzt in S\u00fcddeutschland: Beratung auf Deutsch, Kontaktieren Sie Tobias H\u00e4u\u00dfer.","breadcrumb":{"@id":"https:\/\/ovlac.com\/de\/vertriebspartner-oesterreich\/#breadcrumb"},"inLanguage":"de","potentialAction":[{"@type":"ReadAction","target":["https:\/\/ovlac.com\/de\/vertriebspartner-oesterreich\/"]}]},{"@type":"BreadcrumbList","@id":"https:\/\/ovlac.com\/de\/vertriebspartner-oesterreich\/#breadcrumb","itemListElement":[{"@type":"ListItem","position":1,"name":"Portada","item":"https:\/\/ovlac.com\/de\/"},{"@type":"ListItem","position":2,"name":"Ovlac Vertriebspartner \u00d6sterreich | Landtechnik Partner werden"}]},{"@type":"WebSite","@id":"https:\/\/ovlac.com\/#website","url":"https:\/\/ovlac.com\/","name":"Ovlac","description":"OVLAC","potentialAction":[{"@type":"SearchAction","target":{"@type":"EntryPoint","urlTemplate":"https:\/\/ovlac.com\/?s={search_term_string}"},"query-input":{"@type":"PropertyValueSpecification","valueRequired":true,"valueName":"search_term_string"}}],"inLanguage":"de"}]}},"_links":{"self":[{"href":"https:\/\/ovlac.com\/de\/wp-json\/wp\/v2\/pages\/68091","targetHints":{"allow":["GET"]}}],"collection":[{"href":"https:\/\/ovlac.com\/de\/wp-json\/wp\/v2\/pages"}],"about":[{"href":"https:\/\/ovlac.com\/de\/wp-json\/wp\/v2\/types\/page"}],"author":[{"embeddable":true,"href":"https:\/\/ovlac.com\/de\/wp-json\/wp\/v2\/users\/200"}],"replies":[{"embeddable":true,"href":"https:\/\/ovlac.com\/de\/wp-json\/wp\/v2\/comments?post=68091"}],"version-history":[{"count":3,"href":"https:\/\/ovlac.com\/de\/wp-json\/wp\/v2\/pages\/68091\/revisions"}],"predecessor-version":[{"id":68096,"href":"https:\/\/ovlac.com\/de\/wp-json\/wp\/v2\/pages\/68091\/revisions\/68096"}],"wp:attachment":[{"href":"https:\/\/ovlac.com\/de\/wp-json\/wp\/v2\/media?parent=68091"}],"curies":[{"name":"wp","href":"https:\/\/api.w.org\/{rel}","templated":true}]}}