{"id":63692,"date":"2025-06-16T12:47:33","date_gmt":"2025-06-16T12:47:33","guid":{"rendered":"https:\/\/ovlac.com\/?page_id=63692"},"modified":"2025-06-16T12:49:37","modified_gmt":"2025-06-16T12:49:37","slug":"eurodisc-ii","status":"publish","type":"page","link":"https:\/\/ovlac.com\/de\/eurodisc-ii\/","title":{"rendered":"Eurodisc II"},"content":{"rendered":"<p>[et_pb_section fb_built=&#8220;1&#8243; fullwidth=&#8220;on&#8220; _builder_version=&#8220;4.24.3&#8243; _module_preset=&#8220;default&#8220; locked=&#8220;off&#8220; global_colors_info=&#8220;{}&#8220;][et_pb_fullwidth_slider admin_label=&#8220;Control deslizante de anchura completa&#8220; _builder_version=&#8220;4.25.1&#8243; _module_preset=&#8220;default&#8220; background_last_edited=&#8220;on|desktop&#8220; global_colors_info=&#8220;{}&#8220;][et_pb_slide url_new_window=&#8220;on&#8220; use_bg_overlay=&#8220;off&#8220; use_text_overlay=&#8220;off&#8220; image_tablet=&#8220;&#8220; image_phone=&#8220;&#8220; image_last_edited=&#8220;on|desktop&#8220; _builder_version=&#8220;4.25.1&#8243; _module_preset=&#8220;default&#8220; header_font=&#8220;||||||||&#8220; background_color=&#8220;#7ebec5&#8243; background_image=&#8220;https:\/\/ovlac.com\/wp-content\/uploads\/2014\/10\/eurodisc-trabajo.jpg&#8220; background_enable_image=&#8220;on&#8220; button_on_hover=&#8220;on&#8220; background_last_edited=&#8220;on|desktop&#8220; background_image_tablet=&#8220;https:\/\/ovlac.com\/wp-content\/uploads\/2024\/04\/slider-XP.png&#8220; background_image_phone=&#8220;https:\/\/ovlac.com\/wp-content\/uploads\/2024\/04\/slider-XP.png&#8220; background_enable_image_tablet=&#8220;on&#8220; background_enable_image_phone=&#8220;on&#8220; global_colors_info=&#8220;{}&#8220; sticky_transition=&#8220;on&#8220;][\/et_pb_slide][\/et_pb_fullwidth_slider][et_pb_fullwidth_post_title meta=&#8220;off&#8220; featured_image=&#8220;off&#8220; _builder_version=&#8220;4.27.4&#8243; _module_preset=&#8220;default&#8220; title_font=&#8220;|700||on|||||&#8220; title_text_color=&#8220;#e73137&#8243; title_font_size=&#8220;33px&#8220; background_color=&#8220;RGBA(255,255,255,0)&#8220; custom_padding=&#8220;60px||||false|false&#8220; global_colors_info=&#8220;{}&#8220;][\/et_pb_fullwidth_post_title][\/et_pb_section][et_pb_section fb_built=&#8220;1&#8243; admin_label=&#8220;section&#8220; _builder_version=&#8220;4.16&#8243; locked=&#8220;off&#8220; global_colors_info=&#8220;{}&#8220;][et_pb_row admin_label=&#8220;row&#8220; _builder_version=&#8220;4.24.3&#8243; background_size=&#8220;initial&#8220; background_position=&#8220;top_left&#8220; background_repeat=&#8220;repeat&#8220; custom_margin=&#8220;-28px||||false|false&#8220; custom_padding=&#8220;6px|||||&#8220; global_colors_info=&#8220;{}&#8220;][et_pb_column type=&#8220;4_4&#8243; _builder_version=&#8220;4.16&#8243; custom_padding=&#8220;|||&#8220; global_colors_info=&#8220;{}&#8220; custom_padding__hover=&#8220;|||&#8220;][et_pb_heading title=&#8220;Schnelles Arbeiten \u2013 auch unter schwierigsten Bedingungen&#8220; _builder_version=&#8220;4.27.4&#8243; _module_preset=&#8220;default&#8220; title_font=&#8220;|700||on|||||&#8220; title_text_color=&#8220;#706f6f&#8220; global_colors_info=&#8220;{}&#8220;][\/et_pb_heading][et_pb_text admin_label=&#8220;Text&#8220; _builder_version=&#8220;4.25.0&#8243; text_font_size=&#8220;15px&#8220; text_line_height=&#8220;1.9em&#8220; background_size=&#8220;initial&#8220; background_position=&#8220;top_left&#8220; background_repeat=&#8220;repeat&#8220; custom_margin=&#8220;||32px||false|false&#8220; custom_padding=&#8220;||32px||false|false&#8220; global_colors_info=&#8220;{}&#8220;]<\/p>\n<p data-start=\"109\" data-end=\"537\">Die <strong data-start=\"113\" data-end=\"125\">Eurodisc<\/strong> ist das <strong data-start=\"134\" data-end=\"155\">robusteste Modell<\/strong> der Kurzscheibeneggen-Baureihe von Ovlac. Sie ist mit <strong data-start=\"210\" data-end=\"251\">24-Zoll-Scheiben (610 mm Durchmesser)<\/strong> ausgestattet, die sowohl in vertikaler Richtung als auch in Fahrtrichtung <strong data-start=\"326\" data-end=\"361\">einen aggressiven Anstellwinkel<\/strong> besitzen. Dadurch bietet die Eurodisc eine <strong data-start=\"405\" data-end=\"427\">hohe Eindringtiefe<\/strong> und sorgt f\u00fcr eine <strong data-start=\"447\" data-end=\"486\">intensive Mischung und Einarbeitung<\/strong> der Stoppelreste bis zu einer Tiefe von <strong data-start=\"527\" data-end=\"536\">15 cm<\/strong>.<\/p>\n<p data-start=\"539\" data-end=\"951\">Im Einklang mit ihrer insgesamt robusten Bauweise verf\u00fcgt die Eurodisc \u00fcber ein <strong data-start=\"619\" data-end=\"664\">Non-Stop-Steinschutzsystem mit Blattfeder<\/strong>, das sich nicht nur durch seine bew\u00e4hrte Wirksamkeit auszeichnet, sondern auch <strong data-start=\"744\" data-end=\"769\">komplett wartungsfrei<\/strong> ist. Wie bei allen Kurzscheibeneggen von Ovlac sind die Scheiben der Eurodisc an <strong data-start=\"851\" data-end=\"873\">unabh\u00e4ngigen Armen<\/strong> montiert, sodass ein Hindernis nicht mehrere Scheiben gleichzeitig blockiert.<\/p>\n<p data-start=\"953\" data-end=\"1264\">Um die intensive Arbeit der Scheiben zu unterst\u00fctzen, ist die Eurodisc mit <strong data-start=\"1028\" data-end=\"1058\">Armen aus hochfestem Stahl<\/strong> sowie mit einem <strong data-start=\"1075\" data-end=\"1105\">\u00fcberdimensionierten Rahmen<\/strong> ausgestattet. Der <strong data-start=\"1124\" data-end=\"1143\">gro\u00dfe Durchgang<\/strong> der Eurodisc erm\u00f6glicht problemloses Arbeiten auch bei gro\u00dfen Mengen organischer R\u00fcckst\u00e4nde \u2013 ohne Verstopfungsprobleme.<\/p>\n<p data-start=\"1266\" data-end=\"1439\">Die <strong data-start=\"1270\" data-end=\"1279\">Naben<\/strong> der Eurodisc sind <strong data-start=\"1298\" data-end=\"1325\">vollst\u00e4ndig abgedichtet<\/strong>, <strong data-start=\"1327\" data-end=\"1343\">wartungsfrei<\/strong> und enthalten <strong data-start=\"1358\" data-end=\"1383\">zwei Kegelrollenlager<\/strong> f\u00fcr maximale Zuverl\u00e4ssigkeit und Sicherheit im Einsatz.<\/p>\n<p>[\/et_pb_text][et_pb_video src=&#8220;https:\/\/vimeo.com\/373338732&#8243; _builder_version=&#8220;4.25.1&#8243; _module_preset=&#8220;default&#8220; global_colors_info=&#8220;{}&#8220;][\/et_pb_video][\/et_pb_column][\/et_pb_row][et_pb_row _builder_version=&#8220;4.24.3&#8243; _module_preset=&#8220;default&#8220; global_colors_info=&#8220;{}&#8220;][et_pb_column type=&#8220;4_4&#8243; _builder_version=&#8220;4.24.3&#8243; _module_preset=&#8220;default&#8220; global_colors_info=&#8220;{}&#8220;][et_pb_button button_url=&#8220;https:\/\/ovlac.com\/wp-content\/uploads\/2025\/06\/CATALOGO-EURODISC-ALE-2025_compressed.pdf&#8220; url_new_window=&#8220;on&#8220; button_text=&#8220;Eurodisc -Katalog herunterladen&#8220; button_alignment=&#8220;center&#8220; _builder_version=&#8220;4.27.4&#8243; _module_preset=&#8220;default&#8220; custom_button=&#8220;on&#8220; button_text_color=&#8220;#FFFFFF&#8220; button_bg_color=&#8220;#EF3E42&#8243; button_icon=&#8220;&#xe092;||divi||400&#8243; button_icon_placement=&#8220;left&#8220; button_on_hover=&#8220;off&#8220; background_layout=&#8220;dark&#8220; locked=&#8220;off&#8220; global_colors_info=&#8220;{}&#8220;][\/et_pb_button][\/et_pb_column][\/et_pb_row][\/et_pb_section][et_pb_section fb_built=&#8220;1&#8243; _builder_version=&#8220;4.24.3&#8243; _module_preset=&#8220;default&#8220; background_color=&#8220;#e5e5e5&#8243; locked=&#8220;off&#8220; global_colors_info=&#8220;{}&#8220;][et_pb_row column_structure=&#8220;1_2,1_2&#8243; _builder_version=&#8220;4.24.3&#8243; _module_preset=&#8220;default&#8220; custom_margin=&#8220;12px||48px||false|false&#8220; custom_margin_tablet=&#8220;12px||48px||false|false&#8220; custom_margin_phone=&#8220;12px||48px||false|false&#8220; custom_margin_last_edited=&#8220;on|desktop&#8220; global_colors_info=&#8220;{}&#8220;][et_pb_column type=&#8220;1_2&#8243; _builder_version=&#8220;4.24.3&#8243; _module_preset=&#8220;default&#8220; global_colors_info=&#8220;{}&#8220;][et_pb_text _builder_version=&#8220;4.27.4&#8243; _module_preset=&#8220;default&#8220; global_colors_info=&#8220;{}&#8220;]<\/p>\n<div class=\"acf-label\">\n<h2 class=\"description\" style=\"text-align: center;\"><strong>Wichtigste Vorteile<\/strong><\/h2>\n<\/div>\n<p>[\/et_pb_text][et_pb_text _builder_version=&#8220;4.27.4&#8243; _module_preset=&#8220;default&#8220; global_colors_info=&#8220;{}&#8220;]<\/p>\n<ul>\n<li>Sehr aggressive Anstellwinkel f\u00fcr eine intensive Mischwirkung.<\/li>\n<li>Non-Stop-Blattfeder-Sicherung f\u00fcr maximale Betriebssicherheit.<\/li>\n<li>24&#8243;-Scheiben f\u00fcr Arbeitstiefen von bis zu 15\u202fcm<\/li>\n<\/ul>\n<p>[\/et_pb_text][\/et_pb_column][et_pb_column type=&#8220;1_2&#8243; _builder_version=&#8220;4.24.3&#8243; _module_preset=&#8220;default&#8220; global_colors_info=&#8220;{}&#8220;][et_pb_image src=&#8220;https:\/\/ovlac.com\/wp-content\/uploads\/2014\/04\/EURODISC-SURCO-FURROW-WEB.jpg&#8220; title_text=&#8220;EURODISC SURCO-FURROW WEB&#8220; _builder_version=&#8220;4.25.1&#8243; _module_preset=&#8220;default&#8220; global_colors_info=&#8220;{}&#8220;][\/et_pb_image][\/et_pb_column][\/et_pb_row][\/et_pb_section][et_pb_section fb_built=&#8220;1&#8243; _builder_version=&#8220;4.27.4&#8243; _module_preset=&#8220;default&#8220; background_color=&#8220;#FFFFFF&#8220; custom_padding=&#8220;||58px|||&#8220; locked=&#8220;off&#8220; global_colors_info=&#8220;{}&#8220;][et_pb_row _builder_version=&#8220;4.27.4&#8243; _module_preset=&#8220;default&#8220; background_color=&#8220;#FFFFFF&#8220; width=&#8220;100%&#8220; module_alignment=&#8220;center&#8220; custom_padding=&#8220;||23px|||&#8220; global_colors_info=&#8220;{}&#8220;][et_pb_column type=&#8220;4_4&#8243; _builder_version=&#8220;4.27.4&#8243; _module_preset=&#8220;default&#8220; global_colors_info=&#8220;{}&#8220;][et_pb_text admin_label=&#8220;Texto&#8220; _builder_version=&#8220;4.27.4&#8243; _module_preset=&#8220;default&#8220; global_colors_info=&#8220;{}&#8220;]<\/p>\n<div class=\"acf-label\">\n<h2 class=\"description\" style=\"text-align: center;\"><strong>Technische Daten:<\/strong><\/h2>\n<\/div>\n<p>[\/et_pb_text][et_pb_image src=&#8220;https:\/\/ovlac.com\/wp-content\/uploads\/2025\/06\/Caracteristicas-Tecnicas-EurodiscII-DE-png.webp&#8220; alt=&#8220;XPERIENCIE-CARACTERISTICAS TECNICAS&#8220; title_text=&#8220;Caracteristicas Tecnicas-EurodiscII-DE&#8220; show_bottom_space=&#8220;off&#8220; align=&#8220;center&#8220; _builder_version=&#8220;4.27.4&#8243; _module_preset=&#8220;default&#8220; background_enable_image=&#8220;off&#8220; module_alignment=&#8220;center&#8220; global_colors_info=&#8220;{}&#8220;][\/et_pb_image][\/et_pb_column][\/et_pb_row][\/et_pb_section][et_pb_section fb_built=&#8220;1&#8243; _builder_version=&#8220;4.24.3&#8243; _module_preset=&#8220;default&#8220; background_color=&#8220;#e5e5e5&#8243; custom_padding=&#8220;60px|||||&#8220; locked=&#8220;off&#8220; global_colors_info=&#8220;{}&#8220;][et_pb_row _builder_version=&#8220;4.24.3&#8243; _module_preset=&#8220;default&#8220; global_colors_info=&#8220;{}&#8220;][et_pb_column type=&#8220;4_4&#8243; _builder_version=&#8220;4.24.3&#8243; _module_preset=&#8220;default&#8220; global_colors_info=&#8220;{}&#8220;][et_pb_text _builder_version=&#8220;4.27.4&#8243; _module_preset=&#8220;default&#8220; global_colors_info=&#8220;{}&#8220;]<\/p>\n<div class=\"acf-label\">\n<h2 class=\"description\" style=\"text-align: center;\"><strong>Verf\u00fcgbare Ressourcen:<\/strong><\/h2>\n<\/div>\n<p>[\/et_pb_text][et_pb_gallery gallery_ids=&#8220;53012,52933,52937,52793&#8243; show_title_and_caption=&#8220;off&#8220; _builder_version=&#8220;4.25.1&#8243; _module_preset=&#8220;default&#8220; global_colors_info=&#8220;{}&#8220;][\/et_pb_gallery][\/et_pb_column][\/et_pb_row][et_pb_row column_structure=&#8220;1_2,1_2&#8243; _builder_version=&#8220;4.27.4&#8243; _module_preset=&#8220;default&#8220; locked=&#8220;off&#8220; global_colors_info=&#8220;{}&#8220;][et_pb_column type=&#8220;1_2&#8243; _builder_version=&#8220;4.27.4&#8243; _module_preset=&#8220;default&#8220; global_colors_info=&#8220;{}&#8220;][et_pb_button button_url=&#8220;https:\/\/ovlac.com\/wp-content\/uploads\/2025\/06\/CATALOGO-EURODISC-ALE-2025_compressed.pdf&#8220; url_new_window=&#8220;on&#8220; button_text=&#8220;Eurodisc -Katalog herunterladen&#8220; button_alignment=&#8220;center&#8220; _builder_version=&#8220;4.27.4&#8243; _module_preset=&#8220;default&#8220; custom_button=&#8220;on&#8220; button_text_color=&#8220;#FFFFFF&#8220; button_bg_color=&#8220;#EF3E42&#8243; button_icon=&#8220;&#xe092;||divi||400&#8243; button_icon_placement=&#8220;left&#8220; button_on_hover=&#8220;off&#8220; background_layout=&#8220;dark&#8220; locked=&#8220;off&#8220; global_colors_info=&#8220;{}&#8220;][\/et_pb_button][\/et_pb_column][et_pb_column type=&#8220;1_2&#8243; _builder_version=&#8220;4.27.4&#8243; _module_preset=&#8220;default&#8220; global_colors_info=&#8220;{}&#8220;][\/et_pb_column][\/et_pb_row][\/et_pb_section]<\/p>\n","protected":false},"excerpt":{"rendered":"<p>Die Eurodisc ist das robusteste Modell der Kurzscheibeneggen-Baureihe von Ovlac. Sie ist mit 24-Zoll-Scheiben (610 mm Durchmesser) ausgestattet, die sowohl in vertikaler Richtung als auch in Fahrtrichtung einen aggressiven Anstellwinkel [&hellip;]<\/p>\n","protected":false},"author":200,"featured_media":0,"parent":0,"menu_order":0,"comment_status":"closed","ping_status":"closed","template":"","meta":{"_et_pb_use_builder":"on","_et_pb_old_content":"","_et_gb_content_width":"","footnotes":""},"class_list":["post-63692","page","type-page","status-publish","hentry"],"yoast_head":"<!-- This site is optimized with the Yoast SEO plugin v24.8.1 - https:\/\/yoast.com\/wordpress\/plugins\/seo\/ -->\n<title>Eurodisc II - Ovlac<\/title>\n<meta name=\"robots\" content=\"index, follow, max-snippet:-1, max-image-preview:large, max-video-preview:-1\" \/>\n<link rel=\"canonical\" href=\"https:\/\/ovlac.com\/de\/eurodisc-ii\/\" \/>\n<meta property=\"og:locale\" content=\"de_DE\" \/>\n<meta property=\"og:type\" content=\"article\" \/>\n<meta property=\"og:title\" content=\"Eurodisc II - Ovlac\" \/>\n<meta property=\"og:description\" content=\"Die Eurodisc ist das robusteste Modell der Kurzscheibeneggen-Baureihe von Ovlac. Sie ist mit 24-Zoll-Scheiben (610 mm Durchmesser) ausgestattet, die sowohl in vertikaler Richtung als auch in Fahrtrichtung einen aggressiven Anstellwinkel [&hellip;]\" \/>\n<meta property=\"og:url\" content=\"https:\/\/ovlac.com\/de\/eurodisc-ii\/\" \/>\n<meta property=\"og:site_name\" content=\"Ovlac\" \/>\n<meta property=\"article:modified_time\" content=\"2025-06-16T12:49:37+00:00\" \/>\n<meta name=\"twitter:card\" content=\"summary_large_image\" \/>\n<meta name=\"twitter:label1\" content=\"Gesch\u00e4tzte Lesezeit\" \/>\n\t<meta name=\"twitter:data1\" content=\"3\u00a0Minuten\" \/>\n<script type=\"application\/ld+json\" class=\"yoast-schema-graph\">{\"@context\":\"https:\/\/schema.org\",\"@graph\":[{\"@type\":\"WebPage\",\"@id\":\"https:\/\/ovlac.com\/de\/eurodisc-ii\/\",\"url\":\"https:\/\/ovlac.com\/de\/eurodisc-ii\/\",\"name\":\"Eurodisc II - Ovlac\",\"isPartOf\":{\"@id\":\"https:\/\/ovlac.com\/#website\"},\"datePublished\":\"2025-06-16T12:47:33+00:00\",\"dateModified\":\"2025-06-16T12:49:37+00:00\",\"breadcrumb\":{\"@id\":\"https:\/\/ovlac.com\/de\/eurodisc-ii\/#breadcrumb\"},\"inLanguage\":\"de\",\"potentialAction\":[{\"@type\":\"ReadAction\",\"target\":[\"https:\/\/ovlac.com\/de\/eurodisc-ii\/\"]}]},{\"@type\":\"BreadcrumbList\",\"@id\":\"https:\/\/ovlac.com\/de\/eurodisc-ii\/#breadcrumb\",\"itemListElement\":[{\"@type\":\"ListItem\",\"position\":1,\"name\":\"Portada\",\"item\":\"https:\/\/ovlac.com\/de\/\"},{\"@type\":\"ListItem\",\"position\":2,\"name\":\"Eurodisc II\"}]},{\"@type\":\"WebSite\",\"@id\":\"https:\/\/ovlac.com\/#website\",\"url\":\"https:\/\/ovlac.com\/\",\"name\":\"Ovlac\",\"description\":\"OVLAC\",\"potentialAction\":[{\"@type\":\"SearchAction\",\"target\":{\"@type\":\"EntryPoint\",\"urlTemplate\":\"https:\/\/ovlac.com\/?s={search_term_string}\"},\"query-input\":{\"@type\":\"PropertyValueSpecification\",\"valueRequired\":true,\"valueName\":\"search_term_string\"}}],\"inLanguage\":\"de\"}]}<\/script>\n<!-- \/ Yoast SEO plugin. -->","yoast_head_json":{"title":"Eurodisc II - Ovlac","robots":{"index":"index","follow":"follow","max-snippet":"max-snippet:-1","max-image-preview":"max-image-preview:large","max-video-preview":"max-video-preview:-1"},"canonical":"https:\/\/ovlac.com\/de\/eurodisc-ii\/","og_locale":"de_DE","og_type":"article","og_title":"Eurodisc II - Ovlac","og_description":"Die Eurodisc ist das robusteste Modell der Kurzscheibeneggen-Baureihe von Ovlac. Sie ist mit 24-Zoll-Scheiben (610 mm Durchmesser) ausgestattet, die sowohl in vertikaler Richtung als auch in Fahrtrichtung einen aggressiven Anstellwinkel [&hellip;]","og_url":"https:\/\/ovlac.com\/de\/eurodisc-ii\/","og_site_name":"Ovlac","article_modified_time":"2025-06-16T12:49:37+00:00","twitter_card":"summary_large_image","twitter_misc":{"Gesch\u00e4tzte Lesezeit":"3\u00a0Minuten"},"schema":{"@context":"https:\/\/schema.org","@graph":[{"@type":"WebPage","@id":"https:\/\/ovlac.com\/de\/eurodisc-ii\/","url":"https:\/\/ovlac.com\/de\/eurodisc-ii\/","name":"Eurodisc II - Ovlac","isPartOf":{"@id":"https:\/\/ovlac.com\/#website"},"datePublished":"2025-06-16T12:47:33+00:00","dateModified":"2025-06-16T12:49:37+00:00","breadcrumb":{"@id":"https:\/\/ovlac.com\/de\/eurodisc-ii\/#breadcrumb"},"inLanguage":"de","potentialAction":[{"@type":"ReadAction","target":["https:\/\/ovlac.com\/de\/eurodisc-ii\/"]}]},{"@type":"BreadcrumbList","@id":"https:\/\/ovlac.com\/de\/eurodisc-ii\/#breadcrumb","itemListElement":[{"@type":"ListItem","position":1,"name":"Portada","item":"https:\/\/ovlac.com\/de\/"},{"@type":"ListItem","position":2,"name":"Eurodisc II"}]},{"@type":"WebSite","@id":"https:\/\/ovlac.com\/#website","url":"https:\/\/ovlac.com\/","name":"Ovlac","description":"OVLAC","potentialAction":[{"@type":"SearchAction","target":{"@type":"EntryPoint","urlTemplate":"https:\/\/ovlac.com\/?s={search_term_string}"},"query-input":{"@type":"PropertyValueSpecification","valueRequired":true,"valueName":"search_term_string"}}],"inLanguage":"de"}]}},"_links":{"self":[{"href":"https:\/\/ovlac.com\/de\/wp-json\/wp\/v2\/pages\/63692","targetHints":{"allow":["GET"]}}],"collection":[{"href":"https:\/\/ovlac.com\/de\/wp-json\/wp\/v2\/pages"}],"about":[{"href":"https:\/\/ovlac.com\/de\/wp-json\/wp\/v2\/types\/page"}],"author":[{"embeddable":true,"href":"https:\/\/ovlac.com\/de\/wp-json\/wp\/v2\/users\/200"}],"replies":[{"embeddable":true,"href":"https:\/\/ovlac.com\/de\/wp-json\/wp\/v2\/comments?post=63692"}],"version-history":[{"count":3,"href":"https:\/\/ovlac.com\/de\/wp-json\/wp\/v2\/pages\/63692\/revisions"}],"predecessor-version":[{"id":63711,"href":"https:\/\/ovlac.com\/de\/wp-json\/wp\/v2\/pages\/63692\/revisions\/63711"}],"wp:attachment":[{"href":"https:\/\/ovlac.com\/de\/wp-json\/wp\/v2\/media?parent=63692"}],"curies":[{"name":"wp","href":"https:\/\/api.w.org\/{rel}","templated":true}]}}