{"id":63243,"date":"2025-03-18T09:58:39","date_gmt":"2025-03-18T09:58:39","guid":{"rendered":"https:\/\/ovlac.com\/?page_id=63243"},"modified":"2025-03-18T10:36:13","modified_gmt":"2025-03-18T10:36:13","slug":"versatill","status":"publish","type":"page","link":"https:\/\/ovlac.com\/de\/versatill\/","title":{"rendered":"VersaTill: Der vielseitige Stoppelgrubber"},"content":{"rendered":"<p>[et_pb_section fb_built=&#8220;1&#8243; fullwidth=&#8220;on&#8220; _builder_version=&#8220;4.24.3&#8243; _module_preset=&#8220;default&#8220; locked=&#8220;off&#8220; global_colors_info=&#8220;{}&#8220;][et_pb_fullwidth_slider admin_label=&#8220;Control deslizante de anchura completa&#8220; _builder_version=&#8220;4.26.0&#8243; _module_preset=&#8220;default&#8220; background_last_edited=&#8220;on|desktop&#8220; global_colors_info=&#8220;{}&#8220;][et_pb_slide url_new_window=&#8220;on&#8220; use_bg_overlay=&#8220;off&#8220; use_text_overlay=&#8220;off&#8220; image_tablet=&#8220;&#8220; image_phone=&#8220;&#8220; image_last_edited=&#8220;on|desktop&#8220; _builder_version=&#8220;4.26.0&#8243; _module_preset=&#8220;default&#8220; header_font=&#8220;||||||||&#8220; background_color=&#8220;#FFFFFF&#8220; background_enable_color=&#8220;on&#8220; background_image=&#8220;https:\/\/ovlac.com\/wp-content\/uploads\/2024\/07\/VERSATILL-VERSION_HQ_10868.jpg&#8220; background_enable_image=&#8220;on&#8220; button_on_hover=&#8220;on&#8220; background_last_edited=&#8220;on|desktop&#8220; background_image_tablet=&#8220;https:\/\/ovlac.com\/wp-content\/uploads\/2024\/04\/slider-XP.png&#8220; background_image_phone=&#8220;https:\/\/ovlac.com\/wp-content\/uploads\/2024\/04\/slider-XP.png&#8220; background_enable_image_tablet=&#8220;on&#8220; background_enable_image_phone=&#8220;on&#8220; global_colors_info=&#8220;{}&#8220; sticky_transition=&#8220;on&#8220;][\/et_pb_slide][\/et_pb_fullwidth_slider][et_pb_fullwidth_post_title meta=&#8220;off&#8220; featured_image=&#8220;off&#8220; _builder_version=&#8220;4.24.3&#8243; _module_preset=&#8220;default&#8220; title_font=&#8220;|700|||||||&#8220; title_text_color=&#8220;#e73137&#8243; title_font_size=&#8220;33px&#8220; background_color=&#8220;RGBA(255,255,255,0)&#8220; custom_padding=&#8220;60px||||false|false&#8220; global_colors_info=&#8220;{}&#8220;][\/et_pb_fullwidth_post_title][\/et_pb_section][et_pb_section fb_built=&#8220;1&#8243; admin_label=&#8220;section&#8220; _builder_version=&#8220;4.16&#8243; locked=&#8220;off&#8220; global_colors_info=&#8220;{}&#8220;][et_pb_row admin_label=&#8220;row&#8220; _builder_version=&#8220;4.24.3&#8243; background_size=&#8220;initial&#8220; background_position=&#8220;top_left&#8220; background_repeat=&#8220;repeat&#8220; custom_margin=&#8220;-28px||||false|false&#8220; custom_padding=&#8220;0px|||||&#8220; global_colors_info=&#8220;{}&#8220;][et_pb_column type=&#8220;4_4&#8243; _builder_version=&#8220;4.16&#8243; custom_padding=&#8220;|||&#8220; global_colors_info=&#8220;{}&#8220; custom_padding__hover=&#8220;|||&#8220;][et_pb_text admin_label=&#8220;Text&#8220; _builder_version=&#8220;4.26.0&#8243; text_font_size=&#8220;15px&#8220; text_line_height=&#8220;1.9em&#8220; background_size=&#8220;initial&#8220; background_position=&#8220;top_left&#8220; background_repeat=&#8220;repeat&#8220; custom_margin=&#8220;||32px||false|false&#8220; custom_padding=&#8220;||32px||false|false&#8220; global_colors_info=&#8220;{}&#8220;]<\/p>\n<p>Der Versatill ist ein \u00e4u\u00dferst vielseitiger Grubber, der in 2- und 3-Balken Ausstattung erh\u00e4ltlich ist und drei verschiedene Bodenbearbeitungen mit einer einzigen Maschine erm\u00f6glicht:<\/p>\n<ul data-start=\"240\" data-end=\"714\">\n<li><strong>Flache Bearbeitung<\/strong>: Durch den Einsatz von Fl\u00fcgeln ist eine Oberfl\u00e4chenbearbeitung in einer Tiefe von 8 bis 15 cm m\u00f6glich, die eine 100%ige Abdeckung der Breite gew\u00e4hrleistet.<\/li>\n<li><strong>Tief mischende Bearbeitung<\/strong>: Durch den Einsatz von Spitzen und Ablenkblechen k\u00f6nnen verdichtete B\u00f6den bis zu einer Tiefe von 40 cm aufgelockert werden.<\/li>\n<li><strong>Mei\u00dfelpfl\u00fcgen<\/strong>: Mit denselben Zinken, aber anstelle des Ablenkblechs mit einem schmalen geraden Schutzblech, wird eine tiefe Bodenbearbeitung ohne Vermischung der R\u00fcckst\u00e4nde erreicht, so dass ein herk\u00f6mmlicher Mei\u00dfelpflug \u00fcberfl\u00fcssig wird.<\/li>\n<\/ul>\n<h3 data-start=\"716\" data-end=\"763\"><strong data-start=\"720\" data-end=\"761\"><\/strong><\/h3>\n<p><span style=\"font-size: large;\"><strong>Warum sollten Sie sich f\u00fcr das hydraulische \u00dcberlastsicherungsystems entscheiden?<\/strong><\/span><\/p>\n<ul data-start=\"765\" data-end=\"981\">\n<li>Passt sich durch Anpassung des Drucks an unterschiedliche Bodenbedingungen an.<\/li>\n<li>\u00a0Sorgt daf\u00fcr, dass der Zinken immer in der richtigen Arbeitsposition bleibt.<\/li>\n<li>-Verringert den Verschlei\u00df der Gelenke.<\/li>\n<li>Sch\u00fctzt den Rahmen vor \u00fcberm\u00e4\u00dfiger Beanspruchung.<\/li>\n<\/ul>\n<p>M\u00f6chten Sie mehr \u00fcber die Vorteile des hydraulischen <strong>\u00dcberlastsicherungsystems <\/strong>in der Versatill erfahren? Klicken Sie <strong>HIER<\/strong>, um mehr zu erfahren.<\/p>\n<p>[\/et_pb_text][et_pb_video src=&#8220;https:\/\/youtu.be\/BM2nS5hK0qs&#8220; _builder_version=&#8220;4.26.0&#8243; _module_preset=&#8220;default&#8220; global_colors_info=&#8220;{}&#8220;][\/et_pb_video][et_pb_button button_url=&#8220;https:\/\/ovlac.com\/wp-content\/uploads\/2025\/03\/CATALOGO-VERSATILL-ALE-2025_compressed.pdf&#8220; url_new_window=&#8220;on&#8220; button_text=&#8220;Versatill Katalog&#8220; button_alignment=&#8220;center&#8220; _builder_version=&#8220;4.27.4&#8243; _module_preset=&#8220;default&#8220; custom_button=&#8220;on&#8220; button_text_size=&#8220;22px&#8220; button_text_color=&#8220;#FFFFFF&#8220; button_bg_color=&#8220;#EF3E42&#8243; button_icon=&#8220;&#xe092;||divi||400&#8243; button_icon_color=&#8220;#FFFFFF&#8220; button_icon_placement=&#8220;left&#8220; button_on_hover=&#8220;off&#8220; hover_enabled=&#8220;0&#8243; locked=&#8220;off&#8220; global_colors_info=&#8220;{}&#8220; sticky_enabled=&#8220;0&#8243;][\/et_pb_button][\/et_pb_column][\/et_pb_row][\/et_pb_section][et_pb_section fb_built=&#8220;1&#8243; _builder_version=&#8220;4.24.3&#8243; _module_preset=&#8220;default&#8220; background_color=&#8220;#e5e5e5&#8243; locked=&#8220;off&#8220; global_colors_info=&#8220;{}&#8220;][et_pb_row column_structure=&#8220;1_2,1_2&#8243; _builder_version=&#8220;4.24.3&#8243; _module_preset=&#8220;default&#8220; custom_margin=&#8220;12px||48px||false|false&#8220; custom_margin_tablet=&#8220;12px||48px||false|false&#8220; custom_margin_phone=&#8220;12px||48px||false|false&#8220; custom_margin_last_edited=&#8220;on|desktop&#8220; global_colors_info=&#8220;{}&#8220;][et_pb_column type=&#8220;1_2&#8243; _builder_version=&#8220;4.24.3&#8243; _module_preset=&#8220;default&#8220; global_colors_info=&#8220;{}&#8220;][et_pb_text _builder_version=&#8220;4.27.4&#8243; _module_preset=&#8220;default&#8220; hover_enabled=&#8220;0&#8243; global_colors_info=&#8220;{}&#8220; sticky_enabled=&#8220;0&#8243;]<\/p>\n<div class=\"acf-label\">\n<h2 style=\"text-align: center;\"><strong>Die wichtigsten Vorteile<\/strong><\/h2>\n<\/div>\n<p>[\/et_pb_text][et_pb_text _builder_version=&#8220;4.27.4&#8243; _module_preset=&#8220;default&#8220; hover_enabled=&#8220;0&#8243; global_colors_info=&#8220;{}&#8220; sticky_enabled=&#8220;0&#8243;]<\/p>\n<ul>\n<li>Wartungsfreies hydraulische \u00dcberlastsicherungssystem mit einstellbarem Ausl\u00f6sedruck<\/li>\n<li>Vielseitiger Einsatz: Geeignet f\u00fcr den Anbau in Tiefen von 10 bis 40 cm.<\/li>\n<li>Wolframkarbidspitzen als Standard.<\/li>\n<\/ul>\n<p>[\/et_pb_text][\/et_pb_column][et_pb_column type=&#8220;1_2&#8243; _builder_version=&#8220;4.24.3&#8243; _module_preset=&#8220;default&#8220; global_colors_info=&#8220;{}&#8220;][et_pb_image src=&#8220;https:\/\/ovlac.com\/wp-content\/uploads\/2014\/04\/VERSATILL-29-WEB.jpg&#8220; title_text=&#8220;XLANDER GC-MCH ARRASTRADO (10)&#8220; _builder_version=&#8220;4.26.0&#8243; _module_preset=&#8220;default&#8220; width=&#8220;99.6%&#8220; custom_padding=&#8220;|78px|0px|||&#8220; global_colors_info=&#8220;{}&#8220;][\/et_pb_image][\/et_pb_column][\/et_pb_row][et_pb_row _builder_version=&#8220;4.24.3&#8243; _module_preset=&#8220;default&#8220; global_colors_info=&#8220;{}&#8220;][et_pb_column type=&#8220;4_4&#8243; _builder_version=&#8220;4.24.3&#8243; _module_preset=&#8220;default&#8220; global_colors_info=&#8220;{}&#8220;][et_pb_text admin_label=&#8220;Texto&#8220; _builder_version=&#8220;4.27.4&#8243; _module_preset=&#8220;default&#8220; hover_enabled=&#8220;0&#8243; global_colors_info=&#8220;{}&#8220; sticky_enabled=&#8220;0&#8243;]<\/p>\n<div class=\"acf-label\">\n<div class=\"et_pb_module et_pb_text et_pb_text_3  et_pb_text_align_left et_pb_bg_layout_light\">\n<div class=\"et_pb_text_inner\">\n<div class=\"acf-label\">\n<h2 style=\"text-align: center;\"><strong>Technische Daten:<\/strong><\/h2>\n<\/div>\n<\/div>\n<\/div>\n<\/div>\n<p>[\/et_pb_text][et_pb_image src=&#8220;https:\/\/ovlac.com\/wp-content\/uploads\/2025\/03\/Technische-Daten-VERSATILL-ALEMAN-png.webp&#8220; alt=&#8220;Technische Daten-VERSATILL-ALEMAN&#8220; title_text=&#8220;Technische Daten-VERSATILL-ALEMAN&#8220; show_bottom_space=&#8220;off&#8220; align=&#8220;center&#8220; _builder_version=&#8220;4.27.4&#8243; _module_preset=&#8220;default&#8220; hover_enabled=&#8220;0&#8243; global_colors_info=&#8220;{}&#8220; sticky_enabled=&#8220;0&#8243;][\/et_pb_image][\/et_pb_column][\/et_pb_row][et_pb_row _builder_version=&#8220;4.24.3&#8243; _module_preset=&#8220;default&#8220; global_colors_info=&#8220;{}&#8220;][et_pb_column type=&#8220;4_4&#8243; _builder_version=&#8220;4.24.3&#8243; _module_preset=&#8220;default&#8220; global_colors_info=&#8220;{}&#8220;][et_pb_text _builder_version=&#8220;4.27.4&#8243; _module_preset=&#8220;default&#8220; hover_enabled=&#8220;0&#8243; global_colors_info=&#8220;{}&#8220; sticky_enabled=&#8220;0&#8243;]<\/p>\n<div class=\"acf-label\">\n<h2 class=\"description\" style=\"text-align: center;\"><strong>Bilder<\/strong><\/h2>\n<\/div>\n<p>[\/et_pb_text][et_pb_gallery gallery_ids=&#8220;45266,48065,62885,62880,62875,62890,55231,55225,55229&#8243; posts_number=&#8220;8&#8243; orientation=&#8220;portrait&#8220; show_title_and_caption=&#8220;off&#8220; _builder_version=&#8220;4.27.4&#8243; _module_preset=&#8220;default&#8220; locked=&#8220;off&#8220; global_colors_info=&#8220;{}&#8220;][\/et_pb_gallery][\/et_pb_column][\/et_pb_row][et_pb_row column_structure=&#8220;1_2,1_2&#8243; _builder_version=&#8220;4.27.0&#8243; _module_preset=&#8220;default&#8220; locked=&#8220;off&#8220; global_colors_info=&#8220;{}&#8220;][et_pb_column type=&#8220;1_2&#8243; _builder_version=&#8220;4.27.0&#8243; _module_preset=&#8220;default&#8220; global_colors_info=&#8220;{}&#8220;][et_pb_button button_url=&#8220;https:\/\/ovlac.com\/wp-content\/uploads\/2025\/03\/CATALOGO-VERSATILL-ALE-2025_compressed.pdf&#8220; url_new_window=&#8220;on&#8220; button_text=&#8220;Versatill Katalog&#8220; button_alignment=&#8220;center&#8220; _builder_version=&#8220;4.27.4&#8243; _module_preset=&#8220;default&#8220; custom_button=&#8220;on&#8220; button_text_size=&#8220;22px&#8220; button_text_color=&#8220;#FFFFFF&#8220; button_bg_color=&#8220;#EF3E42&#8243; button_icon=&#8220;&#xe092;||divi||400&#8243; button_icon_color=&#8220;#FFFFFF&#8220; button_icon_placement=&#8220;left&#8220; button_on_hover=&#8220;off&#8220; hover_enabled=&#8220;0&#8243; locked=&#8220;off&#8220; global_colors_info=&#8220;{}&#8220; sticky_enabled=&#8220;0&#8243;][\/et_pb_button][\/et_pb_column][et_pb_column type=&#8220;1_2&#8243; _builder_version=&#8220;4.27.0&#8243; _module_preset=&#8220;default&#8220; global_colors_info=&#8220;{}&#8220;][et_pb_button button_url=&#8220;https:\/\/ovlac.com\/de\/haendler-karte\/&#8220; url_new_window=&#8220;on&#8220; button_text=&#8220;H\u00e4ndlersuche&#8220; button_alignment=&#8220;center&#8220; _builder_version=&#8220;4.27.4&#8243; _module_preset=&#8220;default&#8220; custom_button=&#8220;on&#8220; button_text_size=&#8220;22px&#8220; button_text_color=&#8220;#FFFFFF&#8220; button_bg_color=&#8220;#EF3E42&#8243; button_border_width=&#8220;0px&#8220; button_border_color=&#8220;RGBA(255,255,255,0)&#8220; button_icon=&#8220;&#xf5a0;||fa||900&#8243; button_icon_color=&#8220;#FFFFFF&#8220; button_icon_placement=&#8220;left&#8220; button_on_hover=&#8220;off&#8220; background_layout=&#8220;dark&#8220; locked=&#8220;off&#8220; global_colors_info=&#8220;{}&#8220;][\/et_pb_button][\/et_pb_column][\/et_pb_row][\/et_pb_section]<\/p>\n","protected":false},"excerpt":{"rendered":"<p>Der Versatill ist ein \u00e4u\u00dferst vielseitiger Grubber, der in 2- und 3-Balken Ausstattung erh\u00e4ltlich ist und drei verschiedene Bodenbearbeitungen mit einer einzigen Maschine erm\u00f6glicht: Flache Bearbeitung: Durch den Einsatz von [&hellip;]<\/p>\n","protected":false},"author":200,"featured_media":0,"parent":0,"menu_order":0,"comment_status":"closed","ping_status":"closed","template":"","meta":{"_et_pb_use_builder":"on","_et_pb_old_content":"","_et_gb_content_width":"","footnotes":""},"class_list":["post-63243","page","type-page","status-publish","hentry"],"yoast_head":"<!-- This site is optimized with the Yoast SEO plugin v24.8.1 - https:\/\/yoast.com\/wordpress\/plugins\/seo\/ -->\n<title>VersaTill: Der vielseitige Stoppelgrubber - Ovlac<\/title>\n<meta name=\"description\" content=\"VersaTill: Der vielseitige Stoppelgrubber. Der Versatill ist ein \u00e4u\u00dferst vielseitiger Grubber, der in 2- und 3-Balken Ausstattung...\" \/>\n<meta name=\"robots\" content=\"index, follow, max-snippet:-1, max-image-preview:large, max-video-preview:-1\" \/>\n<link rel=\"canonical\" href=\"https:\/\/ovlac.com\/de\/versatill\/\" \/>\n<meta property=\"og:locale\" content=\"de_DE\" \/>\n<meta property=\"og:type\" content=\"article\" \/>\n<meta property=\"og:title\" content=\"VersaTill: Der vielseitige Stoppelgrubber - Ovlac\" \/>\n<meta property=\"og:description\" content=\"VersaTill: Der vielseitige Stoppelgrubber. Der Versatill ist ein \u00e4u\u00dferst vielseitiger Grubber, der in 2- und 3-Balken Ausstattung...\" \/>\n<meta property=\"og:url\" content=\"https:\/\/ovlac.com\/de\/versatill\/\" \/>\n<meta property=\"og:site_name\" content=\"Ovlac\" \/>\n<meta property=\"article:modified_time\" content=\"2025-03-18T10:36:13+00:00\" \/>\n<meta name=\"twitter:card\" content=\"summary_large_image\" \/>\n<meta name=\"twitter:label1\" content=\"Gesch\u00e4tzte Lesezeit\" \/>\n\t<meta name=\"twitter:data1\" content=\"3\u00a0Minuten\" \/>\n<script type=\"application\/ld+json\" class=\"yoast-schema-graph\">{\"@context\":\"https:\/\/schema.org\",\"@graph\":[{\"@type\":\"WebPage\",\"@id\":\"https:\/\/ovlac.com\/de\/versatill\/\",\"url\":\"https:\/\/ovlac.com\/de\/versatill\/\",\"name\":\"VersaTill: Der vielseitige Stoppelgrubber - Ovlac\",\"isPartOf\":{\"@id\":\"https:\/\/ovlac.com\/#website\"},\"datePublished\":\"2025-03-18T09:58:39+00:00\",\"dateModified\":\"2025-03-18T10:36:13+00:00\",\"description\":\"VersaTill: Der vielseitige Stoppelgrubber. Der Versatill ist ein \u00e4u\u00dferst vielseitiger Grubber, der in 2- und 3-Balken Ausstattung...\",\"breadcrumb\":{\"@id\":\"https:\/\/ovlac.com\/de\/versatill\/#breadcrumb\"},\"inLanguage\":\"de\",\"potentialAction\":[{\"@type\":\"ReadAction\",\"target\":[\"https:\/\/ovlac.com\/de\/versatill\/\"]}]},{\"@type\":\"BreadcrumbList\",\"@id\":\"https:\/\/ovlac.com\/de\/versatill\/#breadcrumb\",\"itemListElement\":[{\"@type\":\"ListItem\",\"position\":1,\"name\":\"Portada\",\"item\":\"https:\/\/ovlac.com\/de\/\"},{\"@type\":\"ListItem\",\"position\":2,\"name\":\"VersaTill: Der vielseitige Stoppelgrubber\"}]},{\"@type\":\"WebSite\",\"@id\":\"https:\/\/ovlac.com\/#website\",\"url\":\"https:\/\/ovlac.com\/\",\"name\":\"Ovlac\",\"description\":\"OVLAC\",\"potentialAction\":[{\"@type\":\"SearchAction\",\"target\":{\"@type\":\"EntryPoint\",\"urlTemplate\":\"https:\/\/ovlac.com\/?s={search_term_string}\"},\"query-input\":{\"@type\":\"PropertyValueSpecification\",\"valueRequired\":true,\"valueName\":\"search_term_string\"}}],\"inLanguage\":\"de\"}]}<\/script>\n<!-- \/ Yoast SEO plugin. -->","yoast_head_json":{"title":"VersaTill: Der vielseitige Stoppelgrubber - Ovlac","description":"VersaTill: Der vielseitige Stoppelgrubber. Der Versatill ist ein \u00e4u\u00dferst vielseitiger Grubber, der in 2- und 3-Balken Ausstattung...","robots":{"index":"index","follow":"follow","max-snippet":"max-snippet:-1","max-image-preview":"max-image-preview:large","max-video-preview":"max-video-preview:-1"},"canonical":"https:\/\/ovlac.com\/de\/versatill\/","og_locale":"de_DE","og_type":"article","og_title":"VersaTill: Der vielseitige Stoppelgrubber - Ovlac","og_description":"VersaTill: Der vielseitige Stoppelgrubber. Der Versatill ist ein \u00e4u\u00dferst vielseitiger Grubber, der in 2- und 3-Balken Ausstattung...","og_url":"https:\/\/ovlac.com\/de\/versatill\/","og_site_name":"Ovlac","article_modified_time":"2025-03-18T10:36:13+00:00","twitter_card":"summary_large_image","twitter_misc":{"Gesch\u00e4tzte Lesezeit":"3\u00a0Minuten"},"schema":{"@context":"https:\/\/schema.org","@graph":[{"@type":"WebPage","@id":"https:\/\/ovlac.com\/de\/versatill\/","url":"https:\/\/ovlac.com\/de\/versatill\/","name":"VersaTill: Der vielseitige Stoppelgrubber - Ovlac","isPartOf":{"@id":"https:\/\/ovlac.com\/#website"},"datePublished":"2025-03-18T09:58:39+00:00","dateModified":"2025-03-18T10:36:13+00:00","description":"VersaTill: Der vielseitige Stoppelgrubber. Der Versatill ist ein \u00e4u\u00dferst vielseitiger Grubber, der in 2- und 3-Balken Ausstattung...","breadcrumb":{"@id":"https:\/\/ovlac.com\/de\/versatill\/#breadcrumb"},"inLanguage":"de","potentialAction":[{"@type":"ReadAction","target":["https:\/\/ovlac.com\/de\/versatill\/"]}]},{"@type":"BreadcrumbList","@id":"https:\/\/ovlac.com\/de\/versatill\/#breadcrumb","itemListElement":[{"@type":"ListItem","position":1,"name":"Portada","item":"https:\/\/ovlac.com\/de\/"},{"@type":"ListItem","position":2,"name":"VersaTill: Der vielseitige Stoppelgrubber"}]},{"@type":"WebSite","@id":"https:\/\/ovlac.com\/#website","url":"https:\/\/ovlac.com\/","name":"Ovlac","description":"OVLAC","potentialAction":[{"@type":"SearchAction","target":{"@type":"EntryPoint","urlTemplate":"https:\/\/ovlac.com\/?s={search_term_string}"},"query-input":{"@type":"PropertyValueSpecification","valueRequired":true,"valueName":"search_term_string"}}],"inLanguage":"de"}]}},"_links":{"self":[{"href":"https:\/\/ovlac.com\/de\/wp-json\/wp\/v2\/pages\/63243","targetHints":{"allow":["GET"]}}],"collection":[{"href":"https:\/\/ovlac.com\/de\/wp-json\/wp\/v2\/pages"}],"about":[{"href":"https:\/\/ovlac.com\/de\/wp-json\/wp\/v2\/types\/page"}],"author":[{"embeddable":true,"href":"https:\/\/ovlac.com\/de\/wp-json\/wp\/v2\/users\/200"}],"replies":[{"embeddable":true,"href":"https:\/\/ovlac.com\/de\/wp-json\/wp\/v2\/comments?post=63243"}],"version-history":[{"count":4,"href":"https:\/\/ovlac.com\/de\/wp-json\/wp\/v2\/pages\/63243\/revisions"}],"predecessor-version":[{"id":63258,"href":"https:\/\/ovlac.com\/de\/wp-json\/wp\/v2\/pages\/63243\/revisions\/63258"}],"wp:attachment":[{"href":"https:\/\/ovlac.com\/de\/wp-json\/wp\/v2\/media?parent=63243"}],"curies":[{"name":"wp","href":"https:\/\/api.w.org\/{rel}","templated":true}]}}