{"id":63226,"date":"2025-03-18T09:18:13","date_gmt":"2025-03-18T09:18:13","guid":{"rendered":"https:\/\/ovlac.com\/?page_id=63226"},"modified":"2025-03-18T09:18:15","modified_gmt":"2025-03-18T09:18:15","slug":"xlander-gc","status":"publish","type":"page","link":"https:\/\/ovlac.com\/de\/xlander-gc\/","title":{"rendered":"XLander GC: Die gezogene Version Ihres Lieblingsgrubbers"},"content":{"rendered":"<p>[et_pb_section fb_built=&#8220;1&#8243; fullwidth=&#8220;on&#8220; _builder_version=&#8220;4.24.3&#8243; _module_preset=&#8220;default&#8220; locked=&#8220;off&#8220; global_colors_info=&#8220;{}&#8220;][et_pb_fullwidth_slider admin_label=&#8220;Control deslizante de anchura completa&#8220; _builder_version=&#8220;4.26.0&#8243; _module_preset=&#8220;default&#8220; background_last_edited=&#8220;on|desktop&#8220; global_colors_info=&#8220;{}&#8220;][et_pb_slide url_new_window=&#8220;on&#8220; use_bg_overlay=&#8220;off&#8220; use_text_overlay=&#8220;off&#8220; image_tablet=&#8220;&#8220; image_phone=&#8220;&#8220; image_last_edited=&#8220;on|desktop&#8220; _builder_version=&#8220;4.26.0&#8243; _module_preset=&#8220;default&#8220; header_font=&#8220;||||||||&#8220; background_color=&#8220;#FFFFFF&#8220; background_enable_color=&#8220;on&#8220; background_image=&#8220;https:\/\/ovlac.com\/wp-content\/uploads\/2024\/07\/XLANDER-GC_HQ1623.jpg&#8220; background_enable_image=&#8220;on&#8220; button_on_hover=&#8220;on&#8220; background_last_edited=&#8220;on|desktop&#8220; background_image_tablet=&#8220;https:\/\/ovlac.com\/wp-content\/uploads\/2024\/04\/slider-XP.png&#8220; background_image_phone=&#8220;https:\/\/ovlac.com\/wp-content\/uploads\/2024\/04\/slider-XP.png&#8220; background_enable_image_tablet=&#8220;on&#8220; background_enable_image_phone=&#8220;on&#8220; global_colors_info=&#8220;{}&#8220; sticky_transition=&#8220;on&#8220;][\/et_pb_slide][\/et_pb_fullwidth_slider][et_pb_fullwidth_post_title meta=&#8220;off&#8220; featured_image=&#8220;off&#8220; _builder_version=&#8220;4.24.3&#8243; _module_preset=&#8220;default&#8220; title_font=&#8220;|700|||||||&#8220; title_text_color=&#8220;#e73137&#8243; title_font_size=&#8220;33px&#8220; background_color=&#8220;RGBA(255,255,255,0)&#8220; custom_padding=&#8220;60px||||false|false&#8220; global_colors_info=&#8220;{}&#8220;][\/et_pb_fullwidth_post_title][\/et_pb_section][et_pb_section fb_built=&#8220;1&#8243; admin_label=&#8220;section&#8220; _builder_version=&#8220;4.16&#8243; locked=&#8220;off&#8220; global_colors_info=&#8220;{}&#8220;][et_pb_row admin_label=&#8220;row&#8220; _builder_version=&#8220;4.24.3&#8243; background_size=&#8220;initial&#8220; background_position=&#8220;top_left&#8220; background_repeat=&#8220;repeat&#8220; custom_margin=&#8220;-28px||||false|false&#8220; custom_padding=&#8220;0px|||||&#8220; global_colors_info=&#8220;{}&#8220;][et_pb_column type=&#8220;4_4&#8243; _builder_version=&#8220;4.16&#8243; custom_padding=&#8220;|||&#8220; global_colors_info=&#8220;{}&#8220; custom_padding__hover=&#8220;|||&#8220;][et_pb_text admin_label=&#8220;Text&#8220; _builder_version=&#8220;4.25.0&#8243; text_font_size=&#8220;15px&#8220; text_line_height=&#8220;1.9em&#8220; background_size=&#8220;initial&#8220; background_position=&#8220;top_left&#8220; background_repeat=&#8220;repeat&#8220; custom_margin=&#8220;||32px||false|false&#8220; custom_padding=&#8220;||32px||false|false&#8220; global_colors_info=&#8220;{}&#8220;]<\/p>\n<p>Der<strong> XLander GC<\/strong> ist die Antwort f\u00fcr Traktoren mit gro\u00dfer Leistung von 250 bis 500 PS. Dank seiner Breite von 7,15 bis 10,00 m und seiner Arbeitsgeschwindigkeit, die bis zu 10 km\/h betragen kann (abh\u00e4ngig von den Bedingungen und der erforderlichen Arbeit), kann die Leistung bis zu 8 ha\/h betragen (abh\u00e4ngig von der Parzelle und dem bearbeiteten Boden).<\/p>\n<p>Ein wichtiger Punkt ist, dass die Transportr\u00e4der vor der Maschine in Arbeitsposition platziert sind, im Gegensatz zu vielen gezogenen Maschinen dieser Art. Auf diese Weise k\u00f6nnen die gro\u00dfen R\u00e4der f\u00fcr eine optimale <strong>Tiefenkontrolle<\/strong> verwendet werden, auch unter sehr ung\u00fcnstigen Bedingungen, und sie beeintr\u00e4chtigen nicht die Arbeit den Zinken.<\/p>\n<p>Au\u00dferdem erleichtern die<strong> 2 hydraulischen Speicher<\/strong>, die die Arbeitstiefe und den Anstellwinkel der Arme steuern (3-Punkt-Funktion), die Benutzung dieser Maschine erheblich, da sie es erm\u00f6glichen, nach den Man\u00f6vern des Spindelstocks oder nach einer \u00c4nderung der Regelung in einem bestimmten Bereich zu den bereits festgelegten Einstellungen zur\u00fcckzukehren.<\/p>\n<p>Die <strong>XLander GC<\/strong> besteht aus einem sehr robusten Rahmen, der auf <strong>einem starken zentralen Rahmen<\/strong> basiert. Alle Gelenke, Drehungen und wichtigen Elemente sind aus <strong>hochelastischem Stahl<\/strong> gefertigt. Eine weitere wichtige Innovation ist die <strong>abwechselnde Anordnung von langen und kurzen Zinken<\/strong>, die eine wichtige Verbesserung des Abfallflusses f\u00fcr eine verstopfungsfreie Arbeit gew\u00e4hrleisten.<\/p>\n<p><strong>WEITERE MERKMALE<\/strong><\/p>\n<p>&#8211; 3 Balken von versetzten Armen f\u00fcr einen \u201eV\u201c-Fluss, der die Zirkulation von reichlich R\u00fcckst\u00e4nde erm\u00f6glicht.<\/p>\n<p>&#8211; Rahmenh\u00f6he von 74 cm (je nach Schar-Typ).<\/p>\n<p>&#8211; Balkenabstand: 63 cm<\/p>\n<p>&#8211; Zinkenabstand 23 cm .<\/p>\n<p>&#8211; 300 kg Losbrechkraft.<\/p>\n<p>&#8211; Gro\u00dfe Auswahl an Zubeh\u00f6r (siehe Seiten der Optionen).<\/p>\n<p>&#8211; 2 hydraulische Speicher f\u00fcr eine einfache Bedienung.<\/p>\n<p>&#8211; Seitliche R\u00e4der f\u00fcr die Tiefenkontrolle und zentrale R\u00e4der f\u00fcr Steuerung und Transport.<\/p>\n<p>Erh\u00e4ltlich f\u00fcr die Ausr\u00fcstung mit einer <strong>Vielzahl von Walzen<\/strong>, sowie <strong>Zinkenstriegel <\/strong>mit 2 oder 3 Reihen, <strong>Zwischenblattstriegel oder 16 mm Striegel mit einstellbarem Winkel.<\/strong> Als Option <strong>Schare aus Wolfram.<\/strong><\/p>\n<p>[\/et_pb_text][et_pb_video src=&#8220;https:\/\/youtu.be\/qjGb3h7ykWE&#8220; _builder_version=&#8220;4.26.0&#8243; _module_preset=&#8220;default&#8220; global_colors_info=&#8220;{}&#8220;][\/et_pb_video][\/et_pb_column][\/et_pb_row][et_pb_row _builder_version=&#8220;4.24.3&#8243; _module_preset=&#8220;default&#8220; global_colors_info=&#8220;{}&#8220;][et_pb_column type=&#8220;4_4&#8243; _builder_version=&#8220;4.24.3&#8243; _module_preset=&#8220;default&#8220; global_colors_info=&#8220;{}&#8220;][et_pb_button button_url=&#8220;https:\/\/ovlac.com\/wp-content\/uploads\/2025\/03\/CATALOGO-XLANDER-ALE-2025_compressed.pdf&#8220; url_new_window=&#8220;on&#8220; button_text=&#8220;XLander Katalog&#8220; button_alignment=&#8220;center&#8220; _builder_version=&#8220;4.27.4&#8243; _module_preset=&#8220;default&#8220; custom_button=&#8220;on&#8220; button_text_size=&#8220;22px&#8220; button_text_color=&#8220;#FFFFFF&#8220; button_bg_color=&#8220;#EF3E42&#8243; button_icon=&#8220;&#xe092;||divi||400&#8243; button_icon_color=&#8220;#FFFFFF&#8220; button_icon_placement=&#8220;left&#8220; button_on_hover=&#8220;off&#8220; locked=&#8220;off&#8220; global_colors_info=&#8220;{}&#8220;][\/et_pb_button][\/et_pb_column][\/et_pb_row][\/et_pb_section][et_pb_section fb_built=&#8220;1&#8243; _builder_version=&#8220;4.24.3&#8243; _module_preset=&#8220;default&#8220; background_color=&#8220;#e5e5e5&#8243; locked=&#8220;off&#8220; global_colors_info=&#8220;{}&#8220;][et_pb_row column_structure=&#8220;1_2,1_2&#8243; _builder_version=&#8220;4.24.3&#8243; _module_preset=&#8220;default&#8220; custom_margin=&#8220;12px||48px||false|false&#8220; custom_margin_tablet=&#8220;12px||48px||false|false&#8220; custom_margin_phone=&#8220;12px||48px||false|false&#8220; custom_margin_last_edited=&#8220;on|desktop&#8220; global_colors_info=&#8220;{}&#8220;][et_pb_column type=&#8220;1_2&#8243; _builder_version=&#8220;4.24.3&#8243; _module_preset=&#8220;default&#8220; global_colors_info=&#8220;{}&#8220;][et_pb_text _builder_version=&#8220;4.27.4&#8243; _module_preset=&#8220;default&#8220; hover_enabled=&#8220;0&#8243; global_colors_info=&#8220;{}&#8220; sticky_enabled=&#8220;0&#8243;]<\/p>\n<div class=\"acf-label\">\n<h2 style=\"text-align: center;\"><strong>Die wichtigsten Vorteile<\/strong><\/h2>\n<\/div>\n<p>[\/et_pb_text][et_pb_text _builder_version=&#8220;4.27.4&#8243; _module_preset=&#8220;default&#8220; hover_enabled=&#8220;0&#8243; global_colors_info=&#8220;{}&#8220; sticky_enabled=&#8220;0&#8243;]<\/p>\n<ul>\n<li>100% wartungsfreies Steinschutzsystem.<\/li>\n<li>3 Balken von 7 bis 10 m Arbeitsbreite.<\/li>\n<\/ul>\n<p>[\/et_pb_text][\/et_pb_column][et_pb_column type=&#8220;1_2&#8243; _builder_version=&#8220;4.24.3&#8243; _module_preset=&#8220;default&#8220; global_colors_info=&#8220;{}&#8220;][et_pb_image src=&#8220;https:\/\/ovlac.com\/wp-content\/uploads\/2024\/07\/XLANDER-GC-MCH-ARRASTRADO-10.jpg&#8220; title_text=&#8220;XLANDER GC-MCH ARRASTRADO (10)&#8220; _builder_version=&#8220;4.26.0&#8243; _module_preset=&#8220;default&#8220; width=&#8220;99.6%&#8220; custom_padding=&#8220;|78px|0px|||&#8220; global_colors_info=&#8220;{}&#8220;][\/et_pb_image][\/et_pb_column][\/et_pb_row][et_pb_row _builder_version=&#8220;4.24.3&#8243; _module_preset=&#8220;default&#8220; global_colors_info=&#8220;{}&#8220;][et_pb_column type=&#8220;4_4&#8243; _builder_version=&#8220;4.24.3&#8243; _module_preset=&#8220;default&#8220; global_colors_info=&#8220;{}&#8220;][et_pb_text _builder_version=&#8220;4.27.4&#8243; _module_preset=&#8220;default&#8220; hover_enabled=&#8220;0&#8243; global_colors_info=&#8220;{}&#8220; sticky_enabled=&#8220;0&#8243;]<\/p>\n<div class=\"acf-label\">\n<h2 style=\"text-align: center;\"><strong>Technische Daten:<\/strong><\/h2>\n<\/div>\n<p>[\/et_pb_text][et_pb_image src=&#8220;https:\/\/ovlac.com\/wp-content\/uploads\/2025\/03\/Technische-Daten-XLANDER-GC-ALEMAN-png.webp&#8220; alt=&#8220;XPERIENCIE-CARACTERISTICAS TECNICAS&#8220; title_text=&#8220;Technische Daten-XLANDER GC-ALEMAN&#8220; show_bottom_space=&#8220;off&#8220; _builder_version=&#8220;4.27.4&#8243; _module_preset=&#8220;default&#8220; hover_enabled=&#8220;0&#8243; global_colors_info=&#8220;{}&#8220; sticky_enabled=&#8220;0&#8243; align=&#8220;center&#8220;][\/et_pb_image][\/et_pb_column][\/et_pb_row][et_pb_row _builder_version=&#8220;4.24.3&#8243; _module_preset=&#8220;default&#8220; global_colors_info=&#8220;{}&#8220;][et_pb_column type=&#8220;4_4&#8243; _builder_version=&#8220;4.24.3&#8243; _module_preset=&#8220;default&#8220; global_colors_info=&#8220;{}&#8220;][et_pb_text _builder_version=&#8220;4.27.4&#8243; _module_preset=&#8220;default&#8220; hover_enabled=&#8220;0&#8243; global_colors_info=&#8220;{}&#8220; sticky_enabled=&#8220;0&#8243;]<\/p>\n<div class=\"acf-label\">\n<h2 class=\"description\" style=\"text-align: center;\"><strong>Bilder<\/strong><\/h2>\n<\/div>\n<p>[\/et_pb_text][et_pb_gallery gallery_ids=&#8220;49216,49220,49224,49228,49232,49236,49240,49244,49248&#8243; posts_number=&#8220;8&#8243; show_title_and_caption=&#8220;off&#8220; _builder_version=&#8220;4.27.4&#8243; _module_preset=&#8220;default&#8220; hover_enabled=&#8220;0&#8243; global_colors_info=&#8220;{}&#8220; sticky_enabled=&#8220;0&#8243;][\/et_pb_gallery][\/et_pb_column][\/et_pb_row][et_pb_row column_structure=&#8220;1_2,1_2&#8243; _builder_version=&#8220;4.27.0&#8243; _module_preset=&#8220;default&#8220; locked=&#8220;off&#8220; global_colors_info=&#8220;{}&#8220;][et_pb_column type=&#8220;1_2&#8243; _builder_version=&#8220;4.27.0&#8243; _module_preset=&#8220;default&#8220; global_colors_info=&#8220;{}&#8220;][et_pb_button button_url=&#8220;https:\/\/ovlac.com\/wp-content\/uploads\/2025\/03\/CATALOGO-XLANDER-ALE-2025_compressed.pdf&#8220; url_new_window=&#8220;on&#8220; button_text=&#8220;XLander Katalog&#8220; button_alignment=&#8220;center&#8220; _builder_version=&#8220;4.27.4&#8243; _module_preset=&#8220;default&#8220; custom_button=&#8220;on&#8220; button_text_size=&#8220;22px&#8220; button_text_color=&#8220;#FFFFFF&#8220; button_bg_color=&#8220;#EF3E42&#8243; button_icon=&#8220;&#xe092;||divi||400&#8243; button_icon_color=&#8220;#FFFFFF&#8220; button_icon_placement=&#8220;left&#8220; button_on_hover=&#8220;off&#8220; locked=&#8220;off&#8220; global_colors_info=&#8220;{}&#8220;][\/et_pb_button][\/et_pb_column][et_pb_column type=&#8220;1_2&#8243; _builder_version=&#8220;4.27.0&#8243; _module_preset=&#8220;default&#8220; global_colors_info=&#8220;{}&#8220;][et_pb_button button_url=&#8220;https:\/\/ovlac.com\/de\/haendler-karte\/&#8220; url_new_window=&#8220;on&#8220; button_text=&#8220;H\u00e4ndlersuche&#8220; button_alignment=&#8220;center&#8220; _builder_version=&#8220;4.27.4&#8243; _module_preset=&#8220;default&#8220; custom_button=&#8220;on&#8220; button_text_size=&#8220;22px&#8220; button_text_color=&#8220;#FFFFFF&#8220; button_bg_color=&#8220;#EF3E42&#8243; button_border_width=&#8220;0px&#8220; button_border_color=&#8220;RGBA(255,255,255,0)&#8220; button_icon=&#8220;&#xf5a0;||fa||900&#8243; button_icon_color=&#8220;#FFFFFF&#8220; button_icon_placement=&#8220;left&#8220; button_on_hover=&#8220;off&#8220; background_layout=&#8220;dark&#8220; locked=&#8220;off&#8220; global_colors_info=&#8220;{}&#8220;][\/et_pb_button][\/et_pb_column][\/et_pb_row][\/et_pb_section]<\/p>\n","protected":false},"excerpt":{"rendered":"<p>Der XLander GC ist die Antwort f\u00fcr Traktoren mit gro\u00dfer Leistung von 250 bis 500 PS. Dank seiner Breite von 7,15 bis 10,00 m und seiner Arbeitsgeschwindigkeit, die bis zu [&hellip;]<\/p>\n","protected":false},"author":200,"featured_media":59225,"parent":0,"menu_order":0,"comment_status":"closed","ping_status":"closed","template":"","meta":{"_et_pb_use_builder":"on","_et_pb_old_content":"","_et_gb_content_width":"","footnotes":""},"class_list":["post-63226","page","type-page","status-publish","has-post-thumbnail","hentry"],"yoast_head":"<!-- This site is optimized with the Yoast SEO plugin v24.8.1 - https:\/\/yoast.com\/wordpress\/plugins\/seo\/ -->\n<title>XLander GC: Die gezogene Version Ihres Lieblingsgrubbers - Ovlac<\/title>\n<meta name=\"description\" content=\"XLander GC: Die gezogene Version Ihres Lieblingsgrubbers. Der XLander GC ist die Antwort f\u00fcr Traktoren mit gro\u00dfer Leistung von 250 bis...\" \/>\n<meta name=\"robots\" content=\"index, follow, max-snippet:-1, max-image-preview:large, max-video-preview:-1\" \/>\n<link rel=\"canonical\" href=\"https:\/\/ovlac.com\/xlander-gc\/\" \/>\n<meta property=\"og:locale\" content=\"de_DE\" \/>\n<meta property=\"og:type\" content=\"article\" \/>\n<meta property=\"og:title\" content=\"XLander GC: Die gezogene Version Ihres Lieblingsgrubbers - Ovlac\" \/>\n<meta property=\"og:description\" content=\"XLander GC: Die gezogene Version Ihres Lieblingsgrubbers. Der XLander GC ist die Antwort f\u00fcr Traktoren mit gro\u00dfer Leistung von 250 bis...\" \/>\n<meta property=\"og:url\" content=\"https:\/\/ovlac.com\/xlander-gc\/\" \/>\n<meta property=\"og:site_name\" content=\"Ovlac\" \/>\n<meta property=\"article:modified_time\" content=\"2025-03-18T09:18:15+00:00\" \/>\n<meta property=\"og:image\" content=\"https:\/\/ovlac.com\/wp-content\/uploads\/2024\/07\/xlander-gc-ovlac-cultivadores-web.jpg\" \/>\n\t<meta property=\"og:image:width\" content=\"1455\" \/>\n\t<meta property=\"og:image:height\" content=\"863\" \/>\n\t<meta property=\"og:image:type\" content=\"image\/jpeg\" \/>\n<meta name=\"twitter:card\" content=\"summary_large_image\" \/>\n<meta name=\"twitter:label1\" content=\"Gesch\u00e4tzte Lesezeit\" \/>\n\t<meta name=\"twitter:data1\" content=\"5\u00a0Minuten\" \/>\n<script type=\"application\/ld+json\" class=\"yoast-schema-graph\">{\"@context\":\"https:\/\/schema.org\",\"@graph\":[{\"@type\":\"WebPage\",\"@id\":\"https:\/\/ovlac.com\/xlander-gc\/\",\"url\":\"https:\/\/ovlac.com\/xlander-gc\/\",\"name\":\"XLander GC: Die gezogene Version Ihres Lieblingsgrubbers - Ovlac\",\"isPartOf\":{\"@id\":\"https:\/\/ovlac.com\/#website\"},\"primaryImageOfPage\":{\"@id\":\"https:\/\/ovlac.com\/xlander-gc\/#primaryimage\"},\"image\":{\"@id\":\"https:\/\/ovlac.com\/xlander-gc\/#primaryimage\"},\"thumbnailUrl\":\"https:\/\/ovlac.com\/wp-content\/uploads\/2024\/07\/xlander-gc-ovlac-cultivadores-web.jpg\",\"datePublished\":\"2025-03-18T09:18:13+00:00\",\"dateModified\":\"2025-03-18T09:18:15+00:00\",\"description\":\"XLander GC: Die gezogene Version Ihres Lieblingsgrubbers. Der XLander GC ist die Antwort f\u00fcr Traktoren mit gro\u00dfer Leistung von 250 bis...\",\"breadcrumb\":{\"@id\":\"https:\/\/ovlac.com\/xlander-gc\/#breadcrumb\"},\"inLanguage\":\"de\",\"potentialAction\":[{\"@type\":\"ReadAction\",\"target\":[\"https:\/\/ovlac.com\/xlander-gc\/\"]}]},{\"@type\":\"ImageObject\",\"inLanguage\":\"de\",\"@id\":\"https:\/\/ovlac.com\/xlander-gc\/#primaryimage\",\"url\":\"https:\/\/ovlac.com\/wp-content\/uploads\/2024\/07\/xlander-gc-ovlac-cultivadores-web.jpg\",\"contentUrl\":\"https:\/\/ovlac.com\/wp-content\/uploads\/2024\/07\/xlander-gc-ovlac-cultivadores-web.jpg\",\"width\":1455,\"height\":863},{\"@type\":\"BreadcrumbList\",\"@id\":\"https:\/\/ovlac.com\/xlander-gc\/#breadcrumb\",\"itemListElement\":[{\"@type\":\"ListItem\",\"position\":1,\"name\":\"Portada\",\"item\":\"https:\/\/ovlac.com\/de\/\"},{\"@type\":\"ListItem\",\"position\":2,\"name\":\"XLander GC: Die gezogene Version Ihres Lieblingsgrubbers\"}]},{\"@type\":\"WebSite\",\"@id\":\"https:\/\/ovlac.com\/#website\",\"url\":\"https:\/\/ovlac.com\/\",\"name\":\"Ovlac\",\"description\":\"OVLAC\",\"potentialAction\":[{\"@type\":\"SearchAction\",\"target\":{\"@type\":\"EntryPoint\",\"urlTemplate\":\"https:\/\/ovlac.com\/?s={search_term_string}\"},\"query-input\":{\"@type\":\"PropertyValueSpecification\",\"valueRequired\":true,\"valueName\":\"search_term_string\"}}],\"inLanguage\":\"de\"}]}<\/script>\n<!-- \/ Yoast SEO plugin. -->","yoast_head_json":{"title":"XLander GC: Die gezogene Version Ihres Lieblingsgrubbers - Ovlac","description":"XLander GC: Die gezogene Version Ihres Lieblingsgrubbers. Der XLander GC ist die Antwort f\u00fcr Traktoren mit gro\u00dfer Leistung von 250 bis...","robots":{"index":"index","follow":"follow","max-snippet":"max-snippet:-1","max-image-preview":"max-image-preview:large","max-video-preview":"max-video-preview:-1"},"canonical":"https:\/\/ovlac.com\/xlander-gc\/","og_locale":"de_DE","og_type":"article","og_title":"XLander GC: Die gezogene Version Ihres Lieblingsgrubbers - Ovlac","og_description":"XLander GC: Die gezogene Version Ihres Lieblingsgrubbers. Der XLander GC ist die Antwort f\u00fcr Traktoren mit gro\u00dfer Leistung von 250 bis...","og_url":"https:\/\/ovlac.com\/xlander-gc\/","og_site_name":"Ovlac","article_modified_time":"2025-03-18T09:18:15+00:00","og_image":[{"width":1455,"height":863,"url":"https:\/\/ovlac.com\/wp-content\/uploads\/2024\/07\/xlander-gc-ovlac-cultivadores-web.jpg","type":"image\/jpeg"}],"twitter_card":"summary_large_image","twitter_misc":{"Gesch\u00e4tzte Lesezeit":"5\u00a0Minuten"},"schema":{"@context":"https:\/\/schema.org","@graph":[{"@type":"WebPage","@id":"https:\/\/ovlac.com\/xlander-gc\/","url":"https:\/\/ovlac.com\/xlander-gc\/","name":"XLander GC: Die gezogene Version Ihres Lieblingsgrubbers - Ovlac","isPartOf":{"@id":"https:\/\/ovlac.com\/#website"},"primaryImageOfPage":{"@id":"https:\/\/ovlac.com\/xlander-gc\/#primaryimage"},"image":{"@id":"https:\/\/ovlac.com\/xlander-gc\/#primaryimage"},"thumbnailUrl":"https:\/\/ovlac.com\/wp-content\/uploads\/2024\/07\/xlander-gc-ovlac-cultivadores-web.jpg","datePublished":"2025-03-18T09:18:13+00:00","dateModified":"2025-03-18T09:18:15+00:00","description":"XLander GC: Die gezogene Version Ihres Lieblingsgrubbers. Der XLander GC ist die Antwort f\u00fcr Traktoren mit gro\u00dfer Leistung von 250 bis...","breadcrumb":{"@id":"https:\/\/ovlac.com\/xlander-gc\/#breadcrumb"},"inLanguage":"de","potentialAction":[{"@type":"ReadAction","target":["https:\/\/ovlac.com\/xlander-gc\/"]}]},{"@type":"ImageObject","inLanguage":"de","@id":"https:\/\/ovlac.com\/xlander-gc\/#primaryimage","url":"https:\/\/ovlac.com\/wp-content\/uploads\/2024\/07\/xlander-gc-ovlac-cultivadores-web.jpg","contentUrl":"https:\/\/ovlac.com\/wp-content\/uploads\/2024\/07\/xlander-gc-ovlac-cultivadores-web.jpg","width":1455,"height":863},{"@type":"BreadcrumbList","@id":"https:\/\/ovlac.com\/xlander-gc\/#breadcrumb","itemListElement":[{"@type":"ListItem","position":1,"name":"Portada","item":"https:\/\/ovlac.com\/de\/"},{"@type":"ListItem","position":2,"name":"XLander GC: Die gezogene Version Ihres Lieblingsgrubbers"}]},{"@type":"WebSite","@id":"https:\/\/ovlac.com\/#website","url":"https:\/\/ovlac.com\/","name":"Ovlac","description":"OVLAC","potentialAction":[{"@type":"SearchAction","target":{"@type":"EntryPoint","urlTemplate":"https:\/\/ovlac.com\/?s={search_term_string}"},"query-input":{"@type":"PropertyValueSpecification","valueRequired":true,"valueName":"search_term_string"}}],"inLanguage":"de"}]}},"_links":{"self":[{"href":"https:\/\/ovlac.com\/de\/wp-json\/wp\/v2\/pages\/63226","targetHints":{"allow":["GET"]}}],"collection":[{"href":"https:\/\/ovlac.com\/de\/wp-json\/wp\/v2\/pages"}],"about":[{"href":"https:\/\/ovlac.com\/de\/wp-json\/wp\/v2\/types\/page"}],"author":[{"embeddable":true,"href":"https:\/\/ovlac.com\/de\/wp-json\/wp\/v2\/users\/200"}],"replies":[{"embeddable":true,"href":"https:\/\/ovlac.com\/de\/wp-json\/wp\/v2\/comments?post=63226"}],"version-history":[{"count":6,"href":"https:\/\/ovlac.com\/de\/wp-json\/wp\/v2\/pages\/63226\/revisions"}],"predecessor-version":[{"id":63240,"href":"https:\/\/ovlac.com\/de\/wp-json\/wp\/v2\/pages\/63226\/revisions\/63240"}],"wp:featuredmedia":[{"embeddable":true,"href":"https:\/\/ovlac.com\/de\/wp-json\/wp\/v2\/media\/59225"}],"wp:attachment":[{"href":"https:\/\/ovlac.com\/de\/wp-json\/wp\/v2\/media?parent=63226"}],"curies":[{"name":"wp","href":"https:\/\/api.w.org\/{rel}","templated":true}]}}