{"id":63202,"date":"2025-03-18T08:51:44","date_gmt":"2025-03-18T08:51:44","guid":{"rendered":"https:\/\/ovlac.com\/?page_id=63202"},"modified":"2025-03-18T09:02:50","modified_gmt":"2025-03-18T09:02:50","slug":"xlander","status":"publish","type":"page","link":"https:\/\/ovlac.com\/de\/xlander\/","title":{"rendered":"XLander: Die Entwicklung eines einzigartigen Grubbers"},"content":{"rendered":"<p>[et_pb_section fb_built=&#8220;1&#8243; fullwidth=&#8220;on&#8220; _builder_version=&#8220;4.24.3&#8243; _module_preset=&#8220;default&#8220; locked=&#8220;off&#8220; global_colors_info=&#8220;{}&#8220;][et_pb_fullwidth_slider admin_label=&#8220;Control deslizante de anchura completa&#8220; _builder_version=&#8220;4.27.4&#8243; _module_preset=&#8220;default&#8220; background_last_edited=&#8220;on|desktop&#8220; locked=&#8220;off&#8220; global_colors_info=&#8220;{}&#8220;][et_pb_slide url_new_window=&#8220;on&#8220; use_bg_overlay=&#8220;off&#8220; use_text_overlay=&#8220;off&#8220; image_tablet=&#8220;&#8220; image_phone=&#8220;&#8220; image_last_edited=&#8220;on|desktop&#8220; _builder_version=&#8220;4.27.4&#8243; _module_preset=&#8220;default&#8220; header_font=&#8220;||||||||&#8220; background_color=&#8220;#FFFFFF&#8220; background_enable_color=&#8220;on&#8220; background_image=&#8220;https:\/\/ovlac.com\/wp-content\/uploads\/2025\/03\/XLANDER-3FILAS-DEFLECTORES-scaled.webp&#8220; background_enable_image=&#8220;on&#8220; background_position=&#8220;bottom_left&#8220; button_on_hover=&#8220;on&#8220; background_last_edited=&#8220;on|desktop&#8220; background_image_tablet=&#8220;https:\/\/ovlac.com\/wp-content\/uploads\/2024\/04\/slider-XP.png&#8220; background_image_phone=&#8220;https:\/\/ovlac.com\/wp-content\/uploads\/2024\/04\/slider-XP.png&#8220; background_enable_image_tablet=&#8220;on&#8220; background_enable_image_phone=&#8220;on&#8220; locked=&#8220;off&#8220; global_colors_info=&#8220;{}&#8220; sticky_transition=&#8220;on&#8220;][\/et_pb_slide][\/et_pb_fullwidth_slider][et_pb_fullwidth_post_title meta=&#8220;off&#8220; featured_image=&#8220;off&#8220; _builder_version=&#8220;4.24.3&#8243; _module_preset=&#8220;default&#8220; title_font=&#8220;|700|||||||&#8220; title_text_color=&#8220;#e73137&#8243; title_font_size=&#8220;33px&#8220; background_color=&#8220;RGBA(255,255,255,0)&#8220; custom_padding=&#8220;60px||||false|false&#8220; global_colors_info=&#8220;{}&#8220;][\/et_pb_fullwidth_post_title][\/et_pb_section][et_pb_section fb_built=&#8220;1&#8243; admin_label=&#8220;section&#8220; _builder_version=&#8220;4.16&#8243; locked=&#8220;off&#8220; global_colors_info=&#8220;{}&#8220;][et_pb_row admin_label=&#8220;row&#8220; _builder_version=&#8220;4.24.3&#8243; background_size=&#8220;initial&#8220; background_position=&#8220;top_left&#8220; background_repeat=&#8220;repeat&#8220; custom_margin=&#8220;-28px||||false|false&#8220; custom_padding=&#8220;0px|||||&#8220; global_colors_info=&#8220;{}&#8220;][et_pb_column type=&#8220;4_4&#8243; _builder_version=&#8220;4.16&#8243; custom_padding=&#8220;|||&#8220; global_colors_info=&#8220;{}&#8220; custom_padding__hover=&#8220;|||&#8220;][et_pb_text admin_label=&#8220;Text&#8220; _builder_version=&#8220;4.27.3&#8243; text_font_size=&#8220;15px&#8220; text_line_height=&#8220;1.9em&#8220; background_size=&#8220;initial&#8220; background_position=&#8220;top_left&#8220; background_repeat=&#8220;repeat&#8220; custom_margin=&#8220;||32px||false|false&#8220; custom_padding=&#8220;||32px||false|false&#8220; global_colors_info=&#8220;{}&#8220;]<\/p>\n<p>Im Jahr 2006 revolutionierte Ovlac den traditionellen Grubber durch den Einsatz eines innovativen Sicherheitssystems auf Basis von Gummielastomeren. Die Vorteile liegen auf der Hand: Das Spiel, das durch den Verschlei\u00df der beweglichen Teile entsteht und typisch f\u00fcr federbelastete Systeme ist, verschwindet einfach. Auch die l\u00e4stigen Quietschger\u00e4usche verschwanden. Und das alles bei absoluter Wartungsfreiheit und mit einer deutlich verbesserten Leistung im Vergleich zu Federsystemen: mehr als 30 cm Arbeitsh\u00f6he, gesch\u00fctztes Fahrgestell, da es nicht mit metallischen Verankerungen in Ber\u00fchrung kommt und daher nicht dem von ihnen ausgehenden Druck ausgesetzt ist, usw.<\/p>\n<p>Wir mussten uns nur noch um die Arbeit und den Austausch von Scharen k\u00fcmmern.<br \/>Jetzt, nach mehr als 2.000 verkauften Maschinen, hat Ovlac die in all diesen Jahren gesammelten Erfahrungen in den neuen XLander einflie\u00dfen lassen.<br \/>Wir haben einen neuen Qualit\u00e4tsstandard gesetzt, und viele sind unserem Beispiel gefolgt. Darauf sind wir stolz, aber wir geben uns nicht zufrieden: Wir werden weiterhin innovativ sein und neue Wege gehen.<\/p>\n<p>Die Konstruktion des neuen XLander basiert auf einer sehr robusten Achse mit einem kr\u00e4ftigen Zentralrahmen. Alle Gelenke, Drehpunkte und wichtigen Elemente sind aus hochelastischem Stahl gefertigt. Eine weitere wichtige Neuerung ist die abwechselnde Anordnung von kurzen und langen Zinken, die insbesondere bei den zweireihigen Modellen eine deutliche Verbesserung des R\u00fcckst\u00e4ndenflusses f\u00fcr verstopfungsfreie Arbeit gew\u00e4hrleistet. Schlie\u00dflich ist der Minichisel Xlander so konzipiert, dass er jederzeit mit allen Arten von Heckanbauger\u00e4ten ausgestattet werden kann, was ihn zu einem vielseitigen Ger\u00e4t macht, das sich an eine Vielzahl von Aufgaben und Bedingungen anpassen l\u00e4sst.<br \/>Alle Versionen des XLander k\u00f6nnen mit verschiedenen Walzen sowie einem 2- oder 3-reihigen Zinkenstriegel, einem Zwischenblattstriegel oder einem Striegel mit 16 mm Zinken mit verstellbarem Winkel ausgestattet werden. Optional sind auch Zinken mit Wolframkarbidplatten erh\u00e4ltlich.<\/p>\n<p>[\/et_pb_text][et_pb_video src=&#8220;https:\/\/youtu.be\/fqpm9BrNm7Y&#8220; _builder_version=&#8220;4.26.0&#8243; _module_preset=&#8220;default&#8220; global_colors_info=&#8220;{}&#8220;][\/et_pb_video][et_pb_button button_url=&#8220;https:\/\/ovlac.com\/wp-content\/uploads\/2025\/03\/CATALOGO-XLANDER-ALE-2025_compressed.pdf&#8220; url_new_window=&#8220;on&#8220; button_text=&#8220;XLander Katalog&#8220; button_alignment=&#8220;center&#8220; _builder_version=&#8220;4.27.4&#8243; _module_preset=&#8220;default&#8220; custom_button=&#8220;on&#8220; button_text_size=&#8220;22px&#8220; button_text_color=&#8220;#FFFFFF&#8220; button_bg_color=&#8220;#EF3E42&#8243; button_icon=&#8220;&#xe092;||divi||400&#8243; button_icon_color=&#8220;#FFFFFF&#8220; button_icon_placement=&#8220;left&#8220; button_on_hover=&#8220;off&#8220; hover_enabled=&#8220;0&#8243; locked=&#8220;off&#8220; global_colors_info=&#8220;{}&#8220; sticky_enabled=&#8220;0&#8243;][\/et_pb_button][\/et_pb_column][\/et_pb_row][\/et_pb_section][et_pb_section fb_built=&#8220;1&#8243; _builder_version=&#8220;4.24.3&#8243; _module_preset=&#8220;default&#8220; background_color=&#8220;#e5e5e5&#8243; locked=&#8220;off&#8220; global_colors_info=&#8220;{}&#8220;][et_pb_row column_structure=&#8220;1_2,1_2&#8243; _builder_version=&#8220;4.24.3&#8243; _module_preset=&#8220;default&#8220; custom_margin=&#8220;12px||48px||false|false&#8220; custom_margin_tablet=&#8220;12px||48px||false|false&#8220; custom_margin_phone=&#8220;12px||48px||false|false&#8220; custom_margin_last_edited=&#8220;on|desktop&#8220; global_colors_info=&#8220;{}&#8220;][et_pb_column type=&#8220;1_2&#8243; _builder_version=&#8220;4.24.3&#8243; _module_preset=&#8220;default&#8220; global_colors_info=&#8220;{}&#8220;][et_pb_text _builder_version=&#8220;4.27.4&#8243; _module_preset=&#8220;default&#8220; hover_enabled=&#8220;0&#8243; global_colors_info=&#8220;{}&#8220; sticky_enabled=&#8220;0&#8243;]<\/p>\n<div class=\"acf-label\">\n<h2 style=\"text-align: center;\"><strong>Die wichtigsten Vorteile:<\/strong><\/h2>\n<\/div>\n<p>[\/et_pb_text][et_pb_text _builder_version=&#8220;4.27.4&#8243; _module_preset=&#8220;default&#8220; hover_enabled=&#8220;0&#8243; global_colors_info=&#8220;{}&#8220; sticky_enabled=&#8220;0&#8243;]<\/p>\n<ul>\n<li>100% wartungsfreies Steinschutzsystem.<\/li>\n<li>2 oder 3 Balken von 3 bis 10 m.<\/li>\n<li>Gezogene Version von 7 bis 10 m.<\/li>\n<\/ul>\n<p>[\/et_pb_text][\/et_pb_column][et_pb_column type=&#8220;1_2&#8243; _builder_version=&#8220;4.24.3&#8243; _module_preset=&#8220;default&#8220; global_colors_info=&#8220;{}&#8220;][et_pb_image src=&#8220;https:\/\/ovlac.com\/wp-content\/uploads\/2025\/03\/XLANDER-MCH-3-25-PV-44-scaled.webp&#8220; title_text=&#8220;XLANDER-MCH-3-25-PV (44)&#8220; _builder_version=&#8220;4.27.4&#8243; _module_preset=&#8220;default&#8220; width=&#8220;99.6%&#8220; custom_padding=&#8220;|78px|0px|||&#8220; locked=&#8220;off&#8220; global_colors_info=&#8220;{}&#8220;][\/et_pb_image][\/et_pb_column][\/et_pb_row][et_pb_row _builder_version=&#8220;4.24.3&#8243; _module_preset=&#8220;default&#8220; global_colors_info=&#8220;{}&#8220;][et_pb_column type=&#8220;4_4&#8243; _builder_version=&#8220;4.24.3&#8243; _module_preset=&#8220;default&#8220; global_colors_info=&#8220;{}&#8220;][et_pb_text admin_label=&#8220;Texto&#8220; _builder_version=&#8220;4.27.4&#8243; _module_preset=&#8220;default&#8220; hover_enabled=&#8220;0&#8243; global_colors_info=&#8220;{}&#8220; sticky_enabled=&#8220;0&#8243;]<\/p>\n<div class=\"acf-label\">\n<h2 style=\"text-align: center;\"><strong>Technische Daten:<\/strong><\/h2>\n<\/div>\n<p>[\/et_pb_text][et_pb_image src=&#8220;https:\/\/ovlac.com\/wp-content\/uploads\/2025\/03\/Technische-Daten-XLANDER-ALEMAN-png.webp&#8220; alt=&#8220;Technische Daten-XLANDER-ALEMAN&#8220; title_text=&#8220;Technische Daten-XLANDER-ALEMAN&#8220; show_bottom_space=&#8220;off&#8220; align=&#8220;center&#8220; _builder_version=&#8220;4.27.4&#8243; _module_preset=&#8220;default&#8220; hover_enabled=&#8220;0&#8243; global_colors_info=&#8220;{}&#8220; sticky_enabled=&#8220;0&#8243;][\/et_pb_image][\/et_pb_column][\/et_pb_row][et_pb_row _builder_version=&#8220;4.24.3&#8243; _module_preset=&#8220;default&#8220; global_colors_info=&#8220;{}&#8220;][et_pb_column type=&#8220;4_4&#8243; _builder_version=&#8220;4.24.3&#8243; _module_preset=&#8220;default&#8220; global_colors_info=&#8220;{}&#8220;][et_pb_text _builder_version=&#8220;4.27.4&#8243; _module_preset=&#8220;default&#8220; hover_enabled=&#8220;0&#8243; global_colors_info=&#8220;{}&#8220; sticky_enabled=&#8220;0&#8243;]<\/p>\n<div class=\"acf-label\">\n<h2 class=\"description\" style=\"text-align: center;\"><strong>Bilder:<\/strong><\/h2>\n<\/div>\n<p>[\/et_pb_text][et_pb_gallery gallery_ids=&#8220;62796,62802,62812,50950,50922,50962,50930,50958,50970,50854&#8243; posts_number=&#8220;8&#8243; orientation=&#8220;portrait&#8220; show_title_and_caption=&#8220;off&#8220; _builder_version=&#8220;4.27.4&#8243; _module_preset=&#8220;default&#8220; locked=&#8220;off&#8220; global_colors_info=&#8220;{}&#8220;][\/et_pb_gallery][\/et_pb_column][\/et_pb_row][et_pb_row column_structure=&#8220;1_2,1_2&#8243; _builder_version=&#8220;4.27.0&#8243; _module_preset=&#8220;default&#8220; locked=&#8220;off&#8220; global_colors_info=&#8220;{}&#8220;][et_pb_column type=&#8220;1_2&#8243; _builder_version=&#8220;4.27.0&#8243; _module_preset=&#8220;default&#8220; global_colors_info=&#8220;{}&#8220;][et_pb_button button_url=&#8220;https:\/\/ovlac.com\/wp-content\/uploads\/2025\/03\/CATALOGO-XLANDER-ALE-2025_compressed.pdf&#8220; url_new_window=&#8220;on&#8220; button_text=&#8220;XLander Katalog&#8220; button_alignment=&#8220;center&#8220; _builder_version=&#8220;4.27.4&#8243; _module_preset=&#8220;default&#8220; custom_button=&#8220;on&#8220; button_text_size=&#8220;22px&#8220; button_text_color=&#8220;#FFFFFF&#8220; button_bg_color=&#8220;#EF3E42&#8243; button_icon=&#8220;&#xe092;||divi||400&#8243; button_icon_color=&#8220;#FFFFFF&#8220; button_icon_placement=&#8220;left&#8220; button_on_hover=&#8220;off&#8220; hover_enabled=&#8220;0&#8243; locked=&#8220;off&#8220; global_colors_info=&#8220;{}&#8220; sticky_enabled=&#8220;0&#8243;][\/et_pb_button][\/et_pb_column][et_pb_column type=&#8220;1_2&#8243; _builder_version=&#8220;4.27.0&#8243; _module_preset=&#8220;default&#8220; global_colors_info=&#8220;{}&#8220;][et_pb_button button_url=&#8220;https:\/\/ovlac.com\/de\/haendler-karte\/&#8220; url_new_window=&#8220;on&#8220; button_text=&#8220;H\u00e4ndlersuche&#8220; button_alignment=&#8220;center&#8220; _builder_version=&#8220;4.27.4&#8243; _module_preset=&#8220;default&#8220; custom_button=&#8220;on&#8220; button_text_size=&#8220;22px&#8220; button_text_color=&#8220;#FFFFFF&#8220; button_bg_color=&#8220;#EF3E42&#8243; button_border_width=&#8220;0px&#8220; button_border_color=&#8220;RGBA(255,255,255,0)&#8220; button_icon=&#8220;&#xf5a0;||fa||900&#8243; button_icon_color=&#8220;#FFFFFF&#8220; button_icon_placement=&#8220;left&#8220; button_on_hover=&#8220;off&#8220; background_layout=&#8220;dark&#8220; locked=&#8220;off&#8220; global_colors_info=&#8220;{}&#8220;][\/et_pb_button][\/et_pb_column][\/et_pb_row][\/et_pb_section]<\/p>\n","protected":false},"excerpt":{"rendered":"<p>Im Jahr 2006 revolutionierte Ovlac den traditionellen Grubber durch den Einsatz eines innovativen Sicherheitssystems auf Basis von Gummielastomeren. Die Vorteile liegen auf der Hand: Das Spiel, das durch den Verschlei\u00df [&hellip;]<\/p>\n","protected":false},"author":200,"featured_media":0,"parent":0,"menu_order":0,"comment_status":"closed","ping_status":"closed","template":"","meta":{"_et_pb_use_builder":"on","_et_pb_old_content":"","_et_gb_content_width":"","footnotes":""},"class_list":["post-63202","page","type-page","status-publish","hentry"],"yoast_head":"<!-- This site is optimized with the Yoast SEO plugin v24.8.1 - https:\/\/yoast.com\/wordpress\/plugins\/seo\/ -->\n<title>XLander: Die Entwicklung eines einzigartigen Grubbers - Ovlac<\/title>\n<meta name=\"description\" content=\"XLander: Die Entwicklung eines einzigartigen Grubbers. Im Jahr 2006 revolutionierte Ovlac den traditionellen Grubber durch den Einsatz...\" \/>\n<meta name=\"robots\" content=\"index, follow, max-snippet:-1, max-image-preview:large, max-video-preview:-1\" \/>\n<link rel=\"canonical\" href=\"https:\/\/ovlac.com\/de\/xlander\/\" \/>\n<meta property=\"og:locale\" content=\"de_DE\" \/>\n<meta property=\"og:type\" content=\"article\" \/>\n<meta property=\"og:title\" content=\"XLander: Die Entwicklung eines einzigartigen Grubbers - Ovlac\" \/>\n<meta property=\"og:description\" content=\"XLander: Die Entwicklung eines einzigartigen Grubbers. Im Jahr 2006 revolutionierte Ovlac den traditionellen Grubber durch den Einsatz...\" \/>\n<meta property=\"og:url\" content=\"https:\/\/ovlac.com\/de\/xlander\/\" \/>\n<meta property=\"og:site_name\" content=\"Ovlac\" \/>\n<meta property=\"article:modified_time\" content=\"2025-03-18T09:02:50+00:00\" \/>\n<meta name=\"twitter:card\" content=\"summary_large_image\" \/>\n<meta name=\"twitter:label1\" content=\"Gesch\u00e4tzte Lesezeit\" \/>\n\t<meta name=\"twitter:data1\" content=\"4\u00a0Minuten\" \/>\n<script type=\"application\/ld+json\" class=\"yoast-schema-graph\">{\"@context\":\"https:\/\/schema.org\",\"@graph\":[{\"@type\":\"WebPage\",\"@id\":\"https:\/\/ovlac.com\/de\/xlander\/\",\"url\":\"https:\/\/ovlac.com\/de\/xlander\/\",\"name\":\"XLander: Die Entwicklung eines einzigartigen Grubbers - Ovlac\",\"isPartOf\":{\"@id\":\"https:\/\/ovlac.com\/#website\"},\"datePublished\":\"2025-03-18T08:51:44+00:00\",\"dateModified\":\"2025-03-18T09:02:50+00:00\",\"description\":\"XLander: Die Entwicklung eines einzigartigen Grubbers. Im Jahr 2006 revolutionierte Ovlac den traditionellen Grubber durch den Einsatz...\",\"breadcrumb\":{\"@id\":\"https:\/\/ovlac.com\/de\/xlander\/#breadcrumb\"},\"inLanguage\":\"de\",\"potentialAction\":[{\"@type\":\"ReadAction\",\"target\":[\"https:\/\/ovlac.com\/de\/xlander\/\"]}]},{\"@type\":\"BreadcrumbList\",\"@id\":\"https:\/\/ovlac.com\/de\/xlander\/#breadcrumb\",\"itemListElement\":[{\"@type\":\"ListItem\",\"position\":1,\"name\":\"Portada\",\"item\":\"https:\/\/ovlac.com\/de\/\"},{\"@type\":\"ListItem\",\"position\":2,\"name\":\"XLander: Die Entwicklung eines einzigartigen Grubbers\"}]},{\"@type\":\"WebSite\",\"@id\":\"https:\/\/ovlac.com\/#website\",\"url\":\"https:\/\/ovlac.com\/\",\"name\":\"Ovlac\",\"description\":\"OVLAC\",\"potentialAction\":[{\"@type\":\"SearchAction\",\"target\":{\"@type\":\"EntryPoint\",\"urlTemplate\":\"https:\/\/ovlac.com\/?s={search_term_string}\"},\"query-input\":{\"@type\":\"PropertyValueSpecification\",\"valueRequired\":true,\"valueName\":\"search_term_string\"}}],\"inLanguage\":\"de\"}]}<\/script>\n<!-- \/ Yoast SEO plugin. -->","yoast_head_json":{"title":"XLander: Die Entwicklung eines einzigartigen Grubbers - Ovlac","description":"XLander: Die Entwicklung eines einzigartigen Grubbers. Im Jahr 2006 revolutionierte Ovlac den traditionellen Grubber durch den Einsatz...","robots":{"index":"index","follow":"follow","max-snippet":"max-snippet:-1","max-image-preview":"max-image-preview:large","max-video-preview":"max-video-preview:-1"},"canonical":"https:\/\/ovlac.com\/de\/xlander\/","og_locale":"de_DE","og_type":"article","og_title":"XLander: Die Entwicklung eines einzigartigen Grubbers - Ovlac","og_description":"XLander: Die Entwicklung eines einzigartigen Grubbers. Im Jahr 2006 revolutionierte Ovlac den traditionellen Grubber durch den Einsatz...","og_url":"https:\/\/ovlac.com\/de\/xlander\/","og_site_name":"Ovlac","article_modified_time":"2025-03-18T09:02:50+00:00","twitter_card":"summary_large_image","twitter_misc":{"Gesch\u00e4tzte Lesezeit":"4\u00a0Minuten"},"schema":{"@context":"https:\/\/schema.org","@graph":[{"@type":"WebPage","@id":"https:\/\/ovlac.com\/de\/xlander\/","url":"https:\/\/ovlac.com\/de\/xlander\/","name":"XLander: Die Entwicklung eines einzigartigen Grubbers - Ovlac","isPartOf":{"@id":"https:\/\/ovlac.com\/#website"},"datePublished":"2025-03-18T08:51:44+00:00","dateModified":"2025-03-18T09:02:50+00:00","description":"XLander: Die Entwicklung eines einzigartigen Grubbers. Im Jahr 2006 revolutionierte Ovlac den traditionellen Grubber durch den Einsatz...","breadcrumb":{"@id":"https:\/\/ovlac.com\/de\/xlander\/#breadcrumb"},"inLanguage":"de","potentialAction":[{"@type":"ReadAction","target":["https:\/\/ovlac.com\/de\/xlander\/"]}]},{"@type":"BreadcrumbList","@id":"https:\/\/ovlac.com\/de\/xlander\/#breadcrumb","itemListElement":[{"@type":"ListItem","position":1,"name":"Portada","item":"https:\/\/ovlac.com\/de\/"},{"@type":"ListItem","position":2,"name":"XLander: Die Entwicklung eines einzigartigen Grubbers"}]},{"@type":"WebSite","@id":"https:\/\/ovlac.com\/#website","url":"https:\/\/ovlac.com\/","name":"Ovlac","description":"OVLAC","potentialAction":[{"@type":"SearchAction","target":{"@type":"EntryPoint","urlTemplate":"https:\/\/ovlac.com\/?s={search_term_string}"},"query-input":{"@type":"PropertyValueSpecification","valueRequired":true,"valueName":"search_term_string"}}],"inLanguage":"de"}]}},"_links":{"self":[{"href":"https:\/\/ovlac.com\/de\/wp-json\/wp\/v2\/pages\/63202","targetHints":{"allow":["GET"]}}],"collection":[{"href":"https:\/\/ovlac.com\/de\/wp-json\/wp\/v2\/pages"}],"about":[{"href":"https:\/\/ovlac.com\/de\/wp-json\/wp\/v2\/types\/page"}],"author":[{"embeddable":true,"href":"https:\/\/ovlac.com\/de\/wp-json\/wp\/v2\/users\/200"}],"replies":[{"embeddable":true,"href":"https:\/\/ovlac.com\/de\/wp-json\/wp\/v2\/comments?post=63202"}],"version-history":[{"count":9,"href":"https:\/\/ovlac.com\/de\/wp-json\/wp\/v2\/pages\/63202\/revisions"}],"predecessor-version":[{"id":63224,"href":"https:\/\/ovlac.com\/de\/wp-json\/wp\/v2\/pages\/63202\/revisions\/63224"}],"wp:attachment":[{"href":"https:\/\/ovlac.com\/de\/wp-json\/wp\/v2\/media?parent=63202"}],"curies":[{"name":"wp","href":"https:\/\/api.w.org\/{rel}","templated":true}]}}