{"id":62538,"date":"2025-02-24T08:23:10","date_gmt":"2025-02-24T08:23:10","guid":{"rendered":"https:\/\/ovlac.com\/?page_id=62538"},"modified":"2025-03-07T07:56:02","modified_gmt":"2025-03-07T07:56:02","slug":"classic-non-stop-hidro-lx-sx","status":"publish","type":"page","link":"https:\/\/ovlac.com\/de\/classic-non-stop-hidro-lx-sx\/","title":{"rendered":"Klassische Volldrehpfl\u00fcge L-S"},"content":{"rendered":"<p>[et_pb_section fb_built=&#8220;1&#8243; fullwidth=&#8220;on&#8220; _builder_version=&#8220;4.24.3&#8243; _module_preset=&#8220;default&#8220; locked=&#8220;off&#8220; global_colors_info=&#8220;{}&#8220;][et_pb_fullwidth_slider admin_label=&#8220;Control deslizante de anchura completa&#8220; _builder_version=&#8220;4.24.3&#8243; _module_preset=&#8220;default&#8220; background_last_edited=&#8220;on|desktop&#8220; global_colors_info=&#8220;{}&#8220;][et_pb_slide url_new_window=&#8220;on&#8220; use_bg_overlay=&#8220;off&#8220; use_text_overlay=&#8220;off&#8220; image_tablet=&#8220;https:\/\/ovlac.com\/wp-content\/uploads\/&#8220; image_phone=&#8220;https:\/\/ovlac.com\/wp-content\/uploads\/&#8220; image_last_edited=&#8220;on|desktop&#8220; _builder_version=&#8220;4.24.3&#8243; _module_preset=&#8220;default&#8220; header_font=&#8220;||||||||&#8220; background_color=&#8220;#7ebec5&#8243; background_image=&#8220;https:\/\/ovlac.com\/wp-content\/uploads\/2014\/07\/LF-5-150-V-C-34.jpg&#8220; background_enable_image=&#8220;on&#8220; button_on_hover=&#8220;on&#8220; background_last_edited=&#8220;on|desktop&#8220; background_image_tablet=&#8220;https:\/\/ovlac.com\/wp-content\/uploads\/2024\/04\/slider-XP.png&#8220; background_image_phone=&#8220;https:\/\/ovlac.com\/wp-content\/uploads\/2024\/04\/slider-XP.png&#8220; background_enable_image_tablet=&#8220;on&#8220; background_enable_image_phone=&#8220;on&#8220; global_colors_info=&#8220;{}&#8220; sticky_transition=&#8220;on&#8220;][\/et_pb_slide][\/et_pb_fullwidth_slider][et_pb_fullwidth_post_title meta=&#8220;off&#8220; featured_image=&#8220;off&#8220; _builder_version=&#8220;4.24.3&#8243; _module_preset=&#8220;default&#8220; title_font=&#8220;|700|||||||&#8220; title_text_color=&#8220;#e73137&#8243; title_font_size=&#8220;33px&#8220; background_color=&#8220;RGBA(255,255,255,0)&#8220; custom_padding=&#8220;60px||||false|false&#8220; global_colors_info=&#8220;{}&#8220;][\/et_pb_fullwidth_post_title][\/et_pb_section][et_pb_section fb_built=&#8220;1&#8243; admin_label=&#8220;section&#8220; _builder_version=&#8220;4.16&#8243; locked=&#8220;off&#8220; global_colors_info=&#8220;{}&#8220;][et_pb_row admin_label=&#8220;row&#8220; _builder_version=&#8220;4.24.3&#8243; background_size=&#8220;initial&#8220; background_position=&#8220;top_left&#8220; background_repeat=&#8220;repeat&#8220; custom_margin=&#8220;-28px||||false|false&#8220; global_colors_info=&#8220;{}&#8220;][et_pb_column type=&#8220;4_4&#8243; _builder_version=&#8220;4.16&#8243; custom_padding=&#8220;|||&#8220; global_colors_info=&#8220;{}&#8220; custom_padding__hover=&#8220;|||&#8220;][et_pb_text admin_label=&#8220;Text&#8220; _builder_version=&#8220;4.25.0&#8243; text_font_size=&#8220;15px&#8220; text_line_height=&#8220;1.9em&#8220; background_size=&#8220;initial&#8220; background_position=&#8220;top_left&#8220; background_repeat=&#8220;repeat&#8220; custom_margin=&#8220;||32px||false|false&#8220; custom_padding=&#8220;||32px||false|false&#8220; global_colors_info=&#8220;{}&#8220;]<\/p>\n<p>Die Ovlac Pfl\u00fcge der Serie S\/L sind mit einem hydraulischen \u00dcberlastsicherungssystem und einem Scherbolzensicherungssystem ausgestattet, das f\u00fcr den Einsatz auf allen B\u00f6den geeignet ist.<\/p>\n<p>Das hydraulische \u00dcberlastsicherungssystem von <strong>Ovlac <\/strong>ist so konzipiert, dass die Anzahl der beweglichen Teile minimiert wird. Dadurch wird die <strong>Zuverl\u00e4ssigkeit <\/strong>maximiert und die Notwendigkeit der <strong>Wartung <\/strong>vollst\u00e4ndig eliminiert. Bei leichten B\u00f6den kann der Ausl\u00f6sedruck verringert werden, um keine Steine an die Oberfl\u00e4che zu bringen, w\u00e4hrend bei schweren oder verdichteten B\u00f6den der Ausl\u00f6sedruck erh\u00f6ht werden kann. Au\u00dferdem ist bei den Modellen mit <strong>Scherbolzensicherung<\/strong> so berechnet, dass er bei einem Spitzendruck von etwa 3.000 kg bricht.<\/p>\n<p>\u00a0Es gibt zwei Modelle, die sich in der Arbeitsbreitenverstellung unterscheiden. Das <strong>Modell SH\/SF<\/strong> ist hydraulisch zwischen ca. 30 und 50 cm pro K\u00f6rper verstellbar (je nach K\u00f6rperabstand), w\u00e4hrend das <strong>Modell LH\/LF<\/strong> manuell in 4 Positionen eingestellt werden kann.<\/p>\n<p>Es gibt auch <strong>4 Serien,<\/strong> die von der verf\u00fcgbaren Leistung abh\u00e4ngen. So werden der Rahmen, der Drehwerk und andere Schl\u00fcsselelemente je nach dem Aufwand, den sie leisten m\u00fcssen, dimensioniert.<\/p>\n<p>Die Ovlac-Volldrehpfl\u00fcge sind das Ergebnis <strong>langj\u00e4hriger Erfahrung<\/strong>. Dies spiegelt das Design wider. Der <strong>Rahmen<\/strong> ist im vorderen Bereich <strong>verst\u00e4rkt <\/strong>und frei von <strong>Schwei\u00dfn\u00e4hten<\/strong>, um Belastungspunkte zu vermeiden. <strong>Geringer Abstand zwischen dem ersten K\u00f6rper<\/strong> und der Kupplung, um den Hebeaufwand zu minimieren. <strong>Einfache Bedienung und Einstellung<\/strong> (z. B. k\u00f6nnen die Vorsch\u00e4ler ohne Werkzeug eingestellt werden). Verschiedene Radtypen und alle m\u00f6glichen Optionen zur Anpassung an jeden Einsatz und jede Bedingung.<\/p>\n<p>F\u00fcr leichtere B\u00f6den gibt es die leichte Serie der <strong>Ovlac-Volldrehpfl\u00fcge<\/strong>, die einen <strong>einfacheren Aufbau<\/strong> der Maschinen erm\u00f6glichen und somit das <strong>Gewicht erheblich reduzieren<\/strong> k\u00f6nnen.<\/p>\n<p>Ein besonderes Merkmal der <strong>Ovlac-Pfl\u00fcge<\/strong> ist die feste Kupplung oder die Ovlac-eigene <strong>Pendelnde Tragachse<\/strong>, mit der eine automatische Anpassung der Pfluglinie und der seitlichen Abdrift des Pfluges erreicht wird, so dass der Pflug immer gerade arbeitet. Die automatische Verriegelung w\u00e4hrend des Anhebens oder des Transports macht sie zu einem wesentlichen Sicherheitsmerkmal.<\/p>\n<p>Im folgenden Video sehen Sie die f\u00fcr alle <strong>Ovlac-Pfl\u00fcge<\/strong> erh\u00e4ltliche <strong>Pendelnde Tragachse<\/strong> in Aktion:<\/p>\n<p>[\/et_pb_text][et_pb_video src=&#8220;https:\/\/youtu.be\/QpEXtKYYUX4&#8243; _builder_version=&#8220;4.24.3&#8243; _module_preset=&#8220;default&#8220; global_colors_info=&#8220;{}&#8220;][\/et_pb_video][\/et_pb_column][\/et_pb_row][et_pb_row _builder_version=&#8220;4.24.3&#8243; _module_preset=&#8220;default&#8220; global_colors_info=&#8220;{}&#8220;][et_pb_column type=&#8220;4_4&#8243; _builder_version=&#8220;4.24.3&#8243; _module_preset=&#8220;default&#8220; global_colors_info=&#8220;{}&#8220;][et_pb_button button_url=&#8220;https:\/\/ovlac.com\/wp-content\/uploads\/2025\/03\/2025-Catalogo-Arados-LS-ALE_compressed.pdf&#8220; url_new_window=&#8220;on&#8220; button_text=&#8220;LX-SX Katalog herunterladen&#8220; button_alignment=&#8220;center&#8220; _builder_version=&#8220;4.27.4&#8243; _module_preset=&#8220;default&#8220; custom_button=&#8220;on&#8220; button_text_color=&#8220;#FFFFFF&#8220; button_bg_color=&#8220;#EF3E42&#8243; button_border_color=&#8220;#FFFFFF&#8220; button_icon=&#8220;&#xe092;||divi||400&#8243; button_icon_placement=&#8220;left&#8220; button_on_hover=&#8220;off&#8220; global_colors_info=&#8220;{}&#8220;][\/et_pb_button][\/et_pb_column][\/et_pb_row][\/et_pb_section][et_pb_section fb_built=&#8220;1&#8243; _builder_version=&#8220;4.24.3&#8243; _module_preset=&#8220;default&#8220; background_color=&#8220;#e5e5e5&#8243; locked=&#8220;off&#8220; global_colors_info=&#8220;{}&#8220;][et_pb_row column_structure=&#8220;1_2,1_2&#8243; _builder_version=&#8220;4.24.3&#8243; _module_preset=&#8220;default&#8220; custom_margin=&#8220;12px||48px||false|false&#8220; custom_margin_tablet=&#8220;12px||48px||false|false&#8220; custom_margin_phone=&#8220;12px||48px||false|false&#8220; custom_margin_last_edited=&#8220;on|desktop&#8220; global_colors_info=&#8220;{}&#8220;][et_pb_column type=&#8220;1_2&#8243; _builder_version=&#8220;4.24.3&#8243; _module_preset=&#8220;default&#8220; global_colors_info=&#8220;{}&#8220;][et_pb_text _builder_version=&#8220;4.25.0&#8243; _module_preset=&#8220;default&#8220; global_colors_info=&#8220;{}&#8220;]<\/p>\n<div class=\"acf-label\">\n<h2 class=\"description\" style=\"text-align: center;\"><strong>Die wichtigsten Vorteile<\/strong><\/h2>\n<\/div>\n<p>[\/et_pb_text][et_pb_text _builder_version=&#8220;4.25.0&#8243; _module_preset=&#8220;default&#8220; global_colors_info=&#8220;{}&#8220;]<\/p>\n<ul>\n<li><strong>Einstellbarer Druck <\/strong>von 90 bis 140 bar je nach Bodenbeschaffenheit<strong>.<\/strong><\/li>\n<li><strong>Vario-Version<\/strong> (SH\/SF) oder <strong>variable Breite in 4 Positionen <\/strong>(LH\/LF).<\/li>\n<li><strong>4 Serien<\/strong> je nach verf\u00fcgbarer Leistung.<\/li>\n<\/ul>\n<p>[\/et_pb_text][\/et_pb_column][et_pb_column type=&#8220;1_2&#8243; _builder_version=&#8220;4.24.3&#8243; _module_preset=&#8220;default&#8220; global_colors_info=&#8220;{}&#8220;][et_pb_image src=&#8220;https:\/\/ovlac.com\/wp-content\/uploads\/2014\/04\/SL-3-CHILE-WEB.jpg&#8220; title_text=&#8220;SL-3 CHILE WEB&#8220; _builder_version=&#8220;4.24.3&#8243; _module_preset=&#8220;default&#8220; global_colors_info=&#8220;{}&#8220;][\/et_pb_image][\/et_pb_column][\/et_pb_row][et_pb_row _builder_version=&#8220;4.24.3&#8243; _module_preset=&#8220;default&#8220; global_colors_info=&#8220;{}&#8220;][et_pb_column type=&#8220;4_4&#8243; _builder_version=&#8220;4.24.3&#8243; _module_preset=&#8220;default&#8220; global_colors_info=&#8220;{}&#8220;][et_pb_text admin_label=&#8220;Texto&#8220; _builder_version=&#8220;4.27.4&#8243; _module_preset=&#8220;default&#8220; global_colors_info=&#8220;{}&#8220;]<\/p>\n<div class=\"acf-label\">\n<h2 style=\"text-align: center;\"><strong>Technische Daten und verf\u00fcgbare Modelle:<\/strong><\/h2>\n<\/div>\n<p>[\/et_pb_text][et_pb_image src=&#8220;https:\/\/ovlac.com\/wp-content\/uploads\/2025\/03\/Caracteristicas-Tecnicas-Arados-LS-ALEMAN-png.webp&#8220; title_text=&#8220;Caracteristicas Tecnicas-Arados LS-ALEMAN&#8220; align=&#8220;center&#8220; _builder_version=&#8220;4.27.4&#8243; _module_preset=&#8220;default&#8220; hover_enabled=&#8220;0&#8243; global_colors_info=&#8220;{}&#8220; show_in_lightbox=&#8220;on&#8220; sticky_enabled=&#8220;0&#8243;][\/et_pb_image][\/et_pb_column][\/et_pb_row][et_pb_row _builder_version=&#8220;4.24.3&#8243; _module_preset=&#8220;default&#8220; global_colors_info=&#8220;{}&#8220;][et_pb_column type=&#8220;4_4&#8243; _builder_version=&#8220;4.24.3&#8243; _module_preset=&#8220;default&#8220; global_colors_info=&#8220;{}&#8220;][et_pb_text _builder_version=&#8220;4.25.0&#8243; _module_preset=&#8220;default&#8220; global_colors_info=&#8220;{}&#8220;]<\/p>\n<div class=\"acf-label\">\n<h2 class=\"description\" style=\"text-align: center;\"><strong>Verf\u00fcgbare Ressourcen:<\/strong><\/h2>\n<\/div>\n<p>[\/et_pb_text][et_pb_gallery gallery_ids=&#8220;55702,55706,55698,49862,55710,55714&#8243; posts_number=&#8220;8&#8243; orientation=&#8220;portrait&#8220; show_title_and_caption=&#8220;off&#8220; _builder_version=&#8220;4.27.4&#8243; _module_preset=&#8220;default&#8220; global_colors_info=&#8220;{}&#8220;][\/et_pb_gallery][et_pb_video src=&#8220;https:\/\/vimeo.com\/118108781&#8243; _builder_version=&#8220;4.24.3&#8243; _module_preset=&#8220;default&#8220; global_colors_info=&#8220;{}&#8220;][\/et_pb_video][\/et_pb_column][\/et_pb_row][et_pb_row column_structure=&#8220;1_2,1_2&#8243; _builder_version=&#8220;4.24.3&#8243; _module_preset=&#8220;default&#8220; custom_padding=&#8220;45px|||||&#8220; global_colors_info=&#8220;{}&#8220;][et_pb_column type=&#8220;1_2&#8243; _builder_version=&#8220;4.24.3&#8243; _module_preset=&#8220;default&#8220; global_colors_info=&#8220;{}&#8220;][et_pb_button button_url=&#8220;https:\/\/ovlac.com\/wp-content\/uploads\/2025\/03\/2025-Catalogo-Arados-LS-ALE_compressed.pdf&#8220; url_new_window=&#8220;on&#8220; button_text=&#8220;LX-SX Katalog herunterladen&#8220; button_alignment=&#8220;center&#8220; _builder_version=&#8220;4.27.4&#8243; _module_preset=&#8220;default&#8220; custom_button=&#8220;on&#8220; button_text_color=&#8220;#FFFFFF&#8220; button_bg_color=&#8220;#EF3E42&#8243; button_border_color=&#8220;#FFFFFF&#8220; button_icon=&#8220;&#xe092;||divi||400&#8243; button_icon_placement=&#8220;left&#8220; button_on_hover=&#8220;off&#8220; global_colors_info=&#8220;{}&#8220;][\/et_pb_button][\/et_pb_column][et_pb_column type=&#8220;1_2&#8243; _builder_version=&#8220;4.24.3&#8243; _module_preset=&#8220;default&#8220; global_colors_info=&#8220;{}&#8220;][et_pb_button button_url=&#8220;https:\/\/ovlac.com\/de\/haendler-karte\/&#8220; url_new_window=&#8220;on&#8220; button_text=&#8220;H\u00e4ndlersuche&#8220; button_alignment=&#8220;center&#8220; _builder_version=&#8220;4.27.4&#8243; _module_preset=&#8220;default&#8220; custom_button=&#8220;on&#8220; button_text_size=&#8220;22px&#8220; button_text_color=&#8220;#FFFFFF&#8220; button_bg_color=&#8220;#EF3E42&#8243; button_border_width=&#8220;0px&#8220; button_border_color=&#8220;RGBA(255,255,255,0)&#8220; button_icon=&#8220;&#xf5a0;||fa||900&#8243; button_icon_color=&#8220;#FFFFFF&#8220; button_icon_placement=&#8220;left&#8220; button_on_hover=&#8220;off&#8220; background_layout=&#8220;dark&#8220; locked=&#8220;off&#8220; global_colors_info=&#8220;{}&#8220;][\/et_pb_button][\/et_pb_column][\/et_pb_row][\/et_pb_section]<\/p>\n","protected":false},"excerpt":{"rendered":"<p>Die Ovlac Pfl\u00fcge der Serie S\/L sind mit einem hydraulischen \u00dcberlastsicherungssystem und einem Scherbolzensicherungssystem ausgestattet, das f\u00fcr den Einsatz auf allen B\u00f6den geeignet ist. Das hydraulische \u00dcberlastsicherungssystem von Ovlac ist [&hellip;]<\/p>\n","protected":false},"author":200,"featured_media":54318,"parent":0,"menu_order":0,"comment_status":"closed","ping_status":"closed","template":"","meta":{"_et_pb_use_builder":"on","_et_pb_old_content":"","_et_gb_content_width":"","footnotes":""},"class_list":["post-62538","page","type-page","status-publish","has-post-thumbnail","hentry"],"yoast_head":"<!-- This site is optimized with the Yoast SEO plugin v24.8.1 - https:\/\/yoast.com\/wordpress\/plugins\/seo\/ -->\n<title>Klassische Volldrehpfl\u00fcge L-S - Ovlac<\/title>\n<meta name=\"description\" content=\"Klassische Volldrehpfl\u00fcge L-S. Die Ovlac Pfl\u00fcge der Serie S\/L sind mit einem hydraulischen \u00dcberlastsicherungssystem und einem...\" \/>\n<meta name=\"robots\" content=\"index, follow, max-snippet:-1, max-image-preview:large, max-video-preview:-1\" \/>\n<link rel=\"canonical\" href=\"https:\/\/ovlac.com\/arado-reversible-lx-sx\/\" \/>\n<meta property=\"og:locale\" content=\"de_DE\" \/>\n<meta property=\"og:type\" content=\"article\" \/>\n<meta property=\"og:title\" content=\"Klassische Volldrehpfl\u00fcge L-S - Ovlac\" \/>\n<meta property=\"og:description\" content=\"Klassische Volldrehpfl\u00fcge L-S. Die Ovlac Pfl\u00fcge der Serie S\/L sind mit einem hydraulischen \u00dcberlastsicherungssystem und einem...\" \/>\n<meta property=\"og:url\" content=\"https:\/\/ovlac.com\/arado-reversible-lx-sx\/\" \/>\n<meta property=\"og:site_name\" content=\"Ovlac\" \/>\n<meta property=\"article:modified_time\" content=\"2025-03-07T07:56:02+00:00\" \/>\n<meta property=\"og:image\" content=\"https:\/\/ovlac.com\/wp-content\/uploads\/2023\/08\/SHN-6.jpg\" \/>\n\t<meta property=\"og:image:width\" content=\"1701\" \/>\n\t<meta property=\"og:image:height\" content=\"1134\" \/>\n\t<meta property=\"og:image:type\" content=\"image\/jpeg\" \/>\n<meta name=\"twitter:card\" content=\"summary_large_image\" \/>\n<meta name=\"twitter:label1\" content=\"Gesch\u00e4tzte Lesezeit\" \/>\n\t<meta name=\"twitter:data1\" content=\"3\u00a0Minuten\" \/>\n<script type=\"application\/ld+json\" class=\"yoast-schema-graph\">{\"@context\":\"https:\/\/schema.org\",\"@graph\":[{\"@type\":\"WebPage\",\"@id\":\"https:\/\/ovlac.com\/arado-reversible-lx-sx\/\",\"url\":\"https:\/\/ovlac.com\/arado-reversible-lx-sx\/\",\"name\":\"Klassische Volldrehpfl\u00fcge L-S - Ovlac\",\"isPartOf\":{\"@id\":\"https:\/\/ovlac.com\/#website\"},\"primaryImageOfPage\":{\"@id\":\"https:\/\/ovlac.com\/arado-reversible-lx-sx\/#primaryimage\"},\"image\":{\"@id\":\"https:\/\/ovlac.com\/arado-reversible-lx-sx\/#primaryimage\"},\"thumbnailUrl\":\"https:\/\/ovlac.com\/wp-content\/uploads\/2023\/08\/SHN-6.jpg\",\"datePublished\":\"2025-02-24T08:23:10+00:00\",\"dateModified\":\"2025-03-07T07:56:02+00:00\",\"description\":\"Klassische Volldrehpfl\u00fcge L-S. Die Ovlac Pfl\u00fcge der Serie S\/L sind mit einem hydraulischen \u00dcberlastsicherungssystem und einem...\",\"breadcrumb\":{\"@id\":\"https:\/\/ovlac.com\/arado-reversible-lx-sx\/#breadcrumb\"},\"inLanguage\":\"de\",\"potentialAction\":[{\"@type\":\"ReadAction\",\"target\":[\"https:\/\/ovlac.com\/arado-reversible-lx-sx\/\"]}]},{\"@type\":\"ImageObject\",\"inLanguage\":\"de\",\"@id\":\"https:\/\/ovlac.com\/arado-reversible-lx-sx\/#primaryimage\",\"url\":\"https:\/\/ovlac.com\/wp-content\/uploads\/2023\/08\/SHN-6.jpg\",\"contentUrl\":\"https:\/\/ovlac.com\/wp-content\/uploads\/2023\/08\/SHN-6.jpg\",\"width\":1701,\"height\":1134},{\"@type\":\"BreadcrumbList\",\"@id\":\"https:\/\/ovlac.com\/arado-reversible-lx-sx\/#breadcrumb\",\"itemListElement\":[{\"@type\":\"ListItem\",\"position\":1,\"name\":\"Portada\",\"item\":\"https:\/\/ovlac.com\/de\/\"},{\"@type\":\"ListItem\",\"position\":2,\"name\":\"Klassische Volldrehpfl\u00fcge L-S\"}]},{\"@type\":\"WebSite\",\"@id\":\"https:\/\/ovlac.com\/#website\",\"url\":\"https:\/\/ovlac.com\/\",\"name\":\"Ovlac\",\"description\":\"OVLAC\",\"potentialAction\":[{\"@type\":\"SearchAction\",\"target\":{\"@type\":\"EntryPoint\",\"urlTemplate\":\"https:\/\/ovlac.com\/?s={search_term_string}\"},\"query-input\":{\"@type\":\"PropertyValueSpecification\",\"valueRequired\":true,\"valueName\":\"search_term_string\"}}],\"inLanguage\":\"de\"}]}<\/script>\n<!-- \/ Yoast SEO plugin. -->","yoast_head_json":{"title":"Klassische Volldrehpfl\u00fcge L-S - Ovlac","description":"Klassische Volldrehpfl\u00fcge L-S. Die Ovlac Pfl\u00fcge der Serie S\/L sind mit einem hydraulischen \u00dcberlastsicherungssystem und einem...","robots":{"index":"index","follow":"follow","max-snippet":"max-snippet:-1","max-image-preview":"max-image-preview:large","max-video-preview":"max-video-preview:-1"},"canonical":"https:\/\/ovlac.com\/arado-reversible-lx-sx\/","og_locale":"de_DE","og_type":"article","og_title":"Klassische Volldrehpfl\u00fcge L-S - Ovlac","og_description":"Klassische Volldrehpfl\u00fcge L-S. Die Ovlac Pfl\u00fcge der Serie S\/L sind mit einem hydraulischen \u00dcberlastsicherungssystem und einem...","og_url":"https:\/\/ovlac.com\/arado-reversible-lx-sx\/","og_site_name":"Ovlac","article_modified_time":"2025-03-07T07:56:02+00:00","og_image":[{"width":1701,"height":1134,"url":"https:\/\/ovlac.com\/wp-content\/uploads\/2023\/08\/SHN-6.jpg","type":"image\/jpeg"}],"twitter_card":"summary_large_image","twitter_misc":{"Gesch\u00e4tzte Lesezeit":"3\u00a0Minuten"},"schema":{"@context":"https:\/\/schema.org","@graph":[{"@type":"WebPage","@id":"https:\/\/ovlac.com\/arado-reversible-lx-sx\/","url":"https:\/\/ovlac.com\/arado-reversible-lx-sx\/","name":"Klassische Volldrehpfl\u00fcge L-S - Ovlac","isPartOf":{"@id":"https:\/\/ovlac.com\/#website"},"primaryImageOfPage":{"@id":"https:\/\/ovlac.com\/arado-reversible-lx-sx\/#primaryimage"},"image":{"@id":"https:\/\/ovlac.com\/arado-reversible-lx-sx\/#primaryimage"},"thumbnailUrl":"https:\/\/ovlac.com\/wp-content\/uploads\/2023\/08\/SHN-6.jpg","datePublished":"2025-02-24T08:23:10+00:00","dateModified":"2025-03-07T07:56:02+00:00","description":"Klassische Volldrehpfl\u00fcge L-S. Die Ovlac Pfl\u00fcge der Serie S\/L sind mit einem hydraulischen \u00dcberlastsicherungssystem und einem...","breadcrumb":{"@id":"https:\/\/ovlac.com\/arado-reversible-lx-sx\/#breadcrumb"},"inLanguage":"de","potentialAction":[{"@type":"ReadAction","target":["https:\/\/ovlac.com\/arado-reversible-lx-sx\/"]}]},{"@type":"ImageObject","inLanguage":"de","@id":"https:\/\/ovlac.com\/arado-reversible-lx-sx\/#primaryimage","url":"https:\/\/ovlac.com\/wp-content\/uploads\/2023\/08\/SHN-6.jpg","contentUrl":"https:\/\/ovlac.com\/wp-content\/uploads\/2023\/08\/SHN-6.jpg","width":1701,"height":1134},{"@type":"BreadcrumbList","@id":"https:\/\/ovlac.com\/arado-reversible-lx-sx\/#breadcrumb","itemListElement":[{"@type":"ListItem","position":1,"name":"Portada","item":"https:\/\/ovlac.com\/de\/"},{"@type":"ListItem","position":2,"name":"Klassische Volldrehpfl\u00fcge L-S"}]},{"@type":"WebSite","@id":"https:\/\/ovlac.com\/#website","url":"https:\/\/ovlac.com\/","name":"Ovlac","description":"OVLAC","potentialAction":[{"@type":"SearchAction","target":{"@type":"EntryPoint","urlTemplate":"https:\/\/ovlac.com\/?s={search_term_string}"},"query-input":{"@type":"PropertyValueSpecification","valueRequired":true,"valueName":"search_term_string"}}],"inLanguage":"de"}]}},"_links":{"self":[{"href":"https:\/\/ovlac.com\/de\/wp-json\/wp\/v2\/pages\/62538","targetHints":{"allow":["GET"]}}],"collection":[{"href":"https:\/\/ovlac.com\/de\/wp-json\/wp\/v2\/pages"}],"about":[{"href":"https:\/\/ovlac.com\/de\/wp-json\/wp\/v2\/types\/page"}],"author":[{"embeddable":true,"href":"https:\/\/ovlac.com\/de\/wp-json\/wp\/v2\/users\/200"}],"replies":[{"embeddable":true,"href":"https:\/\/ovlac.com\/de\/wp-json\/wp\/v2\/comments?post=62538"}],"version-history":[{"count":17,"href":"https:\/\/ovlac.com\/de\/wp-json\/wp\/v2\/pages\/62538\/revisions"}],"predecessor-version":[{"id":63036,"href":"https:\/\/ovlac.com\/de\/wp-json\/wp\/v2\/pages\/62538\/revisions\/63036"}],"wp:featuredmedia":[{"embeddable":true,"href":"https:\/\/ovlac.com\/de\/wp-json\/wp\/v2\/media\/54318"}],"wp:attachment":[{"href":"https:\/\/ovlac.com\/de\/wp-json\/wp\/v2\/media?parent=62538"}],"curies":[{"name":"wp","href":"https:\/\/api.w.org\/{rel}","templated":true}]}}