{"id":61156,"date":"2024-12-19T11:55:37","date_gmt":"2024-12-19T11:55:37","guid":{"rendered":"https:\/\/ovlac.com\/?page_id=61156"},"modified":"2025-03-06T12:01:41","modified_gmt":"2025-03-06T12:01:41","slug":"aufsattelvolldrehpfluege","status":"publish","type":"page","link":"https:\/\/ovlac.com\/de\/aufsattelvolldrehpfluege\/","title":{"rendered":"Aufsattelvolldrehpfl\u00fcge"},"content":{"rendered":"<p>[et_pb_section fb_built=&#8220;1&#8243; fullwidth=&#8220;on&#8220; _builder_version=&#8220;4.24.3&#8243; _module_preset=&#8220;default&#8220; locked=&#8220;off&#8220; global_colors_info=&#8220;{}&#8220;][et_pb_fullwidth_slider admin_label=&#8220;Control deslizante de anchura completa&#8220; _builder_version=&#8220;4.27.0&#8243; _module_preset=&#8220;default&#8220; background_last_edited=&#8220;on|desktop&#8220; global_colors_info=&#8220;{}&#8220;][et_pb_slide url_new_window=&#8220;on&#8220; use_bg_overlay=&#8220;off&#8220; use_text_overlay=&#8220;off&#8220; image_tablet=&#8220;&#8220; image_phone=&#8220;&#8220; image_last_edited=&#8220;on|desktop&#8220; _builder_version=&#8220;4.27.0&#8243; _module_preset=&#8220;default&#8220; header_font=&#8220;||||||||&#8220; background_color=&#8220;#FFFFFF&#8220; background_enable_color=&#8220;on&#8220; background_image=&#8220;https:\/\/ovlac.com\/wp-content\/uploads\/2024\/09\/IMG_20221003_152303-Arados-reversibles-semi-suspendidos.jpg&#8220; background_enable_image=&#8220;on&#8220; button_on_hover=&#8220;on&#8220; background_last_edited=&#8220;on|desktop&#8220; background_image_tablet=&#8220;https:\/\/ovlac.com\/wp-content\/uploads\/2024\/04\/slider-XP.png&#8220; background_image_phone=&#8220;https:\/\/ovlac.com\/wp-content\/uploads\/2024\/04\/slider-XP.png&#8220; background_enable_image_tablet=&#8220;on&#8220; background_enable_image_phone=&#8220;on&#8220; global_colors_info=&#8220;{}&#8220; sticky_transition=&#8220;on&#8220;][\/et_pb_slide][\/et_pb_fullwidth_slider][et_pb_fullwidth_post_title meta=&#8220;off&#8220; featured_image=&#8220;off&#8220; _builder_version=&#8220;4.24.3&#8243; _module_preset=&#8220;default&#8220; title_font=&#8220;|700|||||||&#8220; title_text_color=&#8220;#e73137&#8243; title_font_size=&#8220;33px&#8220; background_color=&#8220;RGBA(255,255,255,0)&#8220; custom_padding=&#8220;60px||||false|false&#8220; global_colors_info=&#8220;{}&#8220;][\/et_pb_fullwidth_post_title][\/et_pb_section][et_pb_section fb_built=&#8220;1&#8243; admin_label=&#8220;section&#8220; _builder_version=&#8220;4.16&#8243; locked=&#8220;off&#8220; global_colors_info=&#8220;{}&#8220;][et_pb_row admin_label=&#8220;row&#8220; _builder_version=&#8220;4.24.3&#8243; background_size=&#8220;initial&#8220; background_position=&#8220;top_left&#8220; background_repeat=&#8220;repeat&#8220; custom_margin=&#8220;-28px||||false|false&#8220; global_colors_info=&#8220;{}&#8220;][et_pb_column type=&#8220;4_4&#8243; _builder_version=&#8220;4.16&#8243; custom_padding=&#8220;|||&#8220; global_colors_info=&#8220;{}&#8220; custom_padding__hover=&#8220;|||&#8220;][et_pb_text admin_label=&#8220;Text&#8220; _builder_version=&#8220;4.26.0&#8243; text_font_size=&#8220;15px&#8220; text_line_height=&#8220;1.9em&#8220; background_size=&#8220;initial&#8220; background_position=&#8220;top_left&#8220; background_repeat=&#8220;repeat&#8220; custom_margin=&#8220;||32px||false|false&#8220; custom_padding=&#8220;||32px||false|false&#8220; global_colors_info=&#8220;{}&#8220;]<\/p>\n<p>Ovlac verf\u00fcgt \u00fcber eine breite Erfahrung in der Herstellung von <strong>Aufsatteldrehpfl\u00fcgen<\/strong> f\u00fcr verschiedene M\u00e4rkte und Arbeitsumgebungen.\u00a0<\/p>\n<p>Die Serie der <strong>Aufsatteldrehpfl\u00fcge<\/strong> umfasst Modelle mit bis zu 9 K\u00f6rpern. Je nach den Bed\u00fcrfnissen k\u00f6nnen 2 Sicherheitssysteme gew\u00e4hlt werden: <strong>Scharbolzen (F) und hydraulische \u00dcberlastsicherung (H)<\/strong>. Alle k\u00f6nnen auch mit hydraulisch verstellbarer Arbeitsbreite<strong> (SS-Modelle)<\/strong> oder manuell verstellbarer Arbeitsbreite in 4 Positionen <strong>(SL-Modelle)<\/strong> ausgestattet werden.\u00a0<\/p>\n<p>Serienm\u00e4\u00dfig sind sowohl die Tiefeneinstellung als auch die Breiteneinstellung der ersten K\u00f6rper immer hydraulisch verstellbar. Falls der Traktor nicht \u00fcber gen\u00fcgend Steuerger\u00e4te verf\u00fcgt, um alle hydraulischen Funktionen zu bedienen (3 oder 4 je nach Modell), kann der Pflug mit Elektroventilen ausgestattet werden.\u00a0<\/p>\n<p>Die Ovlac <strong>Aufsatteldrehpfl\u00fcge<\/strong> k\u00f6nnen mit einer gro\u00dfen Auswahl an Zubeh\u00f6rteilen ausgestattet werden, wie z. B. verschiedenen K\u00f6rpern, Einleger, Vorsch\u00e4ler, Scheibensechs, Scharen, usw.<\/p>\n<p>[\/et_pb_text][et_pb_video src=&#8220;https:\/\/vimeo.com\/118109390&#8243; _builder_version=&#8220;4.26.0&#8243; _module_preset=&#8220;default&#8220; global_colors_info=&#8220;{}&#8220;][\/et_pb_video][\/et_pb_column][\/et_pb_row][\/et_pb_section][et_pb_section fb_built=&#8220;1&#8243; _builder_version=&#8220;4.24.3&#8243; _module_preset=&#8220;default&#8220; background_color=&#8220;#e5e5e5&#8243; locked=&#8220;off&#8220; global_colors_info=&#8220;{}&#8220;][et_pb_row column_structure=&#8220;1_2,1_2&#8243; _builder_version=&#8220;4.24.3&#8243; _module_preset=&#8220;default&#8220; custom_margin=&#8220;12px||48px||false|false&#8220; custom_margin_tablet=&#8220;12px||48px||false|false&#8220; custom_margin_phone=&#8220;12px||48px||false|false&#8220; custom_margin_last_edited=&#8220;on|desktop&#8220; global_colors_info=&#8220;{}&#8220;][et_pb_column type=&#8220;1_2&#8243; _builder_version=&#8220;4.24.3&#8243; _module_preset=&#8220;default&#8220; global_colors_info=&#8220;{}&#8220;][et_pb_text _builder_version=&#8220;4.27.3&#8243; _module_preset=&#8220;default&#8220; global_colors_info=&#8220;{}&#8220;]<\/p>\n<div class=\"acf-label\">\n<h2 class=\"description\" style=\"text-align: center;\"><strong>Wichtigsten Vorteile<\/strong><\/h2>\n<\/div>\n<p>[\/et_pb_text][et_pb_text _builder_version=&#8220;4.27.3&#8243; _module_preset=&#8220;default&#8220; global_colors_info=&#8220;{}&#8220;]<\/p>\n<ol>\n<li><strong>Monorad semisuspendierte Pfl\u00fcge mit bis zu 9 K\u00f6rpern.<\/strong>\n<ul>\n<li>Zwei Sicherheitssysteme:\n<ul>\n<li>Scherbolzen (SLF \/ SSF)<\/li>\n<li>Hydraulisches Non Stop (SLH \/ SSH)<\/li>\n<\/ul>\n<\/li>\n<li>Hydraulische Einstellung der Arbeitsbreite, der Tiefe und der Arbeitsbreite des ersten K\u00f6rpers.<\/li>\n<\/ul>\n<\/li>\n<\/ol>\n<p>[\/et_pb_text][\/et_pb_column][et_pb_column type=&#8220;1_2&#8243; _builder_version=&#8220;4.24.3&#8243; _module_preset=&#8220;default&#8220; global_colors_info=&#8220;{}&#8220;][et_pb_image src=&#8220;https:\/\/ovlac.com\/wp-content\/uploads\/2014\/04\/IMG_1539-640&#215;300.jpg&#8220; title_text=&#8220;reptill-trabajo&#8220; _builder_version=&#8220;4.26.0&#8243; _module_preset=&#8220;default&#8220; global_colors_info=&#8220;{}&#8220;][\/et_pb_image][\/et_pb_column][\/et_pb_row][et_pb_row _builder_version=&#8220;4.24.3&#8243; _module_preset=&#8220;default&#8220; global_colors_info=&#8220;{}&#8220;][et_pb_column type=&#8220;4_4&#8243; _builder_version=&#8220;4.24.3&#8243; _module_preset=&#8220;default&#8220; global_colors_info=&#8220;{}&#8220;][et_pb_text admin_label=&#8220;Texto&#8220; _builder_version=&#8220;4.27.3&#8243; _module_preset=&#8220;default&#8220; global_colors_info=&#8220;{}&#8220;]<\/p>\n<div class=\"acf-label\">\n<div class=\"et_pb_module et_pb_text et_pb_text_5  et_pb_text_align_left et_pb_bg_layout_light\">\n<div class=\"et_pb_text_inner\">\n<div class=\"acf-label\">\n<h2 class=\"description\" style=\"text-align: center;\"><strong>Technische Daten<\/strong><\/h2>\n<\/div>\n<\/div>\n<\/div>\n<\/div>\n<p>[\/et_pb_text][et_pb_text _builder_version=&#8220;4.26.0&#8243; _module_preset=&#8220;default&#8220; global_colors_info=&#8220;{}&#8220;]<\/p>\n<h4>SLF \u2013 Seguridad por tornillo fusible y anchura de trabajo regulable en 4 posiciones<\/h4>\n<table class=\"responsive\">\n<tbody>\n<tr>\n<th>SLF<\/th>\n<th width=\"\">ANCHURA TRABAJO<\/th>\n<th width=\"\">DISTANCIA ENTRE CUERPOS<\/th>\n<th width=\"\">DESPEJE<\/th>\n<th width=\"\">PESO<\/th>\n<\/tr>\n<tr>\n<td>SLF-5<\/td>\n<td>180-210-245-275<\/td>\n<td>105<\/td>\n<td>72-78-90<\/td>\n<td>2620<\/td>\n<\/tr>\n<tr>\n<td>SLF-5+1 \/ 6<\/td>\n<td>215-255-290-330<\/td>\n<td>105<\/td>\n<td>72-78-90<\/td>\n<td>2875<\/td>\n<\/tr>\n<tr>\n<td>SLF-6+1 \/ 7<\/td>\n<td>250-295-340-385<\/td>\n<td>105<\/td>\n<td>72-78-90<\/td>\n<td>3125<\/td>\n<\/tr>\n<tr>\n<td>SLF-6+1+1 \/ 7+1<\/td>\n<td>290-340-390-440<\/td>\n<td>105<\/td>\n<td>72-78-90<\/td>\n<td>3380<\/td>\n<\/tr>\n<\/tbody>\n<\/table>\n<p>&nbsp;<\/p>\n<h4>SSF \u2013 Seguridad por tornillo fusible y anchura de trabajo variable hidr\u00e1ulicamente<\/h4>\n<table class=\"responsive\">\n<tbody>\n<tr>\n<th>SSF<\/th>\n<th width=\"\">ANCHURA TRABAJO<\/th>\n<th width=\"\">DISTANCIA ENTRE CUERPOS<\/th>\n<th width=\"\">DESPEJE<\/th>\n<th width=\"\">PESO<\/th>\n<\/tr>\n<tr>\n<td width=\"\">SSF-5<\/td>\n<td width=\"\">150 \u2013 165<\/td>\n<td width=\"\">105<\/td>\n<td width=\"\">72-78-90<\/td>\n<td>2710<\/td>\n<\/tr>\n<tr>\n<td>SSF-5+1 \/ 6<\/td>\n<td>180 \u2013 320<\/td>\n<td>105<\/td>\n<td>72-78-90<\/td>\n<td>3005<\/td>\n<\/tr>\n<tr>\n<td>SSF-6+1 \/ 7<\/td>\n<td>210 \u2013 370<\/td>\n<td>105<\/td>\n<td>72-78-90<\/td>\n<td>3310<\/td>\n<\/tr>\n<tr>\n<td>SSF-6+1+1 \/ 7+1<\/td>\n<td>240 \u2013 425<\/td>\n<td>105<\/td>\n<td>72-78-90<\/td>\n<td>3625<\/td>\n<\/tr>\n<\/tbody>\n<\/table>\n<h4>\u00a0<\/h4>\n<h4>SLH \u2013 Seguridad Non Stop hidro y anchura de trabajo regulable en 4 posiciones<\/h4>\n<table class=\"responsive\">\n<tbody>\n<tr>\n<th>SLH<\/th>\n<th width=\"\">ANCHURA TRABAJO<\/th>\n<th width=\"\">DISTANCIA ENTRE CUERPOS<\/th>\n<th width=\"\">DESPEJE<\/th>\n<th width=\"\">PESO<\/th>\n<\/tr>\n<tr>\n<td width=\"\">SLH-5<\/td>\n<td width=\"\">180-210-245-275<\/td>\n<td width=\"\">105<\/td>\n<td width=\"\">72 \u2013 78<\/td>\n<td>2650<\/td>\n<\/tr>\n<tr>\n<td>SLH-5+1 \/ 6<\/td>\n<td>215-255-290-330<\/td>\n<td>105<\/td>\n<td>72 \u2013 78<\/td>\n<td>2915<\/td>\n<\/tr>\n<tr>\n<td>SLH-6+1 \/ 7<\/td>\n<td>250-295-340-385<\/td>\n<td>105<\/td>\n<td>72 \u2013 78<\/td>\n<td>3180<\/td>\n<\/tr>\n<tr>\n<td>SLH-6+1+1 \/ 7+1<\/td>\n<td>290-340-390-440<\/td>\n<td>105<\/td>\n<td>72 \u2013 78<\/td>\n<td>3445<\/td>\n<\/tr>\n<\/tbody>\n<\/table>\n<p>&nbsp;<\/p>\n<h4>SSH \u2013 Seguridad Non Stop hidro y anchura de trabajo variable hidr\u00e1ulicamente<\/h4>\n<table class=\"responsive\">\n<tbody>\n<tr>\n<th>SSH<\/th>\n<th width=\"\">ANCHURA TRABAJO<\/th>\n<th width=\"\">DISTANCIA ENTRE CUERPOS<\/th>\n<th width=\"\">DESPEJE<\/th>\n<th width=\"\">PESO<\/th>\n<\/tr>\n<tr>\n<td width=\"\">SSH-5<\/td>\n<td width=\"\">150 \u2013 165<\/td>\n<td width=\"\">105<\/td>\n<td width=\"\">72 \u2013 78<\/td>\n<td>2785<\/td>\n<\/tr>\n<tr>\n<td>SSH-5+1 \/ 6<\/td>\n<td>180 \u2013 320<\/td>\n<td>105<\/td>\n<td>72 \u2013 78<\/td>\n<td>3110<\/td>\n<\/tr>\n<tr>\n<td>SSH-6+1 \/ 7<\/td>\n<td>210 \u2013 370<\/td>\n<td>105<\/td>\n<td>72 \u2013 78<\/td>\n<td>3445<\/td>\n<\/tr>\n<tr>\n<td>SSH-6+1+1 \/ 7+1<\/td>\n<td>240 \u2013 425<\/td>\n<td>105<\/td>\n<td>72 \u2013 78<\/td>\n<td>3780<\/td>\n<\/tr>\n<\/tbody>\n<\/table>\n<p>[\/et_pb_text][\/et_pb_column][\/et_pb_row][et_pb_row _builder_version=&#8220;4.24.3&#8243; _module_preset=&#8220;default&#8220; global_colors_info=&#8220;{}&#8220;][et_pb_column type=&#8220;4_4&#8243; _builder_version=&#8220;4.24.3&#8243; _module_preset=&#8220;default&#8220; global_colors_info=&#8220;{}&#8220;][et_pb_text _builder_version=&#8220;4.27.3&#8243; _module_preset=&#8220;default&#8220; global_colors_info=&#8220;{}&#8220;]<\/p>\n<div class=\"acf-label\">\n<h2 class=\"description\" style=\"text-align: center;\"><strong>Fotografien<\/strong><\/h2>\n<\/div>\n<p>[\/et_pb_text][et_pb_gallery gallery_ids=&#8220;52863,54229,54233,54245,54249,54257&#8243; show_title_and_caption=&#8220;off&#8220; _builder_version=&#8220;4.26.0&#8243; _module_preset=&#8220;default&#8220; global_colors_info=&#8220;{}&#8220;][\/et_pb_gallery][\/et_pb_column][\/et_pb_row][\/et_pb_section]<\/p>\n","protected":false},"excerpt":{"rendered":"<p>Ovlac verf\u00fcgt \u00fcber eine breite Erfahrung in der Herstellung von Aufsatteldrehpfl\u00fcgen f\u00fcr verschiedene M\u00e4rkte und Arbeitsumgebungen.\u00a0 Die Serie der Aufsatteldrehpfl\u00fcge umfasst Modelle mit bis zu 9 K\u00f6rpern. Je nach den [&hellip;]<\/p>\n","protected":false},"author":200,"featured_media":54238,"parent":0,"menu_order":0,"comment_status":"closed","ping_status":"closed","template":"","meta":{"_et_pb_use_builder":"on","_et_pb_old_content":"","_et_gb_content_width":"","footnotes":""},"class_list":["post-61156","page","type-page","status-publish","has-post-thumbnail","hentry"],"yoast_head":"<!-- This site is optimized with the Yoast SEO plugin v24.8.1 - https:\/\/yoast.com\/wordpress\/plugins\/seo\/ -->\n<title>Aufsattelvolldrehpfl\u00fcge - Ovlac<\/title>\n<meta name=\"robots\" content=\"index, follow, max-snippet:-1, max-image-preview:large, max-video-preview:-1\" \/>\n<link rel=\"canonical\" href=\"https:\/\/ovlac.com\/de\/aufsattelvolldrehpfluege\/\" \/>\n<meta property=\"og:locale\" content=\"de_DE\" \/>\n<meta property=\"og:type\" content=\"article\" \/>\n<meta property=\"og:title\" content=\"Aufsattelvolldrehpfl\u00fcge - Ovlac\" \/>\n<meta property=\"og:description\" content=\"Ovlac verf\u00fcgt \u00fcber eine breite Erfahrung in der Herstellung von Aufsatteldrehpfl\u00fcgen f\u00fcr verschiedene M\u00e4rkte und Arbeitsumgebungen.\u00a0 Die Serie der Aufsatteldrehpfl\u00fcge umfasst Modelle mit bis zu 9 K\u00f6rpern. Je nach den [&hellip;]\" \/>\n<meta property=\"og:url\" content=\"https:\/\/ovlac.com\/de\/aufsattelvolldrehpfluege\/\" \/>\n<meta property=\"og:site_name\" content=\"Ovlac\" \/>\n<meta property=\"article:modified_time\" content=\"2025-03-06T12:01:41+00:00\" \/>\n<meta property=\"og:image\" content=\"https:\/\/ovlac.com\/wp-content\/uploads\/2014\/04\/DSC_0112-2.jpg\" \/>\n\t<meta property=\"og:image:width\" content=\"1395\" \/>\n\t<meta property=\"og:image:height\" content=\"915\" \/>\n\t<meta property=\"og:image:type\" content=\"image\/jpeg\" \/>\n<meta name=\"twitter:card\" content=\"summary_large_image\" \/>\n<meta name=\"twitter:label1\" content=\"Gesch\u00e4tzte Lesezeit\" \/>\n\t<meta name=\"twitter:data1\" content=\"3\u00a0Minuten\" \/>\n<script type=\"application\/ld+json\" class=\"yoast-schema-graph\">{\"@context\":\"https:\/\/schema.org\",\"@graph\":[{\"@type\":\"WebPage\",\"@id\":\"https:\/\/ovlac.com\/de\/aufsattelvolldrehpfluege\/\",\"url\":\"https:\/\/ovlac.com\/de\/aufsattelvolldrehpfluege\/\",\"name\":\"Aufsattelvolldrehpfl\u00fcge - Ovlac\",\"isPartOf\":{\"@id\":\"https:\/\/ovlac.com\/#website\"},\"primaryImageOfPage\":{\"@id\":\"https:\/\/ovlac.com\/de\/aufsattelvolldrehpfluege\/#primaryimage\"},\"image\":{\"@id\":\"https:\/\/ovlac.com\/de\/aufsattelvolldrehpfluege\/#primaryimage\"},\"thumbnailUrl\":\"https:\/\/ovlac.com\/wp-content\/uploads\/2014\/04\/DSC_0112-2.jpg\",\"datePublished\":\"2024-12-19T11:55:37+00:00\",\"dateModified\":\"2025-03-06T12:01:41+00:00\",\"breadcrumb\":{\"@id\":\"https:\/\/ovlac.com\/de\/aufsattelvolldrehpfluege\/#breadcrumb\"},\"inLanguage\":\"de\",\"potentialAction\":[{\"@type\":\"ReadAction\",\"target\":[\"https:\/\/ovlac.com\/de\/aufsattelvolldrehpfluege\/\"]}]},{\"@type\":\"ImageObject\",\"inLanguage\":\"de\",\"@id\":\"https:\/\/ovlac.com\/de\/aufsattelvolldrehpfluege\/#primaryimage\",\"url\":\"https:\/\/ovlac.com\/wp-content\/uploads\/2014\/04\/DSC_0112-2.jpg\",\"contentUrl\":\"https:\/\/ovlac.com\/wp-content\/uploads\/2014\/04\/DSC_0112-2.jpg\",\"width\":1395,\"height\":915},{\"@type\":\"BreadcrumbList\",\"@id\":\"https:\/\/ovlac.com\/de\/aufsattelvolldrehpfluege\/#breadcrumb\",\"itemListElement\":[{\"@type\":\"ListItem\",\"position\":1,\"name\":\"Portada\",\"item\":\"https:\/\/ovlac.com\/de\/\"},{\"@type\":\"ListItem\",\"position\":2,\"name\":\"Aufsattelvolldrehpfl\u00fcge\"}]},{\"@type\":\"WebSite\",\"@id\":\"https:\/\/ovlac.com\/#website\",\"url\":\"https:\/\/ovlac.com\/\",\"name\":\"Ovlac\",\"description\":\"OVLAC\",\"potentialAction\":[{\"@type\":\"SearchAction\",\"target\":{\"@type\":\"EntryPoint\",\"urlTemplate\":\"https:\/\/ovlac.com\/?s={search_term_string}\"},\"query-input\":{\"@type\":\"PropertyValueSpecification\",\"valueRequired\":true,\"valueName\":\"search_term_string\"}}],\"inLanguage\":\"de\"}]}<\/script>\n<!-- \/ Yoast SEO plugin. -->","yoast_head_json":{"title":"Aufsattelvolldrehpfl\u00fcge - Ovlac","robots":{"index":"index","follow":"follow","max-snippet":"max-snippet:-1","max-image-preview":"max-image-preview:large","max-video-preview":"max-video-preview:-1"},"canonical":"https:\/\/ovlac.com\/de\/aufsattelvolldrehpfluege\/","og_locale":"de_DE","og_type":"article","og_title":"Aufsattelvolldrehpfl\u00fcge - Ovlac","og_description":"Ovlac verf\u00fcgt \u00fcber eine breite Erfahrung in der Herstellung von Aufsatteldrehpfl\u00fcgen f\u00fcr verschiedene M\u00e4rkte und Arbeitsumgebungen.\u00a0 Die Serie der Aufsatteldrehpfl\u00fcge umfasst Modelle mit bis zu 9 K\u00f6rpern. Je nach den [&hellip;]","og_url":"https:\/\/ovlac.com\/de\/aufsattelvolldrehpfluege\/","og_site_name":"Ovlac","article_modified_time":"2025-03-06T12:01:41+00:00","og_image":[{"width":1395,"height":915,"url":"https:\/\/ovlac.com\/wp-content\/uploads\/2014\/04\/DSC_0112-2.jpg","type":"image\/jpeg"}],"twitter_card":"summary_large_image","twitter_misc":{"Gesch\u00e4tzte Lesezeit":"3\u00a0Minuten"},"schema":{"@context":"https:\/\/schema.org","@graph":[{"@type":"WebPage","@id":"https:\/\/ovlac.com\/de\/aufsattelvolldrehpfluege\/","url":"https:\/\/ovlac.com\/de\/aufsattelvolldrehpfluege\/","name":"Aufsattelvolldrehpfl\u00fcge - Ovlac","isPartOf":{"@id":"https:\/\/ovlac.com\/#website"},"primaryImageOfPage":{"@id":"https:\/\/ovlac.com\/de\/aufsattelvolldrehpfluege\/#primaryimage"},"image":{"@id":"https:\/\/ovlac.com\/de\/aufsattelvolldrehpfluege\/#primaryimage"},"thumbnailUrl":"https:\/\/ovlac.com\/wp-content\/uploads\/2014\/04\/DSC_0112-2.jpg","datePublished":"2024-12-19T11:55:37+00:00","dateModified":"2025-03-06T12:01:41+00:00","breadcrumb":{"@id":"https:\/\/ovlac.com\/de\/aufsattelvolldrehpfluege\/#breadcrumb"},"inLanguage":"de","potentialAction":[{"@type":"ReadAction","target":["https:\/\/ovlac.com\/de\/aufsattelvolldrehpfluege\/"]}]},{"@type":"ImageObject","inLanguage":"de","@id":"https:\/\/ovlac.com\/de\/aufsattelvolldrehpfluege\/#primaryimage","url":"https:\/\/ovlac.com\/wp-content\/uploads\/2014\/04\/DSC_0112-2.jpg","contentUrl":"https:\/\/ovlac.com\/wp-content\/uploads\/2014\/04\/DSC_0112-2.jpg","width":1395,"height":915},{"@type":"BreadcrumbList","@id":"https:\/\/ovlac.com\/de\/aufsattelvolldrehpfluege\/#breadcrumb","itemListElement":[{"@type":"ListItem","position":1,"name":"Portada","item":"https:\/\/ovlac.com\/de\/"},{"@type":"ListItem","position":2,"name":"Aufsattelvolldrehpfl\u00fcge"}]},{"@type":"WebSite","@id":"https:\/\/ovlac.com\/#website","url":"https:\/\/ovlac.com\/","name":"Ovlac","description":"OVLAC","potentialAction":[{"@type":"SearchAction","target":{"@type":"EntryPoint","urlTemplate":"https:\/\/ovlac.com\/?s={search_term_string}"},"query-input":{"@type":"PropertyValueSpecification","valueRequired":true,"valueName":"search_term_string"}}],"inLanguage":"de"}]}},"_links":{"self":[{"href":"https:\/\/ovlac.com\/de\/wp-json\/wp\/v2\/pages\/61156","targetHints":{"allow":["GET"]}}],"collection":[{"href":"https:\/\/ovlac.com\/de\/wp-json\/wp\/v2\/pages"}],"about":[{"href":"https:\/\/ovlac.com\/de\/wp-json\/wp\/v2\/types\/page"}],"author":[{"embeddable":true,"href":"https:\/\/ovlac.com\/de\/wp-json\/wp\/v2\/users\/200"}],"replies":[{"embeddable":true,"href":"https:\/\/ovlac.com\/de\/wp-json\/wp\/v2\/comments?post=61156"}],"version-history":[{"count":6,"href":"https:\/\/ovlac.com\/de\/wp-json\/wp\/v2\/pages\/61156\/revisions"}],"predecessor-version":[{"id":63014,"href":"https:\/\/ovlac.com\/de\/wp-json\/wp\/v2\/pages\/61156\/revisions\/63014"}],"wp:featuredmedia":[{"embeddable":true,"href":"https:\/\/ovlac.com\/de\/wp-json\/wp\/v2\/media\/54238"}],"wp:attachment":[{"href":"https:\/\/ovlac.com\/de\/wp-json\/wp\/v2\/media?parent=61156"}],"curies":[{"name":"wp","href":"https:\/\/api.w.org\/{rel}","templated":true}]}}