{"id":61135,"date":"2024-12-19T09:53:49","date_gmt":"2024-12-19T09:53:49","guid":{"rendered":"https:\/\/ovlac.com\/?page_id=61135"},"modified":"2025-03-05T09:30:32","modified_gmt":"2025-03-05T09:30:32","slug":"beetpfluge","status":"publish","type":"page","link":"https:\/\/ovlac.com\/de\/beetpfluge\/","title":{"rendered":"Beetpfl\u00fcge"},"content":{"rendered":"<p>[et_pb_section fb_built=&#8220;1&#8243; fullwidth=&#8220;on&#8220; _builder_version=&#8220;4.24.3&#8243; _module_preset=&#8220;default&#8220; locked=&#8220;off&#8220; global_colors_info=&#8220;{}&#8220;][et_pb_fullwidth_slider admin_label=&#8220;Control deslizante de anchura completa&#8220; _builder_version=&#8220;4.26.0&#8243; _module_preset=&#8220;default&#8220; background_last_edited=&#8220;on|desktop&#8220; global_colors_info=&#8220;{}&#8220;][et_pb_slide url_new_window=&#8220;on&#8220; use_bg_overlay=&#8220;off&#8220; use_text_overlay=&#8220;off&#8220; image_tablet=&#8220;&#8220; image_phone=&#8220;&#8220; image_last_edited=&#8220;on|desktop&#8220; _builder_version=&#8220;4.26.0&#8243; _module_preset=&#8220;default&#8220; header_font=&#8220;||||||||&#8220; background_color=&#8220;#FFFFFF&#8220; background_enable_color=&#8220;on&#8220; background_image=&#8220;https:\/\/ovlac.com\/wp-content\/uploads\/2023\/08\/Fijo-Suspendido.jpg&#8220; background_enable_image=&#8220;on&#8220; button_on_hover=&#8220;on&#8220; background_last_edited=&#8220;on|desktop&#8220; background_image_tablet=&#8220;https:\/\/ovlac.com\/wp-content\/uploads\/2024\/04\/slider-XP.png&#8220; background_image_phone=&#8220;https:\/\/ovlac.com\/wp-content\/uploads\/2024\/04\/slider-XP.png&#8220; background_enable_image_tablet=&#8220;on&#8220; background_enable_image_phone=&#8220;on&#8220; global_colors_info=&#8220;{}&#8220; sticky_transition=&#8220;on&#8220;][\/et_pb_slide][\/et_pb_fullwidth_slider][et_pb_fullwidth_post_title meta=&#8220;off&#8220; featured_image=&#8220;off&#8220; _builder_version=&#8220;4.24.3&#8243; _module_preset=&#8220;default&#8220; title_font=&#8220;|700|||||||&#8220; title_text_color=&#8220;#e73137&#8243; title_font_size=&#8220;33px&#8220; background_color=&#8220;RGBA(255,255,255,0)&#8220; custom_padding=&#8220;60px||||false|false&#8220; global_colors_info=&#8220;{}&#8220;][\/et_pb_fullwidth_post_title][\/et_pb_section][et_pb_section fb_built=&#8220;1&#8243; admin_label=&#8220;section&#8220; _builder_version=&#8220;4.16&#8243; locked=&#8220;off&#8220; global_colors_info=&#8220;{}&#8220;][et_pb_row admin_label=&#8220;row&#8220; _builder_version=&#8220;4.24.3&#8243; background_size=&#8220;initial&#8220; background_position=&#8220;top_left&#8220; background_repeat=&#8220;repeat&#8220; custom_margin=&#8220;-28px||||false|false&#8220; global_colors_info=&#8220;{}&#8220;][et_pb_column type=&#8220;4_4&#8243; _builder_version=&#8220;4.16&#8243; custom_padding=&#8220;|||&#8220; global_colors_info=&#8220;{}&#8220; custom_padding__hover=&#8220;|||&#8220;][et_pb_text admin_label=&#8220;Text&#8220; _builder_version=&#8220;4.27.3&#8243; text_font_size=&#8220;15px&#8220; text_line_height=&#8220;1.9em&#8220; background_size=&#8220;initial&#8220; background_position=&#8220;top_left&#8220; background_repeat=&#8220;repeat&#8220; custom_margin=&#8220;||32px||false|false&#8220; custom_padding=&#8220;||32px||false|false&#8220; global_colors_info=&#8220;{}&#8220;]<\/p>\n<div class=\"flex-shrink-0 flex flex-col relative items-end\">\n<div>\n<div class=\"pt-0\">\n<div class=\"gizmo-bot-avatar flex h-8 w-8 items-center justify-center overflow-hidden rounded-full\"><\/div>\n<\/div>\n<\/div>\n<\/div>\n<div class=\"group\/conversation-turn relative flex w-full min-w-0 flex-col agent-turn\">\n<div class=\"flex-col gap-1 md:gap-3\">\n<div class=\"flex max-w-full flex-col flex-grow\">\n<div data-message-author-role=\"assistant\" data-message-id=\"cda3988e-90b4-42ad-b395-185f070e51c9\" dir=\"auto\" class=\"min-h-8 text-message flex w-full flex-col items-end gap-2 whitespace-normal break-words text-start [.text-message+&amp;]:mt-5\" data-message-model-slug=\"gpt-4o-mini\">\n<div class=\"flex w-full flex-col gap-1 empty:hidden first:pt-[3px]\">\n<div class=\"markdown prose w-full break-words dark:prose-invert light\">\n<p>Ovlac hat umfangreiche Erfahrung in der Herstellung beider Modelle, sodass ihr Design und Konzept vollst\u00e4ndig konsolidiert sind. Sowohl das FF als auch das FB Modell gew\u00e4hrleisten eine lange Lebensdauer ohne Probleme.<\/p>\n<p>Neben all dem ist eines der Unterscheidungsmerkmale der Ovlac-Ger\u00e4te die feste oder die eigene oszillierende Anh\u00e4ngung von Ovlac. Mit letzterem wird eine automatische Regelung der Zuglinie und des seitlichen Abdrifts des Pflugs erreicht, was eine immer gerade Arbeitsweise erm\u00f6glicht. Die automatische Verriegelung w\u00e4hrend des Hebens oder Transports macht es zu einem wesentlichen Sicherheitsmerkmal.<\/p>\n<div class=\"et_pb_module et_pb_text et_pb_text_0  et_pb_text_align_left et_pb_bg_layout_light\">\n<div class=\"et_pb_text_inner\">\n<p>&nbsp;<\/p>\n<p>Im folgenden Video sehen Sie die f\u00fcr alle<span>\u00a0<\/span><strong>Ovlac-Pfl\u00fcge<\/strong><span>\u00a0<\/span>erh\u00e4ltliche<span>\u00a0<\/span><strong>Pendelnde Tragachse<\/strong><span>\u00a0<\/span>in Aktion:<\/p>\n<\/div>\n<\/div>\n<\/div>\n<\/div>\n<\/div>\n<\/div>\n<\/div>\n<\/div>\n<p>[\/et_pb_text][et_pb_video src=&#8220;https:\/\/youtu.be\/QpEXtKYYUX4&#8243; _builder_version=&#8220;4.26.0&#8243; _module_preset=&#8220;default&#8220; global_colors_info=&#8220;{}&#8220;][\/et_pb_video][\/et_pb_column][\/et_pb_row][\/et_pb_section][et_pb_section fb_built=&#8220;1&#8243; _builder_version=&#8220;4.24.3&#8243; _module_preset=&#8220;default&#8220; background_color=&#8220;#e5e5e5&#8243; locked=&#8220;off&#8220; global_colors_info=&#8220;{}&#8220;][et_pb_row column_structure=&#8220;1_2,1_2&#8243; _builder_version=&#8220;4.24.3&#8243; _module_preset=&#8220;default&#8220; custom_margin=&#8220;12px||48px||false|false&#8220; custom_margin_tablet=&#8220;12px||48px||false|false&#8220; custom_margin_phone=&#8220;12px||48px||false|false&#8220; custom_margin_last_edited=&#8220;on|desktop&#8220; global_colors_info=&#8220;{}&#8220;][et_pb_column type=&#8220;1_2&#8243; _builder_version=&#8220;4.24.3&#8243; _module_preset=&#8220;default&#8220; global_colors_info=&#8220;{}&#8220;][et_pb_text _builder_version=&#8220;4.27.3&#8243; _module_preset=&#8220;default&#8220; global_colors_info=&#8220;{}&#8220;]<\/p>\n<div class=\"acf-label\">\n<h2 class=\"description\" style=\"text-align: center;\"><strong>Wichtigsten Vorteile<\/strong><\/h2>\n<\/div>\n<p>[\/et_pb_text][et_pb_text _builder_version=&#8220;4.24.3&#8243; _module_preset=&#8220;default&#8220; global_colors_info=&#8220;{}&#8220;]<\/p>\n<ul>\n<li>Aufgeh\u00e4ngte Festpfl\u00fcge mit bis zu 6 K\u00f6rpern.<\/li>\n<li>Zwei Sicherheitsysteme: Scherbolzen \u2013 Modell FF \u2013 oder Non-Stop-Federsicherung \u2013 Modell FB.<\/li>\n<li>Alle Arten von Zubeh\u00f6r verf\u00fcgbar: verschiedene Arten von Scharen, Strohh\u00e4ckselabdeckungen, R\u00e4der, Scheiben, Klingen usw.<\/li>\n<\/ul>\n<p>[\/et_pb_text][\/et_pb_column][et_pb_column type=&#8220;1_2&#8243; _builder_version=&#8220;4.24.3&#8243; _module_preset=&#8220;default&#8220; global_colors_info=&#8220;{}&#8220;][et_pb_image src=&#8220;https:\/\/ovlac.com\/wp-content\/uploads\/2024\/06\/Manual-FF-FB.png&#8220; title_text=&#8220;Manual FF-FB&#8220; _builder_version=&#8220;4.26.0&#8243; _module_preset=&#8220;default&#8220; global_colors_info=&#8220;{}&#8220;][\/et_pb_image][\/et_pb_column][\/et_pb_row][et_pb_row _builder_version=&#8220;4.24.3&#8243; _module_preset=&#8220;default&#8220; global_colors_info=&#8220;{}&#8220;][et_pb_column type=&#8220;4_4&#8243; _builder_version=&#8220;4.24.3&#8243; _module_preset=&#8220;default&#8220; global_colors_info=&#8220;{}&#8220;][et_pb_text admin_label=&#8220;Texto&#8220; _builder_version=&#8220;4.27.3&#8243; _module_preset=&#8220;default&#8220; global_colors_info=&#8220;{}&#8220;]<\/p>\n<div class=\"acf-label\">\n<h2 class=\"description\" style=\"text-align: center;\"><strong>Technische Daten<\/strong><\/h2>\n<\/div>\n<p>[\/et_pb_text][et_pb_image src=&#8220;https:\/\/ovlac.com\/wp-content\/uploads\/2014\/04\/TABLA-TECNICA-FS-ESP_Mesa-de-trabajo-1-01-1024&#215;342.jpg&#8220; alt=&#8220;XPERIENCIE-CARACTERISTICAS TECNICAS&#8220; title_text=&#8220;2024-XP-CARACTERISTICAS TECNICAS-WEB&#8220; show_bottom_space=&#8220;off&#8220; align=&#8220;center&#8220; _builder_version=&#8220;4.26.0&#8243; _module_preset=&#8220;default&#8220; global_colors_info=&#8220;{}&#8220;][\/et_pb_image][\/et_pb_column][\/et_pb_row][et_pb_row _builder_version=&#8220;4.24.3&#8243; _module_preset=&#8220;default&#8220; global_colors_info=&#8220;{}&#8220;][et_pb_column type=&#8220;4_4&#8243; _builder_version=&#8220;4.24.3&#8243; _module_preset=&#8220;default&#8220; global_colors_info=&#8220;{}&#8220;][et_pb_text _builder_version=&#8220;4.27.3&#8243; _module_preset=&#8220;default&#8220; global_colors_info=&#8220;{}&#8220;]<\/p>\n<div class=\"acf-label\">\n<h2 class=\"description\" style=\"text-align: center;\"><strong>Fotografien<\/strong><\/h2>\n<\/div>\n<p>[\/et_pb_text][et_pb_gallery gallery_ids=&#8220;51102,51094,52830&#8243; orientation=&#8220;portrait&#8220; show_title_and_caption=&#8220;off&#8220; _builder_version=&#8220;4.26.0&#8243; _module_preset=&#8220;default&#8220; global_colors_info=&#8220;{}&#8220;][\/et_pb_gallery][\/et_pb_column][\/et_pb_row][\/et_pb_section]<\/p>\n","protected":false},"excerpt":{"rendered":"<p>Ovlac hat umfangreiche Erfahrung in der Herstellung beider Modelle, sodass ihr Design und Konzept vollst\u00e4ndig konsolidiert sind. Sowohl das FF als auch das FB Modell gew\u00e4hrleisten eine lange Lebensdauer ohne [&hellip;]<\/p>\n","protected":false},"author":200,"featured_media":0,"parent":0,"menu_order":0,"comment_status":"closed","ping_status":"closed","template":"","meta":{"_et_pb_use_builder":"on","_et_pb_old_content":"","_et_gb_content_width":"","footnotes":""},"class_list":["post-61135","page","type-page","status-publish","hentry"],"yoast_head":"<!-- This site is optimized with the Yoast SEO plugin v24.8.1 - https:\/\/yoast.com\/wordpress\/plugins\/seo\/ -->\n<title>Beetpfl\u00fcge - Ovlac<\/title>\n<meta name=\"robots\" content=\"index, follow, max-snippet:-1, max-image-preview:large, max-video-preview:-1\" \/>\n<link rel=\"canonical\" href=\"https:\/\/ovlac.com\/de\/beetpfluge\/\" \/>\n<meta property=\"og:locale\" content=\"de_DE\" \/>\n<meta property=\"og:type\" content=\"article\" \/>\n<meta property=\"og:title\" content=\"Beetpfl\u00fcge - Ovlac\" \/>\n<meta property=\"og:description\" content=\"Ovlac hat umfangreiche Erfahrung in der Herstellung beider Modelle, sodass ihr Design und Konzept vollst\u00e4ndig konsolidiert sind. Sowohl das FF als auch das FB Modell gew\u00e4hrleisten eine lange Lebensdauer ohne [&hellip;]\" \/>\n<meta property=\"og:url\" content=\"https:\/\/ovlac.com\/de\/beetpfluge\/\" \/>\n<meta property=\"og:site_name\" content=\"Ovlac\" \/>\n<meta property=\"article:modified_time\" content=\"2025-03-05T09:30:32+00:00\" \/>\n<meta name=\"twitter:card\" content=\"summary_large_image\" \/>\n<meta name=\"twitter:label1\" content=\"Gesch\u00e4tzte Lesezeit\" \/>\n\t<meta name=\"twitter:data1\" content=\"3\u00a0Minuten\" \/>\n<script type=\"application\/ld+json\" class=\"yoast-schema-graph\">{\"@context\":\"https:\/\/schema.org\",\"@graph\":[{\"@type\":\"WebPage\",\"@id\":\"https:\/\/ovlac.com\/de\/beetpfluge\/\",\"url\":\"https:\/\/ovlac.com\/de\/beetpfluge\/\",\"name\":\"Beetpfl\u00fcge - Ovlac\",\"isPartOf\":{\"@id\":\"https:\/\/ovlac.com\/#website\"},\"datePublished\":\"2024-12-19T09:53:49+00:00\",\"dateModified\":\"2025-03-05T09:30:32+00:00\",\"breadcrumb\":{\"@id\":\"https:\/\/ovlac.com\/de\/beetpfluge\/#breadcrumb\"},\"inLanguage\":\"de\",\"potentialAction\":[{\"@type\":\"ReadAction\",\"target\":[\"https:\/\/ovlac.com\/de\/beetpfluge\/\"]}]},{\"@type\":\"BreadcrumbList\",\"@id\":\"https:\/\/ovlac.com\/de\/beetpfluge\/#breadcrumb\",\"itemListElement\":[{\"@type\":\"ListItem\",\"position\":1,\"name\":\"Portada\",\"item\":\"https:\/\/ovlac.com\/de\/\"},{\"@type\":\"ListItem\",\"position\":2,\"name\":\"Beetpfl\u00fcge\"}]},{\"@type\":\"WebSite\",\"@id\":\"https:\/\/ovlac.com\/#website\",\"url\":\"https:\/\/ovlac.com\/\",\"name\":\"Ovlac\",\"description\":\"OVLAC\",\"potentialAction\":[{\"@type\":\"SearchAction\",\"target\":{\"@type\":\"EntryPoint\",\"urlTemplate\":\"https:\/\/ovlac.com\/?s={search_term_string}\"},\"query-input\":{\"@type\":\"PropertyValueSpecification\",\"valueRequired\":true,\"valueName\":\"search_term_string\"}}],\"inLanguage\":\"de\"}]}<\/script>\n<!-- \/ Yoast SEO plugin. -->","yoast_head_json":{"title":"Beetpfl\u00fcge - Ovlac","robots":{"index":"index","follow":"follow","max-snippet":"max-snippet:-1","max-image-preview":"max-image-preview:large","max-video-preview":"max-video-preview:-1"},"canonical":"https:\/\/ovlac.com\/de\/beetpfluge\/","og_locale":"de_DE","og_type":"article","og_title":"Beetpfl\u00fcge - Ovlac","og_description":"Ovlac hat umfangreiche Erfahrung in der Herstellung beider Modelle, sodass ihr Design und Konzept vollst\u00e4ndig konsolidiert sind. Sowohl das FF als auch das FB Modell gew\u00e4hrleisten eine lange Lebensdauer ohne [&hellip;]","og_url":"https:\/\/ovlac.com\/de\/beetpfluge\/","og_site_name":"Ovlac","article_modified_time":"2025-03-05T09:30:32+00:00","twitter_card":"summary_large_image","twitter_misc":{"Gesch\u00e4tzte Lesezeit":"3\u00a0Minuten"},"schema":{"@context":"https:\/\/schema.org","@graph":[{"@type":"WebPage","@id":"https:\/\/ovlac.com\/de\/beetpfluge\/","url":"https:\/\/ovlac.com\/de\/beetpfluge\/","name":"Beetpfl\u00fcge - Ovlac","isPartOf":{"@id":"https:\/\/ovlac.com\/#website"},"datePublished":"2024-12-19T09:53:49+00:00","dateModified":"2025-03-05T09:30:32+00:00","breadcrumb":{"@id":"https:\/\/ovlac.com\/de\/beetpfluge\/#breadcrumb"},"inLanguage":"de","potentialAction":[{"@type":"ReadAction","target":["https:\/\/ovlac.com\/de\/beetpfluge\/"]}]},{"@type":"BreadcrumbList","@id":"https:\/\/ovlac.com\/de\/beetpfluge\/#breadcrumb","itemListElement":[{"@type":"ListItem","position":1,"name":"Portada","item":"https:\/\/ovlac.com\/de\/"},{"@type":"ListItem","position":2,"name":"Beetpfl\u00fcge"}]},{"@type":"WebSite","@id":"https:\/\/ovlac.com\/#website","url":"https:\/\/ovlac.com\/","name":"Ovlac","description":"OVLAC","potentialAction":[{"@type":"SearchAction","target":{"@type":"EntryPoint","urlTemplate":"https:\/\/ovlac.com\/?s={search_term_string}"},"query-input":{"@type":"PropertyValueSpecification","valueRequired":true,"valueName":"search_term_string"}}],"inLanguage":"de"}]}},"_links":{"self":[{"href":"https:\/\/ovlac.com\/de\/wp-json\/wp\/v2\/pages\/61135","targetHints":{"allow":["GET"]}}],"collection":[{"href":"https:\/\/ovlac.com\/de\/wp-json\/wp\/v2\/pages"}],"about":[{"href":"https:\/\/ovlac.com\/de\/wp-json\/wp\/v2\/types\/page"}],"author":[{"embeddable":true,"href":"https:\/\/ovlac.com\/de\/wp-json\/wp\/v2\/users\/200"}],"replies":[{"embeddable":true,"href":"https:\/\/ovlac.com\/de\/wp-json\/wp\/v2\/comments?post=61135"}],"version-history":[{"count":5,"href":"https:\/\/ovlac.com\/de\/wp-json\/wp\/v2\/pages\/61135\/revisions"}],"predecessor-version":[{"id":62778,"href":"https:\/\/ovlac.com\/de\/wp-json\/wp\/v2\/pages\/61135\/revisions\/62778"}],"wp:attachment":[{"href":"https:\/\/ovlac.com\/de\/wp-json\/wp\/v2\/media?parent=61135"}],"curies":[{"name":"wp","href":"https:\/\/api.w.org\/{rel}","templated":true}]}}