{"id":60106,"date":"2024-09-05T09:35:03","date_gmt":"2024-09-05T09:35:03","guid":{"rendered":"https:\/\/ovlac.com\/?page_id=60106"},"modified":"2024-09-05T09:42:09","modified_gmt":"2024-09-05T09:42:09","slug":"mini-f","status":"publish","type":"page","link":"https:\/\/ovlac.com\/de\/mini-f\/","title":{"rendered":"Mini F"},"content":{"rendered":"<p>[et_pb_section fb_built=&#8220;1&#8243; fullwidth=&#8220;on&#8220; _builder_version=&#8220;4.24.3&#8243; _module_preset=&#8220;default&#8220; locked=&#8220;off&#8220; global_colors_info=&#8220;{}&#8220;][et_pb_fullwidth_slider admin_label=&#8220;Control deslizante de anchura completa&#8220; _builder_version=&#8220;4.25.1&#8243; _module_preset=&#8220;default&#8220; background_image=&#8220;https:\/\/ovlac.com\/wp-content\/uploads\/2017\/06\/IMG_6342.jpg&#8220; background_last_edited=&#8220;on|desktop&#8220; global_colors_info=&#8220;{}&#8220;][et_pb_slide url_new_window=&#8220;on&#8220; use_bg_overlay=&#8220;off&#8220; use_text_overlay=&#8220;off&#8220; image_tablet=&#8220;https:\/\/ovlac.com\/wp-content\/uploads\/&#8220; image_phone=&#8220;https:\/\/ovlac.com\/wp-content\/uploads\/&#8220; image_last_edited=&#8220;on|desktop&#8220; _builder_version=&#8220;4.25.1&#8243; _module_preset=&#8220;default&#8220; header_font=&#8220;||||||||&#8220; background_color=&#8220;#7ebec5&#8243; background_image=&#8220;https:\/\/ovlac.com\/wp-content\/uploads\/2014\/05\/foto-trabajo-mini.jpg&#8220; background_enable_image=&#8220;on&#8220; button_on_hover=&#8220;on&#8220; background_last_edited=&#8220;on|desktop&#8220; background_image_tablet=&#8220;https:\/\/ovlac.com\/wp-content\/uploads\/2024\/04\/slider-XP.png&#8220; background_image_phone=&#8220;https:\/\/ovlac.com\/wp-content\/uploads\/2024\/04\/slider-XP.png&#8220; background_enable_image_tablet=&#8220;on&#8220; background_enable_image_phone=&#8220;on&#8220; global_colors_info=&#8220;{}&#8220; sticky_transition=&#8220;on&#8220;][\/et_pb_slide][\/et_pb_fullwidth_slider][et_pb_fullwidth_post_title meta=&#8220;off&#8220; featured_image=&#8220;off&#8220; _builder_version=&#8220;4.24.3&#8243; _module_preset=&#8220;default&#8220; title_font=&#8220;|700|||||||&#8220; title_text_color=&#8220;#e73137&#8243; title_font_size=&#8220;33px&#8220; background_color=&#8220;RGBA(255,255,255,0)&#8220; custom_padding=&#8220;60px||||false|false&#8220; global_colors_info=&#8220;{}&#8220;][\/et_pb_fullwidth_post_title][\/et_pb_section][et_pb_section fb_built=&#8220;1&#8243; admin_label=&#8220;section&#8220; _builder_version=&#8220;4.16&#8243; locked=&#8220;off&#8220; global_colors_info=&#8220;{}&#8220;][et_pb_row admin_label=&#8220;row&#8220; _builder_version=&#8220;4.24.3&#8243; background_size=&#8220;initial&#8220; background_position=&#8220;top_left&#8220; background_repeat=&#8220;repeat&#8220; custom_margin=&#8220;-28px||||false|false&#8220; global_colors_info=&#8220;{}&#8220;][et_pb_column type=&#8220;4_4&#8243; _builder_version=&#8220;4.16&#8243; custom_padding=&#8220;|||&#8220; global_colors_info=&#8220;{}&#8220; custom_padding__hover=&#8220;|||&#8220;][et_pb_text admin_label=&#8220;Text&#8220; _builder_version=&#8220;4.24.3&#8243; text_font_size=&#8220;15px&#8220; text_line_height=&#8220;1.9em&#8220; background_size=&#8220;initial&#8220; background_position=&#8220;top_left&#8220; background_repeat=&#8220;repeat&#8220; custom_margin=&#8220;||32px||false|false&#8220; custom_padding=&#8220;||32px||false|false&#8220; global_colors_info=&#8220;{}&#8220;]<\/p>\n<p>Der Ovlac Mini Sch\u00e4lpflug wurde entwickelt, um die Vorteile des<span>\u00a0<\/span><strong>traditionellen Pfl\u00fcgens und der minimalen Bodenbearbeitung<\/strong><span>\u00a0<\/span>zu kombinieren.<\/p>\n<p>Die traditionelle Bodenbearbeitung ist zweifelsohne<span>\u00a0<\/span><strong>die beste und nachhaltigste Methode der Sch\u00e4dlingsbek\u00e4mpfung.<\/strong><span>\u00a0<\/span>Im Falle des \u00f6kologischen Ackerbaus ist dies sogar die einzige M\u00f6glichkeit, da er den Einsatz von Pestiziden nicht zul\u00e4sst.<\/p>\n<p>Der Mini wurde speziell als<span>\u00a0<\/span><strong>Sch\u00e4lpflug<\/strong><span>\u00a0<\/span>entwickelt, um gro\u00dfe Mengen von R\u00fcckst\u00e4nden in geringer Tiefe (zwischen 8 und 20 cm) zu bearbeiten. Dieses flache Wenden beg\u00fcnstigt die Bildung von Hohlr\u00e4umen, in denen<span>\u00a0<\/span><strong>Luft und Wasser das Stroh ordnungsgem\u00e4\u00df zersetzen<\/strong><span>\u00a0<\/span>und mineralisieren, wodurch ein Ton-Humus-Komplex entsteht, der die nat\u00fcrliche Fruchtbarkeit des Bodens und damit seine langfristige Produktivit\u00e4t erh\u00f6ht.<\/p>\n<p>Au\u00dferdem<span>\u00a0<\/span><strong>unterbricht<\/strong><span>\u00a0<\/span>die Wirkung der Schare<span>\u00a0<\/span><strong>die Kapillarit\u00e4t<\/strong><span>\u00a0<\/span>des Bodens, was dazu beitr\u00e4gt, die Verdunstung zu verringern und die Feuchtigkeit in den tiefen Schichten zu bewahren, insbesondere in Trockenperioden.<\/p>\n<p>&nbsp;<\/p>\n<p>[\/et_pb_text][et_pb_video src=&#8220;https:\/\/youtu.be\/1Sw1JM63hbE&#8220; _builder_version=&#8220;4.25.1&#8243; _module_preset=&#8220;default&#8220; global_colors_info=&#8220;{}&#8220;][\/et_pb_video][et_pb_text admin_label=&#8220;Text&#8220; _builder_version=&#8220;4.24.3&#8243; text_font_size=&#8220;15px&#8220; text_line_height=&#8220;1.9em&#8220; background_size=&#8220;initial&#8220; background_position=&#8220;top_left&#8220; background_repeat=&#8220;repeat&#8220; custom_margin=&#8220;||32px||false|false&#8220; custom_padding=&#8220;||32px||false|false&#8220; global_colors_info=&#8220;{}&#8220;]<\/p>\n<p>Ein zus\u00e4tzlicher Vorteil des Mini ist, dass er<span>\u00a0<\/span><strong>au\u00dfer der Furche<\/strong><span>\u00a0<\/span>arbeitet, wodurch eine Bodenverdichtung vollst\u00e4ndig vermieden wird.<\/p>\n<p>Dar\u00fcber hinaus wird durch den flachen Betrieb des Mini der<span>\u00a0<\/span><strong>Stromverbrauch \u00fcberproportional gesenkt.<\/strong><span>\u00a0<\/span>Bei einer Entfernung von 15 cm ist weniger als die H\u00e4lfte der Leistung erforderlich als bei einer Entfernung von 30 cm. Dadurch werden gr\u00f6\u00dfere Arbeitsbreiten m\u00f6glich. Bis zu 40 % mehr als bei einem herk\u00f6mmlichen Pflug mit der gleichen Leistung. Traditionelles Pfl\u00fcgen mit den f\u00fcr die Minimalbodenbearbeitung typischen Arbeitsbreiten.<\/p>\n<p><i>Neben dieser<span>\u00a0<\/span><b>Reduzierung der Betriebskosten<\/b><span>\u00a0<\/span>ist der<span>\u00a0<\/span><b>Mini<span>\u00a0<\/span><\/b>auch einfach und leicht, aber dennoch &#8211; oder vielleicht gerade deshalb &#8211; \u00e4u\u00dferst robust konzipiert<\/i><\/p>\n<p>[\/et_pb_text][et_pb_video src=&#8220;https:\/\/youtu.be\/QpEXtKYYUX4&#8243; _builder_version=&#8220;4.25.1&#8243; _module_preset=&#8220;default&#8220; global_colors_info=&#8220;{}&#8220;][\/et_pb_video][\/et_pb_column][\/et_pb_row][et_pb_row _builder_version=&#8220;4.24.3&#8243; _module_preset=&#8220;default&#8220; locked=&#8220;off&#8220; global_colors_info=&#8220;{}&#8220;][et_pb_column type=&#8220;4_4&#8243; _builder_version=&#8220;4.24.3&#8243; _module_preset=&#8220;default&#8220; global_colors_info=&#8220;{}&#8220;][et_pb_button button_url=&#8220;https:\/\/ovlac.com\/wp-content\/uploads\/2024\/09\/2024-ALE-Ovlac_Catalogo-Arados-Mini-Digital2_compressed.pdf&#8220; url_new_window=&#8220;on&#8220; button_text=&#8220;Mini Katalog&#8220; button_alignment=&#8220;center&#8220; admin_label=&#8220;Mini&#8220; _builder_version=&#8220;4.27.0&#8243; _module_preset=&#8220;default&#8220; custom_button=&#8220;on&#8220; button_text_color=&#8220;#EF3E42&#8243; button_bg_color=&#8220;#FFFFFF&#8220; button_icon=&#8220;&#xe092;||divi||400&#8243; button_icon_placement=&#8220;left&#8220; button_on_hover=&#8220;off&#8220; background_layout=&#8220;dark&#8220; locked=&#8220;off&#8220; global_colors_info=&#8220;{}&#8220;][\/et_pb_button][\/et_pb_column][\/et_pb_row][\/et_pb_section][et_pb_section fb_built=&#8220;1&#8243; _builder_version=&#8220;4.24.3&#8243; _module_preset=&#8220;default&#8220; background_color=&#8220;#e5e5e5&#8243; locked=&#8220;off&#8220; global_colors_info=&#8220;{}&#8220;][et_pb_row column_structure=&#8220;1_2,1_2&#8243; _builder_version=&#8220;4.24.3&#8243; _module_preset=&#8220;default&#8220; custom_margin=&#8220;12px||48px||false|false&#8220; custom_margin_tablet=&#8220;12px||48px||false|false&#8220; custom_margin_phone=&#8220;12px||48px||false|false&#8220; custom_margin_last_edited=&#8220;on|desktop&#8220; global_colors_info=&#8220;{}&#8220;][et_pb_column type=&#8220;1_2&#8243; _builder_version=&#8220;4.24.3&#8243; _module_preset=&#8220;default&#8220; global_colors_info=&#8220;{}&#8220;][et_pb_text _builder_version=&#8220;4.25.1&#8243; _module_preset=&#8220;default&#8220; global_colors_info=&#8220;{}&#8220;]<\/p>\n<div class=\"acf-label\">\n<h2 class=\"description\" style=\"text-align: center;\"><strong>Wichtigste Vorteile:<\/strong><\/h2>\n<\/div>\n<p>[\/et_pb_text][et_pb_text _builder_version=&#8220;4.27.0&#8243; _module_preset=&#8220;default&#8220; global_colors_info=&#8220;{}&#8220;]<\/p>\n<ul>\n<li>Bis zu 5 m Arbeitsbreite<\/li>\n<li>\n<p>Sicherheit: Scherbolzen (<strong>MINI-NF<\/strong>) \u00a0oder Non Stop Hydraulik (<strong>MINI-NH<\/strong>).<\/p>\n<\/li>\n<li>Eco PLus K\u00f6rper mit 8 mm Pflugk\u00f6rpern und geschmiedeten Scharens.<\/li>\n<\/ul>\n<p>[\/et_pb_text][\/et_pb_column][et_pb_column type=&#8220;1_2&#8243; _builder_version=&#8220;4.24.3&#8243; _module_preset=&#8220;default&#8220; global_colors_info=&#8220;{}&#8220;][et_pb_image src=&#8220;https:\/\/ovlac.com\/wp-content\/uploads\/2014\/05\/foto-producto-1.jpg&#8220; alt=&#8220;foto-producto MINI F&#8220; title_text=&#8220;foto-producto MINI F&#8220; _builder_version=&#8220;4.25.1&#8243; _module_preset=&#8220;default&#8220; global_colors_info=&#8220;{}&#8220;][\/et_pb_image][\/et_pb_column][\/et_pb_row][et_pb_row _builder_version=&#8220;4.24.3&#8243; _module_preset=&#8220;default&#8220; global_colors_info=&#8220;{}&#8220;][et_pb_column type=&#8220;4_4&#8243; _builder_version=&#8220;4.24.3&#8243; _module_preset=&#8220;default&#8220; global_colors_info=&#8220;{}&#8220;][et_pb_text admin_label=&#8220;Texto&#8220; _builder_version=&#8220;4.25.1&#8243; _module_preset=&#8220;default&#8220; global_colors_info=&#8220;{}&#8220;]<\/p>\n<div class=\"acf-label\">\n<div class=\"et_pb_module et_pb_text et_pb_text_2  et_pb_text_align_left et_pb_bg_layout_light\">\n<div class=\"et_pb_text_inner\">\n<h2 style=\"text-align: center;\"><strong>Technische Daten:<\/strong><\/h2>\n<\/div>\n<\/div>\n<\/div>\n<p>[\/et_pb_text][et_pb_image src=&#8220;https:\/\/ovlac.com\/wp-content\/uploads\/2024\/09\/2024-MINI-F-Technische-Merkmale.png&#8220; alt=&#8220;2024-MINI-F Technische Merkmale&#8220; title_text=&#8220;2024-MINI-F Technische Merkmale&#8220; show_bottom_space=&#8220;off&#8220; align=&#8220;center&#8220; _builder_version=&#8220;4.27.0&#8243; _module_preset=&#8220;default&#8220; global_colors_info=&#8220;{}&#8220;][\/et_pb_image][\/et_pb_column][\/et_pb_row][et_pb_row column_structure=&#8220;1_2,1_2&#8243; use_custom_gutter=&#8220;on&#8220; gutter_width=&#8220;2&#8243; make_equal=&#8220;on&#8220; _builder_version=&#8220;4.27.0&#8243; _module_preset=&#8220;default&#8220; width=&#8220;100%&#8220; max_width=&#8220;1206px&#8220; module_alignment=&#8220;center&#8220; locked=&#8220;off&#8220; global_colors_info=&#8220;{}&#8220;][et_pb_column type=&#8220;1_2&#8243; _builder_version=&#8220;4.27.0&#8243; _module_preset=&#8220;default&#8220; global_colors_info=&#8220;{}&#8220;][et_pb_text _builder_version=&#8220;4.27.0&#8243; _module_preset=&#8220;default&#8220; global_colors_info=&#8220;{}&#8220;]<\/p>\n<div class=\"acf-label\">\n<h3 class=\"description\" style=\"text-align: center;\"><span style=\"color: #e73137;\"><strong>Mini &#8211; NF<\/strong><\/span><\/h3>\n<\/div>\n<p>[\/et_pb_text][et_pb_image src=&#8220;https:\/\/ovlac.com\/wp-content\/uploads\/2024\/08\/MINI-NF-72.jpg&#8220; alt=&#8220;MINI-NH-9+1 VC &#8220; title_text=&#8220;MINI-NF-7+2&#8243; force_fullwidth=&#8220;on&#8220; _builder_version=&#8220;4.27.0&#8243; _module_preset=&#8220;default&#8220; global_colors_info=&#8220;{}&#8220;][\/et_pb_image][\/et_pb_column][et_pb_column type=&#8220;1_2&#8243; _builder_version=&#8220;4.27.0&#8243; _module_preset=&#8220;default&#8220; global_colors_info=&#8220;{}&#8220;][et_pb_text _builder_version=&#8220;4.27.0&#8243; _module_preset=&#8220;default&#8220; global_colors_info=&#8220;{}&#8220;]<\/p>\n<div class=\"acf-label\">\n<h3 class=\"description\" style=\"text-align: center;\"><span style=\"color: #e73137;\"><strong>Mini &#8211; NH<\/strong><\/span><\/h3>\n<\/div>\n<p>[\/et_pb_text][et_pb_image src=&#8220;https:\/\/ovlac.com\/wp-content\/uploads\/2024\/08\/MINI-NH-91-VC-2.jpg&#8220; alt=&#8220;MINI-NH-9+1 VC &#8220; title_text=&#8220;MINI-NH-9+1 VC (2)&#8220; _builder_version=&#8220;4.27.0&#8243; _module_preset=&#8220;default&#8220; global_colors_info=&#8220;{}&#8220;][\/et_pb_image][\/et_pb_column][\/et_pb_row][\/et_pb_section][et_pb_section fb_built=&#8220;1&#8243; _builder_version=&#8220;4.27.0&#8243; _module_preset=&#8220;default&#8220; background_color=&#8220;#FFFFFF&#8220; module_alignment=&#8220;center&#8220; locked=&#8220;off&#8220; global_colors_info=&#8220;{}&#8220;][et_pb_row _builder_version=&#8220;4.24.3&#8243; _module_preset=&#8220;default&#8220; global_colors_info=&#8220;{}&#8220;][et_pb_column type=&#8220;4_4&#8243; _builder_version=&#8220;4.24.3&#8243; _module_preset=&#8220;default&#8220; global_colors_info=&#8220;{}&#8220;][et_pb_text _builder_version=&#8220;4.25.1&#8243; _module_preset=&#8220;default&#8220; locked=&#8220;off&#8220; global_colors_info=&#8220;{}&#8220;]<\/p>\n<div class=\"acf-label\">\n<h2 class=\"description\" style=\"text-align: center;\"><strong>Fotografien:<\/strong><\/h2>\n<\/div>\n<p>[\/et_pb_text][\/et_pb_column][\/et_pb_row][et_pb_row column_structure=&#8220;1_4,1_4,1_4,1_4&#8243; use_custom_gutter=&#8220;on&#8220; gutter_width=&#8220;2&#8243; make_equal=&#8220;on&#8220; _builder_version=&#8220;4.27.0&#8243; _module_preset=&#8220;default&#8220; background_color=&#8220;RGBA(255,255,255,0)&#8220; width=&#8220;100%&#8220; global_colors_info=&#8220;{}&#8220;][et_pb_column type=&#8220;1_4&#8243; _builder_version=&#8220;4.27.0&#8243; _module_preset=&#8220;default&#8220; global_colors_info=&#8220;{}&#8220;][et_pb_blurb image=&#8220;https:\/\/ovlac.com\/wp-content\/uploads\/2024\/08\/MINI-F-BALLESTA.jpg&#8220; alt=&#8220;MINI-F-BALLESTA&#8220; _builder_version=&#8220;4.27.0&#8243; _module_preset=&#8220;default&#8220; global_colors_info=&#8220;{}&#8220;][\/et_pb_blurb][\/et_pb_column][et_pb_column type=&#8220;1_4&#8243; _builder_version=&#8220;4.27.0&#8243; _module_preset=&#8220;default&#8220; global_colors_info=&#8220;{}&#8220;][et_pb_blurb image=&#8220;https:\/\/ovlac.com\/wp-content\/uploads\/2024\/08\/MINI-F-VERTEDERA.jpg&#8220; alt=&#8220;MINI-N-FRONTAL&#8220; _builder_version=&#8220;4.27.0&#8243; _module_preset=&#8220;default&#8220; global_colors_info=&#8220;{}&#8220;][\/et_pb_blurb][\/et_pb_column][et_pb_column type=&#8220;1_4&#8243; _builder_version=&#8220;4.27.0&#8243; _module_preset=&#8220;default&#8220; global_colors_info=&#8220;{}&#8220;][et_pb_blurb image=&#8220;https:\/\/ovlac.com\/wp-content\/uploads\/2024\/08\/MINI-F-PLEGADO-ULTIMOS-CUERPOS.jpg&#8220; alt=&#8220;MINI-F-PLEGADO-ULTIMOS-CUERPOS&#8220; _builder_version=&#8220;4.27.0&#8243; _module_preset=&#8220;default&#8220; global_colors_info=&#8220;{}&#8220;][\/et_pb_blurb][\/et_pb_column][et_pb_column type=&#8220;1_4&#8243; _builder_version=&#8220;4.27.0&#8243; _module_preset=&#8220;default&#8220; global_colors_info=&#8220;{}&#8220;][et_pb_blurb image=&#8220;https:\/\/ovlac.com\/wp-content\/uploads\/2024\/08\/MINI-FIJO-CAMPO.jpg&#8220; alt=&#8220;MINI-FIJO-CAMPO&#8220; _builder_version=&#8220;4.27.0&#8243; _module_preset=&#8220;default&#8220; global_colors_info=&#8220;{}&#8220;][\/et_pb_blurb][\/et_pb_column][\/et_pb_row][et_pb_row column_structure=&#8220;1_2,1_2&#8243; _builder_version=&#8220;4.27.0&#8243; _module_preset=&#8220;default&#8220; locked=&#8220;off&#8220; global_colors_info=&#8220;{}&#8220;][et_pb_column type=&#8220;1_2&#8243; _builder_version=&#8220;4.27.0&#8243; _module_preset=&#8220;default&#8220; global_colors_info=&#8220;{}&#8220;][\/et_pb_column][et_pb_column type=&#8220;1_2&#8243; _builder_version=&#8220;4.27.0&#8243; _module_preset=&#8220;default&#8220; global_colors_info=&#8220;{}&#8220;][et_pb_button button_url=&#8220;https:\/\/ovlac.com\/de\/haendler-karte\/&#8220; url_new_window=&#8220;on&#8220; button_text=&#8220;H\u00e4ndler&#8220; button_alignment=&#8220;center&#8220; _builder_version=&#8220;4.27.0&#8243; _module_preset=&#8220;default&#8220; custom_button=&#8220;on&#8220; button_text_size=&#8220;22px&#8220; button_text_color=&#8220;#FFFFFF&#8220; button_bg_color=&#8220;#EF3E42&#8243; button_border_width=&#8220;0px&#8220; button_border_color=&#8220;RGBA(255,255,255,0)&#8220; button_icon=&#8220;&#xf5a0;||fa||900&#8243; button_icon_color=&#8220;#FFFFFF&#8220; button_icon_placement=&#8220;left&#8220; button_on_hover=&#8220;off&#8220; background_layout=&#8220;dark&#8220; hover_enabled=&#8220;0&#8243; locked=&#8220;off&#8220; global_colors_info=&#8220;{}&#8220; sticky_enabled=&#8220;0&#8243;][\/et_pb_button][\/et_pb_column][\/et_pb_row][\/et_pb_section]<\/p>\n","protected":false},"excerpt":{"rendered":"<p>Der Ovlac Mini Sch\u00e4lpflug wurde entwickelt, um die Vorteile des\u00a0traditionellen Pfl\u00fcgens und der minimalen Bodenbearbeitung\u00a0zu kombinieren. Die traditionelle Bodenbearbeitung ist zweifelsohne\u00a0die beste und nachhaltigste Methode der Sch\u00e4dlingsbek\u00e4mpfung.\u00a0Im Falle des \u00f6kologischen [&hellip;]<\/p>\n","protected":false},"author":200,"featured_media":59742,"parent":0,"menu_order":0,"comment_status":"closed","ping_status":"closed","template":"","meta":{"_et_pb_use_builder":"on","_et_pb_old_content":"","_et_gb_content_width":"","footnotes":""},"class_list":["post-60106","page","type-page","status-publish","has-post-thumbnail","hentry"],"yoast_head":"<!-- This site is optimized with the Yoast SEO plugin v24.8.1 - https:\/\/yoast.com\/wordpress\/plugins\/seo\/ -->\n<title>Mini F - Ovlac<\/title>\n<meta name=\"description\" content=\"El Mini F de Ovlac se concibe para aunar las ventajas del arado tradicional y del m\u00ednimo laboreo. Entra y con\u00f3celo\" \/>\n<meta name=\"robots\" content=\"index, follow, max-snippet:-1, max-image-preview:large, max-video-preview:-1\" \/>\n<link rel=\"canonical\" href=\"https:\/\/ovlac.com\/de\/mini-f\/\" \/>\n<meta property=\"og:locale\" content=\"de_DE\" \/>\n<meta property=\"og:type\" content=\"article\" \/>\n<meta property=\"og:title\" content=\"Mini F - Ovlac\" \/>\n<meta property=\"og:description\" content=\"El Mini F de Ovlac se concibe para aunar las ventajas del arado tradicional y del m\u00ednimo laboreo. Entra y con\u00f3celo\" \/>\n<meta property=\"og:url\" content=\"https:\/\/ovlac.com\/de\/mini-f\/\" \/>\n<meta property=\"og:site_name\" content=\"Ovlac\" \/>\n<meta property=\"article:modified_time\" content=\"2024-09-05T09:42:09+00:00\" \/>\n<meta property=\"og:image\" content=\"https:\/\/ovlac.com\/wp-content\/uploads\/2024\/08\/MINI-FIJO-CAMPO.jpg\" \/>\n\t<meta property=\"og:image:width\" content=\"600\" \/>\n\t<meta property=\"og:image:height\" content=\"600\" \/>\n\t<meta property=\"og:image:type\" content=\"image\/jpeg\" \/>\n<meta name=\"twitter:card\" content=\"summary_large_image\" \/>\n<meta name=\"twitter:label1\" content=\"Gesch\u00e4tzte Lesezeit\" \/>\n\t<meta name=\"twitter:data1\" content=\"3\u00a0Minuten\" \/>\n<script type=\"application\/ld+json\" class=\"yoast-schema-graph\">{\"@context\":\"https:\/\/schema.org\",\"@graph\":[{\"@type\":\"WebPage\",\"@id\":\"https:\/\/ovlac.com\/de\/mini-f\/\",\"url\":\"https:\/\/ovlac.com\/de\/mini-f\/\",\"name\":\"Mini F - Ovlac\",\"isPartOf\":{\"@id\":\"https:\/\/ovlac.com\/#website\"},\"primaryImageOfPage\":{\"@id\":\"https:\/\/ovlac.com\/de\/mini-f\/#primaryimage\"},\"image\":{\"@id\":\"https:\/\/ovlac.com\/de\/mini-f\/#primaryimage\"},\"thumbnailUrl\":\"https:\/\/ovlac.com\/wp-content\/uploads\/2024\/08\/MINI-FIJO-CAMPO.jpg\",\"datePublished\":\"2024-09-05T09:35:03+00:00\",\"dateModified\":\"2024-09-05T09:42:09+00:00\",\"description\":\"El Mini F de Ovlac se concibe para aunar las ventajas del arado tradicional y del m\u00ednimo laboreo. Entra y con\u00f3celo\",\"breadcrumb\":{\"@id\":\"https:\/\/ovlac.com\/de\/mini-f\/#breadcrumb\"},\"inLanguage\":\"de\",\"potentialAction\":[{\"@type\":\"ReadAction\",\"target\":[\"https:\/\/ovlac.com\/de\/mini-f\/\"]}]},{\"@type\":\"ImageObject\",\"inLanguage\":\"de\",\"@id\":\"https:\/\/ovlac.com\/de\/mini-f\/#primaryimage\",\"url\":\"https:\/\/ovlac.com\/wp-content\/uploads\/2024\/08\/MINI-FIJO-CAMPO.jpg\",\"contentUrl\":\"https:\/\/ovlac.com\/wp-content\/uploads\/2024\/08\/MINI-FIJO-CAMPO.jpg\",\"width\":600,\"height\":600,\"caption\":\"MINI-FIJO-CAMPO\"},{\"@type\":\"BreadcrumbList\",\"@id\":\"https:\/\/ovlac.com\/de\/mini-f\/#breadcrumb\",\"itemListElement\":[{\"@type\":\"ListItem\",\"position\":1,\"name\":\"Portada\",\"item\":\"https:\/\/ovlac.com\/de\/\"},{\"@type\":\"ListItem\",\"position\":2,\"name\":\"Mini F\"}]},{\"@type\":\"WebSite\",\"@id\":\"https:\/\/ovlac.com\/#website\",\"url\":\"https:\/\/ovlac.com\/\",\"name\":\"Ovlac\",\"description\":\"OVLAC\",\"potentialAction\":[{\"@type\":\"SearchAction\",\"target\":{\"@type\":\"EntryPoint\",\"urlTemplate\":\"https:\/\/ovlac.com\/?s={search_term_string}\"},\"query-input\":{\"@type\":\"PropertyValueSpecification\",\"valueRequired\":true,\"valueName\":\"search_term_string\"}}],\"inLanguage\":\"de\"}]}<\/script>\n<!-- \/ Yoast SEO plugin. -->","yoast_head_json":{"title":"Mini F - Ovlac","description":"El Mini F de Ovlac se concibe para aunar las ventajas del arado tradicional y del m\u00ednimo laboreo. Entra y con\u00f3celo","robots":{"index":"index","follow":"follow","max-snippet":"max-snippet:-1","max-image-preview":"max-image-preview:large","max-video-preview":"max-video-preview:-1"},"canonical":"https:\/\/ovlac.com\/de\/mini-f\/","og_locale":"de_DE","og_type":"article","og_title":"Mini F - Ovlac","og_description":"El Mini F de Ovlac se concibe para aunar las ventajas del arado tradicional y del m\u00ednimo laboreo. Entra y con\u00f3celo","og_url":"https:\/\/ovlac.com\/de\/mini-f\/","og_site_name":"Ovlac","article_modified_time":"2024-09-05T09:42:09+00:00","og_image":[{"width":600,"height":600,"url":"https:\/\/ovlac.com\/wp-content\/uploads\/2024\/08\/MINI-FIJO-CAMPO.jpg","type":"image\/jpeg"}],"twitter_card":"summary_large_image","twitter_misc":{"Gesch\u00e4tzte Lesezeit":"3\u00a0Minuten"},"schema":{"@context":"https:\/\/schema.org","@graph":[{"@type":"WebPage","@id":"https:\/\/ovlac.com\/de\/mini-f\/","url":"https:\/\/ovlac.com\/de\/mini-f\/","name":"Mini F - Ovlac","isPartOf":{"@id":"https:\/\/ovlac.com\/#website"},"primaryImageOfPage":{"@id":"https:\/\/ovlac.com\/de\/mini-f\/#primaryimage"},"image":{"@id":"https:\/\/ovlac.com\/de\/mini-f\/#primaryimage"},"thumbnailUrl":"https:\/\/ovlac.com\/wp-content\/uploads\/2024\/08\/MINI-FIJO-CAMPO.jpg","datePublished":"2024-09-05T09:35:03+00:00","dateModified":"2024-09-05T09:42:09+00:00","description":"El Mini F de Ovlac se concibe para aunar las ventajas del arado tradicional y del m\u00ednimo laboreo. Entra y con\u00f3celo","breadcrumb":{"@id":"https:\/\/ovlac.com\/de\/mini-f\/#breadcrumb"},"inLanguage":"de","potentialAction":[{"@type":"ReadAction","target":["https:\/\/ovlac.com\/de\/mini-f\/"]}]},{"@type":"ImageObject","inLanguage":"de","@id":"https:\/\/ovlac.com\/de\/mini-f\/#primaryimage","url":"https:\/\/ovlac.com\/wp-content\/uploads\/2024\/08\/MINI-FIJO-CAMPO.jpg","contentUrl":"https:\/\/ovlac.com\/wp-content\/uploads\/2024\/08\/MINI-FIJO-CAMPO.jpg","width":600,"height":600,"caption":"MINI-FIJO-CAMPO"},{"@type":"BreadcrumbList","@id":"https:\/\/ovlac.com\/de\/mini-f\/#breadcrumb","itemListElement":[{"@type":"ListItem","position":1,"name":"Portada","item":"https:\/\/ovlac.com\/de\/"},{"@type":"ListItem","position":2,"name":"Mini F"}]},{"@type":"WebSite","@id":"https:\/\/ovlac.com\/#website","url":"https:\/\/ovlac.com\/","name":"Ovlac","description":"OVLAC","potentialAction":[{"@type":"SearchAction","target":{"@type":"EntryPoint","urlTemplate":"https:\/\/ovlac.com\/?s={search_term_string}"},"query-input":{"@type":"PropertyValueSpecification","valueRequired":true,"valueName":"search_term_string"}}],"inLanguage":"de"}]}},"_links":{"self":[{"href":"https:\/\/ovlac.com\/de\/wp-json\/wp\/v2\/pages\/60106","targetHints":{"allow":["GET"]}}],"collection":[{"href":"https:\/\/ovlac.com\/de\/wp-json\/wp\/v2\/pages"}],"about":[{"href":"https:\/\/ovlac.com\/de\/wp-json\/wp\/v2\/types\/page"}],"author":[{"embeddable":true,"href":"https:\/\/ovlac.com\/de\/wp-json\/wp\/v2\/users\/200"}],"replies":[{"embeddable":true,"href":"https:\/\/ovlac.com\/de\/wp-json\/wp\/v2\/comments?post=60106"}],"version-history":[{"count":0,"href":"https:\/\/ovlac.com\/de\/wp-json\/wp\/v2\/pages\/60106\/revisions"}],"wp:featuredmedia":[{"embeddable":true,"href":"https:\/\/ovlac.com\/de\/wp-json\/wp\/v2\/media\/59742"}],"wp:attachment":[{"href":"https:\/\/ovlac.com\/de\/wp-json\/wp\/v2\/media?parent=60106"}],"curies":[{"name":"wp","href":"https:\/\/api.w.org\/{rel}","templated":true}]}}