{"id":49528,"date":"2022-04-13T08:49:42","date_gmt":"2022-04-13T08:49:42","guid":{"rendered":"https:\/\/ovlac.com\/finanzierung\/"},"modified":"2022-04-13T08:49:42","modified_gmt":"2022-04-13T08:49:42","slug":"finanzierung","status":"publish","type":"page","link":"https:\/\/ovlac.com\/de\/finanzierung\/","title":{"rendered":"Finanzierung"},"content":{"rendered":"<h2 style=\"color: red!important; font-size: 3em; line-height: 1; text-align: center; font-weight: bold;\">JETZT BEN\u00d6TIGEN SIE MEHR DENN JE PERFEKTE ARBEIT LEISTEN.<\/h2>\n<p><img loading=\"lazy\" decoding=\"async\" class=\"img-responsive alignnone wp-image-44127 size-full\" src=\"https:\/\/ovlac.com\/wp-content\/uploads\/2015\/08\/foto-slider.jpg\" alt=\"foto-slider\" width=\"917\" height=\"367\" srcset=\"https:\/\/ovlac.com\/wp-content\/uploads\/2015\/08\/foto-slider.jpg 917w, https:\/\/ovlac.com\/wp-content\/uploads\/2015\/08\/foto-slider-300x120.jpg 300w, https:\/\/ovlac.com\/wp-content\/uploads\/2015\/08\/foto-slider-127x51.jpg 127w\" sizes=\"(max-width: 917px) 100vw, 917px\" \/><\/p>\n<p>&nbsp;<\/p>\n<p>Es ist ganz einfach. Verpassen Sie nicht den Kauf Ihrer Ovlac-Maschine, denn die Finanzierungsbedingungen sind hervorragend: 0% TIN f\u00fcr 2 Kampagnen &#8211; APR 1,889%*.<\/p>\n<p>&nbsp;<\/p>\n<p>Sehr bequeme und vorteilhafte Finanzierung f\u00fcr das gesamte <strong><span style=\"color: #ff0000;\">Ovlac<\/span><\/strong>-Programm. Wenn Sie m\u00f6chten, k\u00f6nnen Sie auch 3 oder 4 Kampagnen finanzieren.<\/p>\n<p><span style=\"color: #ff0000;\"><strong>Machen Sie das Beste daraus! Alles wird sich zum Besten wenden.<\/strong><\/span><\/p>\n<p style=\"text-align: center;\"><a href=\"\/?page_id=306\">KONTAKT ZU UNSEREN H\u00c4NDLERN\u00a0<\/a><\/p>\n<h6 style=\"font-size: 9px;\">*AER 1,889%. NIR 0% Berechnungsbeispiel f\u00fcr ein Darlehen von 10.000 \u20ac f\u00fcr 2 Kampagnen, r\u00fcckzahlbare j\u00e4hrliche Raten von 5.000 \u20ac, wobei die erste Rate 6 Monate nach Vertragsunterzeichnung f\u00e4llig wird. Vermittlungsgeb\u00fchr 1,5%. Studiengeb\u00fchren 0,35%. Registrierungs- und Notargeb\u00fchren zu Lasten des Kunden. Die Ratenzahlungen umfassen gegebenenfalls eine Ratenschutzversicherung (CARDIF. CIF A0012421D. TELEFON 91 590 30 01). Die Zinsen werden von der OVLAC, S.A. subventioniert. Die Finanzierung erfolgt durch die BNP Paribas Lease Group S.A., Niederlassung in Spanien. Der Betrieb unterliegt der Pr\u00fcfung und Genehmigung. Das Angebot gilt vom 1. September 2017 bis zum 31. Oktober 2017.<\/h6>\n","protected":false},"excerpt":{"rendered":"<p>JETZT BEN\u00d6TIGEN SIE MEHR DENN JE PERFEKTE ARBEIT LEISTEN. &nbsp; Es ist ganz einfach. Verpassen Sie nicht den Kauf Ihrer Ovlac-Maschine, denn die Finanzierungsbedingungen sind hervorragend: 0% TIN f\u00fcr 2 [&hellip;]<\/p>\n","protected":false},"author":1,"featured_media":0,"parent":0,"menu_order":0,"comment_status":"closed","ping_status":"closed","template":"","meta":{"_et_pb_use_builder":"","_et_pb_old_content":"","_et_gb_content_width":"","footnotes":""},"class_list":["post-49528","page","type-page","status-publish","hentry"],"yoast_head":"<!-- This site is optimized with the Yoast SEO plugin v24.8.1 - https:\/\/yoast.com\/wordpress\/plugins\/seo\/ -->\n<title>Finanzierung - Ovlac<\/title>\n<meta name=\"robots\" content=\"index, follow, max-snippet:-1, max-image-preview:large, max-video-preview:-1\" \/>\n<link rel=\"canonical\" href=\"https:\/\/ovlac.com\/financiacion\/\" \/>\n<meta property=\"og:locale\" content=\"de_DE\" \/>\n<meta property=\"og:type\" content=\"article\" \/>\n<meta property=\"og:title\" content=\"Finanzierung - Ovlac\" \/>\n<meta property=\"og:description\" content=\"JETZT BEN\u00d6TIGEN SIE MEHR DENN JE PERFEKTE ARBEIT LEISTEN. &nbsp; Es ist ganz einfach. Verpassen Sie nicht den Kauf Ihrer Ovlac-Maschine, denn die Finanzierungsbedingungen sind hervorragend: 0% TIN f\u00fcr 2 [&hellip;]\" \/>\n<meta property=\"og:url\" content=\"https:\/\/ovlac.com\/financiacion\/\" \/>\n<meta property=\"og:site_name\" content=\"Ovlac\" \/>\n<meta property=\"og:image\" content=\"https:\/\/ovlac.com\/wp-content\/uploads\/2015\/08\/foto-slider.jpg\" \/>\n<meta name=\"twitter:card\" content=\"summary_large_image\" \/>\n<meta name=\"twitter:label1\" content=\"Gesch\u00e4tzte Lesezeit\" \/>\n\t<meta name=\"twitter:data1\" content=\"1\u00a0Minute\" \/>\n<script type=\"application\/ld+json\" class=\"yoast-schema-graph\">{\"@context\":\"https:\/\/schema.org\",\"@graph\":[{\"@type\":\"WebPage\",\"@id\":\"https:\/\/ovlac.com\/financiacion\/\",\"url\":\"https:\/\/ovlac.com\/financiacion\/\",\"name\":\"Finanzierung - Ovlac\",\"isPartOf\":{\"@id\":\"https:\/\/ovlac.com\/#website\"},\"primaryImageOfPage\":{\"@id\":\"https:\/\/ovlac.com\/financiacion\/#primaryimage\"},\"image\":{\"@id\":\"https:\/\/ovlac.com\/financiacion\/#primaryimage\"},\"thumbnailUrl\":\"https:\/\/ovlac.com\/wp-content\/uploads\/2015\/08\/foto-slider.jpg\",\"datePublished\":\"2022-04-13T08:49:42+00:00\",\"breadcrumb\":{\"@id\":\"https:\/\/ovlac.com\/financiacion\/#breadcrumb\"},\"inLanguage\":\"de\",\"potentialAction\":[{\"@type\":\"ReadAction\",\"target\":[\"https:\/\/ovlac.com\/financiacion\/\"]}]},{\"@type\":\"ImageObject\",\"inLanguage\":\"de\",\"@id\":\"https:\/\/ovlac.com\/financiacion\/#primaryimage\",\"url\":\"https:\/\/ovlac.com\/wp-content\/uploads\/2015\/08\/foto-slider.jpg\",\"contentUrl\":\"https:\/\/ovlac.com\/wp-content\/uploads\/2015\/08\/foto-slider.jpg\"},{\"@type\":\"BreadcrumbList\",\"@id\":\"https:\/\/ovlac.com\/financiacion\/#breadcrumb\",\"itemListElement\":[{\"@type\":\"ListItem\",\"position\":1,\"name\":\"Portada\",\"item\":\"https:\/\/ovlac.com\/de\/\"},{\"@type\":\"ListItem\",\"position\":2,\"name\":\"Finanzierung\"}]},{\"@type\":\"WebSite\",\"@id\":\"https:\/\/ovlac.com\/#website\",\"url\":\"https:\/\/ovlac.com\/\",\"name\":\"Ovlac\",\"description\":\"OVLAC\",\"potentialAction\":[{\"@type\":\"SearchAction\",\"target\":{\"@type\":\"EntryPoint\",\"urlTemplate\":\"https:\/\/ovlac.com\/?s={search_term_string}\"},\"query-input\":{\"@type\":\"PropertyValueSpecification\",\"valueRequired\":true,\"valueName\":\"search_term_string\"}}],\"inLanguage\":\"de\"}]}<\/script>\n<!-- \/ Yoast SEO plugin. -->","yoast_head_json":{"title":"Finanzierung - Ovlac","robots":{"index":"index","follow":"follow","max-snippet":"max-snippet:-1","max-image-preview":"max-image-preview:large","max-video-preview":"max-video-preview:-1"},"canonical":"https:\/\/ovlac.com\/financiacion\/","og_locale":"de_DE","og_type":"article","og_title":"Finanzierung - Ovlac","og_description":"JETZT BEN\u00d6TIGEN SIE MEHR DENN JE PERFEKTE ARBEIT LEISTEN. &nbsp; Es ist ganz einfach. Verpassen Sie nicht den Kauf Ihrer Ovlac-Maschine, denn die Finanzierungsbedingungen sind hervorragend: 0% TIN f\u00fcr 2 [&hellip;]","og_url":"https:\/\/ovlac.com\/financiacion\/","og_site_name":"Ovlac","og_image":[{"url":"https:\/\/ovlac.com\/wp-content\/uploads\/2015\/08\/foto-slider.jpg","type":"","width":"","height":""}],"twitter_card":"summary_large_image","twitter_misc":{"Gesch\u00e4tzte Lesezeit":"1\u00a0Minute"},"schema":{"@context":"https:\/\/schema.org","@graph":[{"@type":"WebPage","@id":"https:\/\/ovlac.com\/financiacion\/","url":"https:\/\/ovlac.com\/financiacion\/","name":"Finanzierung - Ovlac","isPartOf":{"@id":"https:\/\/ovlac.com\/#website"},"primaryImageOfPage":{"@id":"https:\/\/ovlac.com\/financiacion\/#primaryimage"},"image":{"@id":"https:\/\/ovlac.com\/financiacion\/#primaryimage"},"thumbnailUrl":"https:\/\/ovlac.com\/wp-content\/uploads\/2015\/08\/foto-slider.jpg","datePublished":"2022-04-13T08:49:42+00:00","breadcrumb":{"@id":"https:\/\/ovlac.com\/financiacion\/#breadcrumb"},"inLanguage":"de","potentialAction":[{"@type":"ReadAction","target":["https:\/\/ovlac.com\/financiacion\/"]}]},{"@type":"ImageObject","inLanguage":"de","@id":"https:\/\/ovlac.com\/financiacion\/#primaryimage","url":"https:\/\/ovlac.com\/wp-content\/uploads\/2015\/08\/foto-slider.jpg","contentUrl":"https:\/\/ovlac.com\/wp-content\/uploads\/2015\/08\/foto-slider.jpg"},{"@type":"BreadcrumbList","@id":"https:\/\/ovlac.com\/financiacion\/#breadcrumb","itemListElement":[{"@type":"ListItem","position":1,"name":"Portada","item":"https:\/\/ovlac.com\/de\/"},{"@type":"ListItem","position":2,"name":"Finanzierung"}]},{"@type":"WebSite","@id":"https:\/\/ovlac.com\/#website","url":"https:\/\/ovlac.com\/","name":"Ovlac","description":"OVLAC","potentialAction":[{"@type":"SearchAction","target":{"@type":"EntryPoint","urlTemplate":"https:\/\/ovlac.com\/?s={search_term_string}"},"query-input":{"@type":"PropertyValueSpecification","valueRequired":true,"valueName":"search_term_string"}}],"inLanguage":"de"}]}},"_links":{"self":[{"href":"https:\/\/ovlac.com\/de\/wp-json\/wp\/v2\/pages\/49528","targetHints":{"allow":["GET"]}}],"collection":[{"href":"https:\/\/ovlac.com\/de\/wp-json\/wp\/v2\/pages"}],"about":[{"href":"https:\/\/ovlac.com\/de\/wp-json\/wp\/v2\/types\/page"}],"author":[{"embeddable":true,"href":"https:\/\/ovlac.com\/de\/wp-json\/wp\/v2\/users\/1"}],"replies":[{"embeddable":true,"href":"https:\/\/ovlac.com\/de\/wp-json\/wp\/v2\/comments?post=49528"}],"version-history":[{"count":0,"href":"https:\/\/ovlac.com\/de\/wp-json\/wp\/v2\/pages\/49528\/revisions"}],"wp:attachment":[{"href":"https:\/\/ovlac.com\/de\/wp-json\/wp\/v2\/media?parent=49528"}],"curies":[{"name":"wp","href":"https:\/\/api.w.org\/{rel}","templated":true}]}}