{"id":49428,"date":"2022-03-29T15:58:11","date_gmt":"2022-03-29T15:58:11","guid":{"rendered":"https:\/\/ovlac.com\/rechtliches\/"},"modified":"2022-03-29T15:58:13","modified_gmt":"2022-03-29T15:58:13","slug":"rechtliches","status":"publish","type":"page","link":"https:\/\/ovlac.com\/de\/rechtliches\/","title":{"rendered":"Rechtliches"},"content":{"rendered":"<p>[et_pb_section bb_built=&#8220;1&#8243; inner_width=&#8220;auto&#8220; inner_max_width=&#8220;1080px&#8220;][et_pb_row][et_pb_column type=&#8220;4_4&#8243;][et_pb_text _builder_version=&#8220;3.24&#8243; text_text_shadow_horizontal_length=&#8220;text_text_shadow_style,%91object Object%93&#8243; text_text_shadow_horizontal_length_tablet=&#8220;0px&#8220; text_text_shadow_vertical_length=&#8220;text_text_shadow_style,%91object Object%93&#8243; text_text_shadow_vertical_length_tablet=&#8220;0px&#8220; text_text_shadow_blur_strength=&#8220;text_text_shadow_style,%91object Object%93&#8243; text_text_shadow_blur_strength_tablet=&#8220;1px&#8220; link_text_shadow_horizontal_length=&#8220;link_text_shadow_style,%91object Object%93&#8243; link_text_shadow_horizontal_length_tablet=&#8220;0px&#8220; link_text_shadow_vertical_length=&#8220;link_text_shadow_style,%91object Object%93&#8243; link_text_shadow_vertical_length_tablet=&#8220;0px&#8220; link_text_shadow_blur_strength=&#8220;link_text_shadow_style,%91object Object%93&#8243; link_text_shadow_blur_strength_tablet=&#8220;1px&#8220; ul_text_shadow_horizontal_length=&#8220;ul_text_shadow_style,%91object Object%93&#8243; ul_text_shadow_horizontal_length_tablet=&#8220;0px&#8220; ul_text_shadow_vertical_length=&#8220;ul_text_shadow_style,%91object Object%93&#8243; ul_text_shadow_vertical_length_tablet=&#8220;0px&#8220; ul_text_shadow_blur_strength=&#8220;ul_text_shadow_style,%91object Object%93&#8243; ul_text_shadow_blur_strength_tablet=&#8220;1px&#8220; ol_text_shadow_horizontal_length=&#8220;ol_text_shadow_style,%91object Object%93&#8243; ol_text_shadow_horizontal_length_tablet=&#8220;0px&#8220; ol_text_shadow_vertical_length=&#8220;ol_text_shadow_style,%91object Object%93&#8243; ol_text_shadow_vertical_length_tablet=&#8220;0px&#8220; ol_text_shadow_blur_strength=&#8220;ol_text_shadow_style,%91object Object%93&#8243; ol_text_shadow_blur_strength_tablet=&#8220;1px&#8220; quote_text_shadow_horizontal_length=&#8220;quote_text_shadow_style,%91object Object%93&#8243; quote_text_shadow_horizontal_length_tablet=&#8220;0px&#8220; quote_text_shadow_vertical_length=&#8220;quote_text_shadow_style,%91object Object%93&#8243; quote_text_shadow_vertical_length_tablet=&#8220;0px&#8220; quote_text_shadow_blur_strength=&#8220;quote_text_shadow_style,%91object Object%93&#8243; quote_text_shadow_blur_strength_tablet=&#8220;1px&#8220; header_text_shadow_horizontal_length=&#8220;header_text_shadow_style,%91object Object%93&#8243; header_text_shadow_horizontal_length_tablet=&#8220;0px&#8220; header_text_shadow_vertical_length=&#8220;header_text_shadow_style,%91object Object%93&#8243; header_text_shadow_vertical_length_tablet=&#8220;0px&#8220; header_text_shadow_blur_strength=&#8220;header_text_shadow_style,%91object Object%93&#8243; header_text_shadow_blur_strength_tablet=&#8220;1px&#8220; header_2_text_shadow_horizontal_length=&#8220;header_2_text_shadow_style,%91object Object%93&#8243; header_2_text_shadow_horizontal_length_tablet=&#8220;0px&#8220; header_2_text_shadow_vertical_length=&#8220;header_2_text_shadow_style,%91object Object%93&#8243; header_2_text_shadow_vertical_length_tablet=&#8220;0px&#8220; header_2_text_shadow_blur_strength=&#8220;header_2_text_shadow_style,%91object Object%93&#8243; header_2_text_shadow_blur_strength_tablet=&#8220;1px&#8220; header_3_text_shadow_horizontal_length=&#8220;header_3_text_shadow_style,%91object Object%93&#8243; header_3_text_shadow_horizontal_length_tablet=&#8220;0px&#8220; header_3_text_shadow_vertical_length=&#8220;header_3_text_shadow_style,%91object Object%93&#8243; header_3_text_shadow_vertical_length_tablet=&#8220;0px&#8220; header_3_text_shadow_blur_strength=&#8220;header_3_text_shadow_style,%91object Object%93&#8243; header_3_text_shadow_blur_strength_tablet=&#8220;1px&#8220; header_4_text_shadow_horizontal_length=&#8220;header_4_text_shadow_style,%91object Object%93&#8243; header_4_text_shadow_horizontal_length_tablet=&#8220;0px&#8220; header_4_text_shadow_vertical_length=&#8220;header_4_text_shadow_style,%91object Object%93&#8243; header_4_text_shadow_vertical_length_tablet=&#8220;0px&#8220; header_4_text_shadow_blur_strength=&#8220;header_4_text_shadow_style,%91object Object%93&#8243; header_4_text_shadow_blur_strength_tablet=&#8220;1px&#8220; header_5_text_shadow_horizontal_length=&#8220;header_5_text_shadow_style,%91object Object%93&#8243; header_5_text_shadow_horizontal_length_tablet=&#8220;0px&#8220; header_5_text_shadow_vertical_length=&#8220;header_5_text_shadow_style,%91object Object%93&#8243; header_5_text_shadow_vertical_length_tablet=&#8220;0px&#8220; header_5_text_shadow_blur_strength=&#8220;header_5_text_shadow_style,%91object Object%93&#8243; header_5_text_shadow_blur_strength_tablet=&#8220;1px&#8220; header_6_text_shadow_horizontal_length=&#8220;header_6_text_shadow_style,%91object Object%93&#8243; header_6_text_shadow_horizontal_length_tablet=&#8220;0px&#8220; header_6_text_shadow_vertical_length=&#8220;header_6_text_shadow_style,%91object Object%93&#8243; header_6_text_shadow_vertical_length_tablet=&#8220;0px&#8220; header_6_text_shadow_blur_strength=&#8220;header_6_text_shadow_style,%91object Object%93&#8243; header_6_text_shadow_blur_strength_tablet=&#8220;1px&#8220; box_shadow_horizontal_tablet=&#8220;0px&#8220; box_shadow_vertical_tablet=&#8220;0px&#8220; box_shadow_blur_tablet=&#8220;40px&#8220; box_shadow_spread_tablet=&#8220;0px&#8220; z_index_tablet=&#8220;500&#8243;]RECHTLICHER HINWEIS<\/p>\n<p>1.OBJEKT<br \/>\nDiese rechtlichen Hinweise regeln die Nutzung und den Gebrauch der Website ovlac.com, die Eigentum von OVLAC FABRICACION DE MAQUINARIA AGRICOLA, S.A.U. ist. (nachstehend DER EIGENT\u00dcMER DER WEBSITE).<\/p>\n<p>Das Surfen auf der Website des Eigent\u00fcmers der Website macht den BENUTZER derselben zur Bedingung und impliziert die vollst\u00e4ndige und vorbehaltlose Annahme aller in diesem rechtlichen Hinweis ver\u00f6ffentlichten Bedingungen, wobei darauf hingewiesen wird, dass diese Bedingungen ohne vorherige Mitteilung des Eigent\u00fcmers der Website ge\u00e4ndert werden k\u00f6nnen, wobei sie in diesem Fall so weit wie m\u00f6glich im Voraus ver\u00f6ffentlicht und mitgeteilt werden.<\/p>\n<p>Es ist daher ratsam, deren Inhalt sorgf\u00e4ltig zu lesen, wenn Sie auf die auf dieser Website angebotenen Informationen und Dienste zugreifen und diese nutzen m\u00f6chten.<\/p>\n<p>Der Nutzer ist au\u00dferdem verpflichtet, die Website in \u00dcbereinstimmung mit dem Gesetz, Treu und Glauben, der \u00f6ffentlichen Ordnung, dem Verkehrsgebrauch und den vorliegenden rechtlichen Hinweisen zu nutzen und haftet gegen\u00fcber dem EIGENT\u00dcMER DER WEBSITE oder gegen\u00fcber Dritten f\u00fcr alle Sch\u00e4den, die durch die Nichteinhaltung dieser Verpflichtung entstehen k\u00f6nnen.<\/p>\n<p>Jede andere als die genehmigte Nutzung ist ausdr\u00fccklich untersagt, und DER WEBSITE-BESITZER kann jederzeit den Zugang und die Nutzung verweigern oder widerrufen.<\/p>\n<p>2. DIE IDENTIFIZIERUNG<br \/>\nDER EIGENT\u00dcMER DER WEBSITE informiert Sie in \u00dcbereinstimmung mit dem Gesetz 34\/2002 vom 11. Juli \u00fcber die Dienste der Informationsgesellschaft und den elektronischen Handel, dass:<\/p>\n<p>Der Name des Unternehmens lautet: OVLAC FABRICACION DE MAQUINARIA AGRICOLA, S.A.U.<br \/>\nIhre Umsatzsteuer-Identifikationsnummer lautet: A34018614<br \/>\nSein eingetragener Sitz ist in: CL TAF, P-163 &#8211; 34200 &#8211; VENTA DE BA\u00d1OS &#8211; PALENCIA<br \/>\nEingetragen im Handelsregister von Palencia, Band 169, Folio 157, Sektion 8, Seite P-1243.<br \/>\n3. KOMMUNIKATION<br \/>\nUm mit uns zu kommunizieren, stellen wir Ihnen verschiedene Kontaktm\u00f6glichkeiten zur Verf\u00fcgung, auf die wir im Folgenden eingehen:<\/p>\n<p>: 979761011<br \/>\nE-Mail: administracion@ovlac.com<br \/>\nAlle Mitteilungen und Kommunikationen zwischen den Nutzern und dem EIGENT\u00dcMER DER WEBSITE gelten f\u00fcr alle Zwecke als wirksam, wenn sie \u00fcber eines der oben genannten Mittel erfolgen.<\/p>\n<p>4. ZUGANGS- UND NUTZUNGSBEDINGUNGEN<br \/>\nDie Website und ihre Dienste sind frei zug\u00e4nglich und kostenlos. Der EIGENT\u00dcMER DER WEBSITE kann jedoch die Nutzung einiger der auf seiner Website angebotenen Dienste von der vorherigen Ausf\u00fcllung des entsprechenden Formulars abh\u00e4ngig machen.<\/p>\n<p>Der Nutzer garantiert die Echtheit und Aktualit\u00e4t aller Daten, die er dem Betreiber der Website zur Verf\u00fcgung stellt, und ist allein verantwortlich f\u00fcr falsche oder ungenaue Angaben.<\/p>\n<p>Der Benutzer verpflichtet sich ausdr\u00fccklich, die Inhalte und Dienste des Eigent\u00fcmers der Website in angemessener Weise zu nutzen und sie unter anderem nicht zu verwenden:<\/p>\n<p>1. kriminelle, gewaltt\u00e4tige, pornografische, rassistische, fremdenfeindliche, beleidigende, terroristische oder allgemein gegen das Gesetz oder die \u00f6ffentliche Ordnung versto\u00dfende Inhalte zu verbreiten.<br \/>\n2. in das Netz Computerviren einzuschleusen oder Handlungen vorzunehmen, die geeignet sind, elektronische Dokumente, Daten oder physische und logische Systeme des EIGENT\u00dcMERS DER WEBSITE oder Dritter zu ver\u00e4ndern, zu besch\u00e4digen, zu unterbrechen oder Fehler oder Sch\u00e4den zu erzeugen; sowie den Zugang anderer Nutzer zur Website und ihren Diensten durch den massiven Verbrauch von Computerressourcen zu behindern, \u00fcber die der EIGENT\u00dcMER DER WEBSITE seine Dienste anbietet.<br \/>\n3. Der Versuch, auf die E-Mail-Konten anderer Nutzer oder auf gesperrte Bereiche der Computersysteme des Eigent\u00fcmers der Website oder Dritter zuzugreifen und gegebenenfalls Informationen zu entnehmen.<br \/>\n4. die Rechte des geistigen oder gewerblichen Eigentums zu verletzen, sowie die Vertraulichkeit der Informationen des WEBSITE-BESITZERS oder Dritter zu verletzen.<br \/>\n5. Die Identit\u00e4t eines anderen Benutzers vorgeben.<br \/>\n6. die Inhalte zu vervielf\u00e4ltigen, zu kopieren, zu verbreiten, zur Verf\u00fcgung zu stellen oder in irgendeiner anderen Form \u00f6ffentlich zug\u00e4nglich zu machen, zu transformieren oder zu ver\u00e4ndern, es sei denn, Sie haben die Genehmigung des Inhabers der entsprechenden Rechte oder es ist gesetzlich erlaubt.<br \/>\n7. Daten f\u00fcr Werbezwecke zu sammeln und Werbung jeglicher Art und Mitteilungen f\u00fcr den Verkauf oder andere kommerzielle Zwecke ohne vorherige Anfrage oder Zustimmung zu versenden.<br \/>\nAlle Inhalte der Website, wie Texte, Fotografien, Grafiken, Bilder, Icons, Technologie, Software sowie deren grafische Gestaltung und Quellcodes, stellen ein Werk dar, dessen Eigentum dem EIGENT\u00dcMER DER WEBSITE geh\u00f6rt, und keines der Nutzungsrechte an ihnen kann so verstanden werden, dass es auf den Nutzer \u00fcbertragen wird, abgesehen von dem, was f\u00fcr die korrekte Nutzung der Website unbedingt erforderlich ist.<\/p>\n<p>Kurz gesagt, die Nutzer, die auf diese Website zugreifen, k\u00f6nnen die Inhalte einsehen und gegebenenfalls genehmigte Privatkopien anfertigen, sofern die wiedergegebenen Elemente anschlie\u00dfend nicht an Dritte weitergegeben werden, nicht auf Servern installiert werden, die mit Netzen verbunden sind, und nicht Gegenstand irgendeiner Art von Verwertung sind.<\/p>\n<p>Ebenso sind alle Marken, Handelsnamen oder Unterscheidungszeichen jeglicher Art, die auf der Website erscheinen, Eigentum des Eigent\u00fcmers der Website, ohne dass die Nutzung oder der Zugang zu ihnen dem Nutzer irgendein Recht an ihnen verleiht.<\/p>\n<p>Die Verbreitung, Ver\u00e4nderung, \u00dcbertragung oder \u00f6ffentliche Wiedergabe der Inhalte sowie jede andere Handlung, die nicht ausdr\u00fccklich vom Inhaber der Verwertungsrechte genehmigt wurde, ist verboten.<\/p>\n<p>Die Einrichtung eines Hyperlinks bedeutet in keinem Fall das Bestehen einer Beziehung zwischen dem Eigent\u00fcmer der Website und dem Eigent\u00fcmer der Website, in der sie eingerichtet ist, noch die Annahme und Genehmigung durch den Eigent\u00fcmer der Website von deren Inhalt oder Dienstleistungen.<\/p>\n<p>Der EIGENT\u00dcMER DER WEBSITE ist nicht verantwortlich f\u00fcr die Nutzung der auf dieser Website zur Verf\u00fcgung gestellten Materialien durch die einzelnen Nutzer und f\u00fcr die auf der Grundlage dieser Materialien durchgef\u00fchrten Handlungen.<\/p>\n<p>AUSSCHLUSS VON GARANTIEN UND VERANTWORTUNG F\u00dcR ZUGANG UND NUTZUNG<br \/>\nDer Inhalt dieser Website ist allgemeiner Art und dient ausschlie\u00dflich Informationszwecken. Der Zugang zu s\u00e4mtlichen Inhalten wird nicht in vollem Umfang garantiert, ebenso wenig deren Vollst\u00e4ndigkeit, Richtigkeit, G\u00fcltigkeit oder Aktualit\u00e4t sowie deren Eignung oder N\u00fctzlichkeit f\u00fcr einen bestimmten Zweck.<\/p>\n<p>Der EIGENT\u00dcMER DER WEBSITE schlie\u00dft, soweit gesetzlich zul\u00e4ssig, jegliche Haftung f\u00fcr Sch\u00e4den jeglicher Art aus, die aus:<\/p>\n<p>1. Die Unm\u00f6glichkeit des Zugriffs auf die Website oder der Mangel an Wahrhaftigkeit, Genauigkeit, Vollst\u00e4ndigkeit und\/oder Aktualit\u00e4t des Inhalts sowie das Vorhandensein von M\u00e4ngeln und Fehlern jeglicher Art in den \u00fcbermittelten, verbreiteten, gespeicherten, zur Verf\u00fcgung gestellten Inhalten, auf die \u00fcber die Website oder die angebotenen Dienste zugegriffen wurde.<br \/>\n2. Das Vorhandensein von Viren oder anderen Elementen in den Inhalten, die Ver\u00e4nderungen in Computersystemen, elektronischen Dokumenten oder Benutzerdaten verursachen k\u00f6nnen.<br \/>\n3. Verst\u00f6\u00dfe gegen das Gesetz, Treu und Glauben, die \u00f6ffentliche Ordnung, den Verkehr und den vorliegenden rechtlichen Hinweis infolge einer falschen Nutzung der Website. Insbesondere, und als Beispiel, ist der EIGENT\u00dcMER DER WEBSITE nicht verantwortlich f\u00fcr die Handlungen Dritter, die die Rechte des geistigen und gewerblichen Eigentums, die Gesch\u00e4ftsgeheimnisse, die Rechte auf Ehre, die pers\u00f6nliche und famili\u00e4re Privatsph\u00e4re und das Selbstbild verletzen, sowie f\u00fcr die Regeln des unlauteren Wettbewerbs und der illegalen Werbung.<br \/>\nEbenso lehnt der WEBSITE-BESITZER jede Verantwortung f\u00fcr Informationen ab, die sich au\u00dferhalb dieser Website befinden und nicht direkt von unserem Webmaster verwaltet werden. Die Funktion der Links, die auf dieser Website erscheinen, besteht ausschlie\u00dflich darin, den Nutzer \u00fcber die Existenz anderer Quellen zu informieren, die den auf dieser Website angebotenen Inhalt erweitern k\u00f6nnen. Der EIGENT\u00dcMER DER WEBSITE garantiert nicht und ist nicht verantwortlich f\u00fcr das Funktionieren oder die Zug\u00e4nglichkeit der verlinkten Seiten; er schl\u00e4gt nicht vor, l\u00e4dt nicht ein oder empfiehlt nicht den Besuch dieser Seiten und ist nicht verantwortlich f\u00fcr die erzielten Ergebnisse. Der WEBSITENINHABER ist nicht verantwortlich f\u00fcr die Einrichtung von Hyperlinks durch Dritte.<\/p>\n<p>VERFAHREN IM FALLE RECHTSWIDRIGER HANDLUNGEN<br \/>\nF\u00fcr den Fall, dass ein Nutzer oder ein Dritter der Ansicht ist, dass es Tatsachen oder Umst\u00e4nde gibt, die den rechtswidrigen Charakter der Nutzung von Inhalten und\/oder der Durchf\u00fchrung von Aktivit\u00e4ten auf den in der Website enthaltenen oder \u00fcber die Website zug\u00e4nglichen Seiten offenbaren, m\u00fcssen Sie eine Mitteilung an den EIGENT\u00dcMER DER WEBSITE senden, in der Sie sich ordnungsgem\u00e4\u00df identifizieren und die angeblichen Verst\u00f6\u00dfe angeben.<\/p>\n<p>VER\u00d6FFENTLICHUNGEN<br \/>\nDie \u00fcber die Website zur Verf\u00fcgung gestellten Verwaltungsinformationen ersetzen nicht die rechtliche Ver\u00f6ffentlichung von Gesetzen, Verordnungen, Pl\u00e4nen, allgemeinen Bestimmungen und Akten, die f\u00f6rmlich in den Amtsbl\u00e4ttern der \u00f6ffentlichen Verwaltungen ver\u00f6ffentlicht werden m\u00fcssen, da diese das einzige Instrument sind, das ihre Authentizit\u00e4t und ihren Inhalt best\u00e4tigt. Die auf dieser Website zur Verf\u00fcgung gestellten Informationen sind als Leitfaden zu verstehen, der keine Rechtsg\u00fcltigkeit beansprucht.<\/p>\n<p>5. GELTENDE RECHTSVORSCHRIFTEN<br \/>\nDie vorliegenden Bedingungen unterliegen den geltenden spanischen Rechtsvorschriften.<\/p>\n<p>Die verwendete Sprache ist Spanisch.[\/et_pb_text][\/et_pb_column][\/et_pb_row][\/et_pb_section]<\/p>\n","protected":false},"excerpt":{"rendered":"<p><div class=\"et_pb_row et_pb_row_0 et_pb_row_empty\">\n\t\t\t\t\n\t\t\t\t\n\t\t\t\t\n\t\t\t\t\n\t\t\t\t\n\t\t\t<\/div>RECHTLICHER HINWEIS 1.OBJEKT Diese rechtlichen Hinweise regeln die Nutzung und den Gebrauch der Website ovlac.com, die Eigentum von OVLAC FABRICACION DE MAQUINARIA AGRICOLA, S.A.U. ist. (nachstehend DER EIGENT\u00dcMER DER WEBSITE). [&hellip;]<\/p>\n","protected":false},"author":1,"featured_media":0,"parent":0,"menu_order":0,"comment_status":"open","ping_status":"open","template":"","meta":{"_et_pb_use_builder":"on","_et_pb_old_content":"Rechtlicher Hinweis","_et_gb_content_width":"","footnotes":""},"class_list":["post-49428","page","type-page","status-publish","hentry"],"yoast_head":"<!-- This site is optimized with the Yoast SEO plugin v24.8.1 - https:\/\/yoast.com\/wordpress\/plugins\/seo\/ -->\n<title>Rechtliches - Ovlac<\/title>\n<meta name=\"robots\" content=\"index, follow, max-snippet:-1, max-image-preview:large, max-video-preview:-1\" \/>\n<link rel=\"canonical\" href=\"https:\/\/ovlac.com\/de\/rechtliches\/\" \/>\n<meta property=\"og:locale\" content=\"de_DE\" \/>\n<meta property=\"og:type\" content=\"article\" \/>\n<meta property=\"og:title\" content=\"Rechtliches - Ovlac\" \/>\n<meta property=\"og:description\" content=\"RECHTLICHER HINWEIS 1.OBJEKT Diese rechtlichen Hinweise regeln die Nutzung und den Gebrauch der Website ovlac.com, die Eigentum von OVLAC FABRICACION DE MAQUINARIA AGRICOLA, S.A.U. ist. (nachstehend DER EIGENT\u00dcMER DER WEBSITE). [&hellip;]\" \/>\n<meta property=\"og:url\" content=\"https:\/\/ovlac.com\/de\/rechtliches\/\" \/>\n<meta property=\"og:site_name\" content=\"Ovlac\" \/>\n<meta property=\"article:modified_time\" content=\"2022-03-29T15:58:13+00:00\" \/>\n<meta name=\"twitter:card\" content=\"summary_large_image\" \/>\n<meta name=\"twitter:label1\" content=\"Gesch\u00e4tzte Lesezeit\" \/>\n\t<meta name=\"twitter:data1\" content=\"7\u00a0Minuten\" \/>\n<script type=\"application\/ld+json\" class=\"yoast-schema-graph\">{\"@context\":\"https:\/\/schema.org\",\"@graph\":[{\"@type\":\"WebPage\",\"@id\":\"https:\/\/ovlac.com\/de\/rechtliches\/\",\"url\":\"https:\/\/ovlac.com\/de\/rechtliches\/\",\"name\":\"Rechtliches - Ovlac\",\"isPartOf\":{\"@id\":\"https:\/\/ovlac.com\/#website\"},\"datePublished\":\"2022-03-29T15:58:11+00:00\",\"dateModified\":\"2022-03-29T15:58:13+00:00\",\"breadcrumb\":{\"@id\":\"https:\/\/ovlac.com\/de\/rechtliches\/#breadcrumb\"},\"inLanguage\":\"de\",\"potentialAction\":[{\"@type\":\"ReadAction\",\"target\":[\"https:\/\/ovlac.com\/de\/rechtliches\/\"]}]},{\"@type\":\"BreadcrumbList\",\"@id\":\"https:\/\/ovlac.com\/de\/rechtliches\/#breadcrumb\",\"itemListElement\":[{\"@type\":\"ListItem\",\"position\":1,\"name\":\"Portada\",\"item\":\"https:\/\/ovlac.com\/de\/\"},{\"@type\":\"ListItem\",\"position\":2,\"name\":\"Rechtliches\"}]},{\"@type\":\"WebSite\",\"@id\":\"https:\/\/ovlac.com\/#website\",\"url\":\"https:\/\/ovlac.com\/\",\"name\":\"Ovlac\",\"description\":\"OVLAC\",\"potentialAction\":[{\"@type\":\"SearchAction\",\"target\":{\"@type\":\"EntryPoint\",\"urlTemplate\":\"https:\/\/ovlac.com\/?s={search_term_string}\"},\"query-input\":{\"@type\":\"PropertyValueSpecification\",\"valueRequired\":true,\"valueName\":\"search_term_string\"}}],\"inLanguage\":\"de\"}]}<\/script>\n<!-- \/ Yoast SEO plugin. -->","yoast_head_json":{"title":"Rechtliches - Ovlac","robots":{"index":"index","follow":"follow","max-snippet":"max-snippet:-1","max-image-preview":"max-image-preview:large","max-video-preview":"max-video-preview:-1"},"canonical":"https:\/\/ovlac.com\/de\/rechtliches\/","og_locale":"de_DE","og_type":"article","og_title":"Rechtliches - Ovlac","og_description":"RECHTLICHER HINWEIS 1.OBJEKT Diese rechtlichen Hinweise regeln die Nutzung und den Gebrauch der Website ovlac.com, die Eigentum von OVLAC FABRICACION DE MAQUINARIA AGRICOLA, S.A.U. ist. (nachstehend DER EIGENT\u00dcMER DER WEBSITE). [&hellip;]","og_url":"https:\/\/ovlac.com\/de\/rechtliches\/","og_site_name":"Ovlac","article_modified_time":"2022-03-29T15:58:13+00:00","twitter_card":"summary_large_image","twitter_misc":{"Gesch\u00e4tzte Lesezeit":"7\u00a0Minuten"},"schema":{"@context":"https:\/\/schema.org","@graph":[{"@type":"WebPage","@id":"https:\/\/ovlac.com\/de\/rechtliches\/","url":"https:\/\/ovlac.com\/de\/rechtliches\/","name":"Rechtliches - Ovlac","isPartOf":{"@id":"https:\/\/ovlac.com\/#website"},"datePublished":"2022-03-29T15:58:11+00:00","dateModified":"2022-03-29T15:58:13+00:00","breadcrumb":{"@id":"https:\/\/ovlac.com\/de\/rechtliches\/#breadcrumb"},"inLanguage":"de","potentialAction":[{"@type":"ReadAction","target":["https:\/\/ovlac.com\/de\/rechtliches\/"]}]},{"@type":"BreadcrumbList","@id":"https:\/\/ovlac.com\/de\/rechtliches\/#breadcrumb","itemListElement":[{"@type":"ListItem","position":1,"name":"Portada","item":"https:\/\/ovlac.com\/de\/"},{"@type":"ListItem","position":2,"name":"Rechtliches"}]},{"@type":"WebSite","@id":"https:\/\/ovlac.com\/#website","url":"https:\/\/ovlac.com\/","name":"Ovlac","description":"OVLAC","potentialAction":[{"@type":"SearchAction","target":{"@type":"EntryPoint","urlTemplate":"https:\/\/ovlac.com\/?s={search_term_string}"},"query-input":{"@type":"PropertyValueSpecification","valueRequired":true,"valueName":"search_term_string"}}],"inLanguage":"de"}]}},"_links":{"self":[{"href":"https:\/\/ovlac.com\/de\/wp-json\/wp\/v2\/pages\/49428","targetHints":{"allow":["GET"]}}],"collection":[{"href":"https:\/\/ovlac.com\/de\/wp-json\/wp\/v2\/pages"}],"about":[{"href":"https:\/\/ovlac.com\/de\/wp-json\/wp\/v2\/types\/page"}],"author":[{"embeddable":true,"href":"https:\/\/ovlac.com\/de\/wp-json\/wp\/v2\/users\/1"}],"replies":[{"embeddable":true,"href":"https:\/\/ovlac.com\/de\/wp-json\/wp\/v2\/comments?post=49428"}],"version-history":[{"count":0,"href":"https:\/\/ovlac.com\/de\/wp-json\/wp\/v2\/pages\/49428\/revisions"}],"wp:attachment":[{"href":"https:\/\/ovlac.com\/de\/wp-json\/wp\/v2\/media?parent=49428"}],"curies":[{"name":"wp","href":"https:\/\/api.w.org\/{rel}","templated":true}]}}