{"id":49279,"date":"2022-03-29T13:26:12","date_gmt":"2022-03-29T13:26:12","guid":{"rendered":"https:\/\/ovlac.com\/garantie\/"},"modified":"2022-09-06T11:36:58","modified_gmt":"2022-09-06T11:36:58","slug":"garantie","status":"publish","type":"page","link":"https:\/\/ovlac.com\/de\/garantie\/","title":{"rendered":"Garantie"},"content":{"rendered":"<p>[et_pb_section bb_built=&#8220;1&#8243; _builder_version=&#8220;3.22.7&#8243; background_color=&#8220;#ef3e42&#8243; background_image=&#8220;https:\/\/ovlac.com\/wp-content\/uploads\/2018\/12\/ovlac-fabricante-arados.jpg&#8220; background_blend=&#8220;multiply&#8220; custom_padding=&#8220;26px||50px|||&#8220; bottom_divider_style=&#8220;wave2&#8243; bottom_divider_color=&#8220;#ffffff&#8220; bottom_divider_height=&#8220;50px&#8220; bottom_divider_flip=&#8220;vertical&#8220; z_index_tablet=&#8220;500&#8243; next_background_color=&#8220;#ffffff&#8220;][et_pb_row custom_padding=&#8220;3px||3px|||&#8220; _builder_version=&#8220;3.22.3&#8243;][et_pb_column type=&#8220;4_4&#8243;][et_pb_text _builder_version=&#8220;3.24&#8243; header_font=&#8220;||||||||&#8220; header_text_color=&#8220;#ffffff&#8220;]<\/p>\n<p>Garantie und Betriebsanleitung<\/p>\n<p>[\/et_pb_text][\/et_pb_column][\/et_pb_row][\/et_pb_section][et_pb_section bb_built=&#8220;1&#8243; _builder_version=&#8220;3.22.3&#8243; custom_padding=&#8220;33px||9px|||&#8220; prev_background_color=&#8220;#ef3e42&#8243;][et_pb_row custom_padding=&#8220;||0px|||&#8220; custom_margin=&#8220;|auto|-4px|auto||&#8220; _builder_version=&#8220;3.22.7&#8243;][et_pb_column type=&#8220;1_2&#8243;][et_pb_text _builder_version=&#8220;3.24&#8243; border_width_bottom=&#8220;4px&#8220; border_color_bottom=&#8220;#ef3e42&#8243;]<\/p>\n<p>Garantie aktivieren<\/p>\n<p>[\/et_pb_text][et_pb_text _builder_version=&#8220;3.24&#8243; text_text_shadow_horizontal_length=&#8220;text_text_shadow_style,%91object Object%93&#8243; text_text_shadow_horizontal_length_tablet=&#8220;0px&#8220; text_text_shadow_vertical_length=&#8220;text_text_shadow_style,%91object Object%93&#8243; text_text_shadow_vertical_length_tablet=&#8220;0px&#8220; text_text_shadow_blur_strength=&#8220;text_text_shadow_style,%91object Object%93&#8243; text_text_shadow_blur_strength_tablet=&#8220;1px&#8220; link_text_shadow_horizontal_length=&#8220;link_text_shadow_style,%91object Object%93&#8243; link_text_shadow_horizontal_length_tablet=&#8220;0px&#8220; link_text_shadow_vertical_length=&#8220;link_text_shadow_style,%91object Object%93&#8243; link_text_shadow_vertical_length_tablet=&#8220;0px&#8220; link_text_shadow_blur_strength=&#8220;link_text_shadow_style,%91object Object%93&#8243; link_text_shadow_blur_strength_tablet=&#8220;1px&#8220; ul_text_shadow_horizontal_length=&#8220;ul_text_shadow_style,%91object Object%93&#8243; ul_text_shadow_horizontal_length_tablet=&#8220;0px&#8220; ul_text_shadow_vertical_length=&#8220;ul_text_shadow_style,%91object Object%93&#8243; ul_text_shadow_vertical_length_tablet=&#8220;0px&#8220; ul_text_shadow_blur_strength=&#8220;ul_text_shadow_style,%91object Object%93&#8243; ul_text_shadow_blur_strength_tablet=&#8220;1px&#8220; ol_text_shadow_horizontal_length=&#8220;ol_text_shadow_style,%91object Object%93&#8243; ol_text_shadow_horizontal_length_tablet=&#8220;0px&#8220; ol_text_shadow_vertical_length=&#8220;ol_text_shadow_style,%91object Object%93&#8243; ol_text_shadow_vertical_length_tablet=&#8220;0px&#8220; ol_text_shadow_blur_strength=&#8220;ol_text_shadow_style,%91object Object%93&#8243; ol_text_shadow_blur_strength_tablet=&#8220;1px&#8220; quote_text_shadow_horizontal_length=&#8220;quote_text_shadow_style,%91object Object%93&#8243; quote_text_shadow_horizontal_length_tablet=&#8220;0px&#8220; quote_text_shadow_vertical_length=&#8220;quote_text_shadow_style,%91object Object%93&#8243; quote_text_shadow_vertical_length_tablet=&#8220;0px&#8220; quote_text_shadow_blur_strength=&#8220;quote_text_shadow_style,%91object Object%93&#8243; quote_text_shadow_blur_strength_tablet=&#8220;1px&#8220; header_text_shadow_horizontal_length=&#8220;header_text_shadow_style,%91object Object%93&#8243; header_text_shadow_horizontal_length_tablet=&#8220;0px&#8220; header_text_shadow_vertical_length=&#8220;header_text_shadow_style,%91object Object%93&#8243; header_text_shadow_vertical_length_tablet=&#8220;0px&#8220; header_text_shadow_blur_strength=&#8220;header_text_shadow_style,%91object Object%93&#8243; header_text_shadow_blur_strength_tablet=&#8220;1px&#8220; header_2_text_shadow_horizontal_length=&#8220;header_2_text_shadow_style,%91object Object%93&#8243; header_2_text_shadow_horizontal_length_tablet=&#8220;0px&#8220; header_2_text_shadow_vertical_length=&#8220;header_2_text_shadow_style,%91object Object%93&#8243; header_2_text_shadow_vertical_length_tablet=&#8220;0px&#8220; header_2_text_shadow_blur_strength=&#8220;header_2_text_shadow_style,%91object Object%93&#8243; header_2_text_shadow_blur_strength_tablet=&#8220;1px&#8220; header_3_text_shadow_horizontal_length=&#8220;header_3_text_shadow_style,%91object Object%93&#8243; header_3_text_shadow_horizontal_length_tablet=&#8220;0px&#8220; header_3_text_shadow_vertical_length=&#8220;header_3_text_shadow_style,%91object Object%93&#8243; header_3_text_shadow_vertical_length_tablet=&#8220;0px&#8220; header_3_text_shadow_blur_strength=&#8220;header_3_text_shadow_style,%91object Object%93&#8243; header_3_text_shadow_blur_strength_tablet=&#8220;1px&#8220; header_4_text_shadow_horizontal_length=&#8220;header_4_text_shadow_style,%91object Object%93&#8243; header_4_text_shadow_horizontal_length_tablet=&#8220;0px&#8220; header_4_text_shadow_vertical_length=&#8220;header_4_text_shadow_style,%91object Object%93&#8243; header_4_text_shadow_vertical_length_tablet=&#8220;0px&#8220; header_4_text_shadow_blur_strength=&#8220;header_4_text_shadow_style,%91object Object%93&#8243; header_4_text_shadow_blur_strength_tablet=&#8220;1px&#8220; header_5_text_shadow_horizontal_length=&#8220;header_5_text_shadow_style,%91object Object%93&#8243; header_5_text_shadow_horizontal_length_tablet=&#8220;0px&#8220; header_5_text_shadow_vertical_length=&#8220;header_5_text_shadow_style,%91object Object%93&#8243; header_5_text_shadow_vertical_length_tablet=&#8220;0px&#8220; header_5_text_shadow_blur_strength=&#8220;header_5_text_shadow_style,%91object Object%93&#8243; header_5_text_shadow_blur_strength_tablet=&#8220;1px&#8220; header_6_text_shadow_horizontal_length=&#8220;header_6_text_shadow_style,%91object Object%93&#8243; header_6_text_shadow_horizontal_length_tablet=&#8220;0px&#8220; header_6_text_shadow_vertical_length=&#8220;header_6_text_shadow_style,%91object Object%93&#8243; header_6_text_shadow_vertical_length_tablet=&#8220;0px&#8220; header_6_text_shadow_blur_strength=&#8220;header_6_text_shadow_style,%91object Object%93&#8243; header_6_text_shadow_blur_strength_tablet=&#8220;1px&#8220; box_shadow_horizontal_tablet=&#8220;0px&#8220; box_shadow_vertical_tablet=&#8220;0px&#8220; box_shadow_blur_tablet=&#8220;40px&#8220; box_shadow_spread_tablet=&#8220;0px&#8220; z_index_tablet=&#8220;500&#8243;]<\/p>\n<p>Vielen Dank, dass Sie sich f\u00fcr ein OVLAC Ger\u00e4t gekauft haben. Wir haben unsere ganze Erfahrung als Bodenbearbeitungsspezialisten eingebracht, um Ihre volle Zufriedenheit zu gew\u00e4hrleisten. Wir hoffen, Sie werden es sein. Um die Garantie f\u00fcr Ihren OVLAC zu aktivieren und Ihre Gebrauchsanweisung und Ersatzteile zu erhalten, f\u00fcllen Sie bitte das folgende Formular aus und senden Sie es uns zu.<\/p>\n<p>[\/et_pb_text][et_pb_text _builder_version=&#8220;3.24&#8243; border_width_bottom=&#8220;4px&#8220; border_color_bottom=&#8220;#ef3e42&#8243;]<\/p>\n<p>Kontakt<\/p>\n<p>[\/et_pb_text][et_pb_blurb title=&#8220;Telefon&#8220; use_icon=&#8220;on&#8220; font_icon=&#8220;%%264%%&#8220; icon_color=&#8220;#000000&#8243; icon_placement=&#8220;left&#8220; _builder_version=&#8220;3.22.7&#8243; body_font=&#8220;||||||||&#8220; body_font_size=&#8220;27px&#8220;]<\/p>\n<p><a href=\"tel:+34979761011\">+34 979 761 011<\/a><\/p>\n<p>[\/et_pb_blurb][et_pb_blurb title=&#8220;Fax&#8220; use_icon=&#8220;on&#8220; font_icon=&#8220;%%142%%&#8220; icon_color=&#8220;#000000&#8243; icon_placement=&#8220;left&#8220; _builder_version=&#8220;3.22.7&#8243; body_font=&#8220;||||||||&#8220; body_font_size=&#8220;27px&#8220;]<\/p>\n<p><a href=\"tel:+34979761022\">+34 979 761 022<\/a><\/p>\n<p>[\/et_pb_blurb][et_pb_blurb title=&#8220;E-Mail&#8220; use_icon=&#8220;on&#8220; font_icon=&#8220;%%142%%&#8220; icon_color=&#8220;#000000&#8243; icon_placement=&#8220;left&#8220; _builder_version=&#8220;3.24&#8243; body_font_size=&#8220;27px&#8220; custom_margin=&#8220;||49px|||&#8220; box_shadow_horizontal_image_tablet=&#8220;0px&#8220; box_shadow_vertical_image_tablet=&#8220;0px&#8220; box_shadow_blur_image_tablet=&#8220;40px&#8220; box_shadow_spread_image_tablet=&#8220;0px&#8220; text_shadow_horizontal_length=&#8220;text_shadow_style,%91object Object%93&#8243; text_shadow_horizontal_length_tablet=&#8220;0px&#8220; text_shadow_vertical_length=&#8220;text_shadow_style,%91object Object%93&#8243; text_shadow_vertical_length_tablet=&#8220;0px&#8220; text_shadow_blur_strength=&#8220;text_shadow_style,%91object Object%93&#8243; text_shadow_blur_strength_tablet=&#8220;1px&#8220; header_text_shadow_horizontal_length=&#8220;header_text_shadow_style,%91object Object%93&#8243; header_text_shadow_horizontal_length_tablet=&#8220;0px&#8220; header_text_shadow_vertical_length=&#8220;header_text_shadow_style,%91object Object%93&#8243; header_text_shadow_vertical_length_tablet=&#8220;0px&#8220; header_text_shadow_blur_strength=&#8220;header_text_shadow_style,%91object Object%93&#8243; header_text_shadow_blur_strength_tablet=&#8220;1px&#8220; body_text_shadow_horizontal_length=&#8220;body_text_shadow_style,%91object Object%93&#8243; body_text_shadow_horizontal_length_tablet=&#8220;0px&#8220; body_text_shadow_vertical_length=&#8220;body_text_shadow_style,%91object Object%93&#8243; body_text_shadow_vertical_length_tablet=&#8220;0px&#8220; body_text_shadow_blur_strength=&#8220;body_text_shadow_style,%91object Object%93&#8243; body_text_shadow_blur_strength_tablet=&#8220;1px&#8220; body_link_text_shadow_horizontal_length=&#8220;body_link_text_shadow_style,%91object Object%93&#8243; body_link_text_shadow_horizontal_length_tablet=&#8220;0px&#8220; body_link_text_shadow_vertical_length=&#8220;body_link_text_shadow_style,%91object Object%93&#8243; body_link_text_shadow_vertical_length_tablet=&#8220;0px&#8220; body_link_text_shadow_blur_strength=&#8220;body_link_text_shadow_style,%91object Object%93&#8243; body_link_text_shadow_blur_strength_tablet=&#8220;1px&#8220; body_ul_text_shadow_horizontal_length=&#8220;body_ul_text_shadow_style,%91object Object%93&#8243; body_ul_text_shadow_horizontal_length_tablet=&#8220;0px&#8220; body_ul_text_shadow_vertical_length=&#8220;body_ul_text_shadow_style,%91object Object%93&#8243; body_ul_text_shadow_vertical_length_tablet=&#8220;0px&#8220; body_ul_text_shadow_blur_strength=&#8220;body_ul_text_shadow_style,%91object Object%93&#8243; body_ul_text_shadow_blur_strength_tablet=&#8220;1px&#8220; body_ol_text_shadow_horizontal_length=&#8220;body_ol_text_shadow_style,%91object Object%93&#8243; body_ol_text_shadow_horizontal_length_tablet=&#8220;0px&#8220; body_ol_text_shadow_vertical_length=&#8220;body_ol_text_shadow_style,%91object Object%93&#8243; body_ol_text_shadow_vertical_length_tablet=&#8220;0px&#8220; body_ol_text_shadow_blur_strength=&#8220;body_ol_text_shadow_style,%91object Object%93&#8243; body_ol_text_shadow_blur_strength_tablet=&#8220;1px&#8220; body_quote_text_shadow_horizontal_length=&#8220;body_quote_text_shadow_style,%91object Object%93&#8243; body_quote_text_shadow_horizontal_length_tablet=&#8220;0px&#8220; body_quote_text_shadow_vertical_length=&#8220;body_quote_text_shadow_style,%91object Object%93&#8243; body_quote_text_shadow_vertical_length_tablet=&#8220;0px&#8220; body_quote_text_shadow_blur_strength=&#8220;body_quote_text_shadow_style,%91object Object%93&#8243; body_quote_text_shadow_blur_strength_tablet=&#8220;1px&#8220; box_shadow_horizontal_tablet=&#8220;0px&#8220; box_shadow_vertical_tablet=&#8220;0px&#8220; box_shadow_blur_tablet=&#8220;40px&#8220; box_shadow_spread_tablet=&#8220;0px&#8220; z_index_tablet=&#8220;500&#8243;]<\/p>\n<p><a href=\"mailto:administracion@ovlac.com\" target=\"_blank\" rel=\"noopener noreferrer\">administracion@ovlac.com<\/a><\/p>\n<p>[\/et_pb_blurb][\/et_pb_column][et_pb_column type=&#8220;1_2&#8243;][et_pb_text _builder_version=&#8220;3.24&#8243; border_width_bottom=&#8220;4px&#8220; border_color_bottom=&#8220;#ef3e42&#8243;]<\/p>\n<p>F\u00fcllen Sie das Formular aus<\/p>\n<p>[\/et_pb_text][et_pb_text _builder_version=&#8220;3.24&#8243; z_index_tablet=&#8220;500&#8243;]<\/p>\n<p class=\"wpcf7-contact-form-not-found\"><strong>Fehler:<\/strong> Kontaktformular wurde nicht gefunden.<\/p>\n<p>[\/et_pb_text][\/et_pb_column][\/et_pb_row][et_pb_row _builder_version=&#8220;3.22.7&#8243;][et_pb_column type=&#8220;4_4&#8243;][\/et_pb_column][\/et_pb_row][\/et_pb_section]<\/p>\n","protected":false},"excerpt":{"rendered":"<p>Garantie und Betriebsanleitung Garantie aktivieren Vielen Dank, dass Sie sich f\u00fcr ein OVLAC Ger\u00e4t gekauft haben. Wir haben unsere ganze Erfahrung als Bodenbearbeitungsspezialisten eingebracht, um Ihre volle Zufriedenheit zu gew\u00e4hrleisten. [&hellip;]<\/p>\n","protected":false},"author":1,"featured_media":0,"parent":0,"menu_order":0,"comment_status":"closed","ping_status":"closed","template":"","meta":{"_et_pb_use_builder":"on","_et_pb_old_content":"","_et_gb_content_width":"","footnotes":""},"class_list":["post-49279","page","type-page","status-publish","hentry"],"yoast_head":"<!-- This site is optimized with the Yoast SEO plugin v24.8.1 - https:\/\/yoast.com\/wordpress\/plugins\/seo\/ -->\n<title>Garantie - Ovlac<\/title>\n<meta name=\"robots\" content=\"index, follow, max-snippet:-1, max-image-preview:large, max-video-preview:-1\" \/>\n<link rel=\"canonical\" href=\"https:\/\/ovlac.com\/garantia\/\" \/>\n<meta property=\"og:locale\" content=\"de_DE\" \/>\n<meta property=\"og:type\" content=\"article\" \/>\n<meta property=\"og:title\" content=\"Garantie - Ovlac\" \/>\n<meta property=\"og:description\" content=\"Garantie und Betriebsanleitung Garantie aktivieren Vielen Dank, dass Sie sich f\u00fcr ein OVLAC Ger\u00e4t gekauft haben. Wir haben unsere ganze Erfahrung als Bodenbearbeitungsspezialisten eingebracht, um Ihre volle Zufriedenheit zu gew\u00e4hrleisten. [&hellip;]\" \/>\n<meta property=\"og:url\" content=\"https:\/\/ovlac.com\/garantia\/\" \/>\n<meta property=\"og:site_name\" content=\"Ovlac\" \/>\n<meta property=\"article:modified_time\" content=\"2022-09-06T11:36:58+00:00\" \/>\n<meta name=\"twitter:card\" content=\"summary_large_image\" \/>\n<meta name=\"twitter:label1\" content=\"Gesch\u00e4tzte Lesezeit\" \/>\n\t<meta name=\"twitter:data1\" content=\"7\u00a0Minuten\" \/>\n<script type=\"application\/ld+json\" class=\"yoast-schema-graph\">{\"@context\":\"https:\/\/schema.org\",\"@graph\":[{\"@type\":\"WebPage\",\"@id\":\"https:\/\/ovlac.com\/garantia\/\",\"url\":\"https:\/\/ovlac.com\/garantia\/\",\"name\":\"Garantie - Ovlac\",\"isPartOf\":{\"@id\":\"https:\/\/ovlac.com\/#website\"},\"datePublished\":\"2022-03-29T13:26:12+00:00\",\"dateModified\":\"2022-09-06T11:36:58+00:00\",\"breadcrumb\":{\"@id\":\"https:\/\/ovlac.com\/garantia\/#breadcrumb\"},\"inLanguage\":\"de\",\"potentialAction\":[{\"@type\":\"ReadAction\",\"target\":[\"https:\/\/ovlac.com\/garantia\/\"]}]},{\"@type\":\"BreadcrumbList\",\"@id\":\"https:\/\/ovlac.com\/garantia\/#breadcrumb\",\"itemListElement\":[{\"@type\":\"ListItem\",\"position\":1,\"name\":\"Portada\",\"item\":\"https:\/\/ovlac.com\/de\/\"},{\"@type\":\"ListItem\",\"position\":2,\"name\":\"Garantie\"}]},{\"@type\":\"WebSite\",\"@id\":\"https:\/\/ovlac.com\/#website\",\"url\":\"https:\/\/ovlac.com\/\",\"name\":\"Ovlac\",\"description\":\"OVLAC\",\"potentialAction\":[{\"@type\":\"SearchAction\",\"target\":{\"@type\":\"EntryPoint\",\"urlTemplate\":\"https:\/\/ovlac.com\/?s={search_term_string}\"},\"query-input\":{\"@type\":\"PropertyValueSpecification\",\"valueRequired\":true,\"valueName\":\"search_term_string\"}}],\"inLanguage\":\"de\"}]}<\/script>\n<!-- \/ Yoast SEO plugin. -->","yoast_head_json":{"title":"Garantie - Ovlac","robots":{"index":"index","follow":"follow","max-snippet":"max-snippet:-1","max-image-preview":"max-image-preview:large","max-video-preview":"max-video-preview:-1"},"canonical":"https:\/\/ovlac.com\/garantia\/","og_locale":"de_DE","og_type":"article","og_title":"Garantie - Ovlac","og_description":"Garantie und Betriebsanleitung Garantie aktivieren Vielen Dank, dass Sie sich f\u00fcr ein OVLAC Ger\u00e4t gekauft haben. Wir haben unsere ganze Erfahrung als Bodenbearbeitungsspezialisten eingebracht, um Ihre volle Zufriedenheit zu gew\u00e4hrleisten. [&hellip;]","og_url":"https:\/\/ovlac.com\/garantia\/","og_site_name":"Ovlac","article_modified_time":"2022-09-06T11:36:58+00:00","twitter_card":"summary_large_image","twitter_misc":{"Gesch\u00e4tzte Lesezeit":"7\u00a0Minuten"},"schema":{"@context":"https:\/\/schema.org","@graph":[{"@type":"WebPage","@id":"https:\/\/ovlac.com\/garantia\/","url":"https:\/\/ovlac.com\/garantia\/","name":"Garantie - Ovlac","isPartOf":{"@id":"https:\/\/ovlac.com\/#website"},"datePublished":"2022-03-29T13:26:12+00:00","dateModified":"2022-09-06T11:36:58+00:00","breadcrumb":{"@id":"https:\/\/ovlac.com\/garantia\/#breadcrumb"},"inLanguage":"de","potentialAction":[{"@type":"ReadAction","target":["https:\/\/ovlac.com\/garantia\/"]}]},{"@type":"BreadcrumbList","@id":"https:\/\/ovlac.com\/garantia\/#breadcrumb","itemListElement":[{"@type":"ListItem","position":1,"name":"Portada","item":"https:\/\/ovlac.com\/de\/"},{"@type":"ListItem","position":2,"name":"Garantie"}]},{"@type":"WebSite","@id":"https:\/\/ovlac.com\/#website","url":"https:\/\/ovlac.com\/","name":"Ovlac","description":"OVLAC","potentialAction":[{"@type":"SearchAction","target":{"@type":"EntryPoint","urlTemplate":"https:\/\/ovlac.com\/?s={search_term_string}"},"query-input":{"@type":"PropertyValueSpecification","valueRequired":true,"valueName":"search_term_string"}}],"inLanguage":"de"}]}},"_links":{"self":[{"href":"https:\/\/ovlac.com\/de\/wp-json\/wp\/v2\/pages\/49279","targetHints":{"allow":["GET"]}}],"collection":[{"href":"https:\/\/ovlac.com\/de\/wp-json\/wp\/v2\/pages"}],"about":[{"href":"https:\/\/ovlac.com\/de\/wp-json\/wp\/v2\/types\/page"}],"author":[{"embeddable":true,"href":"https:\/\/ovlac.com\/de\/wp-json\/wp\/v2\/users\/1"}],"replies":[{"embeddable":true,"href":"https:\/\/ovlac.com\/de\/wp-json\/wp\/v2\/comments?post=49279"}],"version-history":[{"count":0,"href":"https:\/\/ovlac.com\/de\/wp-json\/wp\/v2\/pages\/49279\/revisions"}],"wp:attachment":[{"href":"https:\/\/ovlac.com\/de\/wp-json\/wp\/v2\/media?parent=49279"}],"curies":[{"name":"wp","href":"https:\/\/api.w.org\/{rel}","templated":true}]}}